{"id":25261,"date":"2022-07-03T21:11:09","date_gmt":"2022-07-03T19:11:09","guid":{"rendered":"https:\/\/heimstaden.com\/se\/?page_id=25261"},"modified":"2022-07-18T12:28:19","modified_gmt":"2022-07-18T10:28:19","slug":"information-personuppgifter","status":"publish","type":"page","link":"https:\/\/heimstaden.com\/uk\/information-personuppgifter\/","title":{"rendered":"Information on the processing of personal data"},"content":{"rendered":"","protected":false},"excerpt":{"rendered":"","protected":false},"author":38,"featured_media":0,"parent":0,"menu_order":0,"comment_status":"closed","ping_status":"closed","template":"","meta":{"_acf_changed":false,"_relevanssi_hide_post":"","_relevanssi_hide_content":"","_relevanssi_pin_for_all":"","_relevanssi_pin_keywords":"","_relevanssi_unpin_keywords":"","_relevanssi_related_keywords":"","_relevanssi_related_include_ids":"","_relevanssi_related_exclude_ids":"","_relevanssi_related_no_append":"","_relevanssi_related_not_related":"","_relevanssi_related_posts":"","_relevanssi_noindex_reason":"","footnotes":""},"class_list":["post-25261","page","type-page","status-publish","hentry"],"acf":[],"yoast_head":"<!-- This site is optimized with the Yoast SEO plugin v26.3 - https:\/\/yoast.com\/wordpress\/plugins\/seo\/ -->\n<title>Information om behandling av personuppgifter - Heimstaden<\/title>\n<meta name=\"description\" content=\"Eventuella personuppgifter som en anm\u00e4lan kan komma att inneh\u00e5lla kommer att hanteras p\u00e5 f\u00f6ljande s\u00e4tt. L\u00e4s mer!\" \/>\n<meta name=\"robots\" content=\"index, follow, max-snippet:-1, max-image-preview:large, max-video-preview:-1\" \/>\n<link rel=\"canonical\" href=\"https:\/\/heimstaden.com\/uk\/information-personuppgifter\/\" \/>\n<meta property=\"og:locale\" content=\"en_GB\" \/>\n<meta property=\"og:type\" content=\"article\" \/>\n<meta property=\"og:title\" content=\"Information om behandling av personuppgifter - Heimstaden\" \/>\n<meta property=\"og:description\" content=\"Eventuella personuppgifter som en anm\u00e4lan kan komma att inneh\u00e5lla kommer att hanteras p\u00e5 f\u00f6ljande s\u00e4tt. L\u00e4s mer!\" \/>\n<meta property=\"og:url\" content=\"https:\/\/heimstaden.com\/uk\/information-personuppgifter\/\" \/>\n<meta property=\"og:site_name\" content=\"Heimstaden\" \/>\n<meta property=\"article:modified_time\" content=\"2022-07-18T10:28:19+00:00\" \/>\n<meta name=\"twitter:card\" content=\"summary_large_image\" \/>\n<script type=\"application\/ld+json\" class=\"yoast-schema-graph\">{\"@context\":\"https:\/\/schema.org\",\"@graph\":[{\"@type\":\"WebPage\",\"@id\":\"https:\/\/heimstaden.com\/uk\/information-personuppgifter\/\",\"url\":\"https:\/\/heimstaden.com\/uk\/information-personuppgifter\/\",\"name\":\"Information om behandling av personuppgifter - Heimstaden\",\"isPartOf\":{\"@id\":\"https:\/\/heimstaden.com\/uk\/#website\"},\"datePublished\":\"2022-07-03T19:11:09+00:00\",\"dateModified\":\"2022-07-18T10:28:19+00:00\",\"description\":\"Eventuella personuppgifter som en anm\u00e4lan kan komma att inneh\u00e5lla kommer att hanteras p\u00e5 f\u00f6ljande s\u00e4tt. L\u00e4s mer!\",\"inLanguage\":\"en-GB\",\"potentialAction\":[{\"@type\":\"ReadAction\",\"target\":[\"https:\/\/heimstaden.com\/uk\/information-personuppgifter\/\"]}]},{\"@type\":\"WebSite\",\"@id\":\"https:\/\/heimstaden.com\/uk\/#website\",\"url\":\"https:\/\/heimstaden.com\/uk\/\",\"name\":\"Heimstaden\",\"description\":\"We create space for Friendly Homes. Apartments for rent\",\"publisher\":{\"@id\":\"https:\/\/heimstaden.com\/uk\/#organization\"},\"potentialAction\":[{\"@type\":\"SearchAction\",\"target\":{\"@type\":\"EntryPoint\",\"urlTemplate\":\"https:\/\/heimstaden.com\/uk\/?s={search_term_string}\"},\"query-input\":{\"@type\":\"PropertyValueSpecification\",\"valueRequired\":true,\"valueName\":\"search_term_string\"}}],\"inLanguage\":\"en-GB\"},{\"@type\":\"Organization\",\"@id\":\"https:\/\/heimstaden.com\/uk\/#organization\",\"name\":\"Heimstaden UK\",\"url\":\"https:\/\/heimstaden.com\/uk\/\",\"logo\":{\"@type\":\"ImageObject\",\"inLanguage\":\"en-GB\",\"@id\":\"https:\/\/heimstaden.com\/uk\/#\/schema\/logo\/image\/\",\"url\":\"https:\/\/heimstaden.com\/app\/uploads\/sites\/10\/2018\/01\/Heimstaden_logo.png\",\"contentUrl\":\"https:\/\/heimstaden.com\/app\/uploads\/sites\/10\/2018\/01\/Heimstaden_logo.png\",\"width\":1476,\"height\":214,\"caption\":\"Heimstaden UK\"},\"image\":{\"@id\":\"https:\/\/heimstaden.com\/uk\/#\/schema\/logo\/image\/\"}}]}<\/script>\n<!-- \/ Yoast SEO plugin. -->","yoast_head_json":{"title":"Information om behandling av personuppgifter - Heimstaden","description":"Eventuella personuppgifter som en anm\u00e4lan kan komma att inneh\u00e5lla kommer att hanteras p\u00e5 f\u00f6ljande s\u00e4tt. L\u00e4s mer!","robots":{"index":"index","follow":"follow","max-snippet":"max-snippet:-1","max-image-preview":"max-image-preview:large","max-video-preview":"max-video-preview:-1"},"canonical":"https:\/\/heimstaden.com\/uk\/information-personuppgifter\/","og_locale":"en_GB","og_type":"article","og_title":"Information om behandling av personuppgifter - Heimstaden","og_description":"Eventuella personuppgifter som en anm\u00e4lan kan komma att inneh\u00e5lla kommer att hanteras p\u00e5 f\u00f6ljande s\u00e4tt. L\u00e4s mer!","og_url":"https:\/\/heimstaden.com\/uk\/information-personuppgifter\/","og_site_name":"Heimstaden","article_modified_time":"2022-07-18T10:28:19+00:00","twitter_card":"summary_large_image","schema":{"@context":"https:\/\/schema.org","@graph":[{"@type":"WebPage","@id":"https:\/\/heimstaden.com\/uk\/information-personuppgifter\/","url":"https:\/\/heimstaden.com\/uk\/information-personuppgifter\/","name":"Information om behandling av personuppgifter - Heimstaden","isPartOf":{"@id":"https:\/\/heimstaden.com\/uk\/#website"},"datePublished":"2022-07-03T19:11:09+00:00","dateModified":"2022-07-18T10:28:19+00:00","description":"Eventuella personuppgifter som en anm\u00e4lan kan komma att inneh\u00e5lla kommer att hanteras p\u00e5 f\u00f6ljande s\u00e4tt. L\u00e4s mer!","inLanguage":"en-GB","potentialAction":[{"@type":"ReadAction","target":["https:\/\/heimstaden.com\/uk\/information-personuppgifter\/"]}]},{"@type":"WebSite","@id":"https:\/\/heimstaden.com\/uk\/#website","url":"https:\/\/heimstaden.com\/uk\/","name":"Heimstaden","description":"We create space for Friendly Homes. Apartments for rent","publisher":{"@id":"https:\/\/heimstaden.com\/uk\/#organization"},"potentialAction":[{"@type":"SearchAction","target":{"@type":"EntryPoint","urlTemplate":"https:\/\/heimstaden.com\/uk\/?s={search_term_string}"},"query-input":{"@type":"PropertyValueSpecification","valueRequired":true,"valueName":"search_term_string"}}],"inLanguage":"en-GB"},{"@type":"Organization","@id":"https:\/\/heimstaden.com\/uk\/#organization","name":"Heimstaden UK","url":"https:\/\/heimstaden.com\/uk\/","logo":{"@type":"ImageObject","inLanguage":"en-GB","@id":"https:\/\/heimstaden.com\/uk\/#\/schema\/logo\/image\/","url":"https:\/\/heimstaden.com\/app\/uploads\/sites\/10\/2018\/01\/Heimstaden_logo.png","contentUrl":"https:\/\/heimstaden.com\/app\/uploads\/sites\/10\/2018\/01\/Heimstaden_logo.png","width":1476,"height":214,"caption":"Heimstaden UK"},"image":{"@id":"https:\/\/heimstaden.com\/uk\/#\/schema\/logo\/image\/"}}]}},"_links":{"self":[{"href":"https:\/\/heimstaden.com\/uk\/wp-json\/wp\/v2\/pages\/25261","targetHints":{"allow":["GET"]}}],"collection":[{"href":"https:\/\/heimstaden.com\/uk\/wp-json\/wp\/v2\/pages"}],"about":[{"href":"https:\/\/heimstaden.com\/uk\/wp-json\/wp\/v2\/types\/page"}],"author":[{"embeddable":true,"href":"https:\/\/heimstaden.com\/uk\/wp-json\/wp\/v2\/users\/38"}],"replies":[{"embeddable":true,"href":"https:\/\/heimstaden.com\/uk\/wp-json\/wp\/v2\/comments?post=25261"}],"version-history":[{"count":8,"href":"https:\/\/heimstaden.com\/uk\/wp-json\/wp\/v2\/pages\/25261\/revisions"}],"predecessor-version":[{"id":29705,"href":"https:\/\/heimstaden.com\/uk\/wp-json\/wp\/v2\/pages\/25261\/revisions\/29705"}],"wp:attachment":[{"href":"https:\/\/heimstaden.com\/uk\/wp-json\/wp\/v2\/media?parent=25261"}],"curies":[{"name":"wp","href":"https:\/\/api.w.org\/{rel}","templated":true}]}}