{"id":20353,"date":"2022-06-12T14:50:20","date_gmt":"2022-06-12T12:50:20","guid":{"rendered":"https:\/\/heimstaden.com\/se\/?page_id=20353"},"modified":"2026-03-30T08:34:26","modified_gmt":"2026-03-30T07:34:26","slug":"a-home-for-a-home","status":"publish","type":"page","link":"https:\/\/heimstaden.com\/uk\/a-home-for-a-home\/","title":{"rendered":"A Home for a Home"},"content":{"rendered":"","protected":false},"excerpt":{"rendered":"","protected":false},"author":38,"featured_media":20436,"parent":0,"menu_order":0,"comment_status":"closed","ping_status":"closed","template":"","meta":{"_acf_changed":false,"_relevanssi_hide_post":"","_relevanssi_hide_content":"","_relevanssi_pin_for_all":"","_relevanssi_pin_keywords":"","_relevanssi_unpin_keywords":"","_relevanssi_related_keywords":"","_relevanssi_related_include_ids":"","_relevanssi_related_exclude_ids":"","_relevanssi_related_no_append":"","_relevanssi_related_not_related":"","_relevanssi_related_posts":"","_relevanssi_noindex_reason":"","footnotes":""},"class_list":["post-20353","page","type-page","status-publish","has-post-thumbnail","hentry"],"acf":[],"yoast_head":"<!-- This site is optimized with the Yoast SEO plugin v26.3 - https:\/\/yoast.com\/wordpress\/plugins\/seo\/ -->\n<title>A Home for a Home - Heimstaden<\/title>\n<meta name=\"description\" content=\"A Home for a Home \u00e4r ett unikt partnerskap mellan Heimstaden och SOS Barnbyar. Vi tror p\u00e5 lika m\u00f6jligheter f\u00f6r alla, och vi vill ge barn de b\u00e4sta f\u00f6ruts\u00e4ttningarna till en uppv\u00e4xt i ett tryggt och s\u00e4kert hem.\" \/>\n<meta name=\"robots\" content=\"index, follow, max-snippet:-1, max-image-preview:large, max-video-preview:-1\" \/>\n<link rel=\"canonical\" href=\"https:\/\/heimstaden.com\/uk\/a-home-for-a-home\/\" \/>\n<meta property=\"og:locale\" content=\"en_GB\" \/>\n<meta property=\"og:type\" content=\"article\" \/>\n<meta property=\"og:title\" content=\"A Home for a Home - Heimstaden\" \/>\n<meta property=\"og:description\" content=\"A Home for a Home \u00e4r ett unikt partnerskap mellan Heimstaden och SOS Barnbyar. Vi tror p\u00e5 lika m\u00f6jligheter f\u00f6r alla, och vi vill ge barn de b\u00e4sta f\u00f6ruts\u00e4ttningarna till en uppv\u00e4xt i ett tryggt och s\u00e4kert hem.\" \/>\n<meta property=\"og:url\" content=\"https:\/\/heimstaden.com\/uk\/a-home-for-a-home\/\" \/>\n<meta property=\"og:site_name\" content=\"Heimstaden\" \/>\n<meta property=\"article:modified_time\" content=\"2026-03-30T07:34:26+00:00\" \/>\n<meta property=\"og:image\" content=\"https:\/\/heimstaden.com\/app\/uploads\/sites\/10\/2021\/06\/A-home-for-a-home-3.jpg\" \/>\n\t<meta property=\"og:image:width\" content=\"2362\" \/>\n\t<meta property=\"og:image:height\" content=\"1181\" \/>\n\t<meta property=\"og:image:type\" content=\"image\/jpeg\" \/>\n<meta name=\"twitter:card\" content=\"summary_large_image\" \/>\n<meta name=\"twitter:label1\" content=\"Est. reading time\" \/>\n\t<meta name=\"twitter:data1\" content=\"2 minutes\" \/>\n<script type=\"application\/ld+json\" class=\"yoast-schema-graph\">{\"@context\":\"https:\/\/schema.org\",\"@graph\":[{\"@type\":\"WebPage\",\"@id\":\"https:\/\/heimstaden.com\/uk\/a-home-for-a-home\/\",\"url\":\"https:\/\/heimstaden.com\/uk\/a-home-for-a-home\/\",\"name\":\"A Home for a Home - Heimstaden\",\"isPartOf\":{\"@id\":\"https:\/\/heimstaden.com\/uk\/#website\"},\"primaryImageOfPage\":{\"@id\":\"https:\/\/heimstaden.com\/uk\/a-home-for-a-home\/#primaryimage\"},\"image\":{\"@id\":\"https:\/\/heimstaden.com\/uk\/a-home-for-a-home\/#primaryimage\"},\"thumbnailUrl\":\"https:\/\/heimstaden.com\/app\/uploads\/sites\/10\/2021\/06\/A-home-for-a-home-3.jpg\",\"datePublished\":\"2022-06-12T12:50:20+00:00\",\"dateModified\":\"2026-03-30T07:34:26+00:00\",\"description\":\"A Home for a Home \u00e4r ett unikt partnerskap mellan Heimstaden och SOS Barnbyar. Vi tror p\u00e5 lika m\u00f6jligheter f\u00f6r alla, och vi vill ge barn de b\u00e4sta f\u00f6ruts\u00e4ttningarna till en uppv\u00e4xt i ett tryggt och s\u00e4kert hem.\",\"inLanguage\":\"en-GB\",\"potentialAction\":[{\"@type\":\"ReadAction\",\"target\":[\"https:\/\/heimstaden.com\/uk\/a-home-for-a-home\/\"]}]},{\"@type\":\"ImageObject\",\"inLanguage\":\"en-GB\",\"@id\":\"https:\/\/heimstaden.com\/uk\/a-home-for-a-home\/#primaryimage\",\"url\":\"https:\/\/heimstaden.com\/app\/uploads\/sites\/10\/2021\/06\/A-home-for-a-home-3.jpg\",\"contentUrl\":\"https:\/\/heimstaden.com\/app\/uploads\/sites\/10\/2021\/06\/A-home-for-a-home-3.jpg\",\"width\":2362,\"height\":1181,\"caption\":\"Partnership Heimstaden and SOS Children\u2019s Villages\"},{\"@type\":\"WebSite\",\"@id\":\"https:\/\/heimstaden.com\/uk\/#website\",\"url\":\"https:\/\/heimstaden.com\/uk\/\",\"name\":\"Heimstaden\",\"description\":\"We create space for Friendly Homes. Apartments for rent\",\"publisher\":{\"@id\":\"https:\/\/heimstaden.com\/uk\/#organization\"},\"potentialAction\":[{\"@type\":\"SearchAction\",\"target\":{\"@type\":\"EntryPoint\",\"urlTemplate\":\"https:\/\/heimstaden.com\/uk\/?s={search_term_string}\"},\"query-input\":{\"@type\":\"PropertyValueSpecification\",\"valueRequired\":true,\"valueName\":\"search_term_string\"}}],\"inLanguage\":\"en-GB\"},{\"@type\":\"Organization\",\"@id\":\"https:\/\/heimstaden.com\/uk\/#organization\",\"name\":\"Heimstaden UK\",\"url\":\"https:\/\/heimstaden.com\/uk\/\",\"logo\":{\"@type\":\"ImageObject\",\"inLanguage\":\"en-GB\",\"@id\":\"https:\/\/heimstaden.com\/uk\/#\/schema\/logo\/image\/\",\"url\":\"https:\/\/heimstaden.com\/app\/uploads\/sites\/10\/2018\/01\/Heimstaden_logo.png\",\"contentUrl\":\"https:\/\/heimstaden.com\/app\/uploads\/sites\/10\/2018\/01\/Heimstaden_logo.png\",\"width\":1476,\"height\":214,\"caption\":\"Heimstaden UK\"},\"image\":{\"@id\":\"https:\/\/heimstaden.com\/uk\/#\/schema\/logo\/image\/\"}}]}<\/script>\n<!-- \/ Yoast SEO plugin. -->","yoast_head_json":{"title":"A Home for a Home - Heimstaden","description":"A Home for a Home \u00e4r ett unikt partnerskap mellan Heimstaden och SOS Barnbyar. Vi tror p\u00e5 lika m\u00f6jligheter f\u00f6r alla, och vi vill ge barn de b\u00e4sta f\u00f6ruts\u00e4ttningarna till en uppv\u00e4xt i ett tryggt och s\u00e4kert hem.","robots":{"index":"index","follow":"follow","max-snippet":"max-snippet:-1","max-image-preview":"max-image-preview:large","max-video-preview":"max-video-preview:-1"},"canonical":"https:\/\/heimstaden.com\/uk\/a-home-for-a-home\/","og_locale":"en_GB","og_type":"article","og_title":"A Home for a Home - Heimstaden","og_description":"A Home for a Home \u00e4r ett unikt partnerskap mellan Heimstaden och SOS Barnbyar. Vi tror p\u00e5 lika m\u00f6jligheter f\u00f6r alla, och vi vill ge barn de b\u00e4sta f\u00f6ruts\u00e4ttningarna till en uppv\u00e4xt i ett tryggt och s\u00e4kert hem.","og_url":"https:\/\/heimstaden.com\/uk\/a-home-for-a-home\/","og_site_name":"Heimstaden","article_modified_time":"2026-03-30T07:34:26+00:00","og_image":[{"width":2362,"height":1181,"url":"https:\/\/heimstaden.com\/app\/uploads\/sites\/10\/2021\/06\/A-home-for-a-home-3.jpg","type":"image\/jpeg"}],"twitter_card":"summary_large_image","twitter_misc":{"Est. reading time":"2 minutes"},"schema":{"@context":"https:\/\/schema.org","@graph":[{"@type":"WebPage","@id":"https:\/\/heimstaden.com\/uk\/a-home-for-a-home\/","url":"https:\/\/heimstaden.com\/uk\/a-home-for-a-home\/","name":"A Home for a Home - Heimstaden","isPartOf":{"@id":"https:\/\/heimstaden.com\/uk\/#website"},"primaryImageOfPage":{"@id":"https:\/\/heimstaden.com\/uk\/a-home-for-a-home\/#primaryimage"},"image":{"@id":"https:\/\/heimstaden.com\/uk\/a-home-for-a-home\/#primaryimage"},"thumbnailUrl":"https:\/\/heimstaden.com\/app\/uploads\/sites\/10\/2021\/06\/A-home-for-a-home-3.jpg","datePublished":"2022-06-12T12:50:20+00:00","dateModified":"2026-03-30T07:34:26+00:00","description":"A Home for a Home \u00e4r ett unikt partnerskap mellan Heimstaden och SOS Barnbyar. Vi tror p\u00e5 lika m\u00f6jligheter f\u00f6r alla, och vi vill ge barn de b\u00e4sta f\u00f6ruts\u00e4ttningarna till en uppv\u00e4xt i ett tryggt och s\u00e4kert hem.","inLanguage":"en-GB","potentialAction":[{"@type":"ReadAction","target":["https:\/\/heimstaden.com\/uk\/a-home-for-a-home\/"]}]},{"@type":"ImageObject","inLanguage":"en-GB","@id":"https:\/\/heimstaden.com\/uk\/a-home-for-a-home\/#primaryimage","url":"https:\/\/heimstaden.com\/app\/uploads\/sites\/10\/2021\/06\/A-home-for-a-home-3.jpg","contentUrl":"https:\/\/heimstaden.com\/app\/uploads\/sites\/10\/2021\/06\/A-home-for-a-home-3.jpg","width":2362,"height":1181,"caption":"Partnership Heimstaden and SOS Children\u2019s Villages"},{"@type":"WebSite","@id":"https:\/\/heimstaden.com\/uk\/#website","url":"https:\/\/heimstaden.com\/uk\/","name":"Heimstaden","description":"We create space for Friendly Homes. Apartments for rent","publisher":{"@id":"https:\/\/heimstaden.com\/uk\/#organization"},"potentialAction":[{"@type":"SearchAction","target":{"@type":"EntryPoint","urlTemplate":"https:\/\/heimstaden.com\/uk\/?s={search_term_string}"},"query-input":{"@type":"PropertyValueSpecification","valueRequired":true,"valueName":"search_term_string"}}],"inLanguage":"en-GB"},{"@type":"Organization","@id":"https:\/\/heimstaden.com\/uk\/#organization","name":"Heimstaden UK","url":"https:\/\/heimstaden.com\/uk\/","logo":{"@type":"ImageObject","inLanguage":"en-GB","@id":"https:\/\/heimstaden.com\/uk\/#\/schema\/logo\/image\/","url":"https:\/\/heimstaden.com\/app\/uploads\/sites\/10\/2018\/01\/Heimstaden_logo.png","contentUrl":"https:\/\/heimstaden.com\/app\/uploads\/sites\/10\/2018\/01\/Heimstaden_logo.png","width":1476,"height":214,"caption":"Heimstaden UK"},"image":{"@id":"https:\/\/heimstaden.com\/uk\/#\/schema\/logo\/image\/"}}]}},"_links":{"self":[{"href":"https:\/\/heimstaden.com\/uk\/wp-json\/wp\/v2\/pages\/20353","targetHints":{"allow":["GET"]}}],"collection":[{"href":"https:\/\/heimstaden.com\/uk\/wp-json\/wp\/v2\/pages"}],"about":[{"href":"https:\/\/heimstaden.com\/uk\/wp-json\/wp\/v2\/types\/page"}],"author":[{"embeddable":true,"href":"https:\/\/heimstaden.com\/uk\/wp-json\/wp\/v2\/users\/38"}],"replies":[{"embeddable":true,"href":"https:\/\/heimstaden.com\/uk\/wp-json\/wp\/v2\/comments?post=20353"}],"version-history":[{"count":11,"href":"https:\/\/heimstaden.com\/uk\/wp-json\/wp\/v2\/pages\/20353\/revisions"}],"predecessor-version":[{"id":30886,"href":"https:\/\/heimstaden.com\/uk\/wp-json\/wp\/v2\/pages\/20353\/revisions\/30886"}],"wp:featuredmedia":[{"embeddable":true,"href":"https:\/\/heimstaden.com\/uk\/wp-json\/wp\/v2\/media\/20436"}],"wp:attachment":[{"href":"https:\/\/heimstaden.com\/uk\/wp-json\/wp\/v2\/media?parent=20353"}],"curies":[{"name":"wp","href":"https:\/\/api.w.org\/{rel}","templated":true}]}}