{"id":5938,"date":"2026-01-19T12:57:43","date_gmt":"2026-01-19T11:57:43","guid":{"rendered":"https:\/\/heimstaden.com\/se\/?page_id=5938"},"modified":"2026-01-19T13:00:46","modified_gmt":"2026-01-19T12:00:46","slug":"student-linkoping","status":"publish","type":"page","link":"https:\/\/heimstaden.com\/se\/student-linkoping\/","title":{"rendered":"Studentbost\u00e4der i Link\u00f6ping"},"content":{"rendered":"","protected":false},"excerpt":{"rendered":"","protected":false},"author":45,"featured_media":35621,"parent":0,"menu_order":0,"comment_status":"closed","ping_status":"closed","template":"","meta":{"_acf_changed":false,"_relevanssi_hide_post":"","_relevanssi_hide_content":"","_relevanssi_pin_for_all":"","_relevanssi_pin_keywords":"","_relevanssi_unpin_keywords":"","_relevanssi_related_keywords":"","_relevanssi_related_include_ids":"","_relevanssi_related_exclude_ids":"","_relevanssi_related_no_append":"","_relevanssi_related_not_related":"","_relevanssi_related_posts":"","_relevanssi_noindex_reason":"","footnotes":""},"class_list":["post-5938","page","type-page","status-publish","has-post-thumbnail","hentry"],"acf":[],"yoast_head":"<!-- This site is optimized with the Yoast SEO plugin v26.3 - https:\/\/yoast.com\/wordpress\/plugins\/seo\/ -->\n<title>Studentbost\u00e4der i Link\u00f6ping - Lediga l\u00e4genheter - Heimstaden<\/title>\n<meta name=\"description\" content=\"Vi erbjuder b\u00e5de m\u00f6blerade och om\u00f6blerade studentl\u00e4genheter eller rum i studentkorridor och du betalar endast 10 m\u00e5naders hyra!\" \/>\n<meta name=\"robots\" content=\"index, follow, max-snippet:-1, max-image-preview:large, max-video-preview:-1\" \/>\n<link rel=\"canonical\" href=\"https:\/\/heimstaden.com\/se\/student-linkoping\/\" \/>\n<meta property=\"og:locale\" content=\"sv_SE\" \/>\n<meta property=\"og:type\" content=\"article\" \/>\n<meta property=\"og:title\" content=\"Studentbost\u00e4der i Link\u00f6ping - Lediga l\u00e4genheter - Heimstaden\" \/>\n<meta property=\"og:description\" content=\"Vi erbjuder b\u00e5de m\u00f6blerade och om\u00f6blerade studentl\u00e4genheter eller rum i studentkorridor och du betalar endast 10 m\u00e5naders hyra!\" \/>\n<meta property=\"og:url\" content=\"https:\/\/heimstaden.com\/se\/student-linkoping\/\" \/>\n<meta property=\"og:site_name\" content=\"Heimstaden\" \/>\n<meta property=\"article:publisher\" content=\"https:\/\/www.facebook.com\/heimstadensverige\" \/>\n<meta property=\"article:modified_time\" content=\"2026-01-19T12:00:46+00:00\" \/>\n<meta property=\"og:image\" content=\"https:\/\/heimstaden.com\/app\/uploads\/2023\/05\/Studentbostader.jpg\" \/>\n\t<meta property=\"og:image:width\" content=\"2362\" \/>\n\t<meta property=\"og:image:height\" content=\"1181\" \/>\n\t<meta property=\"og:image:type\" content=\"image\/jpeg\" \/>\n<meta name=\"twitter:card\" content=\"summary_large_image\" \/>\n<script type=\"application\/ld+json\" class=\"yoast-schema-graph\">{\"@context\":\"https:\/\/schema.org\",\"@graph\":[{\"@type\":\"WebPage\",\"@id\":\"https:\/\/heimstaden.com\/se\/student-linkoping\/\",\"url\":\"https:\/\/heimstaden.com\/se\/student-linkoping\/\",\"name\":\"Studentbost\u00e4der i Link\u00f6ping - Lediga l\u00e4genheter - Heimstaden\",\"isPartOf\":{\"@id\":\"https:\/\/heimstaden.com\/se\/#website\"},\"primaryImageOfPage\":{\"@id\":\"https:\/\/heimstaden.com\/se\/student-linkoping\/#primaryimage\"},\"image\":{\"@id\":\"https:\/\/heimstaden.com\/se\/student-linkoping\/#primaryimage\"},\"thumbnailUrl\":\"https:\/\/heimstaden.com\/app\/uploads\/2023\/05\/Studentbostader.jpg\",\"datePublished\":\"2026-01-19T11:57:43+00:00\",\"dateModified\":\"2026-01-19T12:00:46+00:00\",\"description\":\"Vi erbjuder b\u00e5de m\u00f6blerade och om\u00f6blerade studentl\u00e4genheter eller rum i studentkorridor och du betalar endast 10 m\u00e5naders hyra!\",\"breadcrumb\":{\"@id\":\"https:\/\/heimstaden.com\/se\/student-linkoping\/#breadcrumb\"},\"inLanguage\":\"sv-SE\",\"potentialAction\":[{\"@type\":\"ReadAction\",\"target\":[\"https:\/\/heimstaden.com\/se\/student-linkoping\/\"]}]},{\"@type\":\"ImageObject\",\"inLanguage\":\"sv-SE\",\"@id\":\"https:\/\/heimstaden.com\/se\/student-linkoping\/#primaryimage\",\"url\":\"https:\/\/heimstaden.com\/app\/uploads\/2023\/05\/Studentbostader.jpg\",\"contentUrl\":\"https:\/\/heimstaden.com\/app\/uploads\/2023\/05\/Studentbostader.jpg\",\"width\":2362,\"height\":1181,\"caption\":\"Tv\u00e5 studenter g\u00e5r i Link\u00f6ping och pratar med varandra. Den ena leder en r\u00f6d cykel och den andre tjejen h\u00e5ller en take-away kaffekopp i handen.\"},{\"@type\":\"BreadcrumbList\",\"@id\":\"https:\/\/heimstaden.com\/se\/student-linkoping\/#breadcrumb\",\"itemListElement\":[{\"@type\":\"ListItem\",\"position\":1,\"name\":\"Home\",\"item\":\"https:\/\/heimstaden.com\/se\/\"},{\"@type\":\"ListItem\",\"position\":2,\"name\":\"Studentbost\u00e4der i Link\u00f6ping\"}]},{\"@type\":\"WebSite\",\"@id\":\"https:\/\/heimstaden.com\/se\/#website\",\"url\":\"https:\/\/heimstaden.com\/se\/\",\"name\":\"Heimstaden\",\"description\":\"Boende med omtanke. S\u00f6k lediga l\u00e4genheter\",\"publisher\":{\"@id\":\"https:\/\/heimstaden.com\/se\/#organization\"},\"potentialAction\":[{\"@type\":\"SearchAction\",\"target\":{\"@type\":\"EntryPoint\",\"urlTemplate\":\"https:\/\/heimstaden.com\/se\/?s={search_term_string}\"},\"query-input\":{\"@type\":\"PropertyValueSpecification\",\"valueRequired\":true,\"valueName\":\"search_term_string\"}}],\"inLanguage\":\"sv-SE\"},{\"@type\":\"Organization\",\"@id\":\"https:\/\/heimstaden.com\/se\/#organization\",\"name\":\"Heimstaden Fastigheter AB\",\"url\":\"https:\/\/heimstaden.com\/se\/\",\"logo\":{\"@type\":\"ImageObject\",\"inLanguage\":\"sv-SE\",\"@id\":\"https:\/\/heimstaden.com\/se\/#\/schema\/logo\/image\/\",\"url\":\"https:\/\/heimstaden.com\/app\/uploads\/2018\/01\/Heimstaden_logo.png\",\"contentUrl\":\"https:\/\/heimstaden.com\/app\/uploads\/2018\/01\/Heimstaden_logo.png\",\"width\":1476,\"height\":214,\"caption\":\"Heimstaden Fastigheter AB\"},\"image\":{\"@id\":\"https:\/\/heimstaden.com\/se\/#\/schema\/logo\/image\/\"},\"sameAs\":[\"https:\/\/www.facebook.com\/heimstadensverige\",\"https:\/\/www.instagram.com\/heimstaden_sverige\/\",\"https:\/\/www.linkedin.com\/company\/15203568\/\",\"https:\/\/www.youtube.com\/channel\/UC7-UFyELvIZeLaG1Z9N14ZQ\",\"https:\/\/sv.wikipedia.org\/wiki\/Heimstaden\"]}]}<\/script>\n<!-- \/ Yoast SEO plugin. -->","yoast_head_json":{"title":"Studentbost\u00e4der i Link\u00f6ping - Lediga l\u00e4genheter - Heimstaden","description":"Vi erbjuder b\u00e5de m\u00f6blerade och om\u00f6blerade studentl\u00e4genheter eller rum i studentkorridor och du betalar endast 10 m\u00e5naders hyra!","robots":{"index":"index","follow":"follow","max-snippet":"max-snippet:-1","max-image-preview":"max-image-preview:large","max-video-preview":"max-video-preview:-1"},"canonical":"https:\/\/heimstaden.com\/se\/student-linkoping\/","og_locale":"sv_SE","og_type":"article","og_title":"Studentbost\u00e4der i Link\u00f6ping - Lediga l\u00e4genheter - Heimstaden","og_description":"Vi erbjuder b\u00e5de m\u00f6blerade och om\u00f6blerade studentl\u00e4genheter eller rum i studentkorridor och du betalar endast 10 m\u00e5naders hyra!","og_url":"https:\/\/heimstaden.com\/se\/student-linkoping\/","og_site_name":"Heimstaden","article_publisher":"https:\/\/www.facebook.com\/heimstadensverige","article_modified_time":"2026-01-19T12:00:46+00:00","og_image":[{"width":2362,"height":1181,"url":"https:\/\/heimstaden.com\/app\/uploads\/2023\/05\/Studentbostader.jpg","type":"image\/jpeg"}],"twitter_card":"summary_large_image","schema":{"@context":"https:\/\/schema.org","@graph":[{"@type":"WebPage","@id":"https:\/\/heimstaden.com\/se\/student-linkoping\/","url":"https:\/\/heimstaden.com\/se\/student-linkoping\/","name":"Studentbost\u00e4der i Link\u00f6ping - Lediga l\u00e4genheter - Heimstaden","isPartOf":{"@id":"https:\/\/heimstaden.com\/se\/#website"},"primaryImageOfPage":{"@id":"https:\/\/heimstaden.com\/se\/student-linkoping\/#primaryimage"},"image":{"@id":"https:\/\/heimstaden.com\/se\/student-linkoping\/#primaryimage"},"thumbnailUrl":"https:\/\/heimstaden.com\/app\/uploads\/2023\/05\/Studentbostader.jpg","datePublished":"2026-01-19T11:57:43+00:00","dateModified":"2026-01-19T12:00:46+00:00","description":"Vi erbjuder b\u00e5de m\u00f6blerade och om\u00f6blerade studentl\u00e4genheter eller rum i studentkorridor och du betalar endast 10 m\u00e5naders hyra!","breadcrumb":{"@id":"https:\/\/heimstaden.com\/se\/student-linkoping\/#breadcrumb"},"inLanguage":"sv-SE","potentialAction":[{"@type":"ReadAction","target":["https:\/\/heimstaden.com\/se\/student-linkoping\/"]}]},{"@type":"ImageObject","inLanguage":"sv-SE","@id":"https:\/\/heimstaden.com\/se\/student-linkoping\/#primaryimage","url":"https:\/\/heimstaden.com\/app\/uploads\/2023\/05\/Studentbostader.jpg","contentUrl":"https:\/\/heimstaden.com\/app\/uploads\/2023\/05\/Studentbostader.jpg","width":2362,"height":1181,"caption":"Tv\u00e5 studenter g\u00e5r i Link\u00f6ping och pratar med varandra. Den ena leder en r\u00f6d cykel och den andre tjejen h\u00e5ller en take-away kaffekopp i handen."},{"@type":"BreadcrumbList","@id":"https:\/\/heimstaden.com\/se\/student-linkoping\/#breadcrumb","itemListElement":[{"@type":"ListItem","position":1,"name":"Home","item":"https:\/\/heimstaden.com\/se\/"},{"@type":"ListItem","position":2,"name":"Studentbost\u00e4der i Link\u00f6ping"}]},{"@type":"WebSite","@id":"https:\/\/heimstaden.com\/se\/#website","url":"https:\/\/heimstaden.com\/se\/","name":"Heimstaden","description":"Boende med omtanke. S\u00f6k lediga l\u00e4genheter","publisher":{"@id":"https:\/\/heimstaden.com\/se\/#organization"},"potentialAction":[{"@type":"SearchAction","target":{"@type":"EntryPoint","urlTemplate":"https:\/\/heimstaden.com\/se\/?s={search_term_string}"},"query-input":{"@type":"PropertyValueSpecification","valueRequired":true,"valueName":"search_term_string"}}],"inLanguage":"sv-SE"},{"@type":"Organization","@id":"https:\/\/heimstaden.com\/se\/#organization","name":"Heimstaden Fastigheter AB","url":"https:\/\/heimstaden.com\/se\/","logo":{"@type":"ImageObject","inLanguage":"sv-SE","@id":"https:\/\/heimstaden.com\/se\/#\/schema\/logo\/image\/","url":"https:\/\/heimstaden.com\/app\/uploads\/2018\/01\/Heimstaden_logo.png","contentUrl":"https:\/\/heimstaden.com\/app\/uploads\/2018\/01\/Heimstaden_logo.png","width":1476,"height":214,"caption":"Heimstaden Fastigheter AB"},"image":{"@id":"https:\/\/heimstaden.com\/se\/#\/schema\/logo\/image\/"},"sameAs":["https:\/\/www.facebook.com\/heimstadensverige","https:\/\/www.instagram.com\/heimstaden_sverige\/","https:\/\/www.linkedin.com\/company\/15203568\/","https:\/\/www.youtube.com\/channel\/UC7-UFyELvIZeLaG1Z9N14ZQ","https:\/\/sv.wikipedia.org\/wiki\/Heimstaden"]}]}},"_links":{"self":[{"href":"https:\/\/heimstaden.com\/se\/wp-json\/wp\/v2\/pages\/5938","targetHints":{"allow":["GET"]}}],"collection":[{"href":"https:\/\/heimstaden.com\/se\/wp-json\/wp\/v2\/pages"}],"about":[{"href":"https:\/\/heimstaden.com\/se\/wp-json\/wp\/v2\/types\/page"}],"author":[{"embeddable":true,"href":"https:\/\/heimstaden.com\/se\/wp-json\/wp\/v2\/users\/45"}],"replies":[{"embeddable":true,"href":"https:\/\/heimstaden.com\/se\/wp-json\/wp\/v2\/comments?post=5938"}],"version-history":[{"count":11,"href":"https:\/\/heimstaden.com\/se\/wp-json\/wp\/v2\/pages\/5938\/revisions"}],"predecessor-version":[{"id":46097,"href":"https:\/\/heimstaden.com\/se\/wp-json\/wp\/v2\/pages\/5938\/revisions\/46097"}],"wp:featuredmedia":[{"embeddable":true,"href":"https:\/\/heimstaden.com\/se\/wp-json\/wp\/v2\/media\/35621"}],"wp:attachment":[{"href":"https:\/\/heimstaden.com\/se\/wp-json\/wp\/v2\/media?parent=5938"}],"curies":[{"name":"wp","href":"https:\/\/api.w.org\/{rel}","templated":true}]}}