{"id":4830,"date":"2018-10-22T15:41:37","date_gmt":"2018-10-22T13:41:37","guid":{"rendered":"https:\/\/heimstaden.com\/se\/?page_id=4830"},"modified":"2018-11-01T11:32:50","modified_gmt":"2018-11-01T10:32:50","slug":"miljosmart","status":"publish","type":"page","link":"https:\/\/heimstaden.com\/se\/miljosmart\/","title":{"rendered":"Milj\u00f6smart"},"content":{"rendered":"","protected":false},"excerpt":{"rendered":"","protected":false},"author":20,"featured_media":0,"parent":0,"menu_order":0,"comment_status":"closed","ping_status":"closed","template":"","meta":{"_acf_changed":false,"_relevanssi_hide_post":"","_relevanssi_hide_content":"","_relevanssi_pin_for_all":"","_relevanssi_pin_keywords":"","_relevanssi_unpin_keywords":"","_relevanssi_related_keywords":"","_relevanssi_related_include_ids":"","_relevanssi_related_exclude_ids":"","_relevanssi_related_no_append":"","_relevanssi_related_not_related":"","_relevanssi_related_posts":"","_relevanssi_noindex_reason":"","footnotes":""},"class_list":["post-4830","page","type-page","status-publish","hentry"],"acf":[],"yoast_head":"<!-- This site is optimized with the Yoast SEO plugin v26.3 - https:\/\/yoast.com\/wordpress\/plugins\/seo\/ -->\n<title>Hur milj\u00f6smart \u00e4r du? Ladda ner och spela Heimstadens spel<\/title>\n<meta name=\"description\" content=\"Bli en milj\u00f6hj\u00e4lte genom att ladda ner Heimstadens spel och skaffa nya vanor. P\u00e5 h\u00f6stlovet finns det tid f\u00f6r nya vanor, passa p\u00e5 att bli riktigt milj\u00f6smart! Laga det som g\u00e5tt s\u00f6nder, skapa av \u00e5terbruk och smaka en ny gr\u00f6nsak. Hj\u00e4lps \u00e5t eller utmana varandra i spelet!\" \/>\n<meta name=\"robots\" content=\"index, follow, max-snippet:-1, max-image-preview:large, max-video-preview:-1\" \/>\n<link rel=\"canonical\" href=\"https:\/\/heimstaden.com\/se\/miljosmart\/\" \/>\n<meta property=\"og:locale\" content=\"sv_SE\" \/>\n<meta property=\"og:type\" content=\"article\" \/>\n<meta property=\"og:title\" content=\"Hur milj\u00f6smart \u00e4r du? Ladda ner och spela Heimstadens spel\" \/>\n<meta property=\"og:description\" content=\"Bli en milj\u00f6hj\u00e4lte genom att ladda ner Heimstadens spel och skaffa nya vanor. P\u00e5 h\u00f6stlovet finns det tid f\u00f6r nya vanor, passa p\u00e5 att bli riktigt milj\u00f6smart! Laga det som g\u00e5tt s\u00f6nder, skapa av \u00e5terbruk och smaka en ny gr\u00f6nsak. Hj\u00e4lps \u00e5t eller utmana varandra i spelet!\" \/>\n<meta property=\"og:url\" content=\"https:\/\/heimstaden.com\/se\/miljosmart\/\" \/>\n<meta property=\"og:site_name\" content=\"Heimstaden\" \/>\n<meta property=\"article:publisher\" content=\"https:\/\/www.facebook.com\/heimstadensverige\" \/>\n<meta property=\"article:modified_time\" content=\"2018-11-01T10:32:50+00:00\" \/>\n<meta name=\"twitter:card\" content=\"summary_large_image\" \/>\n<script type=\"application\/ld+json\" class=\"yoast-schema-graph\">{\"@context\":\"https:\/\/schema.org\",\"@graph\":[{\"@type\":\"WebPage\",\"@id\":\"https:\/\/heimstaden.com\/se\/miljosmart\/\",\"url\":\"https:\/\/heimstaden.com\/se\/miljosmart\/\",\"name\":\"Hur milj\u00f6smart \u00e4r du? Ladda ner och spela Heimstadens spel\",\"isPartOf\":{\"@id\":\"https:\/\/heimstaden.com\/se\/#website\"},\"datePublished\":\"2018-10-22T13:41:37+00:00\",\"dateModified\":\"2018-11-01T10:32:50+00:00\",\"description\":\"Bli en milj\u00f6hj\u00e4lte genom att ladda ner Heimstadens spel och skaffa nya vanor. P\u00e5 h\u00f6stlovet finns det tid f\u00f6r nya vanor, passa p\u00e5 att bli riktigt milj\u00f6smart! Laga det som g\u00e5tt s\u00f6nder, skapa av \u00e5terbruk och smaka en ny gr\u00f6nsak. Hj\u00e4lps \u00e5t eller utmana varandra i spelet!\",\"breadcrumb\":{\"@id\":\"https:\/\/heimstaden.com\/se\/miljosmart\/#breadcrumb\"},\"inLanguage\":\"sv-SE\",\"potentialAction\":[{\"@type\":\"ReadAction\",\"target\":[\"https:\/\/heimstaden.com\/se\/miljosmart\/\"]}]},{\"@type\":\"BreadcrumbList\",\"@id\":\"https:\/\/heimstaden.com\/se\/miljosmart\/#breadcrumb\",\"itemListElement\":[{\"@type\":\"ListItem\",\"position\":1,\"name\":\"Home\",\"item\":\"https:\/\/heimstaden.com\/se\/\"},{\"@type\":\"ListItem\",\"position\":2,\"name\":\"Milj\u00f6smart\"}]},{\"@type\":\"WebSite\",\"@id\":\"https:\/\/heimstaden.com\/se\/#website\",\"url\":\"https:\/\/heimstaden.com\/se\/\",\"name\":\"Heimstaden\",\"description\":\"Boende med omtanke. S\u00f6k lediga l\u00e4genheter\",\"publisher\":{\"@id\":\"https:\/\/heimstaden.com\/se\/#organization\"},\"potentialAction\":[{\"@type\":\"SearchAction\",\"target\":{\"@type\":\"EntryPoint\",\"urlTemplate\":\"https:\/\/heimstaden.com\/se\/?s={search_term_string}\"},\"query-input\":{\"@type\":\"PropertyValueSpecification\",\"valueRequired\":true,\"valueName\":\"search_term_string\"}}],\"inLanguage\":\"sv-SE\"},{\"@type\":\"Organization\",\"@id\":\"https:\/\/heimstaden.com\/se\/#organization\",\"name\":\"Heimstaden Fastigheter AB\",\"url\":\"https:\/\/heimstaden.com\/se\/\",\"logo\":{\"@type\":\"ImageObject\",\"inLanguage\":\"sv-SE\",\"@id\":\"https:\/\/heimstaden.com\/se\/#\/schema\/logo\/image\/\",\"url\":\"https:\/\/heimstaden.com\/app\/uploads\/2018\/01\/Heimstaden_logo.png\",\"contentUrl\":\"https:\/\/heimstaden.com\/app\/uploads\/2018\/01\/Heimstaden_logo.png\",\"width\":1476,\"height\":214,\"caption\":\"Heimstaden Fastigheter AB\"},\"image\":{\"@id\":\"https:\/\/heimstaden.com\/se\/#\/schema\/logo\/image\/\"},\"sameAs\":[\"https:\/\/www.facebook.com\/heimstadensverige\",\"https:\/\/www.instagram.com\/heimstaden_sverige\/\",\"https:\/\/www.linkedin.com\/company\/15203568\/\",\"https:\/\/www.youtube.com\/channel\/UC7-UFyELvIZeLaG1Z9N14ZQ\",\"https:\/\/sv.wikipedia.org\/wiki\/Heimstaden\"]}]}<\/script>\n<!-- \/ Yoast SEO plugin. -->","yoast_head_json":{"title":"Hur milj\u00f6smart \u00e4r du? Ladda ner och spela Heimstadens spel","description":"Bli en milj\u00f6hj\u00e4lte genom att ladda ner Heimstadens spel och skaffa nya vanor. P\u00e5 h\u00f6stlovet finns det tid f\u00f6r nya vanor, passa p\u00e5 att bli riktigt milj\u00f6smart! Laga det som g\u00e5tt s\u00f6nder, skapa av \u00e5terbruk och smaka en ny gr\u00f6nsak. Hj\u00e4lps \u00e5t eller utmana varandra i spelet!","robots":{"index":"index","follow":"follow","max-snippet":"max-snippet:-1","max-image-preview":"max-image-preview:large","max-video-preview":"max-video-preview:-1"},"canonical":"https:\/\/heimstaden.com\/se\/miljosmart\/","og_locale":"sv_SE","og_type":"article","og_title":"Hur milj\u00f6smart \u00e4r du? Ladda ner och spela Heimstadens spel","og_description":"Bli en milj\u00f6hj\u00e4lte genom att ladda ner Heimstadens spel och skaffa nya vanor. P\u00e5 h\u00f6stlovet finns det tid f\u00f6r nya vanor, passa p\u00e5 att bli riktigt milj\u00f6smart! Laga det som g\u00e5tt s\u00f6nder, skapa av \u00e5terbruk och smaka en ny gr\u00f6nsak. Hj\u00e4lps \u00e5t eller utmana varandra i spelet!","og_url":"https:\/\/heimstaden.com\/se\/miljosmart\/","og_site_name":"Heimstaden","article_publisher":"https:\/\/www.facebook.com\/heimstadensverige","article_modified_time":"2018-11-01T10:32:50+00:00","twitter_card":"summary_large_image","schema":{"@context":"https:\/\/schema.org","@graph":[{"@type":"WebPage","@id":"https:\/\/heimstaden.com\/se\/miljosmart\/","url":"https:\/\/heimstaden.com\/se\/miljosmart\/","name":"Hur milj\u00f6smart \u00e4r du? Ladda ner och spela Heimstadens spel","isPartOf":{"@id":"https:\/\/heimstaden.com\/se\/#website"},"datePublished":"2018-10-22T13:41:37+00:00","dateModified":"2018-11-01T10:32:50+00:00","description":"Bli en milj\u00f6hj\u00e4lte genom att ladda ner Heimstadens spel och skaffa nya vanor. P\u00e5 h\u00f6stlovet finns det tid f\u00f6r nya vanor, passa p\u00e5 att bli riktigt milj\u00f6smart! Laga det som g\u00e5tt s\u00f6nder, skapa av \u00e5terbruk och smaka en ny gr\u00f6nsak. Hj\u00e4lps \u00e5t eller utmana varandra i spelet!","breadcrumb":{"@id":"https:\/\/heimstaden.com\/se\/miljosmart\/#breadcrumb"},"inLanguage":"sv-SE","potentialAction":[{"@type":"ReadAction","target":["https:\/\/heimstaden.com\/se\/miljosmart\/"]}]},{"@type":"BreadcrumbList","@id":"https:\/\/heimstaden.com\/se\/miljosmart\/#breadcrumb","itemListElement":[{"@type":"ListItem","position":1,"name":"Home","item":"https:\/\/heimstaden.com\/se\/"},{"@type":"ListItem","position":2,"name":"Milj\u00f6smart"}]},{"@type":"WebSite","@id":"https:\/\/heimstaden.com\/se\/#website","url":"https:\/\/heimstaden.com\/se\/","name":"Heimstaden","description":"Boende med omtanke. S\u00f6k lediga l\u00e4genheter","publisher":{"@id":"https:\/\/heimstaden.com\/se\/#organization"},"potentialAction":[{"@type":"SearchAction","target":{"@type":"EntryPoint","urlTemplate":"https:\/\/heimstaden.com\/se\/?s={search_term_string}"},"query-input":{"@type":"PropertyValueSpecification","valueRequired":true,"valueName":"search_term_string"}}],"inLanguage":"sv-SE"},{"@type":"Organization","@id":"https:\/\/heimstaden.com\/se\/#organization","name":"Heimstaden Fastigheter AB","url":"https:\/\/heimstaden.com\/se\/","logo":{"@type":"ImageObject","inLanguage":"sv-SE","@id":"https:\/\/heimstaden.com\/se\/#\/schema\/logo\/image\/","url":"https:\/\/heimstaden.com\/app\/uploads\/2018\/01\/Heimstaden_logo.png","contentUrl":"https:\/\/heimstaden.com\/app\/uploads\/2018\/01\/Heimstaden_logo.png","width":1476,"height":214,"caption":"Heimstaden Fastigheter AB"},"image":{"@id":"https:\/\/heimstaden.com\/se\/#\/schema\/logo\/image\/"},"sameAs":["https:\/\/www.facebook.com\/heimstadensverige","https:\/\/www.instagram.com\/heimstaden_sverige\/","https:\/\/www.linkedin.com\/company\/15203568\/","https:\/\/www.youtube.com\/channel\/UC7-UFyELvIZeLaG1Z9N14ZQ","https:\/\/sv.wikipedia.org\/wiki\/Heimstaden"]}]}},"_links":{"self":[{"href":"https:\/\/heimstaden.com\/se\/wp-json\/wp\/v2\/pages\/4830","targetHints":{"allow":["GET"]}}],"collection":[{"href":"https:\/\/heimstaden.com\/se\/wp-json\/wp\/v2\/pages"}],"about":[{"href":"https:\/\/heimstaden.com\/se\/wp-json\/wp\/v2\/types\/page"}],"author":[{"embeddable":true,"href":"https:\/\/heimstaden.com\/se\/wp-json\/wp\/v2\/users\/20"}],"replies":[{"embeddable":true,"href":"https:\/\/heimstaden.com\/se\/wp-json\/wp\/v2\/comments?post=4830"}],"version-history":[{"count":10,"href":"https:\/\/heimstaden.com\/se\/wp-json\/wp\/v2\/pages\/4830\/revisions"}],"predecessor-version":[{"id":4879,"href":"https:\/\/heimstaden.com\/se\/wp-json\/wp\/v2\/pages\/4830\/revisions\/4879"}],"wp:attachment":[{"href":"https:\/\/heimstaden.com\/se\/wp-json\/wp\/v2\/media?parent=4830"}],"curies":[{"name":"wp","href":"https:\/\/api.w.org\/{rel}","templated":true}]}}