{"id":4794,"date":"2018-10-22T07:07:36","date_gmt":"2018-10-22T05:07:36","guid":{"rendered":"https:\/\/heimstaden.com\/se\/?page_id=4794"},"modified":"2024-03-20T10:49:28","modified_gmt":"2024-03-20T09:49:28","slug":"naturbingo","status":"publish","type":"page","link":"https:\/\/heimstaden.com\/se\/naturbingo\/","title":{"rendered":"Naturbingo"},"content":{"rendered":"","protected":false},"excerpt":{"rendered":"","protected":false},"author":20,"featured_media":4795,"parent":0,"menu_order":0,"comment_status":"closed","ping_status":"closed","template":"","meta":{"_acf_changed":false,"_relevanssi_hide_post":"","_relevanssi_hide_content":"","_relevanssi_pin_for_all":"","_relevanssi_pin_keywords":"","_relevanssi_unpin_keywords":"","_relevanssi_related_keywords":"","_relevanssi_related_include_ids":"","_relevanssi_related_exclude_ids":"","_relevanssi_related_no_append":"","_relevanssi_related_not_related":"","_relevanssi_related_posts":"","_relevanssi_noindex_reason":"","footnotes":""},"class_list":["post-4794","page","type-page","status-publish","has-post-thumbnail","hentry"],"acf":[],"yoast_head":"<!-- This site is optimized with the Yoast SEO plugin v26.3 - https:\/\/yoast.com\/wordpress\/plugins\/seo\/ -->\n<title>Ladda ner Heimstadens naturbingo - en enkel aktivitet f\u00f6r hela familjen<\/title>\n<meta name=\"description\" content=\"Med Heimstadens naturbingo kan ni t\u00e4vla mot varandra samtidigt som ni uppt\u00e4cker naturen runt omkring er. Ladda ner v\u00e5rt naturbingo och ge er ut tillsammans!\" \/>\n<meta name=\"robots\" content=\"index, follow, max-snippet:-1, max-image-preview:large, max-video-preview:-1\" \/>\n<link rel=\"canonical\" href=\"https:\/\/heimstaden.com\/se\/naturbingo\/\" \/>\n<meta property=\"og:locale\" content=\"sv_SE\" \/>\n<meta property=\"og:type\" content=\"article\" \/>\n<meta property=\"og:title\" content=\"Ladda ner Heimstadens naturbingo - en enkel aktivitet f\u00f6r hela familjen\" \/>\n<meta property=\"og:description\" content=\"Med Heimstadens naturbingo kan ni t\u00e4vla mot varandra samtidigt som ni uppt\u00e4cker naturen runt omkring er. Ladda ner v\u00e5rt naturbingo och ge er ut tillsammans!\" \/>\n<meta property=\"og:url\" content=\"https:\/\/heimstaden.com\/se\/naturbingo\/\" \/>\n<meta property=\"og:site_name\" content=\"Heimstaden\" \/>\n<meta property=\"article:publisher\" content=\"https:\/\/www.facebook.com\/heimstadensverige\" \/>\n<meta property=\"article:modified_time\" content=\"2024-03-20T09:49:28+00:00\" \/>\n<meta property=\"og:image\" content=\"https:\/\/heimstaden.com\/app\/uploads\/2024\/02\/Naturen.jpg\" \/>\n\t<meta property=\"og:image:width\" content=\"1600\" \/>\n\t<meta property=\"og:image:height\" content=\"900\" \/>\n\t<meta property=\"og:image:type\" content=\"image\/jpeg\" \/>\n<meta name=\"twitter:card\" content=\"summary_large_image\" \/>\n<script type=\"application\/ld+json\" class=\"yoast-schema-graph\">{\"@context\":\"https:\/\/schema.org\",\"@graph\":[{\"@type\":\"WebPage\",\"@id\":\"https:\/\/heimstaden.com\/se\/naturbingo\/\",\"url\":\"https:\/\/heimstaden.com\/se\/naturbingo\/\",\"name\":\"Ladda ner Heimstadens naturbingo - en enkel aktivitet f\u00f6r hela familjen\",\"isPartOf\":{\"@id\":\"https:\/\/heimstaden.com\/se\/#website\"},\"primaryImageOfPage\":{\"@id\":\"https:\/\/heimstaden.com\/se\/naturbingo\/#primaryimage\"},\"image\":{\"@id\":\"https:\/\/heimstaden.com\/se\/naturbingo\/#primaryimage\"},\"thumbnailUrl\":\"https:\/\/heimstaden.com\/app\/uploads\/2018\/10\/h\u00f6st.jpg\",\"datePublished\":\"2018-10-22T05:07:36+00:00\",\"dateModified\":\"2024-03-20T09:49:28+00:00\",\"description\":\"Med Heimstadens naturbingo kan ni t\u00e4vla mot varandra samtidigt som ni uppt\u00e4cker naturen runt omkring er. Ladda ner v\u00e5rt naturbingo och ge er ut tillsammans!\",\"breadcrumb\":{\"@id\":\"https:\/\/heimstaden.com\/se\/naturbingo\/#breadcrumb\"},\"inLanguage\":\"sv-SE\",\"potentialAction\":[{\"@type\":\"ReadAction\",\"target\":[\"https:\/\/heimstaden.com\/se\/naturbingo\/\"]}]},{\"@type\":\"ImageObject\",\"inLanguage\":\"sv-SE\",\"@id\":\"https:\/\/heimstaden.com\/se\/naturbingo\/#primaryimage\",\"url\":\"https:\/\/heimstaden.com\/app\/uploads\/2018\/10\/h\u00f6st.jpg\",\"contentUrl\":\"https:\/\/heimstaden.com\/app\/uploads\/2018\/10\/h\u00f6st.jpg\",\"width\":2953,\"height\":1969,\"caption\":\"H\u00f6st\"},{\"@type\":\"BreadcrumbList\",\"@id\":\"https:\/\/heimstaden.com\/se\/naturbingo\/#breadcrumb\",\"itemListElement\":[{\"@type\":\"ListItem\",\"position\":1,\"name\":\"Home\",\"item\":\"https:\/\/heimstaden.com\/se\/\"},{\"@type\":\"ListItem\",\"position\":2,\"name\":\"Naturbingo\"}]},{\"@type\":\"WebSite\",\"@id\":\"https:\/\/heimstaden.com\/se\/#website\",\"url\":\"https:\/\/heimstaden.com\/se\/\",\"name\":\"Heimstaden\",\"description\":\"Boende med omtanke. S\u00f6k lediga l\u00e4genheter\",\"publisher\":{\"@id\":\"https:\/\/heimstaden.com\/se\/#organization\"},\"potentialAction\":[{\"@type\":\"SearchAction\",\"target\":{\"@type\":\"EntryPoint\",\"urlTemplate\":\"https:\/\/heimstaden.com\/se\/?s={search_term_string}\"},\"query-input\":{\"@type\":\"PropertyValueSpecification\",\"valueRequired\":true,\"valueName\":\"search_term_string\"}}],\"inLanguage\":\"sv-SE\"},{\"@type\":\"Organization\",\"@id\":\"https:\/\/heimstaden.com\/se\/#organization\",\"name\":\"Heimstaden Fastigheter AB\",\"url\":\"https:\/\/heimstaden.com\/se\/\",\"logo\":{\"@type\":\"ImageObject\",\"inLanguage\":\"sv-SE\",\"@id\":\"https:\/\/heimstaden.com\/se\/#\/schema\/logo\/image\/\",\"url\":\"https:\/\/heimstaden.com\/app\/uploads\/2018\/01\/Heimstaden_logo.png\",\"contentUrl\":\"https:\/\/heimstaden.com\/app\/uploads\/2018\/01\/Heimstaden_logo.png\",\"width\":1476,\"height\":214,\"caption\":\"Heimstaden Fastigheter AB\"},\"image\":{\"@id\":\"https:\/\/heimstaden.com\/se\/#\/schema\/logo\/image\/\"},\"sameAs\":[\"https:\/\/www.facebook.com\/heimstadensverige\",\"https:\/\/www.instagram.com\/heimstaden_sverige\/\",\"https:\/\/www.linkedin.com\/company\/15203568\/\",\"https:\/\/www.youtube.com\/channel\/UC7-UFyELvIZeLaG1Z9N14ZQ\",\"https:\/\/sv.wikipedia.org\/wiki\/Heimstaden\"]}]}<\/script>\n<!-- \/ Yoast SEO plugin. -->","yoast_head_json":{"title":"Ladda ner Heimstadens naturbingo - en enkel aktivitet f\u00f6r hela familjen","description":"Med Heimstadens naturbingo kan ni t\u00e4vla mot varandra samtidigt som ni uppt\u00e4cker naturen runt omkring er. Ladda ner v\u00e5rt naturbingo och ge er ut tillsammans!","robots":{"index":"index","follow":"follow","max-snippet":"max-snippet:-1","max-image-preview":"max-image-preview:large","max-video-preview":"max-video-preview:-1"},"canonical":"https:\/\/heimstaden.com\/se\/naturbingo\/","og_locale":"sv_SE","og_type":"article","og_title":"Ladda ner Heimstadens naturbingo - en enkel aktivitet f\u00f6r hela familjen","og_description":"Med Heimstadens naturbingo kan ni t\u00e4vla mot varandra samtidigt som ni uppt\u00e4cker naturen runt omkring er. Ladda ner v\u00e5rt naturbingo och ge er ut tillsammans!","og_url":"https:\/\/heimstaden.com\/se\/naturbingo\/","og_site_name":"Heimstaden","article_publisher":"https:\/\/www.facebook.com\/heimstadensverige","article_modified_time":"2024-03-20T09:49:28+00:00","og_image":[{"width":1600,"height":900,"url":"https:\/\/heimstaden.com\/app\/uploads\/2024\/02\/Naturen.jpg","type":"image\/jpeg"}],"twitter_card":"summary_large_image","schema":{"@context":"https:\/\/schema.org","@graph":[{"@type":"WebPage","@id":"https:\/\/heimstaden.com\/se\/naturbingo\/","url":"https:\/\/heimstaden.com\/se\/naturbingo\/","name":"Ladda ner Heimstadens naturbingo - en enkel aktivitet f\u00f6r hela familjen","isPartOf":{"@id":"https:\/\/heimstaden.com\/se\/#website"},"primaryImageOfPage":{"@id":"https:\/\/heimstaden.com\/se\/naturbingo\/#primaryimage"},"image":{"@id":"https:\/\/heimstaden.com\/se\/naturbingo\/#primaryimage"},"thumbnailUrl":"https:\/\/heimstaden.com\/app\/uploads\/2018\/10\/h\u00f6st.jpg","datePublished":"2018-10-22T05:07:36+00:00","dateModified":"2024-03-20T09:49:28+00:00","description":"Med Heimstadens naturbingo kan ni t\u00e4vla mot varandra samtidigt som ni uppt\u00e4cker naturen runt omkring er. Ladda ner v\u00e5rt naturbingo och ge er ut tillsammans!","breadcrumb":{"@id":"https:\/\/heimstaden.com\/se\/naturbingo\/#breadcrumb"},"inLanguage":"sv-SE","potentialAction":[{"@type":"ReadAction","target":["https:\/\/heimstaden.com\/se\/naturbingo\/"]}]},{"@type":"ImageObject","inLanguage":"sv-SE","@id":"https:\/\/heimstaden.com\/se\/naturbingo\/#primaryimage","url":"https:\/\/heimstaden.com\/app\/uploads\/2018\/10\/h\u00f6st.jpg","contentUrl":"https:\/\/heimstaden.com\/app\/uploads\/2018\/10\/h\u00f6st.jpg","width":2953,"height":1969,"caption":"H\u00f6st"},{"@type":"BreadcrumbList","@id":"https:\/\/heimstaden.com\/se\/naturbingo\/#breadcrumb","itemListElement":[{"@type":"ListItem","position":1,"name":"Home","item":"https:\/\/heimstaden.com\/se\/"},{"@type":"ListItem","position":2,"name":"Naturbingo"}]},{"@type":"WebSite","@id":"https:\/\/heimstaden.com\/se\/#website","url":"https:\/\/heimstaden.com\/se\/","name":"Heimstaden","description":"Boende med omtanke. S\u00f6k lediga l\u00e4genheter","publisher":{"@id":"https:\/\/heimstaden.com\/se\/#organization"},"potentialAction":[{"@type":"SearchAction","target":{"@type":"EntryPoint","urlTemplate":"https:\/\/heimstaden.com\/se\/?s={search_term_string}"},"query-input":{"@type":"PropertyValueSpecification","valueRequired":true,"valueName":"search_term_string"}}],"inLanguage":"sv-SE"},{"@type":"Organization","@id":"https:\/\/heimstaden.com\/se\/#organization","name":"Heimstaden Fastigheter AB","url":"https:\/\/heimstaden.com\/se\/","logo":{"@type":"ImageObject","inLanguage":"sv-SE","@id":"https:\/\/heimstaden.com\/se\/#\/schema\/logo\/image\/","url":"https:\/\/heimstaden.com\/app\/uploads\/2018\/01\/Heimstaden_logo.png","contentUrl":"https:\/\/heimstaden.com\/app\/uploads\/2018\/01\/Heimstaden_logo.png","width":1476,"height":214,"caption":"Heimstaden Fastigheter AB"},"image":{"@id":"https:\/\/heimstaden.com\/se\/#\/schema\/logo\/image\/"},"sameAs":["https:\/\/www.facebook.com\/heimstadensverige","https:\/\/www.instagram.com\/heimstaden_sverige\/","https:\/\/www.linkedin.com\/company\/15203568\/","https:\/\/www.youtube.com\/channel\/UC7-UFyELvIZeLaG1Z9N14ZQ","https:\/\/sv.wikipedia.org\/wiki\/Heimstaden"]}]}},"_links":{"self":[{"href":"https:\/\/heimstaden.com\/se\/wp-json\/wp\/v2\/pages\/4794","targetHints":{"allow":["GET"]}}],"collection":[{"href":"https:\/\/heimstaden.com\/se\/wp-json\/wp\/v2\/pages"}],"about":[{"href":"https:\/\/heimstaden.com\/se\/wp-json\/wp\/v2\/types\/page"}],"author":[{"embeddable":true,"href":"https:\/\/heimstaden.com\/se\/wp-json\/wp\/v2\/users\/20"}],"replies":[{"embeddable":true,"href":"https:\/\/heimstaden.com\/se\/wp-json\/wp\/v2\/comments?post=4794"}],"version-history":[{"count":10,"href":"https:\/\/heimstaden.com\/se\/wp-json\/wp\/v2\/pages\/4794\/revisions"}],"predecessor-version":[{"id":39818,"href":"https:\/\/heimstaden.com\/se\/wp-json\/wp\/v2\/pages\/4794\/revisions\/39818"}],"wp:featuredmedia":[{"embeddable":true,"href":"https:\/\/heimstaden.com\/se\/wp-json\/wp\/v2\/media\/4795"}],"wp:attachment":[{"href":"https:\/\/heimstaden.com\/se\/wp-json\/wp\/v2\/media?parent=4794"}],"curies":[{"name":"wp","href":"https:\/\/api.w.org\/{rel}","templated":true}]}}