{"id":40706,"date":"2024-06-20T10:02:05","date_gmt":"2024-06-20T08:02:05","guid":{"rendered":"https:\/\/heimstaden.com\/se\/?page_id=40706"},"modified":"2026-03-26T08:59:43","modified_gmt":"2026-03-26T07:59:43","slug":"studenterbjudande","status":"publish","type":"page","link":"https:\/\/heimstaden.com\/se\/studenterbjudande\/","title":{"rendered":"F\u00f6rstahandskontrakt \u2013 innan antagningsbeskedet"},"content":{"rendered":"","protected":false},"excerpt":{"rendered":"","protected":false},"author":38,"featured_media":41931,"parent":0,"menu_order":0,"comment_status":"closed","ping_status":"closed","template":"","meta":{"_acf_changed":false,"_relevanssi_hide_post":"","_relevanssi_hide_content":"","_relevanssi_pin_for_all":"","_relevanssi_pin_keywords":"","_relevanssi_unpin_keywords":"","_relevanssi_related_keywords":"","_relevanssi_related_include_ids":"","_relevanssi_related_exclude_ids":"","_relevanssi_related_no_append":"","_relevanssi_related_not_related":"","_relevanssi_related_posts":"","_relevanssi_noindex_reason":"","footnotes":""},"class_list":["post-40706","page","type-page","status-publish","has-post-thumbnail","hentry"],"acf":[],"yoast_head":"<!-- This site is optimized with the Yoast SEO plugin v26.3 - https:\/\/yoast.com\/wordpress\/plugins\/seo\/ -->\n<title>Studenterbjudande | F\u00f6rstahandskontrakt innan antagning<\/title>\n<meta name=\"description\" content=\"Just nu erbjuder vi dig som student m\u00f6jligheten att signera ett hyreskontrakt innan du f\u00e5tt ditt antagningsbesked inf\u00f6r h\u00f6sten 2026 \u00e5rs studier i V\u00e4xj\u00f6.\" \/>\n<meta name=\"robots\" content=\"index, follow, max-snippet:-1, max-image-preview:large, max-video-preview:-1\" \/>\n<link rel=\"canonical\" href=\"https:\/\/heimstaden.com\/se\/studenterbjudande\/\" \/>\n<meta property=\"og:locale\" content=\"sv_SE\" \/>\n<meta property=\"og:type\" content=\"article\" \/>\n<meta property=\"og:title\" content=\"Studenterbjudande | F\u00f6rstahandskontrakt innan antagning\" \/>\n<meta property=\"og:description\" content=\"Just nu erbjuder vi dig som student m\u00f6jligheten att signera ett hyreskontrakt innan du f\u00e5tt ditt antagningsbesked inf\u00f6r h\u00f6sten 2026 \u00e5rs studier i V\u00e4xj\u00f6.\" \/>\n<meta property=\"og:url\" content=\"https:\/\/heimstaden.com\/se\/studenterbjudande\/\" \/>\n<meta property=\"og:site_name\" content=\"Heimstaden\" \/>\n<meta property=\"article:publisher\" content=\"https:\/\/www.facebook.com\/heimstadensverige\" \/>\n<meta property=\"article:modified_time\" content=\"2026-03-26T07:59:43+00:00\" \/>\n<meta property=\"og:image\" content=\"https:\/\/heimstaden.com\/app\/uploads\/2024\/10\/Studentdeal-kontrakt.jpg\" \/>\n\t<meta property=\"og:image:width\" content=\"1600\" \/>\n\t<meta property=\"og:image:height\" content=\"900\" \/>\n\t<meta property=\"og:image:type\" content=\"image\/jpeg\" \/>\n<meta name=\"twitter:card\" content=\"summary_large_image\" \/>\n<script type=\"application\/ld+json\" class=\"yoast-schema-graph\">{\"@context\":\"https:\/\/schema.org\",\"@graph\":[{\"@type\":\"WebPage\",\"@id\":\"https:\/\/heimstaden.com\/se\/studenterbjudande\/\",\"url\":\"https:\/\/heimstaden.com\/se\/studenterbjudande\/\",\"name\":\"Studenterbjudande | F\u00f6rstahandskontrakt innan antagning\",\"isPartOf\":{\"@id\":\"https:\/\/heimstaden.com\/se\/#website\"},\"primaryImageOfPage\":{\"@id\":\"https:\/\/heimstaden.com\/se\/studenterbjudande\/#primaryimage\"},\"image\":{\"@id\":\"https:\/\/heimstaden.com\/se\/studenterbjudande\/#primaryimage\"},\"thumbnailUrl\":\"https:\/\/heimstaden.com\/app\/uploads\/2024\/10\/Studentdeal-kontrakt.jpg\",\"datePublished\":\"2024-06-20T08:02:05+00:00\",\"dateModified\":\"2026-03-26T07:59:43+00:00\",\"description\":\"Just nu erbjuder vi dig som student m\u00f6jligheten att signera ett hyreskontrakt innan du f\u00e5tt ditt antagningsbesked inf\u00f6r h\u00f6sten 2026 \u00e5rs studier i V\u00e4xj\u00f6.\",\"breadcrumb\":{\"@id\":\"https:\/\/heimstaden.com\/se\/studenterbjudande\/#breadcrumb\"},\"inLanguage\":\"sv-SE\",\"potentialAction\":[{\"@type\":\"ReadAction\",\"target\":[\"https:\/\/heimstaden.com\/se\/studenterbjudande\/\"]}]},{\"@type\":\"ImageObject\",\"inLanguage\":\"sv-SE\",\"@id\":\"https:\/\/heimstaden.com\/se\/studenterbjudande\/#primaryimage\",\"url\":\"https:\/\/heimstaden.com\/app\/uploads\/2024\/10\/Studentdeal-kontrakt.jpg\",\"contentUrl\":\"https:\/\/heimstaden.com\/app\/uploads\/2024\/10\/Studentdeal-kontrakt.jpg\",\"width\":1600,\"height\":900,\"caption\":\"En kvinna med lockigt brunt h\u00e5r och en turkos collegetr\u00f6ja sitter i en s\u00e4ng och ler mot kameran.\"},{\"@type\":\"BreadcrumbList\",\"@id\":\"https:\/\/heimstaden.com\/se\/studenterbjudande\/#breadcrumb\",\"itemListElement\":[{\"@type\":\"ListItem\",\"position\":1,\"name\":\"Home\",\"item\":\"https:\/\/heimstaden.com\/se\/\"},{\"@type\":\"ListItem\",\"position\":2,\"name\":\"F\u00f6rstahandskontrakt \u2013 innan antagningsbeskedet\"}]},{\"@type\":\"WebSite\",\"@id\":\"https:\/\/heimstaden.com\/se\/#website\",\"url\":\"https:\/\/heimstaden.com\/se\/\",\"name\":\"Heimstaden\",\"description\":\"Boende med omtanke. S\u00f6k lediga l\u00e4genheter\",\"publisher\":{\"@id\":\"https:\/\/heimstaden.com\/se\/#organization\"},\"potentialAction\":[{\"@type\":\"SearchAction\",\"target\":{\"@type\":\"EntryPoint\",\"urlTemplate\":\"https:\/\/heimstaden.com\/se\/?s={search_term_string}\"},\"query-input\":{\"@type\":\"PropertyValueSpecification\",\"valueRequired\":true,\"valueName\":\"search_term_string\"}}],\"inLanguage\":\"sv-SE\"},{\"@type\":\"Organization\",\"@id\":\"https:\/\/heimstaden.com\/se\/#organization\",\"name\":\"Heimstaden Fastigheter AB\",\"url\":\"https:\/\/heimstaden.com\/se\/\",\"logo\":{\"@type\":\"ImageObject\",\"inLanguage\":\"sv-SE\",\"@id\":\"https:\/\/heimstaden.com\/se\/#\/schema\/logo\/image\/\",\"url\":\"https:\/\/heimstaden.com\/app\/uploads\/2018\/01\/Heimstaden_logo.png\",\"contentUrl\":\"https:\/\/heimstaden.com\/app\/uploads\/2018\/01\/Heimstaden_logo.png\",\"width\":1476,\"height\":214,\"caption\":\"Heimstaden Fastigheter AB\"},\"image\":{\"@id\":\"https:\/\/heimstaden.com\/se\/#\/schema\/logo\/image\/\"},\"sameAs\":[\"https:\/\/www.facebook.com\/heimstadensverige\",\"https:\/\/www.instagram.com\/heimstaden_sverige\/\",\"https:\/\/www.linkedin.com\/company\/15203568\/\",\"https:\/\/www.youtube.com\/channel\/UC7-UFyELvIZeLaG1Z9N14ZQ\",\"https:\/\/sv.wikipedia.org\/wiki\/Heimstaden\"]}]}<\/script>\n<!-- \/ Yoast SEO plugin. -->","yoast_head_json":{"title":"Studenterbjudande | F\u00f6rstahandskontrakt innan antagning","description":"Just nu erbjuder vi dig som student m\u00f6jligheten att signera ett hyreskontrakt innan du f\u00e5tt ditt antagningsbesked inf\u00f6r h\u00f6sten 2026 \u00e5rs studier i V\u00e4xj\u00f6.","robots":{"index":"index","follow":"follow","max-snippet":"max-snippet:-1","max-image-preview":"max-image-preview:large","max-video-preview":"max-video-preview:-1"},"canonical":"https:\/\/heimstaden.com\/se\/studenterbjudande\/","og_locale":"sv_SE","og_type":"article","og_title":"Studenterbjudande | F\u00f6rstahandskontrakt innan antagning","og_description":"Just nu erbjuder vi dig som student m\u00f6jligheten att signera ett hyreskontrakt innan du f\u00e5tt ditt antagningsbesked inf\u00f6r h\u00f6sten 2026 \u00e5rs studier i V\u00e4xj\u00f6.","og_url":"https:\/\/heimstaden.com\/se\/studenterbjudande\/","og_site_name":"Heimstaden","article_publisher":"https:\/\/www.facebook.com\/heimstadensverige","article_modified_time":"2026-03-26T07:59:43+00:00","og_image":[{"width":1600,"height":900,"url":"https:\/\/heimstaden.com\/app\/uploads\/2024\/10\/Studentdeal-kontrakt.jpg","type":"image\/jpeg"}],"twitter_card":"summary_large_image","schema":{"@context":"https:\/\/schema.org","@graph":[{"@type":"WebPage","@id":"https:\/\/heimstaden.com\/se\/studenterbjudande\/","url":"https:\/\/heimstaden.com\/se\/studenterbjudande\/","name":"Studenterbjudande | F\u00f6rstahandskontrakt innan antagning","isPartOf":{"@id":"https:\/\/heimstaden.com\/se\/#website"},"primaryImageOfPage":{"@id":"https:\/\/heimstaden.com\/se\/studenterbjudande\/#primaryimage"},"image":{"@id":"https:\/\/heimstaden.com\/se\/studenterbjudande\/#primaryimage"},"thumbnailUrl":"https:\/\/heimstaden.com\/app\/uploads\/2024\/10\/Studentdeal-kontrakt.jpg","datePublished":"2024-06-20T08:02:05+00:00","dateModified":"2026-03-26T07:59:43+00:00","description":"Just nu erbjuder vi dig som student m\u00f6jligheten att signera ett hyreskontrakt innan du f\u00e5tt ditt antagningsbesked inf\u00f6r h\u00f6sten 2026 \u00e5rs studier i V\u00e4xj\u00f6.","breadcrumb":{"@id":"https:\/\/heimstaden.com\/se\/studenterbjudande\/#breadcrumb"},"inLanguage":"sv-SE","potentialAction":[{"@type":"ReadAction","target":["https:\/\/heimstaden.com\/se\/studenterbjudande\/"]}]},{"@type":"ImageObject","inLanguage":"sv-SE","@id":"https:\/\/heimstaden.com\/se\/studenterbjudande\/#primaryimage","url":"https:\/\/heimstaden.com\/app\/uploads\/2024\/10\/Studentdeal-kontrakt.jpg","contentUrl":"https:\/\/heimstaden.com\/app\/uploads\/2024\/10\/Studentdeal-kontrakt.jpg","width":1600,"height":900,"caption":"En kvinna med lockigt brunt h\u00e5r och en turkos collegetr\u00f6ja sitter i en s\u00e4ng och ler mot kameran."},{"@type":"BreadcrumbList","@id":"https:\/\/heimstaden.com\/se\/studenterbjudande\/#breadcrumb","itemListElement":[{"@type":"ListItem","position":1,"name":"Home","item":"https:\/\/heimstaden.com\/se\/"},{"@type":"ListItem","position":2,"name":"F\u00f6rstahandskontrakt \u2013 innan antagningsbeskedet"}]},{"@type":"WebSite","@id":"https:\/\/heimstaden.com\/se\/#website","url":"https:\/\/heimstaden.com\/se\/","name":"Heimstaden","description":"Boende med omtanke. S\u00f6k lediga l\u00e4genheter","publisher":{"@id":"https:\/\/heimstaden.com\/se\/#organization"},"potentialAction":[{"@type":"SearchAction","target":{"@type":"EntryPoint","urlTemplate":"https:\/\/heimstaden.com\/se\/?s={search_term_string}"},"query-input":{"@type":"PropertyValueSpecification","valueRequired":true,"valueName":"search_term_string"}}],"inLanguage":"sv-SE"},{"@type":"Organization","@id":"https:\/\/heimstaden.com\/se\/#organization","name":"Heimstaden Fastigheter AB","url":"https:\/\/heimstaden.com\/se\/","logo":{"@type":"ImageObject","inLanguage":"sv-SE","@id":"https:\/\/heimstaden.com\/se\/#\/schema\/logo\/image\/","url":"https:\/\/heimstaden.com\/app\/uploads\/2018\/01\/Heimstaden_logo.png","contentUrl":"https:\/\/heimstaden.com\/app\/uploads\/2018\/01\/Heimstaden_logo.png","width":1476,"height":214,"caption":"Heimstaden Fastigheter AB"},"image":{"@id":"https:\/\/heimstaden.com\/se\/#\/schema\/logo\/image\/"},"sameAs":["https:\/\/www.facebook.com\/heimstadensverige","https:\/\/www.instagram.com\/heimstaden_sverige\/","https:\/\/www.linkedin.com\/company\/15203568\/","https:\/\/www.youtube.com\/channel\/UC7-UFyELvIZeLaG1Z9N14ZQ","https:\/\/sv.wikipedia.org\/wiki\/Heimstaden"]}]}},"_links":{"self":[{"href":"https:\/\/heimstaden.com\/se\/wp-json\/wp\/v2\/pages\/40706","targetHints":{"allow":["GET"]}}],"collection":[{"href":"https:\/\/heimstaden.com\/se\/wp-json\/wp\/v2\/pages"}],"about":[{"href":"https:\/\/heimstaden.com\/se\/wp-json\/wp\/v2\/types\/page"}],"author":[{"embeddable":true,"href":"https:\/\/heimstaden.com\/se\/wp-json\/wp\/v2\/users\/38"}],"replies":[{"embeddable":true,"href":"https:\/\/heimstaden.com\/se\/wp-json\/wp\/v2\/comments?post=40706"}],"version-history":[{"count":11,"href":"https:\/\/heimstaden.com\/se\/wp-json\/wp\/v2\/pages\/40706\/revisions"}],"predecessor-version":[{"id":46763,"href":"https:\/\/heimstaden.com\/se\/wp-json\/wp\/v2\/pages\/40706\/revisions\/46763"}],"wp:featuredmedia":[{"embeddable":true,"href":"https:\/\/heimstaden.com\/se\/wp-json\/wp\/v2\/media\/41931"}],"wp:attachment":[{"href":"https:\/\/heimstaden.com\/se\/wp-json\/wp\/v2\/media?parent=40706"}],"curies":[{"name":"wp","href":"https:\/\/api.w.org\/{rel}","templated":true}]}}