{"id":36538,"date":"2023-07-04T09:59:25","date_gmt":"2023-07-04T07:59:25","guid":{"rendered":"https:\/\/heimstaden.com\/se\/?page_id=36538"},"modified":"2023-07-31T11:43:12","modified_gmt":"2023-07-31T09:43:12","slug":"vi-skapar-plats-for-solceller","status":"publish","type":"page","link":"https:\/\/heimstaden.com\/se\/vi-skapar-plats-for-solceller\/","title":{"rendered":"Vi skapar plats f\u00f6r solceller"},"content":{"rendered":"","protected":false},"excerpt":{"rendered":"","protected":false},"author":38,"featured_media":22893,"parent":0,"menu_order":0,"comment_status":"closed","ping_status":"closed","template":"","meta":{"_acf_changed":false,"_relevanssi_hide_post":"","_relevanssi_hide_content":"","_relevanssi_pin_for_all":"","_relevanssi_pin_keywords":"","_relevanssi_unpin_keywords":"","_relevanssi_related_keywords":"","_relevanssi_related_include_ids":"","_relevanssi_related_exclude_ids":"","_relevanssi_related_no_append":"","_relevanssi_related_not_related":"","_relevanssi_related_posts":"","_relevanssi_noindex_reason":"","footnotes":""},"class_list":["post-36538","page","type-page","status-publish","has-post-thumbnail","hentry"],"acf":[],"yoast_head":"<!-- This site is optimized with the Yoast SEO plugin v26.3 - https:\/\/yoast.com\/wordpress\/plugins\/seo\/ -->\n<title>Vi skapar plats f\u00f6r solceller - Heimstaden<\/title>\n<meta name=\"description\" content=\"Att minska klimatavtrycket \u00e4r den enda v\u00e4gen fram\u00e5t och kampen mot klimatf\u00f6r\u00e4ndringar \u00e4r en av Heimstadens viktigaste prioriteringar.\" \/>\n<meta name=\"robots\" content=\"index, follow, max-snippet:-1, max-image-preview:large, max-video-preview:-1\" \/>\n<link rel=\"canonical\" href=\"https:\/\/heimstaden.com\/se\/vi-skapar-plats-for-solceller\/\" \/>\n<meta property=\"og:locale\" content=\"sv_SE\" \/>\n<meta property=\"og:type\" content=\"article\" \/>\n<meta property=\"og:title\" content=\"Vi skapar plats f\u00f6r solceller - Heimstaden\" \/>\n<meta property=\"og:description\" content=\"Att minska klimatavtrycket \u00e4r den enda v\u00e4gen fram\u00e5t och kampen mot klimatf\u00f6r\u00e4ndringar \u00e4r en av Heimstadens viktigaste prioriteringar.\" \/>\n<meta property=\"og:url\" content=\"https:\/\/heimstaden.com\/se\/vi-skapar-plats-for-solceller\/\" \/>\n<meta property=\"og:site_name\" content=\"Heimstaden\" \/>\n<meta property=\"article:publisher\" content=\"https:\/\/www.facebook.com\/heimstadensverige\" \/>\n<meta property=\"article:modified_time\" content=\"2023-07-31T09:43:12+00:00\" \/>\n<meta property=\"og:image\" content=\"https:\/\/heimstaden.com\/app\/uploads\/2021\/11\/Miljoansvar.jpg\" \/>\n\t<meta property=\"og:image:width\" content=\"1600\" \/>\n\t<meta property=\"og:image:height\" content=\"700\" \/>\n\t<meta property=\"og:image:type\" content=\"image\/jpeg\" \/>\n<meta name=\"twitter:card\" content=\"summary_large_image\" \/>\n<script type=\"application\/ld+json\" class=\"yoast-schema-graph\">{\"@context\":\"https:\/\/schema.org\",\"@graph\":[{\"@type\":\"WebPage\",\"@id\":\"https:\/\/heimstaden.com\/se\/vi-skapar-plats-for-solceller\/\",\"url\":\"https:\/\/heimstaden.com\/se\/vi-skapar-plats-for-solceller\/\",\"name\":\"Vi skapar plats f\u00f6r solceller - Heimstaden\",\"isPartOf\":{\"@id\":\"https:\/\/heimstaden.com\/se\/#website\"},\"primaryImageOfPage\":{\"@id\":\"https:\/\/heimstaden.com\/se\/vi-skapar-plats-for-solceller\/#primaryimage\"},\"image\":{\"@id\":\"https:\/\/heimstaden.com\/se\/vi-skapar-plats-for-solceller\/#primaryimage\"},\"thumbnailUrl\":\"https:\/\/heimstaden.com\/app\/uploads\/2021\/11\/Miljoansvar.jpg\",\"datePublished\":\"2023-07-04T07:59:25+00:00\",\"dateModified\":\"2023-07-31T09:43:12+00:00\",\"description\":\"Att minska klimatavtrycket \u00e4r den enda v\u00e4gen fram\u00e5t och kampen mot klimatf\u00f6r\u00e4ndringar \u00e4r en av Heimstadens viktigaste prioriteringar.\",\"breadcrumb\":{\"@id\":\"https:\/\/heimstaden.com\/se\/vi-skapar-plats-for-solceller\/#breadcrumb\"},\"inLanguage\":\"sv-SE\",\"potentialAction\":[{\"@type\":\"ReadAction\",\"target\":[\"https:\/\/heimstaden.com\/se\/vi-skapar-plats-for-solceller\/\"]}]},{\"@type\":\"ImageObject\",\"inLanguage\":\"sv-SE\",\"@id\":\"https:\/\/heimstaden.com\/se\/vi-skapar-plats-for-solceller\/#primaryimage\",\"url\":\"https:\/\/heimstaden.com\/app\/uploads\/2021\/11\/Miljoansvar.jpg\",\"contentUrl\":\"https:\/\/heimstaden.com\/app\/uploads\/2021\/11\/Miljoansvar.jpg\",\"width\":1600,\"height\":700,\"caption\":\"Heimstadens milj\u00f6ansvar\"},{\"@type\":\"BreadcrumbList\",\"@id\":\"https:\/\/heimstaden.com\/se\/vi-skapar-plats-for-solceller\/#breadcrumb\",\"itemListElement\":[{\"@type\":\"ListItem\",\"position\":1,\"name\":\"Home\",\"item\":\"https:\/\/heimstaden.com\/se\/\"},{\"@type\":\"ListItem\",\"position\":2,\"name\":\"Vi skapar plats f\u00f6r solceller\"}]},{\"@type\":\"WebSite\",\"@id\":\"https:\/\/heimstaden.com\/se\/#website\",\"url\":\"https:\/\/heimstaden.com\/se\/\",\"name\":\"Heimstaden\",\"description\":\"Boende med omtanke. S\u00f6k lediga l\u00e4genheter\",\"publisher\":{\"@id\":\"https:\/\/heimstaden.com\/se\/#organization\"},\"potentialAction\":[{\"@type\":\"SearchAction\",\"target\":{\"@type\":\"EntryPoint\",\"urlTemplate\":\"https:\/\/heimstaden.com\/se\/?s={search_term_string}\"},\"query-input\":{\"@type\":\"PropertyValueSpecification\",\"valueRequired\":true,\"valueName\":\"search_term_string\"}}],\"inLanguage\":\"sv-SE\"},{\"@type\":\"Organization\",\"@id\":\"https:\/\/heimstaden.com\/se\/#organization\",\"name\":\"Heimstaden Fastigheter AB\",\"url\":\"https:\/\/heimstaden.com\/se\/\",\"logo\":{\"@type\":\"ImageObject\",\"inLanguage\":\"sv-SE\",\"@id\":\"https:\/\/heimstaden.com\/se\/#\/schema\/logo\/image\/\",\"url\":\"https:\/\/heimstaden.com\/app\/uploads\/2018\/01\/Heimstaden_logo.png\",\"contentUrl\":\"https:\/\/heimstaden.com\/app\/uploads\/2018\/01\/Heimstaden_logo.png\",\"width\":1476,\"height\":214,\"caption\":\"Heimstaden Fastigheter AB\"},\"image\":{\"@id\":\"https:\/\/heimstaden.com\/se\/#\/schema\/logo\/image\/\"},\"sameAs\":[\"https:\/\/www.facebook.com\/heimstadensverige\",\"https:\/\/www.instagram.com\/heimstaden_sverige\/\",\"https:\/\/www.linkedin.com\/company\/15203568\/\",\"https:\/\/www.youtube.com\/channel\/UC7-UFyELvIZeLaG1Z9N14ZQ\",\"https:\/\/sv.wikipedia.org\/wiki\/Heimstaden\"]}]}<\/script>\n<!-- \/ Yoast SEO plugin. -->","yoast_head_json":{"title":"Vi skapar plats f\u00f6r solceller - Heimstaden","description":"Att minska klimatavtrycket \u00e4r den enda v\u00e4gen fram\u00e5t och kampen mot klimatf\u00f6r\u00e4ndringar \u00e4r en av Heimstadens viktigaste prioriteringar.","robots":{"index":"index","follow":"follow","max-snippet":"max-snippet:-1","max-image-preview":"max-image-preview:large","max-video-preview":"max-video-preview:-1"},"canonical":"https:\/\/heimstaden.com\/se\/vi-skapar-plats-for-solceller\/","og_locale":"sv_SE","og_type":"article","og_title":"Vi skapar plats f\u00f6r solceller - Heimstaden","og_description":"Att minska klimatavtrycket \u00e4r den enda v\u00e4gen fram\u00e5t och kampen mot klimatf\u00f6r\u00e4ndringar \u00e4r en av Heimstadens viktigaste prioriteringar.","og_url":"https:\/\/heimstaden.com\/se\/vi-skapar-plats-for-solceller\/","og_site_name":"Heimstaden","article_publisher":"https:\/\/www.facebook.com\/heimstadensverige","article_modified_time":"2023-07-31T09:43:12+00:00","og_image":[{"width":1600,"height":700,"url":"https:\/\/heimstaden.com\/app\/uploads\/2021\/11\/Miljoansvar.jpg","type":"image\/jpeg"}],"twitter_card":"summary_large_image","schema":{"@context":"https:\/\/schema.org","@graph":[{"@type":"WebPage","@id":"https:\/\/heimstaden.com\/se\/vi-skapar-plats-for-solceller\/","url":"https:\/\/heimstaden.com\/se\/vi-skapar-plats-for-solceller\/","name":"Vi skapar plats f\u00f6r solceller - Heimstaden","isPartOf":{"@id":"https:\/\/heimstaden.com\/se\/#website"},"primaryImageOfPage":{"@id":"https:\/\/heimstaden.com\/se\/vi-skapar-plats-for-solceller\/#primaryimage"},"image":{"@id":"https:\/\/heimstaden.com\/se\/vi-skapar-plats-for-solceller\/#primaryimage"},"thumbnailUrl":"https:\/\/heimstaden.com\/app\/uploads\/2021\/11\/Miljoansvar.jpg","datePublished":"2023-07-04T07:59:25+00:00","dateModified":"2023-07-31T09:43:12+00:00","description":"Att minska klimatavtrycket \u00e4r den enda v\u00e4gen fram\u00e5t och kampen mot klimatf\u00f6r\u00e4ndringar \u00e4r en av Heimstadens viktigaste prioriteringar.","breadcrumb":{"@id":"https:\/\/heimstaden.com\/se\/vi-skapar-plats-for-solceller\/#breadcrumb"},"inLanguage":"sv-SE","potentialAction":[{"@type":"ReadAction","target":["https:\/\/heimstaden.com\/se\/vi-skapar-plats-for-solceller\/"]}]},{"@type":"ImageObject","inLanguage":"sv-SE","@id":"https:\/\/heimstaden.com\/se\/vi-skapar-plats-for-solceller\/#primaryimage","url":"https:\/\/heimstaden.com\/app\/uploads\/2021\/11\/Miljoansvar.jpg","contentUrl":"https:\/\/heimstaden.com\/app\/uploads\/2021\/11\/Miljoansvar.jpg","width":1600,"height":700,"caption":"Heimstadens milj\u00f6ansvar"},{"@type":"BreadcrumbList","@id":"https:\/\/heimstaden.com\/se\/vi-skapar-plats-for-solceller\/#breadcrumb","itemListElement":[{"@type":"ListItem","position":1,"name":"Home","item":"https:\/\/heimstaden.com\/se\/"},{"@type":"ListItem","position":2,"name":"Vi skapar plats f\u00f6r solceller"}]},{"@type":"WebSite","@id":"https:\/\/heimstaden.com\/se\/#website","url":"https:\/\/heimstaden.com\/se\/","name":"Heimstaden","description":"Boende med omtanke. S\u00f6k lediga l\u00e4genheter","publisher":{"@id":"https:\/\/heimstaden.com\/se\/#organization"},"potentialAction":[{"@type":"SearchAction","target":{"@type":"EntryPoint","urlTemplate":"https:\/\/heimstaden.com\/se\/?s={search_term_string}"},"query-input":{"@type":"PropertyValueSpecification","valueRequired":true,"valueName":"search_term_string"}}],"inLanguage":"sv-SE"},{"@type":"Organization","@id":"https:\/\/heimstaden.com\/se\/#organization","name":"Heimstaden Fastigheter AB","url":"https:\/\/heimstaden.com\/se\/","logo":{"@type":"ImageObject","inLanguage":"sv-SE","@id":"https:\/\/heimstaden.com\/se\/#\/schema\/logo\/image\/","url":"https:\/\/heimstaden.com\/app\/uploads\/2018\/01\/Heimstaden_logo.png","contentUrl":"https:\/\/heimstaden.com\/app\/uploads\/2018\/01\/Heimstaden_logo.png","width":1476,"height":214,"caption":"Heimstaden Fastigheter AB"},"image":{"@id":"https:\/\/heimstaden.com\/se\/#\/schema\/logo\/image\/"},"sameAs":["https:\/\/www.facebook.com\/heimstadensverige","https:\/\/www.instagram.com\/heimstaden_sverige\/","https:\/\/www.linkedin.com\/company\/15203568\/","https:\/\/www.youtube.com\/channel\/UC7-UFyELvIZeLaG1Z9N14ZQ","https:\/\/sv.wikipedia.org\/wiki\/Heimstaden"]}]}},"_links":{"self":[{"href":"https:\/\/heimstaden.com\/se\/wp-json\/wp\/v2\/pages\/36538","targetHints":{"allow":["GET"]}}],"collection":[{"href":"https:\/\/heimstaden.com\/se\/wp-json\/wp\/v2\/pages"}],"about":[{"href":"https:\/\/heimstaden.com\/se\/wp-json\/wp\/v2\/types\/page"}],"author":[{"embeddable":true,"href":"https:\/\/heimstaden.com\/se\/wp-json\/wp\/v2\/users\/38"}],"replies":[{"embeddable":true,"href":"https:\/\/heimstaden.com\/se\/wp-json\/wp\/v2\/comments?post=36538"}],"version-history":[{"count":7,"href":"https:\/\/heimstaden.com\/se\/wp-json\/wp\/v2\/pages\/36538\/revisions"}],"predecessor-version":[{"id":37431,"href":"https:\/\/heimstaden.com\/se\/wp-json\/wp\/v2\/pages\/36538\/revisions\/37431"}],"wp:featuredmedia":[{"embeddable":true,"href":"https:\/\/heimstaden.com\/se\/wp-json\/wp\/v2\/media\/22893"}],"wp:attachment":[{"href":"https:\/\/heimstaden.com\/se\/wp-json\/wp\/v2\/media?parent=36538"}],"curies":[{"name":"wp","href":"https:\/\/api.w.org\/{rel}","templated":true}]}}