{"id":36502,"date":"2023-07-03T11:40:45","date_gmt":"2023-07-03T09:40:45","guid":{"rendered":"https:\/\/heimstaden.com\/se\/?page_id=36502"},"modified":"2025-08-27T12:57:42","modified_gmt":"2025-08-27T10:57:42","slug":"hyresjustering","status":"publish","type":"page","link":"https:\/\/heimstaden.com\/se\/hyresjustering\/","title":{"rendered":"Hyresjustering &#8211; Varf\u00f6r och hur g\u00e5r det till"},"content":{"rendered":"","protected":false},"excerpt":{"rendered":"","protected":false},"author":38,"featured_media":36504,"parent":0,"menu_order":0,"comment_status":"closed","ping_status":"closed","template":"","meta":{"_acf_changed":false,"_relevanssi_hide_post":"","_relevanssi_hide_content":"","_relevanssi_pin_for_all":"","_relevanssi_pin_keywords":"","_relevanssi_unpin_keywords":"","_relevanssi_related_keywords":"","_relevanssi_related_include_ids":"","_relevanssi_related_exclude_ids":"","_relevanssi_related_no_append":"","_relevanssi_related_not_related":"","_relevanssi_related_posts":"","_relevanssi_noindex_reason":"","footnotes":""},"class_list":["post-36502","page","type-page","status-publish","has-post-thumbnail","hentry"],"acf":[],"yoast_head":"<!-- This site is optimized with the Yoast SEO plugin v26.3 - https:\/\/yoast.com\/wordpress\/plugins\/seo\/ -->\n<title>Hyresjustering - Varf\u00f6r och hur g\u00e5r det till - Heimstaden<\/title>\n<meta name=\"description\" content=\"Undrar du hur en hyresjustering g\u00e5r till? H\u00e4r f\u00f6rklarar vi hur det rent praktiskt fungerar och vad du kan f\u00f6rv\u00e4nta dig fr\u00e5n din hyresv\u00e4rd.\" \/>\n<meta name=\"robots\" content=\"index, follow, max-snippet:-1, max-image-preview:large, max-video-preview:-1\" \/>\n<link rel=\"canonical\" href=\"https:\/\/heimstaden.com\/se\/hyresjustering\/\" \/>\n<meta property=\"og:locale\" content=\"sv_SE\" \/>\n<meta property=\"og:type\" content=\"article\" \/>\n<meta property=\"og:title\" content=\"Hyresjustering - Varf\u00f6r och hur g\u00e5r det till - Heimstaden\" \/>\n<meta property=\"og:description\" content=\"Undrar du hur en hyresjustering g\u00e5r till? H\u00e4r f\u00f6rklarar vi hur det rent praktiskt fungerar och vad du kan f\u00f6rv\u00e4nta dig fr\u00e5n din hyresv\u00e4rd.\" \/>\n<meta property=\"og:url\" content=\"https:\/\/heimstaden.com\/se\/hyresjustering\/\" \/>\n<meta property=\"og:site_name\" content=\"Heimstaden\" \/>\n<meta property=\"article:publisher\" content=\"https:\/\/www.facebook.com\/heimstadensverige\" \/>\n<meta property=\"article:modified_time\" content=\"2025-08-27T10:57:42+00:00\" \/>\n<meta property=\"og:image\" content=\"https:\/\/heimstaden.com\/app\/uploads\/2023\/07\/Hyresjustering.jpg\" \/>\n\t<meta property=\"og:image:width\" content=\"1600\" \/>\n\t<meta property=\"og:image:height\" content=\"800\" \/>\n\t<meta property=\"og:image:type\" content=\"image\/jpeg\" \/>\n<meta name=\"twitter:card\" content=\"summary_large_image\" \/>\n<script type=\"application\/ld+json\" class=\"yoast-schema-graph\">{\"@context\":\"https:\/\/schema.org\",\"@graph\":[{\"@type\":\"WebPage\",\"@id\":\"https:\/\/heimstaden.com\/se\/hyresjustering\/\",\"url\":\"https:\/\/heimstaden.com\/se\/hyresjustering\/\",\"name\":\"Hyresjustering - Varf\u00f6r och hur g\u00e5r det till - Heimstaden\",\"isPartOf\":{\"@id\":\"https:\/\/heimstaden.com\/se\/#website\"},\"primaryImageOfPage\":{\"@id\":\"https:\/\/heimstaden.com\/se\/hyresjustering\/#primaryimage\"},\"image\":{\"@id\":\"https:\/\/heimstaden.com\/se\/hyresjustering\/#primaryimage\"},\"thumbnailUrl\":\"https:\/\/heimstaden.com\/app\/uploads\/2023\/07\/Hyresjustering.jpg\",\"datePublished\":\"2023-07-03T09:40:45+00:00\",\"dateModified\":\"2025-08-27T10:57:42+00:00\",\"description\":\"Undrar du hur en hyresjustering g\u00e5r till? H\u00e4r f\u00f6rklarar vi hur det rent praktiskt fungerar och vad du kan f\u00f6rv\u00e4nta dig fr\u00e5n din hyresv\u00e4rd.\",\"breadcrumb\":{\"@id\":\"https:\/\/heimstaden.com\/se\/hyresjustering\/#breadcrumb\"},\"inLanguage\":\"sv-SE\",\"potentialAction\":[{\"@type\":\"ReadAction\",\"target\":[\"https:\/\/heimstaden.com\/se\/hyresjustering\/\"]}]},{\"@type\":\"ImageObject\",\"inLanguage\":\"sv-SE\",\"@id\":\"https:\/\/heimstaden.com\/se\/hyresjustering\/#primaryimage\",\"url\":\"https:\/\/heimstaden.com\/app\/uploads\/2023\/07\/Hyresjustering.jpg\",\"contentUrl\":\"https:\/\/heimstaden.com\/app\/uploads\/2023\/07\/Hyresjustering.jpg\",\"width\":1600,\"height\":800,\"caption\":\"En bild p\u00e5 en man och kvinna som st\u00e5r i ett vardagsrum och tittar p\u00e5 sin ipad.\"},{\"@type\":\"BreadcrumbList\",\"@id\":\"https:\/\/heimstaden.com\/se\/hyresjustering\/#breadcrumb\",\"itemListElement\":[{\"@type\":\"ListItem\",\"position\":1,\"name\":\"Home\",\"item\":\"https:\/\/heimstaden.com\/se\/\"},{\"@type\":\"ListItem\",\"position\":2,\"name\":\"Hyresjustering &#8211; Varf\u00f6r och hur g\u00e5r det till\"}]},{\"@type\":\"WebSite\",\"@id\":\"https:\/\/heimstaden.com\/se\/#website\",\"url\":\"https:\/\/heimstaden.com\/se\/\",\"name\":\"Heimstaden\",\"description\":\"Boende med omtanke. S\u00f6k lediga l\u00e4genheter\",\"publisher\":{\"@id\":\"https:\/\/heimstaden.com\/se\/#organization\"},\"potentialAction\":[{\"@type\":\"SearchAction\",\"target\":{\"@type\":\"EntryPoint\",\"urlTemplate\":\"https:\/\/heimstaden.com\/se\/?s={search_term_string}\"},\"query-input\":{\"@type\":\"PropertyValueSpecification\",\"valueRequired\":true,\"valueName\":\"search_term_string\"}}],\"inLanguage\":\"sv-SE\"},{\"@type\":\"Organization\",\"@id\":\"https:\/\/heimstaden.com\/se\/#organization\",\"name\":\"Heimstaden Fastigheter AB\",\"url\":\"https:\/\/heimstaden.com\/se\/\",\"logo\":{\"@type\":\"ImageObject\",\"inLanguage\":\"sv-SE\",\"@id\":\"https:\/\/heimstaden.com\/se\/#\/schema\/logo\/image\/\",\"url\":\"https:\/\/heimstaden.com\/app\/uploads\/2018\/01\/Heimstaden_logo.png\",\"contentUrl\":\"https:\/\/heimstaden.com\/app\/uploads\/2018\/01\/Heimstaden_logo.png\",\"width\":1476,\"height\":214,\"caption\":\"Heimstaden Fastigheter AB\"},\"image\":{\"@id\":\"https:\/\/heimstaden.com\/se\/#\/schema\/logo\/image\/\"},\"sameAs\":[\"https:\/\/www.facebook.com\/heimstadensverige\",\"https:\/\/www.instagram.com\/heimstaden_sverige\/\",\"https:\/\/www.linkedin.com\/company\/15203568\/\",\"https:\/\/www.youtube.com\/channel\/UC7-UFyELvIZeLaG1Z9N14ZQ\",\"https:\/\/sv.wikipedia.org\/wiki\/Heimstaden\"]}]}<\/script>\n<!-- \/ Yoast SEO plugin. -->","yoast_head_json":{"title":"Hyresjustering - Varf\u00f6r och hur g\u00e5r det till - Heimstaden","description":"Undrar du hur en hyresjustering g\u00e5r till? H\u00e4r f\u00f6rklarar vi hur det rent praktiskt fungerar och vad du kan f\u00f6rv\u00e4nta dig fr\u00e5n din hyresv\u00e4rd.","robots":{"index":"index","follow":"follow","max-snippet":"max-snippet:-1","max-image-preview":"max-image-preview:large","max-video-preview":"max-video-preview:-1"},"canonical":"https:\/\/heimstaden.com\/se\/hyresjustering\/","og_locale":"sv_SE","og_type":"article","og_title":"Hyresjustering - Varf\u00f6r och hur g\u00e5r det till - Heimstaden","og_description":"Undrar du hur en hyresjustering g\u00e5r till? H\u00e4r f\u00f6rklarar vi hur det rent praktiskt fungerar och vad du kan f\u00f6rv\u00e4nta dig fr\u00e5n din hyresv\u00e4rd.","og_url":"https:\/\/heimstaden.com\/se\/hyresjustering\/","og_site_name":"Heimstaden","article_publisher":"https:\/\/www.facebook.com\/heimstadensverige","article_modified_time":"2025-08-27T10:57:42+00:00","og_image":[{"width":1600,"height":800,"url":"https:\/\/heimstaden.com\/app\/uploads\/2023\/07\/Hyresjustering.jpg","type":"image\/jpeg"}],"twitter_card":"summary_large_image","schema":{"@context":"https:\/\/schema.org","@graph":[{"@type":"WebPage","@id":"https:\/\/heimstaden.com\/se\/hyresjustering\/","url":"https:\/\/heimstaden.com\/se\/hyresjustering\/","name":"Hyresjustering - Varf\u00f6r och hur g\u00e5r det till - Heimstaden","isPartOf":{"@id":"https:\/\/heimstaden.com\/se\/#website"},"primaryImageOfPage":{"@id":"https:\/\/heimstaden.com\/se\/hyresjustering\/#primaryimage"},"image":{"@id":"https:\/\/heimstaden.com\/se\/hyresjustering\/#primaryimage"},"thumbnailUrl":"https:\/\/heimstaden.com\/app\/uploads\/2023\/07\/Hyresjustering.jpg","datePublished":"2023-07-03T09:40:45+00:00","dateModified":"2025-08-27T10:57:42+00:00","description":"Undrar du hur en hyresjustering g\u00e5r till? H\u00e4r f\u00f6rklarar vi hur det rent praktiskt fungerar och vad du kan f\u00f6rv\u00e4nta dig fr\u00e5n din hyresv\u00e4rd.","breadcrumb":{"@id":"https:\/\/heimstaden.com\/se\/hyresjustering\/#breadcrumb"},"inLanguage":"sv-SE","potentialAction":[{"@type":"ReadAction","target":["https:\/\/heimstaden.com\/se\/hyresjustering\/"]}]},{"@type":"ImageObject","inLanguage":"sv-SE","@id":"https:\/\/heimstaden.com\/se\/hyresjustering\/#primaryimage","url":"https:\/\/heimstaden.com\/app\/uploads\/2023\/07\/Hyresjustering.jpg","contentUrl":"https:\/\/heimstaden.com\/app\/uploads\/2023\/07\/Hyresjustering.jpg","width":1600,"height":800,"caption":"En bild p\u00e5 en man och kvinna som st\u00e5r i ett vardagsrum och tittar p\u00e5 sin ipad."},{"@type":"BreadcrumbList","@id":"https:\/\/heimstaden.com\/se\/hyresjustering\/#breadcrumb","itemListElement":[{"@type":"ListItem","position":1,"name":"Home","item":"https:\/\/heimstaden.com\/se\/"},{"@type":"ListItem","position":2,"name":"Hyresjustering &#8211; Varf\u00f6r och hur g\u00e5r det till"}]},{"@type":"WebSite","@id":"https:\/\/heimstaden.com\/se\/#website","url":"https:\/\/heimstaden.com\/se\/","name":"Heimstaden","description":"Boende med omtanke. S\u00f6k lediga l\u00e4genheter","publisher":{"@id":"https:\/\/heimstaden.com\/se\/#organization"},"potentialAction":[{"@type":"SearchAction","target":{"@type":"EntryPoint","urlTemplate":"https:\/\/heimstaden.com\/se\/?s={search_term_string}"},"query-input":{"@type":"PropertyValueSpecification","valueRequired":true,"valueName":"search_term_string"}}],"inLanguage":"sv-SE"},{"@type":"Organization","@id":"https:\/\/heimstaden.com\/se\/#organization","name":"Heimstaden Fastigheter AB","url":"https:\/\/heimstaden.com\/se\/","logo":{"@type":"ImageObject","inLanguage":"sv-SE","@id":"https:\/\/heimstaden.com\/se\/#\/schema\/logo\/image\/","url":"https:\/\/heimstaden.com\/app\/uploads\/2018\/01\/Heimstaden_logo.png","contentUrl":"https:\/\/heimstaden.com\/app\/uploads\/2018\/01\/Heimstaden_logo.png","width":1476,"height":214,"caption":"Heimstaden Fastigheter AB"},"image":{"@id":"https:\/\/heimstaden.com\/se\/#\/schema\/logo\/image\/"},"sameAs":["https:\/\/www.facebook.com\/heimstadensverige","https:\/\/www.instagram.com\/heimstaden_sverige\/","https:\/\/www.linkedin.com\/company\/15203568\/","https:\/\/www.youtube.com\/channel\/UC7-UFyELvIZeLaG1Z9N14ZQ","https:\/\/sv.wikipedia.org\/wiki\/Heimstaden"]}]}},"_links":{"self":[{"href":"https:\/\/heimstaden.com\/se\/wp-json\/wp\/v2\/pages\/36502","targetHints":{"allow":["GET"]}}],"collection":[{"href":"https:\/\/heimstaden.com\/se\/wp-json\/wp\/v2\/pages"}],"about":[{"href":"https:\/\/heimstaden.com\/se\/wp-json\/wp\/v2\/types\/page"}],"author":[{"embeddable":true,"href":"https:\/\/heimstaden.com\/se\/wp-json\/wp\/v2\/users\/38"}],"replies":[{"embeddable":true,"href":"https:\/\/heimstaden.com\/se\/wp-json\/wp\/v2\/comments?post=36502"}],"version-history":[{"count":5,"href":"https:\/\/heimstaden.com\/se\/wp-json\/wp\/v2\/pages\/36502\/revisions"}],"predecessor-version":[{"id":44685,"href":"https:\/\/heimstaden.com\/se\/wp-json\/wp\/v2\/pages\/36502\/revisions\/44685"}],"wp:featuredmedia":[{"embeddable":true,"href":"https:\/\/heimstaden.com\/se\/wp-json\/wp\/v2\/media\/36504"}],"wp:attachment":[{"href":"https:\/\/heimstaden.com\/se\/wp-json\/wp\/v2\/media?parent=36502"}],"curies":[{"name":"wp","href":"https:\/\/api.w.org\/{rel}","templated":true}]}}