{"id":35057,"date":"2023-03-28T08:11:01","date_gmt":"2023-03-28T06:11:01","guid":{"rendered":"https:\/\/heimstaden.com\/se\/?page_id=35057"},"modified":"2024-10-01T07:21:20","modified_gmt":"2024-10-01T05:21:20","slug":"coaching-till-unga","status":"publish","type":"page","link":"https:\/\/heimstaden.com\/se\/om-oss\/hallbarhet\/social-hallbarhet\/vara-samarbeten\/coaching-till-unga\/","title":{"rendered":"Gratis professionell coaching till unga"},"content":{"rendered":"","protected":false},"excerpt":{"rendered":"","protected":false},"author":38,"featured_media":35058,"parent":33241,"menu_order":0,"comment_status":"closed","ping_status":"closed","template":"","meta":{"_acf_changed":false,"_relevanssi_hide_post":"","_relevanssi_hide_content":"","_relevanssi_pin_for_all":"","_relevanssi_pin_keywords":"","_relevanssi_unpin_keywords":"","_relevanssi_related_keywords":"","_relevanssi_related_include_ids":"","_relevanssi_related_exclude_ids":"","_relevanssi_related_no_append":"","_relevanssi_related_not_related":"","_relevanssi_related_posts":"","_relevanssi_noindex_reason":"","footnotes":""},"class_list":["post-35057","page","type-page","status-publish","has-post-thumbnail","hentry"],"acf":[],"yoast_head":"<!-- This site is optimized with the Yoast SEO plugin v26.3 - https:\/\/yoast.com\/wordpress\/plugins\/seo\/ -->\n<title>Gratis professionell coaching till unga - Heimstaden<\/title>\n<meta name=\"robots\" content=\"index, follow, max-snippet:-1, max-image-preview:large, max-video-preview:-1\" \/>\n<link rel=\"canonical\" href=\"https:\/\/heimstaden.com\/se\/om-oss\/hallbarhet\/social-hallbarhet\/vara-samarbeten\/coaching-till-unga\/\" \/>\n<meta property=\"og:locale\" content=\"sv_SE\" \/>\n<meta property=\"og:type\" content=\"article\" \/>\n<meta property=\"og:title\" content=\"Gratis professionell coaching till unga - Heimstaden\" \/>\n<meta property=\"og:url\" content=\"https:\/\/heimstaden.com\/se\/om-oss\/hallbarhet\/social-hallbarhet\/vara-samarbeten\/coaching-till-unga\/\" \/>\n<meta property=\"og:site_name\" content=\"Heimstaden\" \/>\n<meta property=\"article:publisher\" content=\"https:\/\/www.facebook.com\/heimstadensverige\" \/>\n<meta property=\"article:modified_time\" content=\"2024-10-01T05:21:20+00:00\" \/>\n<meta property=\"og:image\" content=\"https:\/\/heimstaden.com\/app\/uploads\/2023\/03\/Wake-Me-Up-x-Heimstaden.jpg\" \/>\n\t<meta property=\"og:image:width\" content=\"1920\" \/>\n\t<meta property=\"og:image:height\" content=\"1080\" \/>\n\t<meta property=\"og:image:type\" content=\"image\/jpeg\" \/>\n<meta name=\"twitter:card\" content=\"summary_large_image\" \/>\n<script type=\"application\/ld+json\" class=\"yoast-schema-graph\">{\"@context\":\"https:\/\/schema.org\",\"@graph\":[{\"@type\":\"WebPage\",\"@id\":\"https:\/\/heimstaden.com\/se\/om-oss\/hallbarhet\/social-hallbarhet\/vara-samarbeten\/coaching-till-unga\/\",\"url\":\"https:\/\/heimstaden.com\/se\/om-oss\/hallbarhet\/social-hallbarhet\/vara-samarbeten\/coaching-till-unga\/\",\"name\":\"Gratis professionell coaching till unga - Heimstaden\",\"isPartOf\":{\"@id\":\"https:\/\/heimstaden.com\/se\/#website\"},\"primaryImageOfPage\":{\"@id\":\"https:\/\/heimstaden.com\/se\/om-oss\/hallbarhet\/social-hallbarhet\/vara-samarbeten\/coaching-till-unga\/#primaryimage\"},\"image\":{\"@id\":\"https:\/\/heimstaden.com\/se\/om-oss\/hallbarhet\/social-hallbarhet\/vara-samarbeten\/coaching-till-unga\/#primaryimage\"},\"thumbnailUrl\":\"https:\/\/heimstaden.com\/app\/uploads\/2023\/03\/Wake-Me-Up-x-Heimstaden.jpg\",\"datePublished\":\"2023-03-28T06:11:01+00:00\",\"dateModified\":\"2024-10-01T05:21:20+00:00\",\"breadcrumb\":{\"@id\":\"https:\/\/heimstaden.com\/se\/om-oss\/hallbarhet\/social-hallbarhet\/vara-samarbeten\/coaching-till-unga\/#breadcrumb\"},\"inLanguage\":\"sv-SE\",\"potentialAction\":[{\"@type\":\"ReadAction\",\"target\":[\"https:\/\/heimstaden.com\/se\/om-oss\/hallbarhet\/social-hallbarhet\/vara-samarbeten\/coaching-till-unga\/\"]}]},{\"@type\":\"ImageObject\",\"inLanguage\":\"sv-SE\",\"@id\":\"https:\/\/heimstaden.com\/se\/om-oss\/hallbarhet\/social-hallbarhet\/vara-samarbeten\/coaching-till-unga\/#primaryimage\",\"url\":\"https:\/\/heimstaden.com\/app\/uploads\/2023\/03\/Wake-Me-Up-x-Heimstaden.jpg\",\"contentUrl\":\"https:\/\/heimstaden.com\/app\/uploads\/2023\/03\/Wake-Me-Up-x-Heimstaden.jpg\",\"width\":1920,\"height\":1080,\"caption\":\"Tre ungdomar st\u00e5r ute i solnedg\u00e5ngen, har p\u00e5 sig somriga kl\u00e4der och str\u00e4cker upp sina armar i luften.\"},{\"@type\":\"BreadcrumbList\",\"@id\":\"https:\/\/heimstaden.com\/se\/om-oss\/hallbarhet\/social-hallbarhet\/vara-samarbeten\/coaching-till-unga\/#breadcrumb\",\"itemListElement\":[{\"@type\":\"ListItem\",\"position\":1,\"name\":\"Home\",\"item\":\"https:\/\/heimstaden.com\/se\/\"},{\"@type\":\"ListItem\",\"position\":2,\"name\":\"Om oss\",\"item\":\"https:\/\/heimstaden.com\/se\/om-oss\/\"},{\"@type\":\"ListItem\",\"position\":3,\"name\":\"H\u00e5llbarhet\",\"item\":\"https:\/\/heimstaden.com\/se\/om-oss\/hallbarhet\/\"},{\"@type\":\"ListItem\",\"position\":4,\"name\":\"Social h\u00e5llbarhet\",\"item\":\"https:\/\/heimstaden.com\/se\/om-oss\/hallbarhet\/social-hallbarhet\/\"},{\"@type\":\"ListItem\",\"position\":5,\"name\":\"V\u00e5ra samarbeten\",\"item\":\"https:\/\/heimstaden.com\/se\/om-oss\/hallbarhet\/social-hallbarhet\/vara-samarbeten\/\"},{\"@type\":\"ListItem\",\"position\":6,\"name\":\"Gratis professionell coaching till unga\"}]},{\"@type\":\"WebSite\",\"@id\":\"https:\/\/heimstaden.com\/se\/#website\",\"url\":\"https:\/\/heimstaden.com\/se\/\",\"name\":\"Heimstaden\",\"description\":\"Boende med omtanke. S\u00f6k lediga l\u00e4genheter\",\"publisher\":{\"@id\":\"https:\/\/heimstaden.com\/se\/#organization\"},\"potentialAction\":[{\"@type\":\"SearchAction\",\"target\":{\"@type\":\"EntryPoint\",\"urlTemplate\":\"https:\/\/heimstaden.com\/se\/?s={search_term_string}\"},\"query-input\":{\"@type\":\"PropertyValueSpecification\",\"valueRequired\":true,\"valueName\":\"search_term_string\"}}],\"inLanguage\":\"sv-SE\"},{\"@type\":\"Organization\",\"@id\":\"https:\/\/heimstaden.com\/se\/#organization\",\"name\":\"Heimstaden Fastigheter AB\",\"url\":\"https:\/\/heimstaden.com\/se\/\",\"logo\":{\"@type\":\"ImageObject\",\"inLanguage\":\"sv-SE\",\"@id\":\"https:\/\/heimstaden.com\/se\/#\/schema\/logo\/image\/\",\"url\":\"https:\/\/heimstaden.com\/app\/uploads\/2018\/01\/Heimstaden_logo.png\",\"contentUrl\":\"https:\/\/heimstaden.com\/app\/uploads\/2018\/01\/Heimstaden_logo.png\",\"width\":1476,\"height\":214,\"caption\":\"Heimstaden Fastigheter AB\"},\"image\":{\"@id\":\"https:\/\/heimstaden.com\/se\/#\/schema\/logo\/image\/\"},\"sameAs\":[\"https:\/\/www.facebook.com\/heimstadensverige\",\"https:\/\/www.instagram.com\/heimstaden_sverige\/\",\"https:\/\/www.linkedin.com\/company\/15203568\/\",\"https:\/\/www.youtube.com\/channel\/UC7-UFyELvIZeLaG1Z9N14ZQ\",\"https:\/\/sv.wikipedia.org\/wiki\/Heimstaden\"]}]}<\/script>\n<!-- \/ Yoast SEO plugin. -->","yoast_head_json":{"title":"Gratis professionell coaching till unga - Heimstaden","robots":{"index":"index","follow":"follow","max-snippet":"max-snippet:-1","max-image-preview":"max-image-preview:large","max-video-preview":"max-video-preview:-1"},"canonical":"https:\/\/heimstaden.com\/se\/om-oss\/hallbarhet\/social-hallbarhet\/vara-samarbeten\/coaching-till-unga\/","og_locale":"sv_SE","og_type":"article","og_title":"Gratis professionell coaching till unga - Heimstaden","og_url":"https:\/\/heimstaden.com\/se\/om-oss\/hallbarhet\/social-hallbarhet\/vara-samarbeten\/coaching-till-unga\/","og_site_name":"Heimstaden","article_publisher":"https:\/\/www.facebook.com\/heimstadensverige","article_modified_time":"2024-10-01T05:21:20+00:00","og_image":[{"width":1920,"height":1080,"url":"https:\/\/heimstaden.com\/app\/uploads\/2023\/03\/Wake-Me-Up-x-Heimstaden.jpg","type":"image\/jpeg"}],"twitter_card":"summary_large_image","schema":{"@context":"https:\/\/schema.org","@graph":[{"@type":"WebPage","@id":"https:\/\/heimstaden.com\/se\/om-oss\/hallbarhet\/social-hallbarhet\/vara-samarbeten\/coaching-till-unga\/","url":"https:\/\/heimstaden.com\/se\/om-oss\/hallbarhet\/social-hallbarhet\/vara-samarbeten\/coaching-till-unga\/","name":"Gratis professionell coaching till unga - Heimstaden","isPartOf":{"@id":"https:\/\/heimstaden.com\/se\/#website"},"primaryImageOfPage":{"@id":"https:\/\/heimstaden.com\/se\/om-oss\/hallbarhet\/social-hallbarhet\/vara-samarbeten\/coaching-till-unga\/#primaryimage"},"image":{"@id":"https:\/\/heimstaden.com\/se\/om-oss\/hallbarhet\/social-hallbarhet\/vara-samarbeten\/coaching-till-unga\/#primaryimage"},"thumbnailUrl":"https:\/\/heimstaden.com\/app\/uploads\/2023\/03\/Wake-Me-Up-x-Heimstaden.jpg","datePublished":"2023-03-28T06:11:01+00:00","dateModified":"2024-10-01T05:21:20+00:00","breadcrumb":{"@id":"https:\/\/heimstaden.com\/se\/om-oss\/hallbarhet\/social-hallbarhet\/vara-samarbeten\/coaching-till-unga\/#breadcrumb"},"inLanguage":"sv-SE","potentialAction":[{"@type":"ReadAction","target":["https:\/\/heimstaden.com\/se\/om-oss\/hallbarhet\/social-hallbarhet\/vara-samarbeten\/coaching-till-unga\/"]}]},{"@type":"ImageObject","inLanguage":"sv-SE","@id":"https:\/\/heimstaden.com\/se\/om-oss\/hallbarhet\/social-hallbarhet\/vara-samarbeten\/coaching-till-unga\/#primaryimage","url":"https:\/\/heimstaden.com\/app\/uploads\/2023\/03\/Wake-Me-Up-x-Heimstaden.jpg","contentUrl":"https:\/\/heimstaden.com\/app\/uploads\/2023\/03\/Wake-Me-Up-x-Heimstaden.jpg","width":1920,"height":1080,"caption":"Tre ungdomar st\u00e5r ute i solnedg\u00e5ngen, har p\u00e5 sig somriga kl\u00e4der och str\u00e4cker upp sina armar i luften."},{"@type":"BreadcrumbList","@id":"https:\/\/heimstaden.com\/se\/om-oss\/hallbarhet\/social-hallbarhet\/vara-samarbeten\/coaching-till-unga\/#breadcrumb","itemListElement":[{"@type":"ListItem","position":1,"name":"Home","item":"https:\/\/heimstaden.com\/se\/"},{"@type":"ListItem","position":2,"name":"Om oss","item":"https:\/\/heimstaden.com\/se\/om-oss\/"},{"@type":"ListItem","position":3,"name":"H\u00e5llbarhet","item":"https:\/\/heimstaden.com\/se\/om-oss\/hallbarhet\/"},{"@type":"ListItem","position":4,"name":"Social h\u00e5llbarhet","item":"https:\/\/heimstaden.com\/se\/om-oss\/hallbarhet\/social-hallbarhet\/"},{"@type":"ListItem","position":5,"name":"V\u00e5ra samarbeten","item":"https:\/\/heimstaden.com\/se\/om-oss\/hallbarhet\/social-hallbarhet\/vara-samarbeten\/"},{"@type":"ListItem","position":6,"name":"Gratis professionell coaching till unga"}]},{"@type":"WebSite","@id":"https:\/\/heimstaden.com\/se\/#website","url":"https:\/\/heimstaden.com\/se\/","name":"Heimstaden","description":"Boende med omtanke. S\u00f6k lediga l\u00e4genheter","publisher":{"@id":"https:\/\/heimstaden.com\/se\/#organization"},"potentialAction":[{"@type":"SearchAction","target":{"@type":"EntryPoint","urlTemplate":"https:\/\/heimstaden.com\/se\/?s={search_term_string}"},"query-input":{"@type":"PropertyValueSpecification","valueRequired":true,"valueName":"search_term_string"}}],"inLanguage":"sv-SE"},{"@type":"Organization","@id":"https:\/\/heimstaden.com\/se\/#organization","name":"Heimstaden Fastigheter AB","url":"https:\/\/heimstaden.com\/se\/","logo":{"@type":"ImageObject","inLanguage":"sv-SE","@id":"https:\/\/heimstaden.com\/se\/#\/schema\/logo\/image\/","url":"https:\/\/heimstaden.com\/app\/uploads\/2018\/01\/Heimstaden_logo.png","contentUrl":"https:\/\/heimstaden.com\/app\/uploads\/2018\/01\/Heimstaden_logo.png","width":1476,"height":214,"caption":"Heimstaden Fastigheter AB"},"image":{"@id":"https:\/\/heimstaden.com\/se\/#\/schema\/logo\/image\/"},"sameAs":["https:\/\/www.facebook.com\/heimstadensverige","https:\/\/www.instagram.com\/heimstaden_sverige\/","https:\/\/www.linkedin.com\/company\/15203568\/","https:\/\/www.youtube.com\/channel\/UC7-UFyELvIZeLaG1Z9N14ZQ","https:\/\/sv.wikipedia.org\/wiki\/Heimstaden"]}]}},"_links":{"self":[{"href":"https:\/\/heimstaden.com\/se\/wp-json\/wp\/v2\/pages\/35057","targetHints":{"allow":["GET"]}}],"collection":[{"href":"https:\/\/heimstaden.com\/se\/wp-json\/wp\/v2\/pages"}],"about":[{"href":"https:\/\/heimstaden.com\/se\/wp-json\/wp\/v2\/types\/page"}],"author":[{"embeddable":true,"href":"https:\/\/heimstaden.com\/se\/wp-json\/wp\/v2\/users\/38"}],"replies":[{"embeddable":true,"href":"https:\/\/heimstaden.com\/se\/wp-json\/wp\/v2\/comments?post=35057"}],"version-history":[{"count":6,"href":"https:\/\/heimstaden.com\/se\/wp-json\/wp\/v2\/pages\/35057\/revisions"}],"predecessor-version":[{"id":41668,"href":"https:\/\/heimstaden.com\/se\/wp-json\/wp\/v2\/pages\/35057\/revisions\/41668"}],"up":[{"embeddable":true,"href":"https:\/\/heimstaden.com\/se\/wp-json\/wp\/v2\/pages\/33241"}],"wp:featuredmedia":[{"embeddable":true,"href":"https:\/\/heimstaden.com\/se\/wp-json\/wp\/v2\/media\/35058"}],"wp:attachment":[{"href":"https:\/\/heimstaden.com\/se\/wp-json\/wp\/v2\/media?parent=35057"}],"curies":[{"name":"wp","href":"https:\/\/api.w.org\/{rel}","templated":true}]}}