{"id":32047,"date":"2026-01-23T09:38:06","date_gmt":"2026-01-23T08:38:06","guid":{"rendered":"https:\/\/heimstaden.com\/se\/?page_id=32047"},"modified":"2026-01-23T09:38:17","modified_gmt":"2026-01-23T08:38:17","slug":"lediga-lagenheter-gavle","status":"publish","type":"page","link":"https:\/\/heimstaden.com\/se\/lediga-lagenheter-gavle\/","title":{"rendered":"Lediga l\u00e4genheter G\u00e4vle"},"content":{"rendered":"","protected":false},"excerpt":{"rendered":"","protected":false},"author":38,"featured_media":42517,"parent":0,"menu_order":0,"comment_status":"closed","ping_status":"closed","template":"","meta":{"_acf_changed":false,"_relevanssi_hide_post":"","_relevanssi_hide_content":"","_relevanssi_pin_for_all":"","_relevanssi_pin_keywords":"","_relevanssi_unpin_keywords":"","_relevanssi_related_keywords":"","_relevanssi_related_include_ids":"","_relevanssi_related_exclude_ids":"","_relevanssi_related_no_append":"","_relevanssi_related_not_related":"","_relevanssi_related_posts":"","_relevanssi_noindex_reason":"","footnotes":""},"class_list":["post-32047","page","type-page","status-publish","has-post-thumbnail","hentry"],"acf":[],"yoast_head":"<!-- This site is optimized with the Yoast SEO plugin v26.3 - https:\/\/yoast.com\/wordpress\/plugins\/seo\/ -->\n<title>Lediga l\u00e4genheter G\u00e4vle - Omg\u00e5ende inflyttning - Heimstaden<\/title>\n<meta name=\"description\" content=\"Hyra l\u00e4genhet i G\u00e4vle! Vi p\u00e5 Heimstaden erbjuder f\u00f6rstahandskontrakt, 1-4 RoK. Hitta ledig bostad i G\u00e4vle redan idag!\" \/>\n<meta name=\"robots\" content=\"index, follow, max-snippet:-1, max-image-preview:large, max-video-preview:-1\" \/>\n<link rel=\"canonical\" href=\"https:\/\/heimstaden.com\/se\/lediga-lagenheter-gavle\/\" \/>\n<meta property=\"og:locale\" content=\"sv_SE\" \/>\n<meta property=\"og:type\" content=\"article\" \/>\n<meta property=\"og:title\" content=\"Lediga l\u00e4genheter G\u00e4vle - Omg\u00e5ende inflyttning - Heimstaden\" \/>\n<meta property=\"og:description\" content=\"Hyra l\u00e4genhet i G\u00e4vle! Vi p\u00e5 Heimstaden erbjuder f\u00f6rstahandskontrakt, 1-4 RoK. Hitta ledig bostad i G\u00e4vle redan idag!\" \/>\n<meta property=\"og:url\" content=\"https:\/\/heimstaden.com\/se\/lediga-lagenheter-gavle\/\" \/>\n<meta property=\"og:site_name\" content=\"Heimstaden\" \/>\n<meta property=\"article:publisher\" content=\"https:\/\/www.facebook.com\/heimstadensverige\" \/>\n<meta property=\"article:modified_time\" content=\"2026-01-23T08:38:17+00:00\" \/>\n<meta property=\"og:image\" content=\"https:\/\/heimstaden.com\/app\/uploads\/2025\/01\/lagenheter-i-gavle.jpg\" \/>\n\t<meta property=\"og:image:width\" content=\"1920\" \/>\n\t<meta property=\"og:image:height\" content=\"900\" \/>\n\t<meta property=\"og:image:type\" content=\"image\/jpeg\" \/>\n<meta name=\"twitter:card\" content=\"summary_large_image\" \/>\n<script type=\"application\/ld+json\" class=\"yoast-schema-graph\">{\"@context\":\"https:\/\/schema.org\",\"@graph\":[{\"@type\":\"WebPage\",\"@id\":\"https:\/\/heimstaden.com\/se\/lediga-lagenheter-gavle\/\",\"url\":\"https:\/\/heimstaden.com\/se\/lediga-lagenheter-gavle\/\",\"name\":\"Lediga l\u00e4genheter G\u00e4vle - Omg\u00e5ende inflyttning - Heimstaden\",\"isPartOf\":{\"@id\":\"https:\/\/heimstaden.com\/se\/#website\"},\"primaryImageOfPage\":{\"@id\":\"https:\/\/heimstaden.com\/se\/lediga-lagenheter-gavle\/#primaryimage\"},\"image\":{\"@id\":\"https:\/\/heimstaden.com\/se\/lediga-lagenheter-gavle\/#primaryimage\"},\"thumbnailUrl\":\"https:\/\/heimstaden.com\/app\/uploads\/2025\/01\/lagenheter-i-gavle.jpg\",\"datePublished\":\"2026-01-23T08:38:06+00:00\",\"dateModified\":\"2026-01-23T08:38:17+00:00\",\"description\":\"Hyra l\u00e4genhet i G\u00e4vle! Vi p\u00e5 Heimstaden erbjuder f\u00f6rstahandskontrakt, 1-4 RoK. Hitta ledig bostad i G\u00e4vle redan idag!\",\"breadcrumb\":{\"@id\":\"https:\/\/heimstaden.com\/se\/lediga-lagenheter-gavle\/#breadcrumb\"},\"inLanguage\":\"sv-SE\",\"potentialAction\":[{\"@type\":\"ReadAction\",\"target\":[\"https:\/\/heimstaden.com\/se\/lediga-lagenheter-gavle\/\"]}]},{\"@type\":\"ImageObject\",\"inLanguage\":\"sv-SE\",\"@id\":\"https:\/\/heimstaden.com\/se\/lediga-lagenheter-gavle\/#primaryimage\",\"url\":\"https:\/\/heimstaden.com\/app\/uploads\/2025\/01\/lagenheter-i-gavle.jpg\",\"contentUrl\":\"https:\/\/heimstaden.com\/app\/uploads\/2025\/01\/lagenheter-i-gavle.jpg\",\"width\":1920,\"height\":900,\"caption\":\"En bostadshus i brunt tegel i centrala G\u00e4vle.\"},{\"@type\":\"BreadcrumbList\",\"@id\":\"https:\/\/heimstaden.com\/se\/lediga-lagenheter-gavle\/#breadcrumb\",\"itemListElement\":[{\"@type\":\"ListItem\",\"position\":1,\"name\":\"Home\",\"item\":\"https:\/\/heimstaden.com\/se\/\"},{\"@type\":\"ListItem\",\"position\":2,\"name\":\"Lediga l\u00e4genheter G\u00e4vle\"}]},{\"@type\":\"WebSite\",\"@id\":\"https:\/\/heimstaden.com\/se\/#website\",\"url\":\"https:\/\/heimstaden.com\/se\/\",\"name\":\"Heimstaden\",\"description\":\"Boende med omtanke. S\u00f6k lediga l\u00e4genheter\",\"publisher\":{\"@id\":\"https:\/\/heimstaden.com\/se\/#organization\"},\"potentialAction\":[{\"@type\":\"SearchAction\",\"target\":{\"@type\":\"EntryPoint\",\"urlTemplate\":\"https:\/\/heimstaden.com\/se\/?s={search_term_string}\"},\"query-input\":{\"@type\":\"PropertyValueSpecification\",\"valueRequired\":true,\"valueName\":\"search_term_string\"}}],\"inLanguage\":\"sv-SE\"},{\"@type\":\"Organization\",\"@id\":\"https:\/\/heimstaden.com\/se\/#organization\",\"name\":\"Heimstaden Fastigheter AB\",\"url\":\"https:\/\/heimstaden.com\/se\/\",\"logo\":{\"@type\":\"ImageObject\",\"inLanguage\":\"sv-SE\",\"@id\":\"https:\/\/heimstaden.com\/se\/#\/schema\/logo\/image\/\",\"url\":\"https:\/\/heimstaden.com\/app\/uploads\/2018\/01\/Heimstaden_logo.png\",\"contentUrl\":\"https:\/\/heimstaden.com\/app\/uploads\/2018\/01\/Heimstaden_logo.png\",\"width\":1476,\"height\":214,\"caption\":\"Heimstaden Fastigheter AB\"},\"image\":{\"@id\":\"https:\/\/heimstaden.com\/se\/#\/schema\/logo\/image\/\"},\"sameAs\":[\"https:\/\/www.facebook.com\/heimstadensverige\",\"https:\/\/www.instagram.com\/heimstaden_sverige\/\",\"https:\/\/www.linkedin.com\/company\/15203568\/\",\"https:\/\/www.youtube.com\/channel\/UC7-UFyELvIZeLaG1Z9N14ZQ\",\"https:\/\/sv.wikipedia.org\/wiki\/Heimstaden\"]}]}<\/script>\n<!-- \/ Yoast SEO plugin. -->","yoast_head_json":{"title":"Lediga l\u00e4genheter G\u00e4vle - Omg\u00e5ende inflyttning - Heimstaden","description":"Hyra l\u00e4genhet i G\u00e4vle! Vi p\u00e5 Heimstaden erbjuder f\u00f6rstahandskontrakt, 1-4 RoK. Hitta ledig bostad i G\u00e4vle redan idag!","robots":{"index":"index","follow":"follow","max-snippet":"max-snippet:-1","max-image-preview":"max-image-preview:large","max-video-preview":"max-video-preview:-1"},"canonical":"https:\/\/heimstaden.com\/se\/lediga-lagenheter-gavle\/","og_locale":"sv_SE","og_type":"article","og_title":"Lediga l\u00e4genheter G\u00e4vle - Omg\u00e5ende inflyttning - Heimstaden","og_description":"Hyra l\u00e4genhet i G\u00e4vle! Vi p\u00e5 Heimstaden erbjuder f\u00f6rstahandskontrakt, 1-4 RoK. Hitta ledig bostad i G\u00e4vle redan idag!","og_url":"https:\/\/heimstaden.com\/se\/lediga-lagenheter-gavle\/","og_site_name":"Heimstaden","article_publisher":"https:\/\/www.facebook.com\/heimstadensverige","article_modified_time":"2026-01-23T08:38:17+00:00","og_image":[{"width":1920,"height":900,"url":"https:\/\/heimstaden.com\/app\/uploads\/2025\/01\/lagenheter-i-gavle.jpg","type":"image\/jpeg"}],"twitter_card":"summary_large_image","schema":{"@context":"https:\/\/schema.org","@graph":[{"@type":"WebPage","@id":"https:\/\/heimstaden.com\/se\/lediga-lagenheter-gavle\/","url":"https:\/\/heimstaden.com\/se\/lediga-lagenheter-gavle\/","name":"Lediga l\u00e4genheter G\u00e4vle - Omg\u00e5ende inflyttning - Heimstaden","isPartOf":{"@id":"https:\/\/heimstaden.com\/se\/#website"},"primaryImageOfPage":{"@id":"https:\/\/heimstaden.com\/se\/lediga-lagenheter-gavle\/#primaryimage"},"image":{"@id":"https:\/\/heimstaden.com\/se\/lediga-lagenheter-gavle\/#primaryimage"},"thumbnailUrl":"https:\/\/heimstaden.com\/app\/uploads\/2025\/01\/lagenheter-i-gavle.jpg","datePublished":"2026-01-23T08:38:06+00:00","dateModified":"2026-01-23T08:38:17+00:00","description":"Hyra l\u00e4genhet i G\u00e4vle! Vi p\u00e5 Heimstaden erbjuder f\u00f6rstahandskontrakt, 1-4 RoK. Hitta ledig bostad i G\u00e4vle redan idag!","breadcrumb":{"@id":"https:\/\/heimstaden.com\/se\/lediga-lagenheter-gavle\/#breadcrumb"},"inLanguage":"sv-SE","potentialAction":[{"@type":"ReadAction","target":["https:\/\/heimstaden.com\/se\/lediga-lagenheter-gavle\/"]}]},{"@type":"ImageObject","inLanguage":"sv-SE","@id":"https:\/\/heimstaden.com\/se\/lediga-lagenheter-gavle\/#primaryimage","url":"https:\/\/heimstaden.com\/app\/uploads\/2025\/01\/lagenheter-i-gavle.jpg","contentUrl":"https:\/\/heimstaden.com\/app\/uploads\/2025\/01\/lagenheter-i-gavle.jpg","width":1920,"height":900,"caption":"En bostadshus i brunt tegel i centrala G\u00e4vle."},{"@type":"BreadcrumbList","@id":"https:\/\/heimstaden.com\/se\/lediga-lagenheter-gavle\/#breadcrumb","itemListElement":[{"@type":"ListItem","position":1,"name":"Home","item":"https:\/\/heimstaden.com\/se\/"},{"@type":"ListItem","position":2,"name":"Lediga l\u00e4genheter G\u00e4vle"}]},{"@type":"WebSite","@id":"https:\/\/heimstaden.com\/se\/#website","url":"https:\/\/heimstaden.com\/se\/","name":"Heimstaden","description":"Boende med omtanke. S\u00f6k lediga l\u00e4genheter","publisher":{"@id":"https:\/\/heimstaden.com\/se\/#organization"},"potentialAction":[{"@type":"SearchAction","target":{"@type":"EntryPoint","urlTemplate":"https:\/\/heimstaden.com\/se\/?s={search_term_string}"},"query-input":{"@type":"PropertyValueSpecification","valueRequired":true,"valueName":"search_term_string"}}],"inLanguage":"sv-SE"},{"@type":"Organization","@id":"https:\/\/heimstaden.com\/se\/#organization","name":"Heimstaden Fastigheter AB","url":"https:\/\/heimstaden.com\/se\/","logo":{"@type":"ImageObject","inLanguage":"sv-SE","@id":"https:\/\/heimstaden.com\/se\/#\/schema\/logo\/image\/","url":"https:\/\/heimstaden.com\/app\/uploads\/2018\/01\/Heimstaden_logo.png","contentUrl":"https:\/\/heimstaden.com\/app\/uploads\/2018\/01\/Heimstaden_logo.png","width":1476,"height":214,"caption":"Heimstaden Fastigheter AB"},"image":{"@id":"https:\/\/heimstaden.com\/se\/#\/schema\/logo\/image\/"},"sameAs":["https:\/\/www.facebook.com\/heimstadensverige","https:\/\/www.instagram.com\/heimstaden_sverige\/","https:\/\/www.linkedin.com\/company\/15203568\/","https:\/\/www.youtube.com\/channel\/UC7-UFyELvIZeLaG1Z9N14ZQ","https:\/\/sv.wikipedia.org\/wiki\/Heimstaden"]}]}},"_links":{"self":[{"href":"https:\/\/heimstaden.com\/se\/wp-json\/wp\/v2\/pages\/32047","targetHints":{"allow":["GET"]}}],"collection":[{"href":"https:\/\/heimstaden.com\/se\/wp-json\/wp\/v2\/pages"}],"about":[{"href":"https:\/\/heimstaden.com\/se\/wp-json\/wp\/v2\/types\/page"}],"author":[{"embeddable":true,"href":"https:\/\/heimstaden.com\/se\/wp-json\/wp\/v2\/users\/38"}],"replies":[{"embeddable":true,"href":"https:\/\/heimstaden.com\/se\/wp-json\/wp\/v2\/comments?post=32047"}],"version-history":[{"count":11,"href":"https:\/\/heimstaden.com\/se\/wp-json\/wp\/v2\/pages\/32047\/revisions"}],"predecessor-version":[{"id":46224,"href":"https:\/\/heimstaden.com\/se\/wp-json\/wp\/v2\/pages\/32047\/revisions\/46224"}],"wp:featuredmedia":[{"embeddable":true,"href":"https:\/\/heimstaden.com\/se\/wp-json\/wp\/v2\/media\/42517"}],"wp:attachment":[{"href":"https:\/\/heimstaden.com\/se\/wp-json\/wp\/v2\/media?parent=32047"}],"curies":[{"name":"wp","href":"https:\/\/api.w.org\/{rel}","templated":true}]}}