{"id":31851,"date":"2022-09-22T13:13:44","date_gmt":"2022-09-22T11:13:44","guid":{"rendered":"https:\/\/heimstaden.com\/se\/?page_id=31851"},"modified":"2025-11-19T08:30:03","modified_gmt":"2025-11-19T07:30:03","slug":"stadinstruktioner","status":"publish","type":"page","link":"https:\/\/heimstaden.com\/se\/stadinstruktioner\/","title":{"rendered":"Sk\u00f6tselr\u00e5d &#8211; st\u00e4dinstruktioner"},"content":{"rendered":"","protected":false},"excerpt":{"rendered":"","protected":false},"author":38,"featured_media":31858,"parent":0,"menu_order":0,"comment_status":"closed","ping_status":"closed","template":"","meta":{"_acf_changed":false,"_relevanssi_hide_post":"","_relevanssi_hide_content":"","_relevanssi_pin_for_all":"","_relevanssi_pin_keywords":"","_relevanssi_unpin_keywords":"","_relevanssi_related_keywords":"","_relevanssi_related_include_ids":"","_relevanssi_related_exclude_ids":"","_relevanssi_related_no_append":"","_relevanssi_related_not_related":"","_relevanssi_related_posts":"","_relevanssi_noindex_reason":"","footnotes":""},"class_list":["post-31851","page","type-page","status-publish","has-post-thumbnail","hentry"],"acf":[],"yoast_head":"<!-- This site is optimized with the Yoast SEO plugin v26.3 - https:\/\/yoast.com\/wordpress\/plugins\/seo\/ -->\n<title>S\u00e5 h\u00e4r st\u00e4dar du ditt hem - Tips &amp; r\u00e5d - Heimstaden<\/title>\n<meta name=\"description\" content=\"Att vi har det rent och st\u00e4dat i v\u00e5rt hem \u00e4r viktigt f\u00f6r v\u00e5r h\u00e4lsa och trivsel. H\u00e4r hittar du tips och r\u00e5d p\u00e5 hur du st\u00e4dar ditt hem.\" \/>\n<meta name=\"robots\" content=\"index, follow, max-snippet:-1, max-image-preview:large, max-video-preview:-1\" \/>\n<link rel=\"canonical\" href=\"https:\/\/heimstaden.com\/se\/stadinstruktioner\/\" \/>\n<meta property=\"og:locale\" content=\"sv_SE\" \/>\n<meta property=\"og:type\" content=\"article\" \/>\n<meta property=\"og:title\" content=\"S\u00e5 h\u00e4r st\u00e4dar du ditt hem - Tips &amp; r\u00e5d - Heimstaden\" \/>\n<meta property=\"og:description\" content=\"Att vi har det rent och st\u00e4dat i v\u00e5rt hem \u00e4r viktigt f\u00f6r v\u00e5r h\u00e4lsa och trivsel. H\u00e4r hittar du tips och r\u00e5d p\u00e5 hur du st\u00e4dar ditt hem.\" \/>\n<meta property=\"og:url\" content=\"https:\/\/heimstaden.com\/se\/stadinstruktioner\/\" \/>\n<meta property=\"og:site_name\" content=\"Heimstaden\" \/>\n<meta property=\"article:publisher\" content=\"https:\/\/www.facebook.com\/heimstadensverige\" \/>\n<meta property=\"article:modified_time\" content=\"2025-11-19T07:30:03+00:00\" \/>\n<meta property=\"og:image\" content=\"https:\/\/heimstaden.com\/app\/uploads\/2022\/09\/skotselrad.jpg\" \/>\n\t<meta property=\"og:image:width\" content=\"2362\" \/>\n\t<meta property=\"og:image:height\" content=\"1181\" \/>\n\t<meta property=\"og:image:type\" content=\"image\/jpeg\" \/>\n<meta name=\"twitter:card\" content=\"summary_large_image\" \/>\n<script type=\"application\/ld+json\" class=\"yoast-schema-graph\">{\"@context\":\"https:\/\/schema.org\",\"@graph\":[{\"@type\":\"WebPage\",\"@id\":\"https:\/\/heimstaden.com\/se\/stadinstruktioner\/\",\"url\":\"https:\/\/heimstaden.com\/se\/stadinstruktioner\/\",\"name\":\"S\u00e5 h\u00e4r st\u00e4dar du ditt hem - Tips & r\u00e5d - Heimstaden\",\"isPartOf\":{\"@id\":\"https:\/\/heimstaden.com\/se\/#website\"},\"primaryImageOfPage\":{\"@id\":\"https:\/\/heimstaden.com\/se\/stadinstruktioner\/#primaryimage\"},\"image\":{\"@id\":\"https:\/\/heimstaden.com\/se\/stadinstruktioner\/#primaryimage\"},\"thumbnailUrl\":\"https:\/\/heimstaden.com\/app\/uploads\/2022\/09\/skotselrad.jpg\",\"datePublished\":\"2022-09-22T11:13:44+00:00\",\"dateModified\":\"2025-11-19T07:30:03+00:00\",\"description\":\"Att vi har det rent och st\u00e4dat i v\u00e5rt hem \u00e4r viktigt f\u00f6r v\u00e5r h\u00e4lsa och trivsel. H\u00e4r hittar du tips och r\u00e5d p\u00e5 hur du st\u00e4dar ditt hem.\",\"breadcrumb\":{\"@id\":\"https:\/\/heimstaden.com\/se\/stadinstruktioner\/#breadcrumb\"},\"inLanguage\":\"sv-SE\",\"potentialAction\":[{\"@type\":\"ReadAction\",\"target\":[\"https:\/\/heimstaden.com\/se\/stadinstruktioner\/\"]}]},{\"@type\":\"ImageObject\",\"inLanguage\":\"sv-SE\",\"@id\":\"https:\/\/heimstaden.com\/se\/stadinstruktioner\/#primaryimage\",\"url\":\"https:\/\/heimstaden.com\/app\/uploads\/2022\/09\/skotselrad.jpg\",\"contentUrl\":\"https:\/\/heimstaden.com\/app\/uploads\/2022\/09\/skotselrad.jpg\",\"width\":2362,\"height\":1181,\"caption\":\"En gr\u00f6n mopp med en orange mopptrasa p\u00e5 torkar ett brunt tr\u00e4golv.\"},{\"@type\":\"BreadcrumbList\",\"@id\":\"https:\/\/heimstaden.com\/se\/stadinstruktioner\/#breadcrumb\",\"itemListElement\":[{\"@type\":\"ListItem\",\"position\":1,\"name\":\"Home\",\"item\":\"https:\/\/heimstaden.com\/se\/\"},{\"@type\":\"ListItem\",\"position\":2,\"name\":\"Sk\u00f6tselr\u00e5d &#8211; st\u00e4dinstruktioner\"}]},{\"@type\":\"WebSite\",\"@id\":\"https:\/\/heimstaden.com\/se\/#website\",\"url\":\"https:\/\/heimstaden.com\/se\/\",\"name\":\"Heimstaden\",\"description\":\"Boende med omtanke. S\u00f6k lediga l\u00e4genheter\",\"publisher\":{\"@id\":\"https:\/\/heimstaden.com\/se\/#organization\"},\"potentialAction\":[{\"@type\":\"SearchAction\",\"target\":{\"@type\":\"EntryPoint\",\"urlTemplate\":\"https:\/\/heimstaden.com\/se\/?s={search_term_string}\"},\"query-input\":{\"@type\":\"PropertyValueSpecification\",\"valueRequired\":true,\"valueName\":\"search_term_string\"}}],\"inLanguage\":\"sv-SE\"},{\"@type\":\"Organization\",\"@id\":\"https:\/\/heimstaden.com\/se\/#organization\",\"name\":\"Heimstaden Fastigheter AB\",\"url\":\"https:\/\/heimstaden.com\/se\/\",\"logo\":{\"@type\":\"ImageObject\",\"inLanguage\":\"sv-SE\",\"@id\":\"https:\/\/heimstaden.com\/se\/#\/schema\/logo\/image\/\",\"url\":\"https:\/\/heimstaden.com\/app\/uploads\/2018\/01\/Heimstaden_logo.png\",\"contentUrl\":\"https:\/\/heimstaden.com\/app\/uploads\/2018\/01\/Heimstaden_logo.png\",\"width\":1476,\"height\":214,\"caption\":\"Heimstaden Fastigheter AB\"},\"image\":{\"@id\":\"https:\/\/heimstaden.com\/se\/#\/schema\/logo\/image\/\"},\"sameAs\":[\"https:\/\/www.facebook.com\/heimstadensverige\",\"https:\/\/www.instagram.com\/heimstaden_sverige\/\",\"https:\/\/www.linkedin.com\/company\/15203568\/\",\"https:\/\/www.youtube.com\/channel\/UC7-UFyELvIZeLaG1Z9N14ZQ\",\"https:\/\/sv.wikipedia.org\/wiki\/Heimstaden\"]}]}<\/script>\n<!-- \/ Yoast SEO plugin. -->","yoast_head_json":{"title":"S\u00e5 h\u00e4r st\u00e4dar du ditt hem - Tips & r\u00e5d - Heimstaden","description":"Att vi har det rent och st\u00e4dat i v\u00e5rt hem \u00e4r viktigt f\u00f6r v\u00e5r h\u00e4lsa och trivsel. H\u00e4r hittar du tips och r\u00e5d p\u00e5 hur du st\u00e4dar ditt hem.","robots":{"index":"index","follow":"follow","max-snippet":"max-snippet:-1","max-image-preview":"max-image-preview:large","max-video-preview":"max-video-preview:-1"},"canonical":"https:\/\/heimstaden.com\/se\/stadinstruktioner\/","og_locale":"sv_SE","og_type":"article","og_title":"S\u00e5 h\u00e4r st\u00e4dar du ditt hem - Tips & r\u00e5d - Heimstaden","og_description":"Att vi har det rent och st\u00e4dat i v\u00e5rt hem \u00e4r viktigt f\u00f6r v\u00e5r h\u00e4lsa och trivsel. H\u00e4r hittar du tips och r\u00e5d p\u00e5 hur du st\u00e4dar ditt hem.","og_url":"https:\/\/heimstaden.com\/se\/stadinstruktioner\/","og_site_name":"Heimstaden","article_publisher":"https:\/\/www.facebook.com\/heimstadensverige","article_modified_time":"2025-11-19T07:30:03+00:00","og_image":[{"width":2362,"height":1181,"url":"https:\/\/heimstaden.com\/app\/uploads\/2022\/09\/skotselrad.jpg","type":"image\/jpeg"}],"twitter_card":"summary_large_image","schema":{"@context":"https:\/\/schema.org","@graph":[{"@type":"WebPage","@id":"https:\/\/heimstaden.com\/se\/stadinstruktioner\/","url":"https:\/\/heimstaden.com\/se\/stadinstruktioner\/","name":"S\u00e5 h\u00e4r st\u00e4dar du ditt hem - Tips & r\u00e5d - Heimstaden","isPartOf":{"@id":"https:\/\/heimstaden.com\/se\/#website"},"primaryImageOfPage":{"@id":"https:\/\/heimstaden.com\/se\/stadinstruktioner\/#primaryimage"},"image":{"@id":"https:\/\/heimstaden.com\/se\/stadinstruktioner\/#primaryimage"},"thumbnailUrl":"https:\/\/heimstaden.com\/app\/uploads\/2022\/09\/skotselrad.jpg","datePublished":"2022-09-22T11:13:44+00:00","dateModified":"2025-11-19T07:30:03+00:00","description":"Att vi har det rent och st\u00e4dat i v\u00e5rt hem \u00e4r viktigt f\u00f6r v\u00e5r h\u00e4lsa och trivsel. H\u00e4r hittar du tips och r\u00e5d p\u00e5 hur du st\u00e4dar ditt hem.","breadcrumb":{"@id":"https:\/\/heimstaden.com\/se\/stadinstruktioner\/#breadcrumb"},"inLanguage":"sv-SE","potentialAction":[{"@type":"ReadAction","target":["https:\/\/heimstaden.com\/se\/stadinstruktioner\/"]}]},{"@type":"ImageObject","inLanguage":"sv-SE","@id":"https:\/\/heimstaden.com\/se\/stadinstruktioner\/#primaryimage","url":"https:\/\/heimstaden.com\/app\/uploads\/2022\/09\/skotselrad.jpg","contentUrl":"https:\/\/heimstaden.com\/app\/uploads\/2022\/09\/skotselrad.jpg","width":2362,"height":1181,"caption":"En gr\u00f6n mopp med en orange mopptrasa p\u00e5 torkar ett brunt tr\u00e4golv."},{"@type":"BreadcrumbList","@id":"https:\/\/heimstaden.com\/se\/stadinstruktioner\/#breadcrumb","itemListElement":[{"@type":"ListItem","position":1,"name":"Home","item":"https:\/\/heimstaden.com\/se\/"},{"@type":"ListItem","position":2,"name":"Sk\u00f6tselr\u00e5d &#8211; st\u00e4dinstruktioner"}]},{"@type":"WebSite","@id":"https:\/\/heimstaden.com\/se\/#website","url":"https:\/\/heimstaden.com\/se\/","name":"Heimstaden","description":"Boende med omtanke. S\u00f6k lediga l\u00e4genheter","publisher":{"@id":"https:\/\/heimstaden.com\/se\/#organization"},"potentialAction":[{"@type":"SearchAction","target":{"@type":"EntryPoint","urlTemplate":"https:\/\/heimstaden.com\/se\/?s={search_term_string}"},"query-input":{"@type":"PropertyValueSpecification","valueRequired":true,"valueName":"search_term_string"}}],"inLanguage":"sv-SE"},{"@type":"Organization","@id":"https:\/\/heimstaden.com\/se\/#organization","name":"Heimstaden Fastigheter AB","url":"https:\/\/heimstaden.com\/se\/","logo":{"@type":"ImageObject","inLanguage":"sv-SE","@id":"https:\/\/heimstaden.com\/se\/#\/schema\/logo\/image\/","url":"https:\/\/heimstaden.com\/app\/uploads\/2018\/01\/Heimstaden_logo.png","contentUrl":"https:\/\/heimstaden.com\/app\/uploads\/2018\/01\/Heimstaden_logo.png","width":1476,"height":214,"caption":"Heimstaden Fastigheter AB"},"image":{"@id":"https:\/\/heimstaden.com\/se\/#\/schema\/logo\/image\/"},"sameAs":["https:\/\/www.facebook.com\/heimstadensverige","https:\/\/www.instagram.com\/heimstaden_sverige\/","https:\/\/www.linkedin.com\/company\/15203568\/","https:\/\/www.youtube.com\/channel\/UC7-UFyELvIZeLaG1Z9N14ZQ","https:\/\/sv.wikipedia.org\/wiki\/Heimstaden"]}]}},"_links":{"self":[{"href":"https:\/\/heimstaden.com\/se\/wp-json\/wp\/v2\/pages\/31851","targetHints":{"allow":["GET"]}}],"collection":[{"href":"https:\/\/heimstaden.com\/se\/wp-json\/wp\/v2\/pages"}],"about":[{"href":"https:\/\/heimstaden.com\/se\/wp-json\/wp\/v2\/types\/page"}],"author":[{"embeddable":true,"href":"https:\/\/heimstaden.com\/se\/wp-json\/wp\/v2\/users\/38"}],"replies":[{"embeddable":true,"href":"https:\/\/heimstaden.com\/se\/wp-json\/wp\/v2\/comments?post=31851"}],"version-history":[{"count":10,"href":"https:\/\/heimstaden.com\/se\/wp-json\/wp\/v2\/pages\/31851\/revisions"}],"predecessor-version":[{"id":45610,"href":"https:\/\/heimstaden.com\/se\/wp-json\/wp\/v2\/pages\/31851\/revisions\/45610"}],"wp:featuredmedia":[{"embeddable":true,"href":"https:\/\/heimstaden.com\/se\/wp-json\/wp\/v2\/media\/31858"}],"wp:attachment":[{"href":"https:\/\/heimstaden.com\/se\/wp-json\/wp\/v2\/media?parent=31851"}],"curies":[{"name":"wp","href":"https:\/\/api.w.org\/{rel}","templated":true}]}}