{"id":25082,"date":"2022-01-19T10:53:47","date_gmt":"2022-01-19T09:53:47","guid":{"rendered":"https:\/\/heimstaden.com\/se\/?page_id=25082"},"modified":"2025-10-01T07:34:11","modified_gmt":"2025-10-01T05:34:11","slug":"kundundersokning","status":"publish","type":"page","link":"https:\/\/heimstaden.com\/se\/kundundersokning\/","title":{"rendered":"Kundunders\u00f6kning"},"content":{"rendered":"","protected":false},"excerpt":{"rendered":"","protected":false},"author":38,"featured_media":44694,"parent":0,"menu_order":0,"comment_status":"closed","ping_status":"closed","template":"","meta":{"_acf_changed":false,"_relevanssi_hide_post":"","_relevanssi_hide_content":"","_relevanssi_pin_for_all":"","_relevanssi_pin_keywords":"","_relevanssi_unpin_keywords":"","_relevanssi_related_keywords":"","_relevanssi_related_include_ids":"","_relevanssi_related_exclude_ids":"","_relevanssi_related_no_append":"","_relevanssi_related_not_related":"","_relevanssi_related_posts":"","_relevanssi_noindex_reason":"","footnotes":""},"class_list":["post-25082","page","type-page","status-publish","has-post-thumbnail","hentry"],"acf":[],"yoast_head":"<!-- This site is optimized with the Yoast SEO plugin v26.3 - https:\/\/yoast.com\/wordpress\/plugins\/seo\/ -->\n<title>Kundunders\u00f6kning 2025 \u2013 Din \u00e5sikt \u00e4r viktig f\u00f6r oss - Heimstaden<\/title>\n<meta name=\"description\" content=\"Vi vill g\u00e4rna veta hur du tycker det \u00e4r att bo hos oss, s\u00e5 att vi kan bli en s\u00e5 bra hyresv\u00e4rd som m\u00f6jligt.\" \/>\n<meta name=\"robots\" content=\"index, follow, max-snippet:-1, max-image-preview:large, max-video-preview:-1\" \/>\n<link rel=\"canonical\" href=\"https:\/\/heimstaden.com\/se\/kundundersokning\/\" \/>\n<meta property=\"og:locale\" content=\"sv_SE\" \/>\n<meta property=\"og:type\" content=\"article\" \/>\n<meta property=\"og:title\" content=\"Kundunders\u00f6kning 2025 \u2013 Din \u00e5sikt \u00e4r viktig f\u00f6r oss - Heimstaden\" \/>\n<meta property=\"og:description\" content=\"Vi vill g\u00e4rna veta hur du tycker det \u00e4r att bo hos oss, s\u00e5 att vi kan bli en s\u00e5 bra hyresv\u00e4rd som m\u00f6jligt.\" \/>\n<meta property=\"og:url\" content=\"https:\/\/heimstaden.com\/se\/kundundersokning\/\" \/>\n<meta property=\"og:site_name\" content=\"Heimstaden\" \/>\n<meta property=\"article:publisher\" content=\"https:\/\/www.facebook.com\/heimstadensverige\" \/>\n<meta property=\"article:modified_time\" content=\"2025-10-01T05:34:11+00:00\" \/>\n<meta property=\"og:image\" content=\"https:\/\/heimstaden.com\/app\/uploads\/2025\/08\/kundundersokning2025.jpg\" \/>\n\t<meta property=\"og:image:width\" content=\"1600\" \/>\n\t<meta property=\"og:image:height\" content=\"800\" \/>\n\t<meta property=\"og:image:type\" content=\"image\/jpeg\" \/>\n<meta name=\"twitter:card\" content=\"summary_large_image\" \/>\n<script type=\"application\/ld+json\" class=\"yoast-schema-graph\">{\"@context\":\"https:\/\/schema.org\",\"@graph\":[{\"@type\":\"WebPage\",\"@id\":\"https:\/\/heimstaden.com\/se\/kundundersokning\/\",\"url\":\"https:\/\/heimstaden.com\/se\/kundundersokning\/\",\"name\":\"Kundunders\u00f6kning 2025 \u2013 Din \u00e5sikt \u00e4r viktig f\u00f6r oss - Heimstaden\",\"isPartOf\":{\"@id\":\"https:\/\/heimstaden.com\/se\/#website\"},\"primaryImageOfPage\":{\"@id\":\"https:\/\/heimstaden.com\/se\/kundundersokning\/#primaryimage\"},\"image\":{\"@id\":\"https:\/\/heimstaden.com\/se\/kundundersokning\/#primaryimage\"},\"thumbnailUrl\":\"https:\/\/heimstaden.com\/app\/uploads\/2025\/08\/kundundersokning2025.jpg\",\"datePublished\":\"2022-01-19T09:53:47+00:00\",\"dateModified\":\"2025-10-01T05:34:11+00:00\",\"description\":\"Vi vill g\u00e4rna veta hur du tycker det \u00e4r att bo hos oss, s\u00e5 att vi kan bli en s\u00e5 bra hyresv\u00e4rd som m\u00f6jligt.\",\"breadcrumb\":{\"@id\":\"https:\/\/heimstaden.com\/se\/kundundersokning\/#breadcrumb\"},\"inLanguage\":\"sv-SE\",\"potentialAction\":[{\"@type\":\"ReadAction\",\"target\":[\"https:\/\/heimstaden.com\/se\/kundundersokning\/\"]}]},{\"@type\":\"ImageObject\",\"inLanguage\":\"sv-SE\",\"@id\":\"https:\/\/heimstaden.com\/se\/kundundersokning\/#primaryimage\",\"url\":\"https:\/\/heimstaden.com\/app\/uploads\/2025\/08\/kundundersokning2025.jpg\",\"contentUrl\":\"https:\/\/heimstaden.com\/app\/uploads\/2025\/08\/kundundersokning2025.jpg\",\"width\":1600,\"height\":800,\"caption\":\"En hyresg\u00e4st hos Heimstaden och en fastighetssk\u00f6tare h\u00e4lsar p\u00e5 varandra p\u00e5 en innerg\u00e5rd.\"},{\"@type\":\"BreadcrumbList\",\"@id\":\"https:\/\/heimstaden.com\/se\/kundundersokning\/#breadcrumb\",\"itemListElement\":[{\"@type\":\"ListItem\",\"position\":1,\"name\":\"Home\",\"item\":\"https:\/\/heimstaden.com\/se\/\"},{\"@type\":\"ListItem\",\"position\":2,\"name\":\"Kundunders\u00f6kning\"}]},{\"@type\":\"WebSite\",\"@id\":\"https:\/\/heimstaden.com\/se\/#website\",\"url\":\"https:\/\/heimstaden.com\/se\/\",\"name\":\"Heimstaden\",\"description\":\"Boende med omtanke. S\u00f6k lediga l\u00e4genheter\",\"publisher\":{\"@id\":\"https:\/\/heimstaden.com\/se\/#organization\"},\"potentialAction\":[{\"@type\":\"SearchAction\",\"target\":{\"@type\":\"EntryPoint\",\"urlTemplate\":\"https:\/\/heimstaden.com\/se\/?s={search_term_string}\"},\"query-input\":{\"@type\":\"PropertyValueSpecification\",\"valueRequired\":true,\"valueName\":\"search_term_string\"}}],\"inLanguage\":\"sv-SE\"},{\"@type\":\"Organization\",\"@id\":\"https:\/\/heimstaden.com\/se\/#organization\",\"name\":\"Heimstaden Fastigheter AB\",\"url\":\"https:\/\/heimstaden.com\/se\/\",\"logo\":{\"@type\":\"ImageObject\",\"inLanguage\":\"sv-SE\",\"@id\":\"https:\/\/heimstaden.com\/se\/#\/schema\/logo\/image\/\",\"url\":\"https:\/\/heimstaden.com\/app\/uploads\/2018\/01\/Heimstaden_logo.png\",\"contentUrl\":\"https:\/\/heimstaden.com\/app\/uploads\/2018\/01\/Heimstaden_logo.png\",\"width\":1476,\"height\":214,\"caption\":\"Heimstaden Fastigheter AB\"},\"image\":{\"@id\":\"https:\/\/heimstaden.com\/se\/#\/schema\/logo\/image\/\"},\"sameAs\":[\"https:\/\/www.facebook.com\/heimstadensverige\",\"https:\/\/www.instagram.com\/heimstaden_sverige\/\",\"https:\/\/www.linkedin.com\/company\/15203568\/\",\"https:\/\/www.youtube.com\/channel\/UC7-UFyELvIZeLaG1Z9N14ZQ\",\"https:\/\/sv.wikipedia.org\/wiki\/Heimstaden\"]}]}<\/script>\n<!-- \/ Yoast SEO plugin. -->","yoast_head_json":{"title":"Kundunders\u00f6kning 2025 \u2013 Din \u00e5sikt \u00e4r viktig f\u00f6r oss - Heimstaden","description":"Vi vill g\u00e4rna veta hur du tycker det \u00e4r att bo hos oss, s\u00e5 att vi kan bli en s\u00e5 bra hyresv\u00e4rd som m\u00f6jligt.","robots":{"index":"index","follow":"follow","max-snippet":"max-snippet:-1","max-image-preview":"max-image-preview:large","max-video-preview":"max-video-preview:-1"},"canonical":"https:\/\/heimstaden.com\/se\/kundundersokning\/","og_locale":"sv_SE","og_type":"article","og_title":"Kundunders\u00f6kning 2025 \u2013 Din \u00e5sikt \u00e4r viktig f\u00f6r oss - Heimstaden","og_description":"Vi vill g\u00e4rna veta hur du tycker det \u00e4r att bo hos oss, s\u00e5 att vi kan bli en s\u00e5 bra hyresv\u00e4rd som m\u00f6jligt.","og_url":"https:\/\/heimstaden.com\/se\/kundundersokning\/","og_site_name":"Heimstaden","article_publisher":"https:\/\/www.facebook.com\/heimstadensverige","article_modified_time":"2025-10-01T05:34:11+00:00","og_image":[{"width":1600,"height":800,"url":"https:\/\/heimstaden.com\/app\/uploads\/2025\/08\/kundundersokning2025.jpg","type":"image\/jpeg"}],"twitter_card":"summary_large_image","schema":{"@context":"https:\/\/schema.org","@graph":[{"@type":"WebPage","@id":"https:\/\/heimstaden.com\/se\/kundundersokning\/","url":"https:\/\/heimstaden.com\/se\/kundundersokning\/","name":"Kundunders\u00f6kning 2025 \u2013 Din \u00e5sikt \u00e4r viktig f\u00f6r oss - Heimstaden","isPartOf":{"@id":"https:\/\/heimstaden.com\/se\/#website"},"primaryImageOfPage":{"@id":"https:\/\/heimstaden.com\/se\/kundundersokning\/#primaryimage"},"image":{"@id":"https:\/\/heimstaden.com\/se\/kundundersokning\/#primaryimage"},"thumbnailUrl":"https:\/\/heimstaden.com\/app\/uploads\/2025\/08\/kundundersokning2025.jpg","datePublished":"2022-01-19T09:53:47+00:00","dateModified":"2025-10-01T05:34:11+00:00","description":"Vi vill g\u00e4rna veta hur du tycker det \u00e4r att bo hos oss, s\u00e5 att vi kan bli en s\u00e5 bra hyresv\u00e4rd som m\u00f6jligt.","breadcrumb":{"@id":"https:\/\/heimstaden.com\/se\/kundundersokning\/#breadcrumb"},"inLanguage":"sv-SE","potentialAction":[{"@type":"ReadAction","target":["https:\/\/heimstaden.com\/se\/kundundersokning\/"]}]},{"@type":"ImageObject","inLanguage":"sv-SE","@id":"https:\/\/heimstaden.com\/se\/kundundersokning\/#primaryimage","url":"https:\/\/heimstaden.com\/app\/uploads\/2025\/08\/kundundersokning2025.jpg","contentUrl":"https:\/\/heimstaden.com\/app\/uploads\/2025\/08\/kundundersokning2025.jpg","width":1600,"height":800,"caption":"En hyresg\u00e4st hos Heimstaden och en fastighetssk\u00f6tare h\u00e4lsar p\u00e5 varandra p\u00e5 en innerg\u00e5rd."},{"@type":"BreadcrumbList","@id":"https:\/\/heimstaden.com\/se\/kundundersokning\/#breadcrumb","itemListElement":[{"@type":"ListItem","position":1,"name":"Home","item":"https:\/\/heimstaden.com\/se\/"},{"@type":"ListItem","position":2,"name":"Kundunders\u00f6kning"}]},{"@type":"WebSite","@id":"https:\/\/heimstaden.com\/se\/#website","url":"https:\/\/heimstaden.com\/se\/","name":"Heimstaden","description":"Boende med omtanke. S\u00f6k lediga l\u00e4genheter","publisher":{"@id":"https:\/\/heimstaden.com\/se\/#organization"},"potentialAction":[{"@type":"SearchAction","target":{"@type":"EntryPoint","urlTemplate":"https:\/\/heimstaden.com\/se\/?s={search_term_string}"},"query-input":{"@type":"PropertyValueSpecification","valueRequired":true,"valueName":"search_term_string"}}],"inLanguage":"sv-SE"},{"@type":"Organization","@id":"https:\/\/heimstaden.com\/se\/#organization","name":"Heimstaden Fastigheter AB","url":"https:\/\/heimstaden.com\/se\/","logo":{"@type":"ImageObject","inLanguage":"sv-SE","@id":"https:\/\/heimstaden.com\/se\/#\/schema\/logo\/image\/","url":"https:\/\/heimstaden.com\/app\/uploads\/2018\/01\/Heimstaden_logo.png","contentUrl":"https:\/\/heimstaden.com\/app\/uploads\/2018\/01\/Heimstaden_logo.png","width":1476,"height":214,"caption":"Heimstaden Fastigheter AB"},"image":{"@id":"https:\/\/heimstaden.com\/se\/#\/schema\/logo\/image\/"},"sameAs":["https:\/\/www.facebook.com\/heimstadensverige","https:\/\/www.instagram.com\/heimstaden_sverige\/","https:\/\/www.linkedin.com\/company\/15203568\/","https:\/\/www.youtube.com\/channel\/UC7-UFyELvIZeLaG1Z9N14ZQ","https:\/\/sv.wikipedia.org\/wiki\/Heimstaden"]}]}},"_links":{"self":[{"href":"https:\/\/heimstaden.com\/se\/wp-json\/wp\/v2\/pages\/25082","targetHints":{"allow":["GET"]}}],"collection":[{"href":"https:\/\/heimstaden.com\/se\/wp-json\/wp\/v2\/pages"}],"about":[{"href":"https:\/\/heimstaden.com\/se\/wp-json\/wp\/v2\/types\/page"}],"author":[{"embeddable":true,"href":"https:\/\/heimstaden.com\/se\/wp-json\/wp\/v2\/users\/38"}],"replies":[{"embeddable":true,"href":"https:\/\/heimstaden.com\/se\/wp-json\/wp\/v2\/comments?post=25082"}],"version-history":[{"count":10,"href":"https:\/\/heimstaden.com\/se\/wp-json\/wp\/v2\/pages\/25082\/revisions"}],"predecessor-version":[{"id":45033,"href":"https:\/\/heimstaden.com\/se\/wp-json\/wp\/v2\/pages\/25082\/revisions\/45033"}],"wp:featuredmedia":[{"embeddable":true,"href":"https:\/\/heimstaden.com\/se\/wp-json\/wp\/v2\/media\/44694"}],"wp:attachment":[{"href":"https:\/\/heimstaden.com\/se\/wp-json\/wp\/v2\/media?parent=25082"}],"curies":[{"name":"wp","href":"https:\/\/api.w.org\/{rel}","templated":true}]}}