{"id":23129,"date":"2021-12-07T12:26:19","date_gmt":"2021-12-07T11:26:19","guid":{"rendered":"https:\/\/heimstaden.com\/se\/?page_id=23129"},"modified":"2025-09-30T14:47:41","modified_gmt":"2025-09-30T12:47:41","slug":"kundforum","status":"publish","type":"page","link":"https:\/\/heimstaden.com\/se\/kundservice\/kundforum\/","title":{"rendered":"Heimstadens Kundforum"},"content":{"rendered":"","protected":false},"excerpt":{"rendered":"","protected":false},"author":47,"featured_media":45023,"parent":1565,"menu_order":0,"comment_status":"closed","ping_status":"closed","template":"views\/template-kundo.blade.php","meta":{"_acf_changed":false,"_relevanssi_hide_post":"","_relevanssi_hide_content":"","_relevanssi_pin_for_all":"","_relevanssi_pin_keywords":"","_relevanssi_unpin_keywords":"","_relevanssi_related_keywords":"","_relevanssi_related_include_ids":"","_relevanssi_related_exclude_ids":"","_relevanssi_related_no_append":"","_relevanssi_related_not_related":"","_relevanssi_related_posts":"","_relevanssi_noindex_reason":"","footnotes":""},"class_list":["post-23129","page","type-page","status-publish","has-post-thumbnail","hentry"],"acf":[],"yoast_head":"<!-- This site is optimized with the Yoast SEO plugin v26.3 - https:\/\/yoast.com\/wordpress\/plugins\/seo\/ -->\n<title>Heimstadens Kundforum - Heimstaden<\/title>\n<meta name=\"description\" content=\"V\u00e4lkommen till Heimstadens kund- och supportforum! H\u00e4r kan du s\u00f6ka eller f\u00e5 svar p\u00e5 dina fr\u00e5gor till oss!\" \/>\n<meta name=\"robots\" content=\"index, follow, max-snippet:-1, max-image-preview:large, max-video-preview:-1\" \/>\n<link rel=\"canonical\" href=\"https:\/\/heimstaden.com\/se\/kundservice\/kundforum\/\" \/>\n<meta property=\"og:locale\" content=\"sv_SE\" \/>\n<meta property=\"og:type\" content=\"article\" \/>\n<meta property=\"og:title\" content=\"Heimstadens Kundforum - Heimstaden\" \/>\n<meta property=\"og:description\" content=\"V\u00e4lkommen till Heimstadens kund- och supportforum! H\u00e4r kan du s\u00f6ka eller f\u00e5 svar p\u00e5 dina fr\u00e5gor till oss!\" \/>\n<meta property=\"og:url\" content=\"https:\/\/heimstaden.com\/se\/kundservice\/kundforum\/\" \/>\n<meta property=\"og:site_name\" content=\"Heimstaden\" \/>\n<meta property=\"article:publisher\" content=\"https:\/\/www.facebook.com\/heimstadensverige\" \/>\n<meta property=\"article:modified_time\" content=\"2025-09-30T12:47:41+00:00\" \/>\n<meta property=\"og:image\" content=\"https:\/\/heimstaden.com\/app\/uploads\/2025\/09\/faq-fragor-svar-heimstaden.jpg\" \/>\n\t<meta property=\"og:image:width\" content=\"1600\" \/>\n\t<meta property=\"og:image:height\" content=\"800\" \/>\n\t<meta property=\"og:image:type\" content=\"image\/jpeg\" \/>\n<meta name=\"twitter:card\" content=\"summary_large_image\" \/>\n<script type=\"application\/ld+json\" class=\"yoast-schema-graph\">{\"@context\":\"https:\/\/schema.org\",\"@graph\":[{\"@type\":\"WebPage\",\"@id\":\"https:\/\/heimstaden.com\/se\/kundservice\/kundforum\/\",\"url\":\"https:\/\/heimstaden.com\/se\/kundservice\/kundforum\/\",\"name\":\"Heimstadens Kundforum - Heimstaden\",\"isPartOf\":{\"@id\":\"https:\/\/heimstaden.com\/se\/#website\"},\"primaryImageOfPage\":{\"@id\":\"https:\/\/heimstaden.com\/se\/kundservice\/kundforum\/#primaryimage\"},\"image\":{\"@id\":\"https:\/\/heimstaden.com\/se\/kundservice\/kundforum\/#primaryimage\"},\"thumbnailUrl\":\"https:\/\/heimstaden.com\/app\/uploads\/2025\/09\/faq-fragor-svar-heimstaden.jpg\",\"datePublished\":\"2021-12-07T11:26:19+00:00\",\"dateModified\":\"2025-09-30T12:47:41+00:00\",\"description\":\"V\u00e4lkommen till Heimstadens kund- och supportforum! H\u00e4r kan du s\u00f6ka eller f\u00e5 svar p\u00e5 dina fr\u00e5gor till oss!\",\"breadcrumb\":{\"@id\":\"https:\/\/heimstaden.com\/se\/kundservice\/kundforum\/#breadcrumb\"},\"inLanguage\":\"sv-SE\",\"potentialAction\":[{\"@type\":\"ReadAction\",\"target\":[\"https:\/\/heimstaden.com\/se\/kundservice\/kundforum\/\"]}]},{\"@type\":\"ImageObject\",\"inLanguage\":\"sv-SE\",\"@id\":\"https:\/\/heimstaden.com\/se\/kundservice\/kundforum\/#primaryimage\",\"url\":\"https:\/\/heimstaden.com\/app\/uploads\/2025\/09\/faq-fragor-svar-heimstaden.jpg\",\"contentUrl\":\"https:\/\/heimstaden.com\/app\/uploads\/2025\/09\/faq-fragor-svar-heimstaden.jpg\",\"width\":1600,\"height\":800,\"caption\":\"Tv\u00e5 kvinnor kollar p\u00e5 en mobil och l\u00e4ser en FAQ, vanliga fr\u00e5gor och svar fr\u00e5n Heimstaden.\"},{\"@type\":\"BreadcrumbList\",\"@id\":\"https:\/\/heimstaden.com\/se\/kundservice\/kundforum\/#breadcrumb\",\"itemListElement\":[{\"@type\":\"ListItem\",\"position\":1,\"name\":\"Home\",\"item\":\"https:\/\/heimstaden.com\/se\/\"},{\"@type\":\"ListItem\",\"position\":2,\"name\":\"Kundservice\",\"item\":\"https:\/\/heimstaden.com\/se\/kundservice\/\"},{\"@type\":\"ListItem\",\"position\":3,\"name\":\"Heimstadens Kundforum\"}]},{\"@type\":\"WebSite\",\"@id\":\"https:\/\/heimstaden.com\/se\/#website\",\"url\":\"https:\/\/heimstaden.com\/se\/\",\"name\":\"Heimstaden\",\"description\":\"Boende med omtanke. S\u00f6k lediga l\u00e4genheter\",\"publisher\":{\"@id\":\"https:\/\/heimstaden.com\/se\/#organization\"},\"potentialAction\":[{\"@type\":\"SearchAction\",\"target\":{\"@type\":\"EntryPoint\",\"urlTemplate\":\"https:\/\/heimstaden.com\/se\/?s={search_term_string}\"},\"query-input\":{\"@type\":\"PropertyValueSpecification\",\"valueRequired\":true,\"valueName\":\"search_term_string\"}}],\"inLanguage\":\"sv-SE\"},{\"@type\":\"Organization\",\"@id\":\"https:\/\/heimstaden.com\/se\/#organization\",\"name\":\"Heimstaden Fastigheter AB\",\"url\":\"https:\/\/heimstaden.com\/se\/\",\"logo\":{\"@type\":\"ImageObject\",\"inLanguage\":\"sv-SE\",\"@id\":\"https:\/\/heimstaden.com\/se\/#\/schema\/logo\/image\/\",\"url\":\"https:\/\/heimstaden.com\/app\/uploads\/2018\/01\/Heimstaden_logo.png\",\"contentUrl\":\"https:\/\/heimstaden.com\/app\/uploads\/2018\/01\/Heimstaden_logo.png\",\"width\":1476,\"height\":214,\"caption\":\"Heimstaden Fastigheter AB\"},\"image\":{\"@id\":\"https:\/\/heimstaden.com\/se\/#\/schema\/logo\/image\/\"},\"sameAs\":[\"https:\/\/www.facebook.com\/heimstadensverige\",\"https:\/\/www.instagram.com\/heimstaden_sverige\/\",\"https:\/\/www.linkedin.com\/company\/15203568\/\",\"https:\/\/www.youtube.com\/channel\/UC7-UFyELvIZeLaG1Z9N14ZQ\",\"https:\/\/sv.wikipedia.org\/wiki\/Heimstaden\"]}]}<\/script>\n<!-- \/ Yoast SEO plugin. -->","yoast_head_json":{"title":"Heimstadens Kundforum - Heimstaden","description":"V\u00e4lkommen till Heimstadens kund- och supportforum! H\u00e4r kan du s\u00f6ka eller f\u00e5 svar p\u00e5 dina fr\u00e5gor till oss!","robots":{"index":"index","follow":"follow","max-snippet":"max-snippet:-1","max-image-preview":"max-image-preview:large","max-video-preview":"max-video-preview:-1"},"canonical":"https:\/\/heimstaden.com\/se\/kundservice\/kundforum\/","og_locale":"sv_SE","og_type":"article","og_title":"Heimstadens Kundforum - Heimstaden","og_description":"V\u00e4lkommen till Heimstadens kund- och supportforum! H\u00e4r kan du s\u00f6ka eller f\u00e5 svar p\u00e5 dina fr\u00e5gor till oss!","og_url":"https:\/\/heimstaden.com\/se\/kundservice\/kundforum\/","og_site_name":"Heimstaden","article_publisher":"https:\/\/www.facebook.com\/heimstadensverige","article_modified_time":"2025-09-30T12:47:41+00:00","og_image":[{"width":1600,"height":800,"url":"https:\/\/heimstaden.com\/app\/uploads\/2025\/09\/faq-fragor-svar-heimstaden.jpg","type":"image\/jpeg"}],"twitter_card":"summary_large_image","schema":{"@context":"https:\/\/schema.org","@graph":[{"@type":"WebPage","@id":"https:\/\/heimstaden.com\/se\/kundservice\/kundforum\/","url":"https:\/\/heimstaden.com\/se\/kundservice\/kundforum\/","name":"Heimstadens Kundforum - Heimstaden","isPartOf":{"@id":"https:\/\/heimstaden.com\/se\/#website"},"primaryImageOfPage":{"@id":"https:\/\/heimstaden.com\/se\/kundservice\/kundforum\/#primaryimage"},"image":{"@id":"https:\/\/heimstaden.com\/se\/kundservice\/kundforum\/#primaryimage"},"thumbnailUrl":"https:\/\/heimstaden.com\/app\/uploads\/2025\/09\/faq-fragor-svar-heimstaden.jpg","datePublished":"2021-12-07T11:26:19+00:00","dateModified":"2025-09-30T12:47:41+00:00","description":"V\u00e4lkommen till Heimstadens kund- och supportforum! H\u00e4r kan du s\u00f6ka eller f\u00e5 svar p\u00e5 dina fr\u00e5gor till oss!","breadcrumb":{"@id":"https:\/\/heimstaden.com\/se\/kundservice\/kundforum\/#breadcrumb"},"inLanguage":"sv-SE","potentialAction":[{"@type":"ReadAction","target":["https:\/\/heimstaden.com\/se\/kundservice\/kundforum\/"]}]},{"@type":"ImageObject","inLanguage":"sv-SE","@id":"https:\/\/heimstaden.com\/se\/kundservice\/kundforum\/#primaryimage","url":"https:\/\/heimstaden.com\/app\/uploads\/2025\/09\/faq-fragor-svar-heimstaden.jpg","contentUrl":"https:\/\/heimstaden.com\/app\/uploads\/2025\/09\/faq-fragor-svar-heimstaden.jpg","width":1600,"height":800,"caption":"Tv\u00e5 kvinnor kollar p\u00e5 en mobil och l\u00e4ser en FAQ, vanliga fr\u00e5gor och svar fr\u00e5n Heimstaden."},{"@type":"BreadcrumbList","@id":"https:\/\/heimstaden.com\/se\/kundservice\/kundforum\/#breadcrumb","itemListElement":[{"@type":"ListItem","position":1,"name":"Home","item":"https:\/\/heimstaden.com\/se\/"},{"@type":"ListItem","position":2,"name":"Kundservice","item":"https:\/\/heimstaden.com\/se\/kundservice\/"},{"@type":"ListItem","position":3,"name":"Heimstadens Kundforum"}]},{"@type":"WebSite","@id":"https:\/\/heimstaden.com\/se\/#website","url":"https:\/\/heimstaden.com\/se\/","name":"Heimstaden","description":"Boende med omtanke. S\u00f6k lediga l\u00e4genheter","publisher":{"@id":"https:\/\/heimstaden.com\/se\/#organization"},"potentialAction":[{"@type":"SearchAction","target":{"@type":"EntryPoint","urlTemplate":"https:\/\/heimstaden.com\/se\/?s={search_term_string}"},"query-input":{"@type":"PropertyValueSpecification","valueRequired":true,"valueName":"search_term_string"}}],"inLanguage":"sv-SE"},{"@type":"Organization","@id":"https:\/\/heimstaden.com\/se\/#organization","name":"Heimstaden Fastigheter AB","url":"https:\/\/heimstaden.com\/se\/","logo":{"@type":"ImageObject","inLanguage":"sv-SE","@id":"https:\/\/heimstaden.com\/se\/#\/schema\/logo\/image\/","url":"https:\/\/heimstaden.com\/app\/uploads\/2018\/01\/Heimstaden_logo.png","contentUrl":"https:\/\/heimstaden.com\/app\/uploads\/2018\/01\/Heimstaden_logo.png","width":1476,"height":214,"caption":"Heimstaden Fastigheter AB"},"image":{"@id":"https:\/\/heimstaden.com\/se\/#\/schema\/logo\/image\/"},"sameAs":["https:\/\/www.facebook.com\/heimstadensverige","https:\/\/www.instagram.com\/heimstaden_sverige\/","https:\/\/www.linkedin.com\/company\/15203568\/","https:\/\/www.youtube.com\/channel\/UC7-UFyELvIZeLaG1Z9N14ZQ","https:\/\/sv.wikipedia.org\/wiki\/Heimstaden"]}]}},"_links":{"self":[{"href":"https:\/\/heimstaden.com\/se\/wp-json\/wp\/v2\/pages\/23129","targetHints":{"allow":["GET"]}}],"collection":[{"href":"https:\/\/heimstaden.com\/se\/wp-json\/wp\/v2\/pages"}],"about":[{"href":"https:\/\/heimstaden.com\/se\/wp-json\/wp\/v2\/types\/page"}],"author":[{"embeddable":true,"href":"https:\/\/heimstaden.com\/se\/wp-json\/wp\/v2\/users\/47"}],"replies":[{"embeddable":true,"href":"https:\/\/heimstaden.com\/se\/wp-json\/wp\/v2\/comments?post=23129"}],"version-history":[{"count":10,"href":"https:\/\/heimstaden.com\/se\/wp-json\/wp\/v2\/pages\/23129\/revisions"}],"predecessor-version":[{"id":45025,"href":"https:\/\/heimstaden.com\/se\/wp-json\/wp\/v2\/pages\/23129\/revisions\/45025"}],"up":[{"embeddable":true,"href":"https:\/\/heimstaden.com\/se\/wp-json\/wp\/v2\/pages\/1565"}],"wp:featuredmedia":[{"embeddable":true,"href":"https:\/\/heimstaden.com\/se\/wp-json\/wp\/v2\/media\/45023"}],"wp:attachment":[{"href":"https:\/\/heimstaden.com\/se\/wp-json\/wp\/v2\/media?parent=23129"}],"curies":[{"name":"wp","href":"https:\/\/api.w.org\/{rel}","templated":true}]}}