{"id":22766,"date":"2026-01-16T12:24:12","date_gmt":"2026-01-16T11:24:12","guid":{"rendered":"https:\/\/heimstaden.com\/se\/?page_id=22766"},"modified":"2026-01-19T15:30:41","modified_gmt":"2026-01-19T14:30:41","slug":"lagenheter-goteborg","status":"publish","type":"page","link":"https:\/\/heimstaden.com\/se\/lagenheter-goteborg\/","title":{"rendered":"Hyra l\u00e4genhet G\u00f6teborg"},"content":{"rendered":"","protected":false},"excerpt":{"rendered":"","protected":false},"author":38,"featured_media":41412,"parent":0,"menu_order":0,"comment_status":"closed","ping_status":"closed","template":"","meta":{"_acf_changed":false,"_relevanssi_hide_post":"","_relevanssi_hide_content":"","_relevanssi_pin_for_all":"","_relevanssi_pin_keywords":"","_relevanssi_unpin_keywords":"","_relevanssi_related_keywords":"","_relevanssi_related_include_ids":"","_relevanssi_related_exclude_ids":"","_relevanssi_related_no_append":"","_relevanssi_related_not_related":"","_relevanssi_related_posts":"","_relevanssi_noindex_reason":"","footnotes":""},"class_list":["post-22766","page","type-page","status-publish","has-post-thumbnail","hentry"],"acf":[],"yoast_head":"<!-- This site is optimized with the Yoast SEO plugin v26.3 - https:\/\/yoast.com\/wordpress\/plugins\/seo\/ -->\n<title>Hyra l\u00e4genhet G\u00f6teborg - f\u00f6rstahandskontrakt - Heimstaden<\/title>\n<meta name=\"description\" content=\"Letar du ledig l\u00e4genhet i G\u00f6teborgsomr\u00e5det? Vi erbjuder hyresl\u00e4genheter fr\u00e5n Hov\u00e5s i s\u00f6der till Partille i norr. S\u00f6k idag!\" \/>\n<meta name=\"robots\" content=\"index, follow, max-snippet:-1, max-image-preview:large, max-video-preview:-1\" \/>\n<link rel=\"canonical\" href=\"https:\/\/heimstaden.com\/se\/lagenheter-goteborg\/\" \/>\n<meta property=\"og:locale\" content=\"sv_SE\" \/>\n<meta property=\"og:type\" content=\"article\" \/>\n<meta property=\"og:title\" content=\"Hyra l\u00e4genhet G\u00f6teborg - f\u00f6rstahandskontrakt - Heimstaden\" \/>\n<meta property=\"og:description\" content=\"Letar du ledig l\u00e4genhet i G\u00f6teborgsomr\u00e5det? Vi erbjuder hyresl\u00e4genheter fr\u00e5n Hov\u00e5s i s\u00f6der till Partille i norr. S\u00f6k idag!\" \/>\n<meta property=\"og:url\" content=\"https:\/\/heimstaden.com\/se\/lagenheter-goteborg\/\" \/>\n<meta property=\"og:site_name\" content=\"Heimstaden\" \/>\n<meta property=\"article:publisher\" content=\"https:\/\/www.facebook.com\/heimstadensverige\" \/>\n<meta property=\"article:modified_time\" content=\"2026-01-19T14:30:41+00:00\" \/>\n<meta property=\"og:image\" content=\"https:\/\/heimstaden.com\/app\/uploads\/2024\/09\/Goteborg-lagenheter.jpg\" \/>\n\t<meta property=\"og:image:width\" content=\"1600\" \/>\n\t<meta property=\"og:image:height\" content=\"800\" \/>\n\t<meta property=\"og:image:type\" content=\"image\/jpeg\" \/>\n<meta name=\"twitter:card\" content=\"summary_large_image\" \/>\n<script type=\"application\/ld+json\" class=\"yoast-schema-graph\">{\"@context\":\"https:\/\/schema.org\",\"@graph\":[{\"@type\":\"WebPage\",\"@id\":\"https:\/\/heimstaden.com\/se\/lagenheter-goteborg\/\",\"url\":\"https:\/\/heimstaden.com\/se\/lagenheter-goteborg\/\",\"name\":\"Hyra l\u00e4genhet G\u00f6teborg - f\u00f6rstahandskontrakt - Heimstaden\",\"isPartOf\":{\"@id\":\"https:\/\/heimstaden.com\/se\/#website\"},\"primaryImageOfPage\":{\"@id\":\"https:\/\/heimstaden.com\/se\/lagenheter-goteborg\/#primaryimage\"},\"image\":{\"@id\":\"https:\/\/heimstaden.com\/se\/lagenheter-goteborg\/#primaryimage\"},\"thumbnailUrl\":\"https:\/\/heimstaden.com\/app\/uploads\/2024\/09\/Goteborg-lagenheter.jpg\",\"datePublished\":\"2026-01-16T11:24:12+00:00\",\"dateModified\":\"2026-01-19T14:30:41+00:00\",\"description\":\"Letar du ledig l\u00e4genhet i G\u00f6teborgsomr\u00e5det? Vi erbjuder hyresl\u00e4genheter fr\u00e5n Hov\u00e5s i s\u00f6der till Partille i norr. S\u00f6k idag!\",\"breadcrumb\":{\"@id\":\"https:\/\/heimstaden.com\/se\/lagenheter-goteborg\/#breadcrumb\"},\"inLanguage\":\"sv-SE\",\"potentialAction\":[{\"@type\":\"ReadAction\",\"target\":[\"https:\/\/heimstaden.com\/se\/lagenheter-goteborg\/\"]}]},{\"@type\":\"ImageObject\",\"inLanguage\":\"sv-SE\",\"@id\":\"https:\/\/heimstaden.com\/se\/lagenheter-goteborg\/#primaryimage\",\"url\":\"https:\/\/heimstaden.com\/app\/uploads\/2024\/09\/Goteborg-lagenheter.jpg\",\"contentUrl\":\"https:\/\/heimstaden.com\/app\/uploads\/2024\/09\/Goteborg-lagenheter.jpg\",\"width\":1600,\"height\":800,\"caption\":\"En bl\u00e5 sp\u00e5rvagn som k\u00f6r p\u00e5 Posthusplatsen i G\u00f6teborg d\u00e4r Heimstaden har l\u00e4genheter.\"},{\"@type\":\"BreadcrumbList\",\"@id\":\"https:\/\/heimstaden.com\/se\/lagenheter-goteborg\/#breadcrumb\",\"itemListElement\":[{\"@type\":\"ListItem\",\"position\":1,\"name\":\"Home\",\"item\":\"https:\/\/heimstaden.com\/se\/\"},{\"@type\":\"ListItem\",\"position\":2,\"name\":\"Hyra l\u00e4genhet G\u00f6teborg\"}]},{\"@type\":\"WebSite\",\"@id\":\"https:\/\/heimstaden.com\/se\/#website\",\"url\":\"https:\/\/heimstaden.com\/se\/\",\"name\":\"Heimstaden\",\"description\":\"Boende med omtanke. S\u00f6k lediga l\u00e4genheter\",\"publisher\":{\"@id\":\"https:\/\/heimstaden.com\/se\/#organization\"},\"potentialAction\":[{\"@type\":\"SearchAction\",\"target\":{\"@type\":\"EntryPoint\",\"urlTemplate\":\"https:\/\/heimstaden.com\/se\/?s={search_term_string}\"},\"query-input\":{\"@type\":\"PropertyValueSpecification\",\"valueRequired\":true,\"valueName\":\"search_term_string\"}}],\"inLanguage\":\"sv-SE\"},{\"@type\":\"Organization\",\"@id\":\"https:\/\/heimstaden.com\/se\/#organization\",\"name\":\"Heimstaden Fastigheter AB\",\"url\":\"https:\/\/heimstaden.com\/se\/\",\"logo\":{\"@type\":\"ImageObject\",\"inLanguage\":\"sv-SE\",\"@id\":\"https:\/\/heimstaden.com\/se\/#\/schema\/logo\/image\/\",\"url\":\"https:\/\/heimstaden.com\/app\/uploads\/2018\/01\/Heimstaden_logo.png\",\"contentUrl\":\"https:\/\/heimstaden.com\/app\/uploads\/2018\/01\/Heimstaden_logo.png\",\"width\":1476,\"height\":214,\"caption\":\"Heimstaden Fastigheter AB\"},\"image\":{\"@id\":\"https:\/\/heimstaden.com\/se\/#\/schema\/logo\/image\/\"},\"sameAs\":[\"https:\/\/www.facebook.com\/heimstadensverige\",\"https:\/\/www.instagram.com\/heimstaden_sverige\/\",\"https:\/\/www.linkedin.com\/company\/15203568\/\",\"https:\/\/www.youtube.com\/channel\/UC7-UFyELvIZeLaG1Z9N14ZQ\",\"https:\/\/sv.wikipedia.org\/wiki\/Heimstaden\"]}]}<\/script>\n<!-- \/ Yoast SEO plugin. -->","yoast_head_json":{"title":"Hyra l\u00e4genhet G\u00f6teborg - f\u00f6rstahandskontrakt - Heimstaden","description":"Letar du ledig l\u00e4genhet i G\u00f6teborgsomr\u00e5det? Vi erbjuder hyresl\u00e4genheter fr\u00e5n Hov\u00e5s i s\u00f6der till Partille i norr. S\u00f6k idag!","robots":{"index":"index","follow":"follow","max-snippet":"max-snippet:-1","max-image-preview":"max-image-preview:large","max-video-preview":"max-video-preview:-1"},"canonical":"https:\/\/heimstaden.com\/se\/lagenheter-goteborg\/","og_locale":"sv_SE","og_type":"article","og_title":"Hyra l\u00e4genhet G\u00f6teborg - f\u00f6rstahandskontrakt - Heimstaden","og_description":"Letar du ledig l\u00e4genhet i G\u00f6teborgsomr\u00e5det? Vi erbjuder hyresl\u00e4genheter fr\u00e5n Hov\u00e5s i s\u00f6der till Partille i norr. S\u00f6k idag!","og_url":"https:\/\/heimstaden.com\/se\/lagenheter-goteborg\/","og_site_name":"Heimstaden","article_publisher":"https:\/\/www.facebook.com\/heimstadensverige","article_modified_time":"2026-01-19T14:30:41+00:00","og_image":[{"width":1600,"height":800,"url":"https:\/\/heimstaden.com\/app\/uploads\/2024\/09\/Goteborg-lagenheter.jpg","type":"image\/jpeg"}],"twitter_card":"summary_large_image","schema":{"@context":"https:\/\/schema.org","@graph":[{"@type":"WebPage","@id":"https:\/\/heimstaden.com\/se\/lagenheter-goteborg\/","url":"https:\/\/heimstaden.com\/se\/lagenheter-goteborg\/","name":"Hyra l\u00e4genhet G\u00f6teborg - f\u00f6rstahandskontrakt - Heimstaden","isPartOf":{"@id":"https:\/\/heimstaden.com\/se\/#website"},"primaryImageOfPage":{"@id":"https:\/\/heimstaden.com\/se\/lagenheter-goteborg\/#primaryimage"},"image":{"@id":"https:\/\/heimstaden.com\/se\/lagenheter-goteborg\/#primaryimage"},"thumbnailUrl":"https:\/\/heimstaden.com\/app\/uploads\/2024\/09\/Goteborg-lagenheter.jpg","datePublished":"2026-01-16T11:24:12+00:00","dateModified":"2026-01-19T14:30:41+00:00","description":"Letar du ledig l\u00e4genhet i G\u00f6teborgsomr\u00e5det? Vi erbjuder hyresl\u00e4genheter fr\u00e5n Hov\u00e5s i s\u00f6der till Partille i norr. S\u00f6k idag!","breadcrumb":{"@id":"https:\/\/heimstaden.com\/se\/lagenheter-goteborg\/#breadcrumb"},"inLanguage":"sv-SE","potentialAction":[{"@type":"ReadAction","target":["https:\/\/heimstaden.com\/se\/lagenheter-goteborg\/"]}]},{"@type":"ImageObject","inLanguage":"sv-SE","@id":"https:\/\/heimstaden.com\/se\/lagenheter-goteborg\/#primaryimage","url":"https:\/\/heimstaden.com\/app\/uploads\/2024\/09\/Goteborg-lagenheter.jpg","contentUrl":"https:\/\/heimstaden.com\/app\/uploads\/2024\/09\/Goteborg-lagenheter.jpg","width":1600,"height":800,"caption":"En bl\u00e5 sp\u00e5rvagn som k\u00f6r p\u00e5 Posthusplatsen i G\u00f6teborg d\u00e4r Heimstaden har l\u00e4genheter."},{"@type":"BreadcrumbList","@id":"https:\/\/heimstaden.com\/se\/lagenheter-goteborg\/#breadcrumb","itemListElement":[{"@type":"ListItem","position":1,"name":"Home","item":"https:\/\/heimstaden.com\/se\/"},{"@type":"ListItem","position":2,"name":"Hyra l\u00e4genhet G\u00f6teborg"}]},{"@type":"WebSite","@id":"https:\/\/heimstaden.com\/se\/#website","url":"https:\/\/heimstaden.com\/se\/","name":"Heimstaden","description":"Boende med omtanke. S\u00f6k lediga l\u00e4genheter","publisher":{"@id":"https:\/\/heimstaden.com\/se\/#organization"},"potentialAction":[{"@type":"SearchAction","target":{"@type":"EntryPoint","urlTemplate":"https:\/\/heimstaden.com\/se\/?s={search_term_string}"},"query-input":{"@type":"PropertyValueSpecification","valueRequired":true,"valueName":"search_term_string"}}],"inLanguage":"sv-SE"},{"@type":"Organization","@id":"https:\/\/heimstaden.com\/se\/#organization","name":"Heimstaden Fastigheter AB","url":"https:\/\/heimstaden.com\/se\/","logo":{"@type":"ImageObject","inLanguage":"sv-SE","@id":"https:\/\/heimstaden.com\/se\/#\/schema\/logo\/image\/","url":"https:\/\/heimstaden.com\/app\/uploads\/2018\/01\/Heimstaden_logo.png","contentUrl":"https:\/\/heimstaden.com\/app\/uploads\/2018\/01\/Heimstaden_logo.png","width":1476,"height":214,"caption":"Heimstaden Fastigheter AB"},"image":{"@id":"https:\/\/heimstaden.com\/se\/#\/schema\/logo\/image\/"},"sameAs":["https:\/\/www.facebook.com\/heimstadensverige","https:\/\/www.instagram.com\/heimstaden_sverige\/","https:\/\/www.linkedin.com\/company\/15203568\/","https:\/\/www.youtube.com\/channel\/UC7-UFyELvIZeLaG1Z9N14ZQ","https:\/\/sv.wikipedia.org\/wiki\/Heimstaden"]}]}},"_links":{"self":[{"href":"https:\/\/heimstaden.com\/se\/wp-json\/wp\/v2\/pages\/22766","targetHints":{"allow":["GET"]}}],"collection":[{"href":"https:\/\/heimstaden.com\/se\/wp-json\/wp\/v2\/pages"}],"about":[{"href":"https:\/\/heimstaden.com\/se\/wp-json\/wp\/v2\/types\/page"}],"author":[{"embeddable":true,"href":"https:\/\/heimstaden.com\/se\/wp-json\/wp\/v2\/users\/38"}],"replies":[{"embeddable":true,"href":"https:\/\/heimstaden.com\/se\/wp-json\/wp\/v2\/comments?post=22766"}],"version-history":[{"count":10,"href":"https:\/\/heimstaden.com\/se\/wp-json\/wp\/v2\/pages\/22766\/revisions"}],"predecessor-version":[{"id":46134,"href":"https:\/\/heimstaden.com\/se\/wp-json\/wp\/v2\/pages\/22766\/revisions\/46134"}],"wp:featuredmedia":[{"embeddable":true,"href":"https:\/\/heimstaden.com\/se\/wp-json\/wp\/v2\/media\/41412"}],"wp:attachment":[{"href":"https:\/\/heimstaden.com\/se\/wp-json\/wp\/v2\/media?parent=22766"}],"curies":[{"name":"wp","href":"https:\/\/api.w.org\/{rel}","templated":true}]}}