{"id":17189,"date":"2021-02-22T13:28:17","date_gmt":"2021-02-22T12:28:17","guid":{"rendered":"https:\/\/heimstaden.com\/se\/?page_id=17189"},"modified":"2025-03-28T09:47:56","modified_gmt":"2025-03-28T08:47:56","slug":"cookiepolicy","status":"publish","type":"page","link":"https:\/\/heimstaden.com\/se\/cookiepolicy\/","title":{"rendered":"Information om cookies"},"content":{"rendered":"","protected":false},"excerpt":{"rendered":"","protected":false},"author":47,"featured_media":0,"parent":0,"menu_order":0,"comment_status":"closed","ping_status":"closed","template":"","meta":{"_acf_changed":false,"_relevanssi_hide_post":"","_relevanssi_hide_content":"","_relevanssi_pin_for_all":"","_relevanssi_pin_keywords":"","_relevanssi_unpin_keywords":"","_relevanssi_related_keywords":"","_relevanssi_related_include_ids":"","_relevanssi_related_exclude_ids":"","_relevanssi_related_no_append":"","_relevanssi_related_not_related":"","_relevanssi_related_posts":"","_relevanssi_noindex_reason":"","footnotes":""},"class_list":["post-17189","page","type-page","status-publish","hentry"],"acf":[],"yoast_head":"<!-- This site is optimized with the Yoast SEO plugin v26.3 - https:\/\/yoast.com\/wordpress\/plugins\/seo\/ -->\n<title>Information om cookies - s\u00e5 anv\u00e4nder Heimstaden cookies<\/title>\n<meta name=\"description\" content=\"Heimstaden anv\u00e4nder cookies f\u00f6r att unders\u00f6ka hur du som bes\u00f6kare anv\u00e4nder v\u00e5r webbplats och f\u00f6r att f\u00f6rb\u00e4ttra din upplevelse. Vad detta inneb\u00e4r kan du l\u00e4sa mer om i denna information om cookies.\" \/>\n<meta name=\"robots\" content=\"index, follow, max-snippet:-1, max-image-preview:large, max-video-preview:-1\" \/>\n<link rel=\"canonical\" href=\"https:\/\/heimstaden.com\/se\/cookiepolicy\/\" \/>\n<meta property=\"og:locale\" content=\"sv_SE\" \/>\n<meta property=\"og:type\" content=\"article\" \/>\n<meta property=\"og:title\" content=\"Information om cookies - s\u00e5 anv\u00e4nder Heimstaden cookies\" \/>\n<meta property=\"og:description\" content=\"Heimstaden anv\u00e4nder cookies f\u00f6r att unders\u00f6ka hur du som bes\u00f6kare anv\u00e4nder v\u00e5r webbplats och f\u00f6r att f\u00f6rb\u00e4ttra din upplevelse. Vad detta inneb\u00e4r kan du l\u00e4sa mer om i denna information om cookies.\" \/>\n<meta property=\"og:url\" content=\"https:\/\/heimstaden.com\/se\/cookiepolicy\/\" \/>\n<meta property=\"og:site_name\" content=\"Heimstaden\" \/>\n<meta property=\"article:publisher\" content=\"https:\/\/www.facebook.com\/heimstadensverige\" \/>\n<meta property=\"article:modified_time\" content=\"2025-03-28T08:47:56+00:00\" \/>\n<meta name=\"twitter:card\" content=\"summary_large_image\" \/>\n<script type=\"application\/ld+json\" class=\"yoast-schema-graph\">{\"@context\":\"https:\/\/schema.org\",\"@graph\":[{\"@type\":\"WebPage\",\"@id\":\"https:\/\/heimstaden.com\/se\/cookiepolicy\/\",\"url\":\"https:\/\/heimstaden.com\/se\/cookiepolicy\/\",\"name\":\"Information om cookies - s\u00e5 anv\u00e4nder Heimstaden cookies\",\"isPartOf\":{\"@id\":\"https:\/\/heimstaden.com\/se\/#website\"},\"datePublished\":\"2021-02-22T12:28:17+00:00\",\"dateModified\":\"2025-03-28T08:47:56+00:00\",\"description\":\"Heimstaden anv\u00e4nder cookies f\u00f6r att unders\u00f6ka hur du som bes\u00f6kare anv\u00e4nder v\u00e5r webbplats och f\u00f6r att f\u00f6rb\u00e4ttra din upplevelse. Vad detta inneb\u00e4r kan du l\u00e4sa mer om i denna information om cookies.\",\"breadcrumb\":{\"@id\":\"https:\/\/heimstaden.com\/se\/cookiepolicy\/#breadcrumb\"},\"inLanguage\":\"sv-SE\",\"potentialAction\":[{\"@type\":\"ReadAction\",\"target\":[\"https:\/\/heimstaden.com\/se\/cookiepolicy\/\"]}]},{\"@type\":\"BreadcrumbList\",\"@id\":\"https:\/\/heimstaden.com\/se\/cookiepolicy\/#breadcrumb\",\"itemListElement\":[{\"@type\":\"ListItem\",\"position\":1,\"name\":\"Home\",\"item\":\"https:\/\/heimstaden.com\/se\/\"},{\"@type\":\"ListItem\",\"position\":2,\"name\":\"Information om cookies\"}]},{\"@type\":\"WebSite\",\"@id\":\"https:\/\/heimstaden.com\/se\/#website\",\"url\":\"https:\/\/heimstaden.com\/se\/\",\"name\":\"Heimstaden\",\"description\":\"Boende med omtanke. S\u00f6k lediga l\u00e4genheter\",\"publisher\":{\"@id\":\"https:\/\/heimstaden.com\/se\/#organization\"},\"potentialAction\":[{\"@type\":\"SearchAction\",\"target\":{\"@type\":\"EntryPoint\",\"urlTemplate\":\"https:\/\/heimstaden.com\/se\/?s={search_term_string}\"},\"query-input\":{\"@type\":\"PropertyValueSpecification\",\"valueRequired\":true,\"valueName\":\"search_term_string\"}}],\"inLanguage\":\"sv-SE\"},{\"@type\":\"Organization\",\"@id\":\"https:\/\/heimstaden.com\/se\/#organization\",\"name\":\"Heimstaden Fastigheter AB\",\"url\":\"https:\/\/heimstaden.com\/se\/\",\"logo\":{\"@type\":\"ImageObject\",\"inLanguage\":\"sv-SE\",\"@id\":\"https:\/\/heimstaden.com\/se\/#\/schema\/logo\/image\/\",\"url\":\"https:\/\/heimstaden.com\/app\/uploads\/2018\/01\/Heimstaden_logo.png\",\"contentUrl\":\"https:\/\/heimstaden.com\/app\/uploads\/2018\/01\/Heimstaden_logo.png\",\"width\":1476,\"height\":214,\"caption\":\"Heimstaden Fastigheter AB\"},\"image\":{\"@id\":\"https:\/\/heimstaden.com\/se\/#\/schema\/logo\/image\/\"},\"sameAs\":[\"https:\/\/www.facebook.com\/heimstadensverige\",\"https:\/\/www.instagram.com\/heimstaden_sverige\/\",\"https:\/\/www.linkedin.com\/company\/15203568\/\",\"https:\/\/www.youtube.com\/channel\/UC7-UFyELvIZeLaG1Z9N14ZQ\",\"https:\/\/sv.wikipedia.org\/wiki\/Heimstaden\"]}]}<\/script>\n<!-- \/ Yoast SEO plugin. -->","yoast_head_json":{"title":"Information om cookies - s\u00e5 anv\u00e4nder Heimstaden cookies","description":"Heimstaden anv\u00e4nder cookies f\u00f6r att unders\u00f6ka hur du som bes\u00f6kare anv\u00e4nder v\u00e5r webbplats och f\u00f6r att f\u00f6rb\u00e4ttra din upplevelse. Vad detta inneb\u00e4r kan du l\u00e4sa mer om i denna information om cookies.","robots":{"index":"index","follow":"follow","max-snippet":"max-snippet:-1","max-image-preview":"max-image-preview:large","max-video-preview":"max-video-preview:-1"},"canonical":"https:\/\/heimstaden.com\/se\/cookiepolicy\/","og_locale":"sv_SE","og_type":"article","og_title":"Information om cookies - s\u00e5 anv\u00e4nder Heimstaden cookies","og_description":"Heimstaden anv\u00e4nder cookies f\u00f6r att unders\u00f6ka hur du som bes\u00f6kare anv\u00e4nder v\u00e5r webbplats och f\u00f6r att f\u00f6rb\u00e4ttra din upplevelse. Vad detta inneb\u00e4r kan du l\u00e4sa mer om i denna information om cookies.","og_url":"https:\/\/heimstaden.com\/se\/cookiepolicy\/","og_site_name":"Heimstaden","article_publisher":"https:\/\/www.facebook.com\/heimstadensverige","article_modified_time":"2025-03-28T08:47:56+00:00","twitter_card":"summary_large_image","schema":{"@context":"https:\/\/schema.org","@graph":[{"@type":"WebPage","@id":"https:\/\/heimstaden.com\/se\/cookiepolicy\/","url":"https:\/\/heimstaden.com\/se\/cookiepolicy\/","name":"Information om cookies - s\u00e5 anv\u00e4nder Heimstaden cookies","isPartOf":{"@id":"https:\/\/heimstaden.com\/se\/#website"},"datePublished":"2021-02-22T12:28:17+00:00","dateModified":"2025-03-28T08:47:56+00:00","description":"Heimstaden anv\u00e4nder cookies f\u00f6r att unders\u00f6ka hur du som bes\u00f6kare anv\u00e4nder v\u00e5r webbplats och f\u00f6r att f\u00f6rb\u00e4ttra din upplevelse. Vad detta inneb\u00e4r kan du l\u00e4sa mer om i denna information om cookies.","breadcrumb":{"@id":"https:\/\/heimstaden.com\/se\/cookiepolicy\/#breadcrumb"},"inLanguage":"sv-SE","potentialAction":[{"@type":"ReadAction","target":["https:\/\/heimstaden.com\/se\/cookiepolicy\/"]}]},{"@type":"BreadcrumbList","@id":"https:\/\/heimstaden.com\/se\/cookiepolicy\/#breadcrumb","itemListElement":[{"@type":"ListItem","position":1,"name":"Home","item":"https:\/\/heimstaden.com\/se\/"},{"@type":"ListItem","position":2,"name":"Information om cookies"}]},{"@type":"WebSite","@id":"https:\/\/heimstaden.com\/se\/#website","url":"https:\/\/heimstaden.com\/se\/","name":"Heimstaden","description":"Boende med omtanke. S\u00f6k lediga l\u00e4genheter","publisher":{"@id":"https:\/\/heimstaden.com\/se\/#organization"},"potentialAction":[{"@type":"SearchAction","target":{"@type":"EntryPoint","urlTemplate":"https:\/\/heimstaden.com\/se\/?s={search_term_string}"},"query-input":{"@type":"PropertyValueSpecification","valueRequired":true,"valueName":"search_term_string"}}],"inLanguage":"sv-SE"},{"@type":"Organization","@id":"https:\/\/heimstaden.com\/se\/#organization","name":"Heimstaden Fastigheter AB","url":"https:\/\/heimstaden.com\/se\/","logo":{"@type":"ImageObject","inLanguage":"sv-SE","@id":"https:\/\/heimstaden.com\/se\/#\/schema\/logo\/image\/","url":"https:\/\/heimstaden.com\/app\/uploads\/2018\/01\/Heimstaden_logo.png","contentUrl":"https:\/\/heimstaden.com\/app\/uploads\/2018\/01\/Heimstaden_logo.png","width":1476,"height":214,"caption":"Heimstaden Fastigheter AB"},"image":{"@id":"https:\/\/heimstaden.com\/se\/#\/schema\/logo\/image\/"},"sameAs":["https:\/\/www.facebook.com\/heimstadensverige","https:\/\/www.instagram.com\/heimstaden_sverige\/","https:\/\/www.linkedin.com\/company\/15203568\/","https:\/\/www.youtube.com\/channel\/UC7-UFyELvIZeLaG1Z9N14ZQ","https:\/\/sv.wikipedia.org\/wiki\/Heimstaden"]}]}},"_links":{"self":[{"href":"https:\/\/heimstaden.com\/se\/wp-json\/wp\/v2\/pages\/17189","targetHints":{"allow":["GET"]}}],"collection":[{"href":"https:\/\/heimstaden.com\/se\/wp-json\/wp\/v2\/pages"}],"about":[{"href":"https:\/\/heimstaden.com\/se\/wp-json\/wp\/v2\/types\/page"}],"author":[{"embeddable":true,"href":"https:\/\/heimstaden.com\/se\/wp-json\/wp\/v2\/users\/47"}],"replies":[{"embeddable":true,"href":"https:\/\/heimstaden.com\/se\/wp-json\/wp\/v2\/comments?post=17189"}],"version-history":[{"count":11,"href":"https:\/\/heimstaden.com\/se\/wp-json\/wp\/v2\/pages\/17189\/revisions"}],"predecessor-version":[{"id":43439,"href":"https:\/\/heimstaden.com\/se\/wp-json\/wp\/v2\/pages\/17189\/revisions\/43439"}],"wp:attachment":[{"href":"https:\/\/heimstaden.com\/se\/wp-json\/wp\/v2\/media?parent=17189"}],"curies":[{"name":"wp","href":"https:\/\/api.w.org\/{rel}","templated":true}]}}