{"id":13262,"date":"2020-09-07T14:00:20","date_gmt":"2020-09-07T12:00:20","guid":{"rendered":"https:\/\/heimstaden.com\/se\/?page_id=13262"},"modified":"2024-12-09T13:42:29","modified_gmt":"2024-12-09T12:42:29","slug":"mangfald","status":"publish","type":"page","link":"https:\/\/heimstaden.com\/se\/om-oss\/mangfald\/","title":{"rendered":"M\u00e5ngfald"},"content":{"rendered":"","protected":false},"excerpt":{"rendered":"","protected":false},"author":30,"featured_media":13829,"parent":161,"menu_order":0,"comment_status":"closed","ping_status":"closed","template":"","meta":{"_acf_changed":false,"_relevanssi_hide_post":"","_relevanssi_hide_content":"","_relevanssi_pin_for_all":"","_relevanssi_pin_keywords":"","_relevanssi_unpin_keywords":"","_relevanssi_related_keywords":"","_relevanssi_related_include_ids":"","_relevanssi_related_exclude_ids":"","_relevanssi_related_no_append":"","_relevanssi_related_not_related":"","_relevanssi_related_posts":"","_relevanssi_noindex_reason":"","footnotes":""},"class_list":["post-13262","page","type-page","status-publish","has-post-thumbnail","hentry"],"acf":[],"yoast_head":"<!-- This site is optimized with the Yoast SEO plugin v26.3 - https:\/\/yoast.com\/wordpress\/plugins\/seo\/ -->\n<title>M\u00e5ngfald, inkludering och tillh\u00f6righet - v\u00e5r syn p\u00e5 saken - Heimstaden<\/title>\n<meta name=\"description\" content=\"Vi p\u00e5 Heimstaden \u00e4r medvetna om f\u00f6ruts\u00e4ttningarna, utmaningarna och kraven n\u00e4r det kommer till m\u00e5ngfald, inkludering och tillh\u00f6righet.\" \/>\n<meta name=\"robots\" content=\"index, follow, max-snippet:-1, max-image-preview:large, max-video-preview:-1\" \/>\n<link rel=\"canonical\" href=\"https:\/\/heimstaden.com\/se\/om-oss\/mangfald\/\" \/>\n<meta property=\"og:locale\" content=\"sv_SE\" \/>\n<meta property=\"og:type\" content=\"article\" \/>\n<meta property=\"og:title\" content=\"M\u00e5ngfald, inkludering och tillh\u00f6righet - v\u00e5r syn p\u00e5 saken - Heimstaden\" \/>\n<meta property=\"og:description\" content=\"Vi p\u00e5 Heimstaden \u00e4r medvetna om f\u00f6ruts\u00e4ttningarna, utmaningarna och kraven n\u00e4r det kommer till m\u00e5ngfald, inkludering och tillh\u00f6righet.\" \/>\n<meta property=\"og:url\" content=\"https:\/\/heimstaden.com\/se\/om-oss\/mangfald\/\" \/>\n<meta property=\"og:site_name\" content=\"Heimstaden\" \/>\n<meta property=\"article:publisher\" content=\"https:\/\/www.facebook.com\/heimstadensverige\" \/>\n<meta property=\"article:modified_time\" content=\"2024-12-09T12:42:29+00:00\" \/>\n<meta property=\"og:image\" content=\"https:\/\/heimstaden.com\/app\/uploads\/2020\/10\/mangfald3-e1602075993875.jpg\" \/>\n\t<meta property=\"og:image:width\" content=\"1600\" \/>\n\t<meta property=\"og:image:height\" content=\"516\" \/>\n\t<meta property=\"og:image:type\" content=\"image\/jpeg\" \/>\n<meta name=\"twitter:card\" content=\"summary_large_image\" \/>\n<script type=\"application\/ld+json\" class=\"yoast-schema-graph\">{\"@context\":\"https:\/\/schema.org\",\"@graph\":[{\"@type\":\"WebPage\",\"@id\":\"https:\/\/heimstaden.com\/se\/om-oss\/mangfald\/\",\"url\":\"https:\/\/heimstaden.com\/se\/om-oss\/mangfald\/\",\"name\":\"M\u00e5ngfald, inkludering och tillh\u00f6righet - v\u00e5r syn p\u00e5 saken - Heimstaden\",\"isPartOf\":{\"@id\":\"https:\/\/heimstaden.com\/se\/#website\"},\"primaryImageOfPage\":{\"@id\":\"https:\/\/heimstaden.com\/se\/om-oss\/mangfald\/#primaryimage\"},\"image\":{\"@id\":\"https:\/\/heimstaden.com\/se\/om-oss\/mangfald\/#primaryimage\"},\"thumbnailUrl\":\"https:\/\/heimstaden.com\/app\/uploads\/2020\/10\/mangfald3-e1602075993875.jpg\",\"datePublished\":\"2020-09-07T12:00:20+00:00\",\"dateModified\":\"2024-12-09T12:42:29+00:00\",\"description\":\"Vi p\u00e5 Heimstaden \u00e4r medvetna om f\u00f6ruts\u00e4ttningarna, utmaningarna och kraven n\u00e4r det kommer till m\u00e5ngfald, inkludering och tillh\u00f6righet.\",\"breadcrumb\":{\"@id\":\"https:\/\/heimstaden.com\/se\/om-oss\/mangfald\/#breadcrumb\"},\"inLanguage\":\"sv-SE\",\"potentialAction\":[{\"@type\":\"ReadAction\",\"target\":[\"https:\/\/heimstaden.com\/se\/om-oss\/mangfald\/\"]}]},{\"@type\":\"ImageObject\",\"inLanguage\":\"sv-SE\",\"@id\":\"https:\/\/heimstaden.com\/se\/om-oss\/mangfald\/#primaryimage\",\"url\":\"https:\/\/heimstaden.com\/app\/uploads\/2020\/10\/mangfald3-e1602075993875.jpg\",\"contentUrl\":\"https:\/\/heimstaden.com\/app\/uploads\/2020\/10\/mangfald3-e1602075993875.jpg\",\"width\":1600,\"height\":516},{\"@type\":\"BreadcrumbList\",\"@id\":\"https:\/\/heimstaden.com\/se\/om-oss\/mangfald\/#breadcrumb\",\"itemListElement\":[{\"@type\":\"ListItem\",\"position\":1,\"name\":\"Home\",\"item\":\"https:\/\/heimstaden.com\/se\/\"},{\"@type\":\"ListItem\",\"position\":2,\"name\":\"Om oss\",\"item\":\"https:\/\/heimstaden.com\/se\/om-oss\/\"},{\"@type\":\"ListItem\",\"position\":3,\"name\":\"M\u00e5ngfald\"}]},{\"@type\":\"WebSite\",\"@id\":\"https:\/\/heimstaden.com\/se\/#website\",\"url\":\"https:\/\/heimstaden.com\/se\/\",\"name\":\"Heimstaden\",\"description\":\"Boende med omtanke. S\u00f6k lediga l\u00e4genheter\",\"publisher\":{\"@id\":\"https:\/\/heimstaden.com\/se\/#organization\"},\"potentialAction\":[{\"@type\":\"SearchAction\",\"target\":{\"@type\":\"EntryPoint\",\"urlTemplate\":\"https:\/\/heimstaden.com\/se\/?s={search_term_string}\"},\"query-input\":{\"@type\":\"PropertyValueSpecification\",\"valueRequired\":true,\"valueName\":\"search_term_string\"}}],\"inLanguage\":\"sv-SE\"},{\"@type\":\"Organization\",\"@id\":\"https:\/\/heimstaden.com\/se\/#organization\",\"name\":\"Heimstaden Fastigheter AB\",\"url\":\"https:\/\/heimstaden.com\/se\/\",\"logo\":{\"@type\":\"ImageObject\",\"inLanguage\":\"sv-SE\",\"@id\":\"https:\/\/heimstaden.com\/se\/#\/schema\/logo\/image\/\",\"url\":\"https:\/\/heimstaden.com\/app\/uploads\/2018\/01\/Heimstaden_logo.png\",\"contentUrl\":\"https:\/\/heimstaden.com\/app\/uploads\/2018\/01\/Heimstaden_logo.png\",\"width\":1476,\"height\":214,\"caption\":\"Heimstaden Fastigheter AB\"},\"image\":{\"@id\":\"https:\/\/heimstaden.com\/se\/#\/schema\/logo\/image\/\"},\"sameAs\":[\"https:\/\/www.facebook.com\/heimstadensverige\",\"https:\/\/www.instagram.com\/heimstaden_sverige\/\",\"https:\/\/www.linkedin.com\/company\/15203568\/\",\"https:\/\/www.youtube.com\/channel\/UC7-UFyELvIZeLaG1Z9N14ZQ\",\"https:\/\/sv.wikipedia.org\/wiki\/Heimstaden\"]}]}<\/script>\n<!-- \/ Yoast SEO plugin. -->","yoast_head_json":{"title":"M\u00e5ngfald, inkludering och tillh\u00f6righet - v\u00e5r syn p\u00e5 saken - Heimstaden","description":"Vi p\u00e5 Heimstaden \u00e4r medvetna om f\u00f6ruts\u00e4ttningarna, utmaningarna och kraven n\u00e4r det kommer till m\u00e5ngfald, inkludering och tillh\u00f6righet.","robots":{"index":"index","follow":"follow","max-snippet":"max-snippet:-1","max-image-preview":"max-image-preview:large","max-video-preview":"max-video-preview:-1"},"canonical":"https:\/\/heimstaden.com\/se\/om-oss\/mangfald\/","og_locale":"sv_SE","og_type":"article","og_title":"M\u00e5ngfald, inkludering och tillh\u00f6righet - v\u00e5r syn p\u00e5 saken - Heimstaden","og_description":"Vi p\u00e5 Heimstaden \u00e4r medvetna om f\u00f6ruts\u00e4ttningarna, utmaningarna och kraven n\u00e4r det kommer till m\u00e5ngfald, inkludering och tillh\u00f6righet.","og_url":"https:\/\/heimstaden.com\/se\/om-oss\/mangfald\/","og_site_name":"Heimstaden","article_publisher":"https:\/\/www.facebook.com\/heimstadensverige","article_modified_time":"2024-12-09T12:42:29+00:00","og_image":[{"width":1600,"height":516,"url":"https:\/\/heimstaden.com\/app\/uploads\/2020\/10\/mangfald3-e1602075993875.jpg","type":"image\/jpeg"}],"twitter_card":"summary_large_image","schema":{"@context":"https:\/\/schema.org","@graph":[{"@type":"WebPage","@id":"https:\/\/heimstaden.com\/se\/om-oss\/mangfald\/","url":"https:\/\/heimstaden.com\/se\/om-oss\/mangfald\/","name":"M\u00e5ngfald, inkludering och tillh\u00f6righet - v\u00e5r syn p\u00e5 saken - Heimstaden","isPartOf":{"@id":"https:\/\/heimstaden.com\/se\/#website"},"primaryImageOfPage":{"@id":"https:\/\/heimstaden.com\/se\/om-oss\/mangfald\/#primaryimage"},"image":{"@id":"https:\/\/heimstaden.com\/se\/om-oss\/mangfald\/#primaryimage"},"thumbnailUrl":"https:\/\/heimstaden.com\/app\/uploads\/2020\/10\/mangfald3-e1602075993875.jpg","datePublished":"2020-09-07T12:00:20+00:00","dateModified":"2024-12-09T12:42:29+00:00","description":"Vi p\u00e5 Heimstaden \u00e4r medvetna om f\u00f6ruts\u00e4ttningarna, utmaningarna och kraven n\u00e4r det kommer till m\u00e5ngfald, inkludering och tillh\u00f6righet.","breadcrumb":{"@id":"https:\/\/heimstaden.com\/se\/om-oss\/mangfald\/#breadcrumb"},"inLanguage":"sv-SE","potentialAction":[{"@type":"ReadAction","target":["https:\/\/heimstaden.com\/se\/om-oss\/mangfald\/"]}]},{"@type":"ImageObject","inLanguage":"sv-SE","@id":"https:\/\/heimstaden.com\/se\/om-oss\/mangfald\/#primaryimage","url":"https:\/\/heimstaden.com\/app\/uploads\/2020\/10\/mangfald3-e1602075993875.jpg","contentUrl":"https:\/\/heimstaden.com\/app\/uploads\/2020\/10\/mangfald3-e1602075993875.jpg","width":1600,"height":516},{"@type":"BreadcrumbList","@id":"https:\/\/heimstaden.com\/se\/om-oss\/mangfald\/#breadcrumb","itemListElement":[{"@type":"ListItem","position":1,"name":"Home","item":"https:\/\/heimstaden.com\/se\/"},{"@type":"ListItem","position":2,"name":"Om oss","item":"https:\/\/heimstaden.com\/se\/om-oss\/"},{"@type":"ListItem","position":3,"name":"M\u00e5ngfald"}]},{"@type":"WebSite","@id":"https:\/\/heimstaden.com\/se\/#website","url":"https:\/\/heimstaden.com\/se\/","name":"Heimstaden","description":"Boende med omtanke. S\u00f6k lediga l\u00e4genheter","publisher":{"@id":"https:\/\/heimstaden.com\/se\/#organization"},"potentialAction":[{"@type":"SearchAction","target":{"@type":"EntryPoint","urlTemplate":"https:\/\/heimstaden.com\/se\/?s={search_term_string}"},"query-input":{"@type":"PropertyValueSpecification","valueRequired":true,"valueName":"search_term_string"}}],"inLanguage":"sv-SE"},{"@type":"Organization","@id":"https:\/\/heimstaden.com\/se\/#organization","name":"Heimstaden Fastigheter AB","url":"https:\/\/heimstaden.com\/se\/","logo":{"@type":"ImageObject","inLanguage":"sv-SE","@id":"https:\/\/heimstaden.com\/se\/#\/schema\/logo\/image\/","url":"https:\/\/heimstaden.com\/app\/uploads\/2018\/01\/Heimstaden_logo.png","contentUrl":"https:\/\/heimstaden.com\/app\/uploads\/2018\/01\/Heimstaden_logo.png","width":1476,"height":214,"caption":"Heimstaden Fastigheter AB"},"image":{"@id":"https:\/\/heimstaden.com\/se\/#\/schema\/logo\/image\/"},"sameAs":["https:\/\/www.facebook.com\/heimstadensverige","https:\/\/www.instagram.com\/heimstaden_sverige\/","https:\/\/www.linkedin.com\/company\/15203568\/","https:\/\/www.youtube.com\/channel\/UC7-UFyELvIZeLaG1Z9N14ZQ","https:\/\/sv.wikipedia.org\/wiki\/Heimstaden"]}]}},"_links":{"self":[{"href":"https:\/\/heimstaden.com\/se\/wp-json\/wp\/v2\/pages\/13262","targetHints":{"allow":["GET"]}}],"collection":[{"href":"https:\/\/heimstaden.com\/se\/wp-json\/wp\/v2\/pages"}],"about":[{"href":"https:\/\/heimstaden.com\/se\/wp-json\/wp\/v2\/types\/page"}],"author":[{"embeddable":true,"href":"https:\/\/heimstaden.com\/se\/wp-json\/wp\/v2\/users\/30"}],"replies":[{"embeddable":true,"href":"https:\/\/heimstaden.com\/se\/wp-json\/wp\/v2\/comments?post=13262"}],"version-history":[{"count":10,"href":"https:\/\/heimstaden.com\/se\/wp-json\/wp\/v2\/pages\/13262\/revisions"}],"predecessor-version":[{"id":42196,"href":"https:\/\/heimstaden.com\/se\/wp-json\/wp\/v2\/pages\/13262\/revisions\/42196"}],"up":[{"embeddable":true,"href":"https:\/\/heimstaden.com\/se\/wp-json\/wp\/v2\/pages\/161"}],"wp:featuredmedia":[{"embeddable":true,"href":"https:\/\/heimstaden.com\/se\/wp-json\/wp\/v2\/media\/13829"}],"wp:attachment":[{"href":"https:\/\/heimstaden.com\/se\/wp-json\/wp\/v2\/media?parent=13262"}],"curies":[{"name":"wp","href":"https:\/\/api.w.org\/{rel}","templated":true}]}}