{"id":12486,"date":"2020-07-06T15:51:27","date_gmt":"2020-07-06T13:51:27","guid":{"rendered":"https:\/\/heimstaden.com\/se\/?page_id=12486"},"modified":"2025-08-27T16:11:25","modified_gmt":"2025-08-27T14:11:25","slug":"kontakta-oss","status":"publish","type":"page","link":"https:\/\/heimstaden.com\/se\/student-malmo\/kontakta-oss\/","title":{"rendered":"Kontakta Heimstaden Studenthus i Malm\u00f6"},"content":{"rendered":"","protected":false},"excerpt":{"rendered":"","protected":false},"author":30,"featured_media":12728,"parent":5834,"menu_order":0,"comment_status":"closed","ping_status":"closed","template":"","meta":{"_acf_changed":false,"_relevanssi_hide_post":"","_relevanssi_hide_content":"","_relevanssi_pin_for_all":"","_relevanssi_pin_keywords":"","_relevanssi_unpin_keywords":"","_relevanssi_related_keywords":"","_relevanssi_related_include_ids":"","_relevanssi_related_exclude_ids":"","_relevanssi_related_no_append":"","_relevanssi_related_not_related":"","_relevanssi_related_posts":"","_relevanssi_noindex_reason":"","footnotes":""},"class_list":["post-12486","page","type-page","status-publish","has-post-thumbnail","hentry"],"acf":[],"yoast_head":"<!-- This site is optimized with the Yoast SEO plugin v26.3 - https:\/\/yoast.com\/wordpress\/plugins\/seo\/ -->\n<title>Kontakta Malm\u00f6 Studenthus - BoService - Heimstaden<\/title>\n<meta name=\"description\" content=\"H\u00e4r hittar du kontaktuppgifter till Heimstaden Studenthus i Malm\u00f6. Vi finns p\u00e5 Thomsons v\u00e4g 32A och du n\u00e5r oss via kundtj\u00e4nst 0770-111 050.\" \/>\n<meta name=\"robots\" content=\"index, follow, max-snippet:-1, max-image-preview:large, max-video-preview:-1\" \/>\n<link rel=\"canonical\" href=\"https:\/\/heimstaden.com\/se\/student-malmo\/kontakta-oss\/\" \/>\n<meta property=\"og:locale\" content=\"sv_SE\" \/>\n<meta property=\"og:type\" content=\"article\" \/>\n<meta property=\"og:title\" content=\"Kontakta Malm\u00f6 Studenthus - BoService - Heimstaden\" \/>\n<meta property=\"og:description\" content=\"H\u00e4r hittar du kontaktuppgifter till Heimstaden Studenthus i Malm\u00f6. Vi finns p\u00e5 Thomsons v\u00e4g 32A och du n\u00e5r oss via kundtj\u00e4nst 0770-111 050.\" \/>\n<meta property=\"og:url\" content=\"https:\/\/heimstaden.com\/se\/student-malmo\/kontakta-oss\/\" \/>\n<meta property=\"og:site_name\" content=\"Heimstaden\" \/>\n<meta property=\"article:publisher\" content=\"https:\/\/www.facebook.com\/heimstadensverige\" \/>\n<meta property=\"article:modified_time\" content=\"2025-08-27T14:11:25+00:00\" \/>\n<meta property=\"og:image\" content=\"https:\/\/heimstaden.com\/app\/uploads\/2020\/07\/malmo-studenthus-bank.jpg\" \/>\n\t<meta property=\"og:image:width\" content=\"1602\" \/>\n\t<meta property=\"og:image:height\" content=\"1200\" \/>\n\t<meta property=\"og:image:type\" content=\"image\/jpeg\" \/>\n<meta name=\"twitter:card\" content=\"summary_large_image\" \/>\n<script type=\"application\/ld+json\" class=\"yoast-schema-graph\">{\"@context\":\"https:\/\/schema.org\",\"@graph\":[{\"@type\":\"WebPage\",\"@id\":\"https:\/\/heimstaden.com\/se\/student-malmo\/kontakta-oss\/\",\"url\":\"https:\/\/heimstaden.com\/se\/student-malmo\/kontakta-oss\/\",\"name\":\"Kontakta Malm\u00f6 Studenthus - BoService - Heimstaden\",\"isPartOf\":{\"@id\":\"https:\/\/heimstaden.com\/se\/#website\"},\"primaryImageOfPage\":{\"@id\":\"https:\/\/heimstaden.com\/se\/student-malmo\/kontakta-oss\/#primaryimage\"},\"image\":{\"@id\":\"https:\/\/heimstaden.com\/se\/student-malmo\/kontakta-oss\/#primaryimage\"},\"thumbnailUrl\":\"https:\/\/heimstaden.com\/app\/uploads\/2020\/07\/malmo-studenthus-bank.jpg\",\"datePublished\":\"2020-07-06T13:51:27+00:00\",\"dateModified\":\"2025-08-27T14:11:25+00:00\",\"description\":\"H\u00e4r hittar du kontaktuppgifter till Heimstaden Studenthus i Malm\u00f6. Vi finns p\u00e5 Thomsons v\u00e4g 32A och du n\u00e5r oss via kundtj\u00e4nst 0770-111 050.\",\"breadcrumb\":{\"@id\":\"https:\/\/heimstaden.com\/se\/student-malmo\/kontakta-oss\/#breadcrumb\"},\"inLanguage\":\"sv-SE\",\"potentialAction\":[{\"@type\":\"ReadAction\",\"target\":[\"https:\/\/heimstaden.com\/se\/student-malmo\/kontakta-oss\/\"]}]},{\"@type\":\"ImageObject\",\"inLanguage\":\"sv-SE\",\"@id\":\"https:\/\/heimstaden.com\/se\/student-malmo\/kontakta-oss\/#primaryimage\",\"url\":\"https:\/\/heimstaden.com\/app\/uploads\/2020\/07\/malmo-studenthus-bank.jpg\",\"contentUrl\":\"https:\/\/heimstaden.com\/app\/uploads\/2020\/07\/malmo-studenthus-bank.jpg\",\"width\":1602,\"height\":1200,\"caption\":\"En knallgr\u00f6n tr\u00e4b\u00e4nk i n\u00e4rbild. Bakom ser man en bl\u00e5, vit och rosa tr\u00e4b\u00e4nk.\"},{\"@type\":\"BreadcrumbList\",\"@id\":\"https:\/\/heimstaden.com\/se\/student-malmo\/kontakta-oss\/#breadcrumb\",\"itemListElement\":[{\"@type\":\"ListItem\",\"position\":1,\"name\":\"Home\",\"item\":\"https:\/\/heimstaden.com\/se\/\"},{\"@type\":\"ListItem\",\"position\":2,\"name\":\"Studentbost\u00e4der i Malm\u00f6\",\"item\":\"https:\/\/heimstaden.com\/se\/student-malmo\/\"},{\"@type\":\"ListItem\",\"position\":3,\"name\":\"Kontakta Heimstaden Studenthus i Malm\u00f6\"}]},{\"@type\":\"WebSite\",\"@id\":\"https:\/\/heimstaden.com\/se\/#website\",\"url\":\"https:\/\/heimstaden.com\/se\/\",\"name\":\"Heimstaden\",\"description\":\"Boende med omtanke. S\u00f6k lediga l\u00e4genheter\",\"publisher\":{\"@id\":\"https:\/\/heimstaden.com\/se\/#organization\"},\"potentialAction\":[{\"@type\":\"SearchAction\",\"target\":{\"@type\":\"EntryPoint\",\"urlTemplate\":\"https:\/\/heimstaden.com\/se\/?s={search_term_string}\"},\"query-input\":{\"@type\":\"PropertyValueSpecification\",\"valueRequired\":true,\"valueName\":\"search_term_string\"}}],\"inLanguage\":\"sv-SE\"},{\"@type\":\"Organization\",\"@id\":\"https:\/\/heimstaden.com\/se\/#organization\",\"name\":\"Heimstaden Fastigheter AB\",\"url\":\"https:\/\/heimstaden.com\/se\/\",\"logo\":{\"@type\":\"ImageObject\",\"inLanguage\":\"sv-SE\",\"@id\":\"https:\/\/heimstaden.com\/se\/#\/schema\/logo\/image\/\",\"url\":\"https:\/\/heimstaden.com\/app\/uploads\/2018\/01\/Heimstaden_logo.png\",\"contentUrl\":\"https:\/\/heimstaden.com\/app\/uploads\/2018\/01\/Heimstaden_logo.png\",\"width\":1476,\"height\":214,\"caption\":\"Heimstaden Fastigheter AB\"},\"image\":{\"@id\":\"https:\/\/heimstaden.com\/se\/#\/schema\/logo\/image\/\"},\"sameAs\":[\"https:\/\/www.facebook.com\/heimstadensverige\",\"https:\/\/www.instagram.com\/heimstaden_sverige\/\",\"https:\/\/www.linkedin.com\/company\/15203568\/\",\"https:\/\/www.youtube.com\/channel\/UC7-UFyELvIZeLaG1Z9N14ZQ\",\"https:\/\/sv.wikipedia.org\/wiki\/Heimstaden\"]}]}<\/script>\n<!-- \/ Yoast SEO plugin. -->","yoast_head_json":{"title":"Kontakta Malm\u00f6 Studenthus - BoService - Heimstaden","description":"H\u00e4r hittar du kontaktuppgifter till Heimstaden Studenthus i Malm\u00f6. Vi finns p\u00e5 Thomsons v\u00e4g 32A och du n\u00e5r oss via kundtj\u00e4nst 0770-111 050.","robots":{"index":"index","follow":"follow","max-snippet":"max-snippet:-1","max-image-preview":"max-image-preview:large","max-video-preview":"max-video-preview:-1"},"canonical":"https:\/\/heimstaden.com\/se\/student-malmo\/kontakta-oss\/","og_locale":"sv_SE","og_type":"article","og_title":"Kontakta Malm\u00f6 Studenthus - BoService - Heimstaden","og_description":"H\u00e4r hittar du kontaktuppgifter till Heimstaden Studenthus i Malm\u00f6. Vi finns p\u00e5 Thomsons v\u00e4g 32A och du n\u00e5r oss via kundtj\u00e4nst 0770-111 050.","og_url":"https:\/\/heimstaden.com\/se\/student-malmo\/kontakta-oss\/","og_site_name":"Heimstaden","article_publisher":"https:\/\/www.facebook.com\/heimstadensverige","article_modified_time":"2025-08-27T14:11:25+00:00","og_image":[{"width":1602,"height":1200,"url":"https:\/\/heimstaden.com\/app\/uploads\/2020\/07\/malmo-studenthus-bank.jpg","type":"image\/jpeg"}],"twitter_card":"summary_large_image","schema":{"@context":"https:\/\/schema.org","@graph":[{"@type":"WebPage","@id":"https:\/\/heimstaden.com\/se\/student-malmo\/kontakta-oss\/","url":"https:\/\/heimstaden.com\/se\/student-malmo\/kontakta-oss\/","name":"Kontakta Malm\u00f6 Studenthus - BoService - Heimstaden","isPartOf":{"@id":"https:\/\/heimstaden.com\/se\/#website"},"primaryImageOfPage":{"@id":"https:\/\/heimstaden.com\/se\/student-malmo\/kontakta-oss\/#primaryimage"},"image":{"@id":"https:\/\/heimstaden.com\/se\/student-malmo\/kontakta-oss\/#primaryimage"},"thumbnailUrl":"https:\/\/heimstaden.com\/app\/uploads\/2020\/07\/malmo-studenthus-bank.jpg","datePublished":"2020-07-06T13:51:27+00:00","dateModified":"2025-08-27T14:11:25+00:00","description":"H\u00e4r hittar du kontaktuppgifter till Heimstaden Studenthus i Malm\u00f6. Vi finns p\u00e5 Thomsons v\u00e4g 32A och du n\u00e5r oss via kundtj\u00e4nst 0770-111 050.","breadcrumb":{"@id":"https:\/\/heimstaden.com\/se\/student-malmo\/kontakta-oss\/#breadcrumb"},"inLanguage":"sv-SE","potentialAction":[{"@type":"ReadAction","target":["https:\/\/heimstaden.com\/se\/student-malmo\/kontakta-oss\/"]}]},{"@type":"ImageObject","inLanguage":"sv-SE","@id":"https:\/\/heimstaden.com\/se\/student-malmo\/kontakta-oss\/#primaryimage","url":"https:\/\/heimstaden.com\/app\/uploads\/2020\/07\/malmo-studenthus-bank.jpg","contentUrl":"https:\/\/heimstaden.com\/app\/uploads\/2020\/07\/malmo-studenthus-bank.jpg","width":1602,"height":1200,"caption":"En knallgr\u00f6n tr\u00e4b\u00e4nk i n\u00e4rbild. Bakom ser man en bl\u00e5, vit och rosa tr\u00e4b\u00e4nk."},{"@type":"BreadcrumbList","@id":"https:\/\/heimstaden.com\/se\/student-malmo\/kontakta-oss\/#breadcrumb","itemListElement":[{"@type":"ListItem","position":1,"name":"Home","item":"https:\/\/heimstaden.com\/se\/"},{"@type":"ListItem","position":2,"name":"Studentbost\u00e4der i Malm\u00f6","item":"https:\/\/heimstaden.com\/se\/student-malmo\/"},{"@type":"ListItem","position":3,"name":"Kontakta Heimstaden Studenthus i Malm\u00f6"}]},{"@type":"WebSite","@id":"https:\/\/heimstaden.com\/se\/#website","url":"https:\/\/heimstaden.com\/se\/","name":"Heimstaden","description":"Boende med omtanke. S\u00f6k lediga l\u00e4genheter","publisher":{"@id":"https:\/\/heimstaden.com\/se\/#organization"},"potentialAction":[{"@type":"SearchAction","target":{"@type":"EntryPoint","urlTemplate":"https:\/\/heimstaden.com\/se\/?s={search_term_string}"},"query-input":{"@type":"PropertyValueSpecification","valueRequired":true,"valueName":"search_term_string"}}],"inLanguage":"sv-SE"},{"@type":"Organization","@id":"https:\/\/heimstaden.com\/se\/#organization","name":"Heimstaden Fastigheter AB","url":"https:\/\/heimstaden.com\/se\/","logo":{"@type":"ImageObject","inLanguage":"sv-SE","@id":"https:\/\/heimstaden.com\/se\/#\/schema\/logo\/image\/","url":"https:\/\/heimstaden.com\/app\/uploads\/2018\/01\/Heimstaden_logo.png","contentUrl":"https:\/\/heimstaden.com\/app\/uploads\/2018\/01\/Heimstaden_logo.png","width":1476,"height":214,"caption":"Heimstaden Fastigheter AB"},"image":{"@id":"https:\/\/heimstaden.com\/se\/#\/schema\/logo\/image\/"},"sameAs":["https:\/\/www.facebook.com\/heimstadensverige","https:\/\/www.instagram.com\/heimstaden_sverige\/","https:\/\/www.linkedin.com\/company\/15203568\/","https:\/\/www.youtube.com\/channel\/UC7-UFyELvIZeLaG1Z9N14ZQ","https:\/\/sv.wikipedia.org\/wiki\/Heimstaden"]}]}},"_links":{"self":[{"href":"https:\/\/heimstaden.com\/se\/wp-json\/wp\/v2\/pages\/12486","targetHints":{"allow":["GET"]}}],"collection":[{"href":"https:\/\/heimstaden.com\/se\/wp-json\/wp\/v2\/pages"}],"about":[{"href":"https:\/\/heimstaden.com\/se\/wp-json\/wp\/v2\/types\/page"}],"author":[{"embeddable":true,"href":"https:\/\/heimstaden.com\/se\/wp-json\/wp\/v2\/users\/30"}],"replies":[{"embeddable":true,"href":"https:\/\/heimstaden.com\/se\/wp-json\/wp\/v2\/comments?post=12486"}],"version-history":[{"count":12,"href":"https:\/\/heimstaden.com\/se\/wp-json\/wp\/v2\/pages\/12486\/revisions"}],"predecessor-version":[{"id":44698,"href":"https:\/\/heimstaden.com\/se\/wp-json\/wp\/v2\/pages\/12486\/revisions\/44698"}],"up":[{"embeddable":true,"href":"https:\/\/heimstaden.com\/se\/wp-json\/wp\/v2\/pages\/5834"}],"wp:featuredmedia":[{"embeddable":true,"href":"https:\/\/heimstaden.com\/se\/wp-json\/wp\/v2\/media\/12728"}],"wp:attachment":[{"href":"https:\/\/heimstaden.com\/se\/wp-json\/wp\/v2\/media?parent=12486"}],"curies":[{"name":"wp","href":"https:\/\/api.w.org\/{rel}","templated":true}]}}