{"id":10802,"date":"2020-03-16T20:37:01","date_gmt":"2020-03-16T19:37:01","guid":{"rendered":"https:\/\/heimstaden.com\/se\/?page_id=10802"},"modified":"2023-06-29T07:32:45","modified_gmt":"2023-06-29T05:32:45","slug":"sok-parkering","status":"publish","type":"page","link":"https:\/\/heimstaden.com\/se\/sok-parkering\/","title":{"rendered":"S\u00f6k parkering"},"content":{"rendered":"","protected":false},"excerpt":{"rendered":"","protected":false},"author":13,"featured_media":14780,"parent":0,"menu_order":0,"comment_status":"closed","ping_status":"closed","template":"","meta":{"_acf_changed":false,"_relevanssi_hide_post":"","_relevanssi_hide_content":"","_relevanssi_pin_for_all":"","_relevanssi_pin_keywords":"","_relevanssi_unpin_keywords":"","_relevanssi_related_keywords":"","_relevanssi_related_include_ids":"","_relevanssi_related_exclude_ids":"","_relevanssi_related_no_append":"","_relevanssi_related_not_related":"","_relevanssi_related_posts":"","_relevanssi_noindex_reason":"","footnotes":""},"class_list":["post-10802","page","type-page","status-publish","has-post-thumbnail","hentry"],"acf":[],"yoast_head":"<!-- This site is optimized with the Yoast SEO plugin v26.3 - https:\/\/yoast.com\/wordpress\/plugins\/seo\/ -->\n<title>S\u00f6k ledig parkering - hela Sverige - Heimstaden<\/title>\n<meta name=\"description\" content=\"S\u00f6ker du en parkeringsplats eller garage? H\u00e4r kan du s\u00f6ka och se alla v\u00e5ra lediga parkeringar just nu. Vi finns p\u00e5 flera platser i landet.\" \/>\n<meta name=\"robots\" content=\"index, follow, max-snippet:-1, max-image-preview:large, max-video-preview:-1\" \/>\n<link rel=\"canonical\" href=\"https:\/\/heimstaden.com\/se\/sok-parkering\/\" \/>\n<meta property=\"og:locale\" content=\"sv_SE\" \/>\n<meta property=\"og:type\" content=\"article\" \/>\n<meta property=\"og:title\" content=\"S\u00f6k ledig parkering - hela Sverige - Heimstaden\" \/>\n<meta property=\"og:description\" content=\"S\u00f6ker du en parkeringsplats eller garage? H\u00e4r kan du s\u00f6ka och se alla v\u00e5ra lediga parkeringar just nu. Vi finns p\u00e5 flera platser i landet.\" \/>\n<meta property=\"og:url\" content=\"https:\/\/heimstaden.com\/se\/sok-parkering\/\" \/>\n<meta property=\"og:site_name\" content=\"Heimstaden\" \/>\n<meta property=\"article:publisher\" content=\"https:\/\/www.facebook.com\/heimstadensverige\" \/>\n<meta property=\"article:modified_time\" content=\"2023-06-29T05:32:45+00:00\" \/>\n<meta property=\"og:image\" content=\"https:\/\/heimstaden.com\/app\/uploads\/2020\/12\/Parkering-Heimstaden.jpg\" \/>\n\t<meta property=\"og:image:width\" content=\"1600\" \/>\n\t<meta property=\"og:image:height\" content=\"700\" \/>\n\t<meta property=\"og:image:type\" content=\"image\/jpeg\" \/>\n<meta name=\"twitter:card\" content=\"summary_large_image\" \/>\n<script type=\"application\/ld+json\" class=\"yoast-schema-graph\">{\"@context\":\"https:\/\/schema.org\",\"@graph\":[{\"@type\":\"WebPage\",\"@id\":\"https:\/\/heimstaden.com\/se\/sok-parkering\/\",\"url\":\"https:\/\/heimstaden.com\/se\/sok-parkering\/\",\"name\":\"S\u00f6k ledig parkering - hela Sverige - Heimstaden\",\"isPartOf\":{\"@id\":\"https:\/\/heimstaden.com\/se\/#website\"},\"primaryImageOfPage\":{\"@id\":\"https:\/\/heimstaden.com\/se\/sok-parkering\/#primaryimage\"},\"image\":{\"@id\":\"https:\/\/heimstaden.com\/se\/sok-parkering\/#primaryimage\"},\"thumbnailUrl\":\"https:\/\/heimstaden.com\/app\/uploads\/2020\/12\/Parkering-Heimstaden.jpg\",\"datePublished\":\"2020-03-16T19:37:01+00:00\",\"dateModified\":\"2023-06-29T05:32:45+00:00\",\"description\":\"S\u00f6ker du en parkeringsplats eller garage? H\u00e4r kan du s\u00f6ka och se alla v\u00e5ra lediga parkeringar just nu. Vi finns p\u00e5 flera platser i landet.\",\"breadcrumb\":{\"@id\":\"https:\/\/heimstaden.com\/se\/sok-parkering\/#breadcrumb\"},\"inLanguage\":\"sv-SE\",\"potentialAction\":[{\"@type\":\"ReadAction\",\"target\":[\"https:\/\/heimstaden.com\/se\/sok-parkering\/\"]}]},{\"@type\":\"ImageObject\",\"inLanguage\":\"sv-SE\",\"@id\":\"https:\/\/heimstaden.com\/se\/sok-parkering\/#primaryimage\",\"url\":\"https:\/\/heimstaden.com\/app\/uploads\/2020\/12\/Parkering-Heimstaden.jpg\",\"contentUrl\":\"https:\/\/heimstaden.com\/app\/uploads\/2020\/12\/Parkering-Heimstaden.jpg\",\"width\":1600,\"height\":700,\"caption\":\"Lediga parkeringar Heimstaden\"},{\"@type\":\"BreadcrumbList\",\"@id\":\"https:\/\/heimstaden.com\/se\/sok-parkering\/#breadcrumb\",\"itemListElement\":[{\"@type\":\"ListItem\",\"position\":1,\"name\":\"Home\",\"item\":\"https:\/\/heimstaden.com\/se\/\"},{\"@type\":\"ListItem\",\"position\":2,\"name\":\"S\u00f6k parkering\"}]},{\"@type\":\"WebSite\",\"@id\":\"https:\/\/heimstaden.com\/se\/#website\",\"url\":\"https:\/\/heimstaden.com\/se\/\",\"name\":\"Heimstaden\",\"description\":\"Boende med omtanke. S\u00f6k lediga l\u00e4genheter\",\"publisher\":{\"@id\":\"https:\/\/heimstaden.com\/se\/#organization\"},\"potentialAction\":[{\"@type\":\"SearchAction\",\"target\":{\"@type\":\"EntryPoint\",\"urlTemplate\":\"https:\/\/heimstaden.com\/se\/?s={search_term_string}\"},\"query-input\":{\"@type\":\"PropertyValueSpecification\",\"valueRequired\":true,\"valueName\":\"search_term_string\"}}],\"inLanguage\":\"sv-SE\"},{\"@type\":\"Organization\",\"@id\":\"https:\/\/heimstaden.com\/se\/#organization\",\"name\":\"Heimstaden Fastigheter AB\",\"url\":\"https:\/\/heimstaden.com\/se\/\",\"logo\":{\"@type\":\"ImageObject\",\"inLanguage\":\"sv-SE\",\"@id\":\"https:\/\/heimstaden.com\/se\/#\/schema\/logo\/image\/\",\"url\":\"https:\/\/heimstaden.com\/app\/uploads\/2018\/01\/Heimstaden_logo.png\",\"contentUrl\":\"https:\/\/heimstaden.com\/app\/uploads\/2018\/01\/Heimstaden_logo.png\",\"width\":1476,\"height\":214,\"caption\":\"Heimstaden Fastigheter AB\"},\"image\":{\"@id\":\"https:\/\/heimstaden.com\/se\/#\/schema\/logo\/image\/\"},\"sameAs\":[\"https:\/\/www.facebook.com\/heimstadensverige\",\"https:\/\/www.instagram.com\/heimstaden_sverige\/\",\"https:\/\/www.linkedin.com\/company\/15203568\/\",\"https:\/\/www.youtube.com\/channel\/UC7-UFyELvIZeLaG1Z9N14ZQ\",\"https:\/\/sv.wikipedia.org\/wiki\/Heimstaden\"]}]}<\/script>\n<!-- \/ Yoast SEO plugin. -->","yoast_head_json":{"title":"S\u00f6k ledig parkering - hela Sverige - Heimstaden","description":"S\u00f6ker du en parkeringsplats eller garage? H\u00e4r kan du s\u00f6ka och se alla v\u00e5ra lediga parkeringar just nu. Vi finns p\u00e5 flera platser i landet.","robots":{"index":"index","follow":"follow","max-snippet":"max-snippet:-1","max-image-preview":"max-image-preview:large","max-video-preview":"max-video-preview:-1"},"canonical":"https:\/\/heimstaden.com\/se\/sok-parkering\/","og_locale":"sv_SE","og_type":"article","og_title":"S\u00f6k ledig parkering - hela Sverige - Heimstaden","og_description":"S\u00f6ker du en parkeringsplats eller garage? H\u00e4r kan du s\u00f6ka och se alla v\u00e5ra lediga parkeringar just nu. Vi finns p\u00e5 flera platser i landet.","og_url":"https:\/\/heimstaden.com\/se\/sok-parkering\/","og_site_name":"Heimstaden","article_publisher":"https:\/\/www.facebook.com\/heimstadensverige","article_modified_time":"2023-06-29T05:32:45+00:00","og_image":[{"width":1600,"height":700,"url":"https:\/\/heimstaden.com\/app\/uploads\/2020\/12\/Parkering-Heimstaden.jpg","type":"image\/jpeg"}],"twitter_card":"summary_large_image","schema":{"@context":"https:\/\/schema.org","@graph":[{"@type":"WebPage","@id":"https:\/\/heimstaden.com\/se\/sok-parkering\/","url":"https:\/\/heimstaden.com\/se\/sok-parkering\/","name":"S\u00f6k ledig parkering - hela Sverige - Heimstaden","isPartOf":{"@id":"https:\/\/heimstaden.com\/se\/#website"},"primaryImageOfPage":{"@id":"https:\/\/heimstaden.com\/se\/sok-parkering\/#primaryimage"},"image":{"@id":"https:\/\/heimstaden.com\/se\/sok-parkering\/#primaryimage"},"thumbnailUrl":"https:\/\/heimstaden.com\/app\/uploads\/2020\/12\/Parkering-Heimstaden.jpg","datePublished":"2020-03-16T19:37:01+00:00","dateModified":"2023-06-29T05:32:45+00:00","description":"S\u00f6ker du en parkeringsplats eller garage? H\u00e4r kan du s\u00f6ka och se alla v\u00e5ra lediga parkeringar just nu. Vi finns p\u00e5 flera platser i landet.","breadcrumb":{"@id":"https:\/\/heimstaden.com\/se\/sok-parkering\/#breadcrumb"},"inLanguage":"sv-SE","potentialAction":[{"@type":"ReadAction","target":["https:\/\/heimstaden.com\/se\/sok-parkering\/"]}]},{"@type":"ImageObject","inLanguage":"sv-SE","@id":"https:\/\/heimstaden.com\/se\/sok-parkering\/#primaryimage","url":"https:\/\/heimstaden.com\/app\/uploads\/2020\/12\/Parkering-Heimstaden.jpg","contentUrl":"https:\/\/heimstaden.com\/app\/uploads\/2020\/12\/Parkering-Heimstaden.jpg","width":1600,"height":700,"caption":"Lediga parkeringar Heimstaden"},{"@type":"BreadcrumbList","@id":"https:\/\/heimstaden.com\/se\/sok-parkering\/#breadcrumb","itemListElement":[{"@type":"ListItem","position":1,"name":"Home","item":"https:\/\/heimstaden.com\/se\/"},{"@type":"ListItem","position":2,"name":"S\u00f6k parkering"}]},{"@type":"WebSite","@id":"https:\/\/heimstaden.com\/se\/#website","url":"https:\/\/heimstaden.com\/se\/","name":"Heimstaden","description":"Boende med omtanke. S\u00f6k lediga l\u00e4genheter","publisher":{"@id":"https:\/\/heimstaden.com\/se\/#organization"},"potentialAction":[{"@type":"SearchAction","target":{"@type":"EntryPoint","urlTemplate":"https:\/\/heimstaden.com\/se\/?s={search_term_string}"},"query-input":{"@type":"PropertyValueSpecification","valueRequired":true,"valueName":"search_term_string"}}],"inLanguage":"sv-SE"},{"@type":"Organization","@id":"https:\/\/heimstaden.com\/se\/#organization","name":"Heimstaden Fastigheter AB","url":"https:\/\/heimstaden.com\/se\/","logo":{"@type":"ImageObject","inLanguage":"sv-SE","@id":"https:\/\/heimstaden.com\/se\/#\/schema\/logo\/image\/","url":"https:\/\/heimstaden.com\/app\/uploads\/2018\/01\/Heimstaden_logo.png","contentUrl":"https:\/\/heimstaden.com\/app\/uploads\/2018\/01\/Heimstaden_logo.png","width":1476,"height":214,"caption":"Heimstaden Fastigheter AB"},"image":{"@id":"https:\/\/heimstaden.com\/se\/#\/schema\/logo\/image\/"},"sameAs":["https:\/\/www.facebook.com\/heimstadensverige","https:\/\/www.instagram.com\/heimstaden_sverige\/","https:\/\/www.linkedin.com\/company\/15203568\/","https:\/\/www.youtube.com\/channel\/UC7-UFyELvIZeLaG1Z9N14ZQ","https:\/\/sv.wikipedia.org\/wiki\/Heimstaden"]}]}},"_links":{"self":[{"href":"https:\/\/heimstaden.com\/se\/wp-json\/wp\/v2\/pages\/10802","targetHints":{"allow":["GET"]}}],"collection":[{"href":"https:\/\/heimstaden.com\/se\/wp-json\/wp\/v2\/pages"}],"about":[{"href":"https:\/\/heimstaden.com\/se\/wp-json\/wp\/v2\/types\/page"}],"author":[{"embeddable":true,"href":"https:\/\/heimstaden.com\/se\/wp-json\/wp\/v2\/users\/13"}],"replies":[{"embeddable":true,"href":"https:\/\/heimstaden.com\/se\/wp-json\/wp\/v2\/comments?post=10802"}],"version-history":[{"count":11,"href":"https:\/\/heimstaden.com\/se\/wp-json\/wp\/v2\/pages\/10802\/revisions"}],"predecessor-version":[{"id":36318,"href":"https:\/\/heimstaden.com\/se\/wp-json\/wp\/v2\/pages\/10802\/revisions\/36318"}],"wp:featuredmedia":[{"embeddable":true,"href":"https:\/\/heimstaden.com\/se\/wp-json\/wp\/v2\/media\/14780"}],"wp:attachment":[{"href":"https:\/\/heimstaden.com\/se\/wp-json\/wp\/v2\/media?parent=10802"}],"curies":[{"name":"wp","href":"https:\/\/api.w.org\/{rel}","templated":true}]}}