{"id":20468,"date":"2025-09-12T14:32:14","date_gmt":"2025-09-12T12:32:14","guid":{"rendered":"https:\/\/heimstaden.com\/pl\/?page_id=20468"},"modified":"2025-09-12T14:32:14","modified_gmt":"2025-09-12T12:32:14","slug":"czyzyny","status":"publish","type":"page","link":"https:\/\/heimstaden.com\/pl\/mieszkania-na-sprzedaz\/czyzyny\/","title":{"rendered":"Mieszkania na sprzeda\u017c Czy\u017cyny"},"content":{"rendered":"","protected":false},"excerpt":{"rendered":"","protected":false},"author":115,"featured_media":20606,"parent":19988,"menu_order":0,"comment_status":"closed","ping_status":"closed","template":"","meta":{"_acf_changed":false,"_relevanssi_hide_post":"","_relevanssi_hide_content":"","_relevanssi_pin_for_all":"","_relevanssi_pin_keywords":"","_relevanssi_unpin_keywords":"","_relevanssi_related_keywords":"","_relevanssi_related_include_ids":"","_relevanssi_related_exclude_ids":"","_relevanssi_related_no_append":"","_relevanssi_related_not_related":"","_relevanssi_related_posts":"","_relevanssi_noindex_reason":"","footnotes":""},"class_list":["post-20468","page","type-page","status-publish","has-post-thumbnail","hentry"],"acf":[],"yoast_head":"<!-- This site is optimized with the Yoast SEO plugin v26.3 - https:\/\/yoast.com\/wordpress\/plugins\/seo\/ -->\n<title>Mieszkania na sprzeda\u017c Czy\u017cyny \u2013 komfort i dobra lokalizacja<\/title>\n<meta name=\"description\" content=\"Mieszkania na sprzeda\u017c Czy\u017cyny to komfort, ziele\u0144 i dobra lokalizacja. Sprawd\u017a oferty w jednej z najatrakcyjniejszych dzielnic Krakowa!\" \/>\n<meta name=\"robots\" content=\"index, follow, max-snippet:-1, max-image-preview:large, max-video-preview:-1\" \/>\n<link rel=\"canonical\" href=\"https:\/\/heimstaden.com\/pl\/mieszkania-na-sprzedaz\/czyzyny\/\" \/>\n<meta property=\"og:locale\" content=\"pl_PL\" \/>\n<meta property=\"og:type\" content=\"article\" \/>\n<meta property=\"og:title\" content=\"Mieszkania na sprzeda\u017c Czy\u017cyny \u2013 komfort i dobra lokalizacja\" \/>\n<meta property=\"og:description\" content=\"Mieszkania na sprzeda\u017c Czy\u017cyny to komfort, ziele\u0144 i dobra lokalizacja. Sprawd\u017a oferty w jednej z najatrakcyjniejszych dzielnic Krakowa!\" \/>\n<meta property=\"og:url\" content=\"https:\/\/heimstaden.com\/pl\/mieszkania-na-sprzedaz\/czyzyny\/\" \/>\n<meta property=\"og:site_name\" content=\"Heimstaden\" \/>\n<meta property=\"article:publisher\" content=\"https:\/\/www.facebook.com\/HeimstadenPolska\" \/>\n<meta property=\"og:image\" content=\"https:\/\/heimstaden.com\/app\/uploads\/sites\/8\/2025\/08\/male11.jpg\" \/>\n\t<meta property=\"og:image:width\" content=\"1024\" \/>\n\t<meta property=\"og:image:height\" content=\"576\" \/>\n\t<meta property=\"og:image:type\" content=\"image\/jpeg\" \/>\n<meta name=\"twitter:card\" content=\"summary_large_image\" \/>\n<meta name=\"twitter:label1\" content=\"Est. reading time\" \/>\n\t<meta name=\"twitter:data1\" content=\"8 minut\" \/>\n<script type=\"application\/ld+json\" class=\"yoast-schema-graph\">{\"@context\":\"https:\/\/schema.org\",\"@graph\":[{\"@type\":\"WebPage\",\"@id\":\"https:\/\/heimstaden.com\/pl\/mieszkania-na-sprzedaz\/czyzyny\/\",\"url\":\"https:\/\/heimstaden.com\/pl\/mieszkania-na-sprzedaz\/czyzyny\/\",\"name\":\"Mieszkania na sprzeda\u017c Czy\u017cyny \u2013 komfort i dobra lokalizacja\",\"isPartOf\":{\"@id\":\"https:\/\/heimstaden.com\/pl\/#website\"},\"primaryImageOfPage\":{\"@id\":\"https:\/\/heimstaden.com\/pl\/mieszkania-na-sprzedaz\/czyzyny\/#primaryimage\"},\"image\":{\"@id\":\"https:\/\/heimstaden.com\/pl\/mieszkania-na-sprzedaz\/czyzyny\/#primaryimage\"},\"thumbnailUrl\":\"https:\/\/heimstaden.com\/app\/uploads\/sites\/8\/2025\/08\/male11.jpg\",\"datePublished\":\"2025-09-12T12:32:14+00:00\",\"description\":\"Mieszkania na sprzeda\u017c Czy\u017cyny to komfort, ziele\u0144 i dobra lokalizacja. Sprawd\u017a oferty w jednej z najatrakcyjniejszych dzielnic Krakowa!\",\"breadcrumb\":{\"@id\":\"https:\/\/heimstaden.com\/pl\/mieszkania-na-sprzedaz\/czyzyny\/#breadcrumb\"},\"inLanguage\":\"pl-PL\",\"potentialAction\":[{\"@type\":\"ReadAction\",\"target\":[\"https:\/\/heimstaden.com\/pl\/mieszkania-na-sprzedaz\/czyzyny\/\"]}]},{\"@type\":\"ImageObject\",\"inLanguage\":\"pl-PL\",\"@id\":\"https:\/\/heimstaden.com\/pl\/mieszkania-na-sprzedaz\/czyzyny\/#primaryimage\",\"url\":\"https:\/\/heimstaden.com\/app\/uploads\/sites\/8\/2025\/08\/male11.jpg\",\"contentUrl\":\"https:\/\/heimstaden.com\/app\/uploads\/sites\/8\/2025\/08\/male11.jpg\",\"width\":1024,\"height\":576,\"caption\":\"default\"},{\"@type\":\"BreadcrumbList\",\"@id\":\"https:\/\/heimstaden.com\/pl\/mieszkania-na-sprzedaz\/czyzyny\/#breadcrumb\",\"itemListElement\":[{\"@type\":\"ListItem\",\"position\":1,\"name\":\"Mieszkania na sprzeda\u017c\",\"item\":\"https:\/\/heimstaden.com\/pl\/mieszkania-na-sprzedaz\/\"},{\"@type\":\"ListItem\",\"position\":2,\"name\":\"Mieszkania na sprzeda\u017c Czy\u017cyny\"}]},{\"@type\":\"WebSite\",\"@id\":\"https:\/\/heimstaden.com\/pl\/#website\",\"url\":\"https:\/\/heimstaden.com\/pl\/\",\"name\":\"Heimstaden\",\"description\":\"Friendly Homes\",\"publisher\":{\"@id\":\"https:\/\/heimstaden.com\/pl\/#organization\"},\"potentialAction\":[{\"@type\":\"SearchAction\",\"target\":{\"@type\":\"EntryPoint\",\"urlTemplate\":\"https:\/\/heimstaden.com\/pl\/?s={search_term_string}\"},\"query-input\":{\"@type\":\"PropertyValueSpecification\",\"valueRequired\":true,\"valueName\":\"search_term_string\"}}],\"inLanguage\":\"pl-PL\"},{\"@type\":\"Organization\",\"@id\":\"https:\/\/heimstaden.com\/pl\/#organization\",\"name\":\"Heimstaden Poland\",\"url\":\"https:\/\/heimstaden.com\/pl\/\",\"logo\":{\"@type\":\"ImageObject\",\"inLanguage\":\"pl-PL\",\"@id\":\"https:\/\/heimstaden.com\/pl\/#\/schema\/logo\/image\/\",\"url\":\"https:\/\/heimstaden.com\/app\/uploads\/sites\/8\/2022\/09\/Heimstaden_logo.png\",\"contentUrl\":\"https:\/\/heimstaden.com\/app\/uploads\/sites\/8\/2022\/09\/Heimstaden_logo.png\",\"width\":1476,\"height\":214,\"caption\":\"Heimstaden Poland\"},\"image\":{\"@id\":\"https:\/\/heimstaden.com\/pl\/#\/schema\/logo\/image\/\"},\"sameAs\":[\"https:\/\/www.facebook.com\/HeimstadenPolska\",\"https:\/\/www.linkedin.com\/company\/heimstaden-poland\/\"]}]}<\/script>\n<!-- \/ Yoast SEO plugin. -->","yoast_head_json":{"title":"Mieszkania na sprzeda\u017c Czy\u017cyny \u2013 komfort i dobra lokalizacja","description":"Mieszkania na sprzeda\u017c Czy\u017cyny to komfort, ziele\u0144 i dobra lokalizacja. Sprawd\u017a oferty w jednej z najatrakcyjniejszych dzielnic Krakowa!","robots":{"index":"index","follow":"follow","max-snippet":"max-snippet:-1","max-image-preview":"max-image-preview:large","max-video-preview":"max-video-preview:-1"},"canonical":"https:\/\/heimstaden.com\/pl\/mieszkania-na-sprzedaz\/czyzyny\/","og_locale":"pl_PL","og_type":"article","og_title":"Mieszkania na sprzeda\u017c Czy\u017cyny \u2013 komfort i dobra lokalizacja","og_description":"Mieszkania na sprzeda\u017c Czy\u017cyny to komfort, ziele\u0144 i dobra lokalizacja. Sprawd\u017a oferty w jednej z najatrakcyjniejszych dzielnic Krakowa!","og_url":"https:\/\/heimstaden.com\/pl\/mieszkania-na-sprzedaz\/czyzyny\/","og_site_name":"Heimstaden","article_publisher":"https:\/\/www.facebook.com\/HeimstadenPolska","og_image":[{"width":1024,"height":576,"url":"https:\/\/heimstaden.com\/app\/uploads\/sites\/8\/2025\/08\/male11.jpg","type":"image\/jpeg"}],"twitter_card":"summary_large_image","twitter_misc":{"Est. reading time":"8 minut"},"schema":{"@context":"https:\/\/schema.org","@graph":[{"@type":"WebPage","@id":"https:\/\/heimstaden.com\/pl\/mieszkania-na-sprzedaz\/czyzyny\/","url":"https:\/\/heimstaden.com\/pl\/mieszkania-na-sprzedaz\/czyzyny\/","name":"Mieszkania na sprzeda\u017c Czy\u017cyny \u2013 komfort i dobra lokalizacja","isPartOf":{"@id":"https:\/\/heimstaden.com\/pl\/#website"},"primaryImageOfPage":{"@id":"https:\/\/heimstaden.com\/pl\/mieszkania-na-sprzedaz\/czyzyny\/#primaryimage"},"image":{"@id":"https:\/\/heimstaden.com\/pl\/mieszkania-na-sprzedaz\/czyzyny\/#primaryimage"},"thumbnailUrl":"https:\/\/heimstaden.com\/app\/uploads\/sites\/8\/2025\/08\/male11.jpg","datePublished":"2025-09-12T12:32:14+00:00","description":"Mieszkania na sprzeda\u017c Czy\u017cyny to komfort, ziele\u0144 i dobra lokalizacja. Sprawd\u017a oferty w jednej z najatrakcyjniejszych dzielnic Krakowa!","breadcrumb":{"@id":"https:\/\/heimstaden.com\/pl\/mieszkania-na-sprzedaz\/czyzyny\/#breadcrumb"},"inLanguage":"pl-PL","potentialAction":[{"@type":"ReadAction","target":["https:\/\/heimstaden.com\/pl\/mieszkania-na-sprzedaz\/czyzyny\/"]}]},{"@type":"ImageObject","inLanguage":"pl-PL","@id":"https:\/\/heimstaden.com\/pl\/mieszkania-na-sprzedaz\/czyzyny\/#primaryimage","url":"https:\/\/heimstaden.com\/app\/uploads\/sites\/8\/2025\/08\/male11.jpg","contentUrl":"https:\/\/heimstaden.com\/app\/uploads\/sites\/8\/2025\/08\/male11.jpg","width":1024,"height":576,"caption":"default"},{"@type":"BreadcrumbList","@id":"https:\/\/heimstaden.com\/pl\/mieszkania-na-sprzedaz\/czyzyny\/#breadcrumb","itemListElement":[{"@type":"ListItem","position":1,"name":"Mieszkania na sprzeda\u017c","item":"https:\/\/heimstaden.com\/pl\/mieszkania-na-sprzedaz\/"},{"@type":"ListItem","position":2,"name":"Mieszkania na sprzeda\u017c Czy\u017cyny"}]},{"@type":"WebSite","@id":"https:\/\/heimstaden.com\/pl\/#website","url":"https:\/\/heimstaden.com\/pl\/","name":"Heimstaden","description":"Friendly Homes","publisher":{"@id":"https:\/\/heimstaden.com\/pl\/#organization"},"potentialAction":[{"@type":"SearchAction","target":{"@type":"EntryPoint","urlTemplate":"https:\/\/heimstaden.com\/pl\/?s={search_term_string}"},"query-input":{"@type":"PropertyValueSpecification","valueRequired":true,"valueName":"search_term_string"}}],"inLanguage":"pl-PL"},{"@type":"Organization","@id":"https:\/\/heimstaden.com\/pl\/#organization","name":"Heimstaden Poland","url":"https:\/\/heimstaden.com\/pl\/","logo":{"@type":"ImageObject","inLanguage":"pl-PL","@id":"https:\/\/heimstaden.com\/pl\/#\/schema\/logo\/image\/","url":"https:\/\/heimstaden.com\/app\/uploads\/sites\/8\/2022\/09\/Heimstaden_logo.png","contentUrl":"https:\/\/heimstaden.com\/app\/uploads\/sites\/8\/2022\/09\/Heimstaden_logo.png","width":1476,"height":214,"caption":"Heimstaden Poland"},"image":{"@id":"https:\/\/heimstaden.com\/pl\/#\/schema\/logo\/image\/"},"sameAs":["https:\/\/www.facebook.com\/HeimstadenPolska","https:\/\/www.linkedin.com\/company\/heimstaden-poland\/"]}]}},"_links":{"self":[{"href":"https:\/\/heimstaden.com\/pl\/wp-json\/wp\/v2\/pages\/20468","targetHints":{"allow":["GET"]}}],"collection":[{"href":"https:\/\/heimstaden.com\/pl\/wp-json\/wp\/v2\/pages"}],"about":[{"href":"https:\/\/heimstaden.com\/pl\/wp-json\/wp\/v2\/types\/page"}],"author":[{"embeddable":true,"href":"https:\/\/heimstaden.com\/pl\/wp-json\/wp\/v2\/users\/115"}],"replies":[{"embeddable":true,"href":"https:\/\/heimstaden.com\/pl\/wp-json\/wp\/v2\/comments?post=20468"}],"version-history":[{"count":9,"href":"https:\/\/heimstaden.com\/pl\/wp-json\/wp\/v2\/pages\/20468\/revisions"}],"predecessor-version":[{"id":21076,"href":"https:\/\/heimstaden.com\/pl\/wp-json\/wp\/v2\/pages\/20468\/revisions\/21076"}],"up":[{"embeddable":true,"href":"https:\/\/heimstaden.com\/pl\/wp-json\/wp\/v2\/pages\/19988"}],"wp:featuredmedia":[{"embeddable":true,"href":"https:\/\/heimstaden.com\/pl\/wp-json\/wp\/v2\/media\/20606"}],"wp:attachment":[{"href":"https:\/\/heimstaden.com\/pl\/wp-json\/wp\/v2\/media?parent=20468"}],"curies":[{"name":"wp","href":"https:\/\/api.w.org\/{rel}","templated":true}]}}