{"id":20443,"date":"2025-09-12T14:30:31","date_gmt":"2025-09-12T12:30:31","guid":{"rendered":"https:\/\/heimstaden.com\/pl\/?page_id=20443"},"modified":"2025-09-12T14:30:31","modified_gmt":"2025-09-12T12:30:31","slug":"podgorze","status":"publish","type":"page","link":"https:\/\/heimstaden.com\/pl\/mieszkania-na-sprzedaz\/podgorze\/","title":{"rendered":"mieszkania na sprzeda\u017c Podg\u00f3rze"},"content":{"rendered":"","protected":false},"excerpt":{"rendered":"","protected":false},"author":115,"featured_media":20470,"parent":19988,"menu_order":0,"comment_status":"closed","ping_status":"closed","template":"","meta":{"_acf_changed":false,"_relevanssi_hide_post":"","_relevanssi_hide_content":"","_relevanssi_pin_for_all":"","_relevanssi_pin_keywords":"","_relevanssi_unpin_keywords":"","_relevanssi_related_keywords":"","_relevanssi_related_include_ids":"","_relevanssi_related_exclude_ids":"","_relevanssi_related_no_append":"","_relevanssi_related_not_related":"","_relevanssi_related_posts":"","_relevanssi_noindex_reason":"","footnotes":""},"class_list":["post-20443","page","type-page","status-publish","has-post-thumbnail","hentry"],"acf":[],"yoast_head":"<!-- This site is optimized with the Yoast SEO plugin v26.3 - https:\/\/yoast.com\/wordpress\/plugins\/seo\/ -->\n<title>Mieszkania na sprzeda\u017c Podg\u00f3rze \u2013 Krak\u00f3w<\/title>\n<meta name=\"description\" content=\"Mieszkania na sprzeda\u017c Podg\u00f3rze to po\u0142\u0105czenie historii, natury i nowoczesno\u015bci. Sprawd\u017a, dlaczego warto zamieszka\u0107 w tej cz\u0119\u015bci Krakowa.\" \/>\n<meta name=\"robots\" content=\"index, follow, max-snippet:-1, max-image-preview:large, max-video-preview:-1\" \/>\n<link rel=\"canonical\" href=\"https:\/\/heimstaden.com\/pl\/mieszkania-na-sprzedaz\/podgorze\/\" \/>\n<meta property=\"og:locale\" content=\"pl_PL\" \/>\n<meta property=\"og:type\" content=\"article\" \/>\n<meta property=\"og:title\" content=\"Mieszkania na sprzeda\u017c Podg\u00f3rze \u2013 Krak\u00f3w\" \/>\n<meta property=\"og:description\" content=\"Mieszkania na sprzeda\u017c Podg\u00f3rze to po\u0142\u0105czenie historii, natury i nowoczesno\u015bci. Sprawd\u017a, dlaczego warto zamieszka\u0107 w tej cz\u0119\u015bci Krakowa.\" \/>\n<meta property=\"og:url\" content=\"https:\/\/heimstaden.com\/pl\/mieszkania-na-sprzedaz\/podgorze\/\" \/>\n<meta property=\"og:site_name\" content=\"Heimstaden\" \/>\n<meta property=\"article:publisher\" content=\"https:\/\/www.facebook.com\/HeimstadenPolska\" \/>\n<meta property=\"og:image\" content=\"https:\/\/heimstaden.com\/app\/uploads\/sites\/8\/2025\/08\/male-11.jpg\" \/>\n\t<meta property=\"og:image:width\" content=\"2400\" \/>\n\t<meta property=\"og:image:height\" content=\"1348\" \/>\n\t<meta property=\"og:image:type\" content=\"image\/jpeg\" \/>\n<meta name=\"twitter:card\" content=\"summary_large_image\" \/>\n<meta name=\"twitter:label1\" content=\"Est. reading time\" \/>\n\t<meta name=\"twitter:data1\" content=\"8 minut\" \/>\n<script type=\"application\/ld+json\" class=\"yoast-schema-graph\">{\"@context\":\"https:\/\/schema.org\",\"@graph\":[{\"@type\":\"WebPage\",\"@id\":\"https:\/\/heimstaden.com\/pl\/mieszkania-na-sprzedaz\/podgorze\/\",\"url\":\"https:\/\/heimstaden.com\/pl\/mieszkania-na-sprzedaz\/podgorze\/\",\"name\":\"Mieszkania na sprzeda\u017c Podg\u00f3rze \u2013 Krak\u00f3w\",\"isPartOf\":{\"@id\":\"https:\/\/heimstaden.com\/pl\/#website\"},\"primaryImageOfPage\":{\"@id\":\"https:\/\/heimstaden.com\/pl\/mieszkania-na-sprzedaz\/podgorze\/#primaryimage\"},\"image\":{\"@id\":\"https:\/\/heimstaden.com\/pl\/mieszkania-na-sprzedaz\/podgorze\/#primaryimage\"},\"thumbnailUrl\":\"https:\/\/heimstaden.com\/app\/uploads\/sites\/8\/2025\/08\/male-11.jpg\",\"datePublished\":\"2025-09-12T12:30:31+00:00\",\"description\":\"Mieszkania na sprzeda\u017c Podg\u00f3rze to po\u0142\u0105czenie historii, natury i nowoczesno\u015bci. Sprawd\u017a, dlaczego warto zamieszka\u0107 w tej cz\u0119\u015bci Krakowa.\",\"breadcrumb\":{\"@id\":\"https:\/\/heimstaden.com\/pl\/mieszkania-na-sprzedaz\/podgorze\/#breadcrumb\"},\"inLanguage\":\"pl-PL\",\"potentialAction\":[{\"@type\":\"ReadAction\",\"target\":[\"https:\/\/heimstaden.com\/pl\/mieszkania-na-sprzedaz\/podgorze\/\"]}]},{\"@type\":\"ImageObject\",\"inLanguage\":\"pl-PL\",\"@id\":\"https:\/\/heimstaden.com\/pl\/mieszkania-na-sprzedaz\/podgorze\/#primaryimage\",\"url\":\"https:\/\/heimstaden.com\/app\/uploads\/sites\/8\/2025\/08\/male-11.jpg\",\"contentUrl\":\"https:\/\/heimstaden.com\/app\/uploads\/sites\/8\/2025\/08\/male-11.jpg\",\"width\":2400,\"height\":1348,\"caption\":\"default\"},{\"@type\":\"BreadcrumbList\",\"@id\":\"https:\/\/heimstaden.com\/pl\/mieszkania-na-sprzedaz\/podgorze\/#breadcrumb\",\"itemListElement\":[{\"@type\":\"ListItem\",\"position\":1,\"name\":\"Mieszkania na sprzeda\u017c\",\"item\":\"https:\/\/heimstaden.com\/pl\/mieszkania-na-sprzedaz\/\"},{\"@type\":\"ListItem\",\"position\":2,\"name\":\"mieszkania na sprzeda\u017c Podg\u00f3rze\"}]},{\"@type\":\"WebSite\",\"@id\":\"https:\/\/heimstaden.com\/pl\/#website\",\"url\":\"https:\/\/heimstaden.com\/pl\/\",\"name\":\"Heimstaden\",\"description\":\"Friendly Homes\",\"publisher\":{\"@id\":\"https:\/\/heimstaden.com\/pl\/#organization\"},\"potentialAction\":[{\"@type\":\"SearchAction\",\"target\":{\"@type\":\"EntryPoint\",\"urlTemplate\":\"https:\/\/heimstaden.com\/pl\/?s={search_term_string}\"},\"query-input\":{\"@type\":\"PropertyValueSpecification\",\"valueRequired\":true,\"valueName\":\"search_term_string\"}}],\"inLanguage\":\"pl-PL\"},{\"@type\":\"Organization\",\"@id\":\"https:\/\/heimstaden.com\/pl\/#organization\",\"name\":\"Heimstaden Poland\",\"url\":\"https:\/\/heimstaden.com\/pl\/\",\"logo\":{\"@type\":\"ImageObject\",\"inLanguage\":\"pl-PL\",\"@id\":\"https:\/\/heimstaden.com\/pl\/#\/schema\/logo\/image\/\",\"url\":\"https:\/\/heimstaden.com\/app\/uploads\/sites\/8\/2022\/09\/Heimstaden_logo.png\",\"contentUrl\":\"https:\/\/heimstaden.com\/app\/uploads\/sites\/8\/2022\/09\/Heimstaden_logo.png\",\"width\":1476,\"height\":214,\"caption\":\"Heimstaden Poland\"},\"image\":{\"@id\":\"https:\/\/heimstaden.com\/pl\/#\/schema\/logo\/image\/\"},\"sameAs\":[\"https:\/\/www.facebook.com\/HeimstadenPolska\",\"https:\/\/www.linkedin.com\/company\/heimstaden-poland\/\"]}]}<\/script>\n<!-- \/ Yoast SEO plugin. -->","yoast_head_json":{"title":"Mieszkania na sprzeda\u017c Podg\u00f3rze \u2013 Krak\u00f3w","description":"Mieszkania na sprzeda\u017c Podg\u00f3rze to po\u0142\u0105czenie historii, natury i nowoczesno\u015bci. Sprawd\u017a, dlaczego warto zamieszka\u0107 w tej cz\u0119\u015bci Krakowa.","robots":{"index":"index","follow":"follow","max-snippet":"max-snippet:-1","max-image-preview":"max-image-preview:large","max-video-preview":"max-video-preview:-1"},"canonical":"https:\/\/heimstaden.com\/pl\/mieszkania-na-sprzedaz\/podgorze\/","og_locale":"pl_PL","og_type":"article","og_title":"Mieszkania na sprzeda\u017c Podg\u00f3rze \u2013 Krak\u00f3w","og_description":"Mieszkania na sprzeda\u017c Podg\u00f3rze to po\u0142\u0105czenie historii, natury i nowoczesno\u015bci. Sprawd\u017a, dlaczego warto zamieszka\u0107 w tej cz\u0119\u015bci Krakowa.","og_url":"https:\/\/heimstaden.com\/pl\/mieszkania-na-sprzedaz\/podgorze\/","og_site_name":"Heimstaden","article_publisher":"https:\/\/www.facebook.com\/HeimstadenPolska","og_image":[{"width":2400,"height":1348,"url":"https:\/\/heimstaden.com\/app\/uploads\/sites\/8\/2025\/08\/male-11.jpg","type":"image\/jpeg"}],"twitter_card":"summary_large_image","twitter_misc":{"Est. reading time":"8 minut"},"schema":{"@context":"https:\/\/schema.org","@graph":[{"@type":"WebPage","@id":"https:\/\/heimstaden.com\/pl\/mieszkania-na-sprzedaz\/podgorze\/","url":"https:\/\/heimstaden.com\/pl\/mieszkania-na-sprzedaz\/podgorze\/","name":"Mieszkania na sprzeda\u017c Podg\u00f3rze \u2013 Krak\u00f3w","isPartOf":{"@id":"https:\/\/heimstaden.com\/pl\/#website"},"primaryImageOfPage":{"@id":"https:\/\/heimstaden.com\/pl\/mieszkania-na-sprzedaz\/podgorze\/#primaryimage"},"image":{"@id":"https:\/\/heimstaden.com\/pl\/mieszkania-na-sprzedaz\/podgorze\/#primaryimage"},"thumbnailUrl":"https:\/\/heimstaden.com\/app\/uploads\/sites\/8\/2025\/08\/male-11.jpg","datePublished":"2025-09-12T12:30:31+00:00","description":"Mieszkania na sprzeda\u017c Podg\u00f3rze to po\u0142\u0105czenie historii, natury i nowoczesno\u015bci. Sprawd\u017a, dlaczego warto zamieszka\u0107 w tej cz\u0119\u015bci Krakowa.","breadcrumb":{"@id":"https:\/\/heimstaden.com\/pl\/mieszkania-na-sprzedaz\/podgorze\/#breadcrumb"},"inLanguage":"pl-PL","potentialAction":[{"@type":"ReadAction","target":["https:\/\/heimstaden.com\/pl\/mieszkania-na-sprzedaz\/podgorze\/"]}]},{"@type":"ImageObject","inLanguage":"pl-PL","@id":"https:\/\/heimstaden.com\/pl\/mieszkania-na-sprzedaz\/podgorze\/#primaryimage","url":"https:\/\/heimstaden.com\/app\/uploads\/sites\/8\/2025\/08\/male-11.jpg","contentUrl":"https:\/\/heimstaden.com\/app\/uploads\/sites\/8\/2025\/08\/male-11.jpg","width":2400,"height":1348,"caption":"default"},{"@type":"BreadcrumbList","@id":"https:\/\/heimstaden.com\/pl\/mieszkania-na-sprzedaz\/podgorze\/#breadcrumb","itemListElement":[{"@type":"ListItem","position":1,"name":"Mieszkania na sprzeda\u017c","item":"https:\/\/heimstaden.com\/pl\/mieszkania-na-sprzedaz\/"},{"@type":"ListItem","position":2,"name":"mieszkania na sprzeda\u017c Podg\u00f3rze"}]},{"@type":"WebSite","@id":"https:\/\/heimstaden.com\/pl\/#website","url":"https:\/\/heimstaden.com\/pl\/","name":"Heimstaden","description":"Friendly Homes","publisher":{"@id":"https:\/\/heimstaden.com\/pl\/#organization"},"potentialAction":[{"@type":"SearchAction","target":{"@type":"EntryPoint","urlTemplate":"https:\/\/heimstaden.com\/pl\/?s={search_term_string}"},"query-input":{"@type":"PropertyValueSpecification","valueRequired":true,"valueName":"search_term_string"}}],"inLanguage":"pl-PL"},{"@type":"Organization","@id":"https:\/\/heimstaden.com\/pl\/#organization","name":"Heimstaden Poland","url":"https:\/\/heimstaden.com\/pl\/","logo":{"@type":"ImageObject","inLanguage":"pl-PL","@id":"https:\/\/heimstaden.com\/pl\/#\/schema\/logo\/image\/","url":"https:\/\/heimstaden.com\/app\/uploads\/sites\/8\/2022\/09\/Heimstaden_logo.png","contentUrl":"https:\/\/heimstaden.com\/app\/uploads\/sites\/8\/2022\/09\/Heimstaden_logo.png","width":1476,"height":214,"caption":"Heimstaden Poland"},"image":{"@id":"https:\/\/heimstaden.com\/pl\/#\/schema\/logo\/image\/"},"sameAs":["https:\/\/www.facebook.com\/HeimstadenPolska","https:\/\/www.linkedin.com\/company\/heimstaden-poland\/"]}]}},"_links":{"self":[{"href":"https:\/\/heimstaden.com\/pl\/wp-json\/wp\/v2\/pages\/20443","targetHints":{"allow":["GET"]}}],"collection":[{"href":"https:\/\/heimstaden.com\/pl\/wp-json\/wp\/v2\/pages"}],"about":[{"href":"https:\/\/heimstaden.com\/pl\/wp-json\/wp\/v2\/types\/page"}],"author":[{"embeddable":true,"href":"https:\/\/heimstaden.com\/pl\/wp-json\/wp\/v2\/users\/115"}],"replies":[{"embeddable":true,"href":"https:\/\/heimstaden.com\/pl\/wp-json\/wp\/v2\/comments?post=20443"}],"version-history":[{"count":10,"href":"https:\/\/heimstaden.com\/pl\/wp-json\/wp\/v2\/pages\/20443\/revisions"}],"predecessor-version":[{"id":21074,"href":"https:\/\/heimstaden.com\/pl\/wp-json\/wp\/v2\/pages\/20443\/revisions\/21074"}],"up":[{"embeddable":true,"href":"https:\/\/heimstaden.com\/pl\/wp-json\/wp\/v2\/pages\/19988"}],"wp:featuredmedia":[{"embeddable":true,"href":"https:\/\/heimstaden.com\/pl\/wp-json\/wp\/v2\/media\/20470"}],"wp:attachment":[{"href":"https:\/\/heimstaden.com\/pl\/wp-json\/wp\/v2\/media?parent=20443"}],"curies":[{"name":"wp","href":"https:\/\/api.w.org\/{rel}","templated":true}]}}