{"id":20232,"date":"2025-09-12T14:26:53","date_gmt":"2025-09-12T12:26:53","guid":{"rendered":"https:\/\/heimstaden.com\/pl\/?page_id=20232"},"modified":"2025-09-12T14:26:53","modified_gmt":"2025-09-12T12:26:53","slug":"warszawa","status":"publish","type":"page","link":"https:\/\/heimstaden.com\/pl\/mieszkania-na-sprzedaz\/warszawa\/","title":{"rendered":"Mieszkania na sprzeda\u017c Warszawa"},"content":{"rendered":"","protected":false},"excerpt":{"rendered":"","protected":false},"author":115,"featured_media":20235,"parent":19988,"menu_order":0,"comment_status":"closed","ping_status":"closed","template":"","meta":{"_acf_changed":false,"_relevanssi_hide_post":"","_relevanssi_hide_content":"","_relevanssi_pin_for_all":"","_relevanssi_pin_keywords":"","_relevanssi_unpin_keywords":"","_relevanssi_related_keywords":"","_relevanssi_related_include_ids":"","_relevanssi_related_exclude_ids":"","_relevanssi_related_no_append":"","_relevanssi_related_not_related":"","_relevanssi_related_posts":"","_relevanssi_noindex_reason":"","footnotes":""},"class_list":["post-20232","page","type-page","status-publish","has-post-thumbnail","hentry"],"acf":[],"yoast_head":"<!-- This site is optimized with the Yoast SEO plugin v26.3 - https:\/\/yoast.com\/wordpress\/plugins\/seo\/ -->\n<title>Mieszkania na sprzeda\u017c Warszawa \u2013 Sprawd\u017a aktualne oferty<\/title>\n<meta name=\"description\" content=\"Szukasz mieszkania w Warszawie? Sprawd\u017a ceny, popularne dzielnice jak Mokot\u00f3w, Wola i Praga Po\u0142udnie oraz aktualne oferty sprzeda\u017cy.\" \/>\n<meta name=\"robots\" content=\"index, follow, max-snippet:-1, max-image-preview:large, max-video-preview:-1\" \/>\n<link rel=\"canonical\" href=\"https:\/\/heimstaden.com\/pl\/mieszkania-na-sprzedaz\/warszawa\/\" \/>\n<meta property=\"og:locale\" content=\"pl_PL\" \/>\n<meta property=\"og:type\" content=\"article\" \/>\n<meta property=\"og:title\" content=\"Mieszkania na sprzeda\u017c Warszawa \u2013 Sprawd\u017a aktualne oferty\" \/>\n<meta property=\"og:description\" content=\"Szukasz mieszkania w Warszawie? Sprawd\u017a ceny, popularne dzielnice jak Mokot\u00f3w, Wola i Praga Po\u0142udnie oraz aktualne oferty sprzeda\u017cy.\" \/>\n<meta property=\"og:url\" content=\"https:\/\/heimstaden.com\/pl\/mieszkania-na-sprzedaz\/warszawa\/\" \/>\n<meta property=\"og:site_name\" content=\"Heimstaden\" \/>\n<meta property=\"article:publisher\" content=\"https:\/\/www.facebook.com\/HeimstadenPolska\" \/>\n<meta property=\"og:image\" content=\"https:\/\/heimstaden.com\/app\/uploads\/sites\/8\/2025\/07\/mieszkania-na-sprzedaz-warszawa.jpg\" \/>\n\t<meta property=\"og:image:width\" content=\"1920\" \/>\n\t<meta property=\"og:image:height\" content=\"1237\" \/>\n\t<meta property=\"og:image:type\" content=\"image\/jpeg\" \/>\n<meta name=\"twitter:card\" content=\"summary_large_image\" \/>\n<meta name=\"twitter:label1\" content=\"Est. reading time\" \/>\n\t<meta name=\"twitter:data1\" content=\"5 minut\" \/>\n<script type=\"application\/ld+json\" class=\"yoast-schema-graph\">{\"@context\":\"https:\/\/schema.org\",\"@graph\":[{\"@type\":\"WebPage\",\"@id\":\"https:\/\/heimstaden.com\/pl\/mieszkania-na-sprzedaz\/warszawa\/\",\"url\":\"https:\/\/heimstaden.com\/pl\/mieszkania-na-sprzedaz\/warszawa\/\",\"name\":\"Mieszkania na sprzeda\u017c Warszawa \u2013 Sprawd\u017a aktualne oferty\",\"isPartOf\":{\"@id\":\"https:\/\/heimstaden.com\/pl\/#website\"},\"primaryImageOfPage\":{\"@id\":\"https:\/\/heimstaden.com\/pl\/mieszkania-na-sprzedaz\/warszawa\/#primaryimage\"},\"image\":{\"@id\":\"https:\/\/heimstaden.com\/pl\/mieszkania-na-sprzedaz\/warszawa\/#primaryimage\"},\"thumbnailUrl\":\"https:\/\/heimstaden.com\/app\/uploads\/sites\/8\/2025\/07\/mieszkania-na-sprzedaz-warszawa.jpg\",\"datePublished\":\"2025-09-12T12:26:53+00:00\",\"description\":\"Szukasz mieszkania w Warszawie? Sprawd\u017a ceny, popularne dzielnice jak Mokot\u00f3w, Wola i Praga Po\u0142udnie oraz aktualne oferty sprzeda\u017cy.\",\"breadcrumb\":{\"@id\":\"https:\/\/heimstaden.com\/pl\/mieszkania-na-sprzedaz\/warszawa\/#breadcrumb\"},\"inLanguage\":\"pl-PL\",\"potentialAction\":[{\"@type\":\"ReadAction\",\"target\":[\"https:\/\/heimstaden.com\/pl\/mieszkania-na-sprzedaz\/warszawa\/\"]}]},{\"@type\":\"ImageObject\",\"inLanguage\":\"pl-PL\",\"@id\":\"https:\/\/heimstaden.com\/pl\/mieszkania-na-sprzedaz\/warszawa\/#primaryimage\",\"url\":\"https:\/\/heimstaden.com\/app\/uploads\/sites\/8\/2025\/07\/mieszkania-na-sprzedaz-warszawa.jpg\",\"contentUrl\":\"https:\/\/heimstaden.com\/app\/uploads\/sites\/8\/2025\/07\/mieszkania-na-sprzedaz-warszawa.jpg\",\"width\":1920,\"height\":1237,\"caption\":\"Mieszkania na sprzeda\u017c Warszawa\"},{\"@type\":\"BreadcrumbList\",\"@id\":\"https:\/\/heimstaden.com\/pl\/mieszkania-na-sprzedaz\/warszawa\/#breadcrumb\",\"itemListElement\":[{\"@type\":\"ListItem\",\"position\":1,\"name\":\"Mieszkania na sprzeda\u017c\",\"item\":\"https:\/\/heimstaden.com\/pl\/mieszkania-na-sprzedaz\/\"},{\"@type\":\"ListItem\",\"position\":2,\"name\":\"Mieszkania na sprzeda\u017c Warszawa\"}]},{\"@type\":\"WebSite\",\"@id\":\"https:\/\/heimstaden.com\/pl\/#website\",\"url\":\"https:\/\/heimstaden.com\/pl\/\",\"name\":\"Heimstaden\",\"description\":\"Friendly Homes\",\"publisher\":{\"@id\":\"https:\/\/heimstaden.com\/pl\/#organization\"},\"potentialAction\":[{\"@type\":\"SearchAction\",\"target\":{\"@type\":\"EntryPoint\",\"urlTemplate\":\"https:\/\/heimstaden.com\/pl\/?s={search_term_string}\"},\"query-input\":{\"@type\":\"PropertyValueSpecification\",\"valueRequired\":true,\"valueName\":\"search_term_string\"}}],\"inLanguage\":\"pl-PL\"},{\"@type\":\"Organization\",\"@id\":\"https:\/\/heimstaden.com\/pl\/#organization\",\"name\":\"Heimstaden Poland\",\"url\":\"https:\/\/heimstaden.com\/pl\/\",\"logo\":{\"@type\":\"ImageObject\",\"inLanguage\":\"pl-PL\",\"@id\":\"https:\/\/heimstaden.com\/pl\/#\/schema\/logo\/image\/\",\"url\":\"https:\/\/heimstaden.com\/app\/uploads\/sites\/8\/2022\/09\/Heimstaden_logo.png\",\"contentUrl\":\"https:\/\/heimstaden.com\/app\/uploads\/sites\/8\/2022\/09\/Heimstaden_logo.png\",\"width\":1476,\"height\":214,\"caption\":\"Heimstaden Poland\"},\"image\":{\"@id\":\"https:\/\/heimstaden.com\/pl\/#\/schema\/logo\/image\/\"},\"sameAs\":[\"https:\/\/www.facebook.com\/HeimstadenPolska\",\"https:\/\/www.linkedin.com\/company\/heimstaden-poland\/\"]}]}<\/script>\n<!-- \/ Yoast SEO plugin. -->","yoast_head_json":{"title":"Mieszkania na sprzeda\u017c Warszawa \u2013 Sprawd\u017a aktualne oferty","description":"Szukasz mieszkania w Warszawie? Sprawd\u017a ceny, popularne dzielnice jak Mokot\u00f3w, Wola i Praga Po\u0142udnie oraz aktualne oferty sprzeda\u017cy.","robots":{"index":"index","follow":"follow","max-snippet":"max-snippet:-1","max-image-preview":"max-image-preview:large","max-video-preview":"max-video-preview:-1"},"canonical":"https:\/\/heimstaden.com\/pl\/mieszkania-na-sprzedaz\/warszawa\/","og_locale":"pl_PL","og_type":"article","og_title":"Mieszkania na sprzeda\u017c Warszawa \u2013 Sprawd\u017a aktualne oferty","og_description":"Szukasz mieszkania w Warszawie? Sprawd\u017a ceny, popularne dzielnice jak Mokot\u00f3w, Wola i Praga Po\u0142udnie oraz aktualne oferty sprzeda\u017cy.","og_url":"https:\/\/heimstaden.com\/pl\/mieszkania-na-sprzedaz\/warszawa\/","og_site_name":"Heimstaden","article_publisher":"https:\/\/www.facebook.com\/HeimstadenPolska","og_image":[{"width":1920,"height":1237,"url":"https:\/\/heimstaden.com\/app\/uploads\/sites\/8\/2025\/07\/mieszkania-na-sprzedaz-warszawa.jpg","type":"image\/jpeg"}],"twitter_card":"summary_large_image","twitter_misc":{"Est. reading time":"5 minut"},"schema":{"@context":"https:\/\/schema.org","@graph":[{"@type":"WebPage","@id":"https:\/\/heimstaden.com\/pl\/mieszkania-na-sprzedaz\/warszawa\/","url":"https:\/\/heimstaden.com\/pl\/mieszkania-na-sprzedaz\/warszawa\/","name":"Mieszkania na sprzeda\u017c Warszawa \u2013 Sprawd\u017a aktualne oferty","isPartOf":{"@id":"https:\/\/heimstaden.com\/pl\/#website"},"primaryImageOfPage":{"@id":"https:\/\/heimstaden.com\/pl\/mieszkania-na-sprzedaz\/warszawa\/#primaryimage"},"image":{"@id":"https:\/\/heimstaden.com\/pl\/mieszkania-na-sprzedaz\/warszawa\/#primaryimage"},"thumbnailUrl":"https:\/\/heimstaden.com\/app\/uploads\/sites\/8\/2025\/07\/mieszkania-na-sprzedaz-warszawa.jpg","datePublished":"2025-09-12T12:26:53+00:00","description":"Szukasz mieszkania w Warszawie? Sprawd\u017a ceny, popularne dzielnice jak Mokot\u00f3w, Wola i Praga Po\u0142udnie oraz aktualne oferty sprzeda\u017cy.","breadcrumb":{"@id":"https:\/\/heimstaden.com\/pl\/mieszkania-na-sprzedaz\/warszawa\/#breadcrumb"},"inLanguage":"pl-PL","potentialAction":[{"@type":"ReadAction","target":["https:\/\/heimstaden.com\/pl\/mieszkania-na-sprzedaz\/warszawa\/"]}]},{"@type":"ImageObject","inLanguage":"pl-PL","@id":"https:\/\/heimstaden.com\/pl\/mieszkania-na-sprzedaz\/warszawa\/#primaryimage","url":"https:\/\/heimstaden.com\/app\/uploads\/sites\/8\/2025\/07\/mieszkania-na-sprzedaz-warszawa.jpg","contentUrl":"https:\/\/heimstaden.com\/app\/uploads\/sites\/8\/2025\/07\/mieszkania-na-sprzedaz-warszawa.jpg","width":1920,"height":1237,"caption":"Mieszkania na sprzeda\u017c Warszawa"},{"@type":"BreadcrumbList","@id":"https:\/\/heimstaden.com\/pl\/mieszkania-na-sprzedaz\/warszawa\/#breadcrumb","itemListElement":[{"@type":"ListItem","position":1,"name":"Mieszkania na sprzeda\u017c","item":"https:\/\/heimstaden.com\/pl\/mieszkania-na-sprzedaz\/"},{"@type":"ListItem","position":2,"name":"Mieszkania na sprzeda\u017c Warszawa"}]},{"@type":"WebSite","@id":"https:\/\/heimstaden.com\/pl\/#website","url":"https:\/\/heimstaden.com\/pl\/","name":"Heimstaden","description":"Friendly Homes","publisher":{"@id":"https:\/\/heimstaden.com\/pl\/#organization"},"potentialAction":[{"@type":"SearchAction","target":{"@type":"EntryPoint","urlTemplate":"https:\/\/heimstaden.com\/pl\/?s={search_term_string}"},"query-input":{"@type":"PropertyValueSpecification","valueRequired":true,"valueName":"search_term_string"}}],"inLanguage":"pl-PL"},{"@type":"Organization","@id":"https:\/\/heimstaden.com\/pl\/#organization","name":"Heimstaden Poland","url":"https:\/\/heimstaden.com\/pl\/","logo":{"@type":"ImageObject","inLanguage":"pl-PL","@id":"https:\/\/heimstaden.com\/pl\/#\/schema\/logo\/image\/","url":"https:\/\/heimstaden.com\/app\/uploads\/sites\/8\/2022\/09\/Heimstaden_logo.png","contentUrl":"https:\/\/heimstaden.com\/app\/uploads\/sites\/8\/2022\/09\/Heimstaden_logo.png","width":1476,"height":214,"caption":"Heimstaden Poland"},"image":{"@id":"https:\/\/heimstaden.com\/pl\/#\/schema\/logo\/image\/"},"sameAs":["https:\/\/www.facebook.com\/HeimstadenPolska","https:\/\/www.linkedin.com\/company\/heimstaden-poland\/"]}]}},"_links":{"self":[{"href":"https:\/\/heimstaden.com\/pl\/wp-json\/wp\/v2\/pages\/20232","targetHints":{"allow":["GET"]}}],"collection":[{"href":"https:\/\/heimstaden.com\/pl\/wp-json\/wp\/v2\/pages"}],"about":[{"href":"https:\/\/heimstaden.com\/pl\/wp-json\/wp\/v2\/types\/page"}],"author":[{"embeddable":true,"href":"https:\/\/heimstaden.com\/pl\/wp-json\/wp\/v2\/users\/115"}],"replies":[{"embeddable":true,"href":"https:\/\/heimstaden.com\/pl\/wp-json\/wp\/v2\/comments?post=20232"}],"version-history":[{"count":10,"href":"https:\/\/heimstaden.com\/pl\/wp-json\/wp\/v2\/pages\/20232\/revisions"}],"predecessor-version":[{"id":21081,"href":"https:\/\/heimstaden.com\/pl\/wp-json\/wp\/v2\/pages\/20232\/revisions\/21081"}],"up":[{"embeddable":true,"href":"https:\/\/heimstaden.com\/pl\/wp-json\/wp\/v2\/pages\/19988"}],"wp:featuredmedia":[{"embeddable":true,"href":"https:\/\/heimstaden.com\/pl\/wp-json\/wp\/v2\/media\/20235"}],"wp:attachment":[{"href":"https:\/\/heimstaden.com\/pl\/wp-json\/wp\/v2\/media?parent=20232"}],"curies":[{"name":"wp","href":"https:\/\/api.w.org\/{rel}","templated":true}]}}