{"id":20016,"date":"2025-06-30T08:52:34","date_gmt":"2025-06-30T06:52:34","guid":{"rendered":"https:\/\/heimstaden.com\/pl\/?page_id=20016"},"modified":"2025-06-30T08:52:34","modified_gmt":"2025-06-30T06:52:34","slug":"dostepnosc-na-cyfrowych-platformach-heimstaden","status":"publish","type":"page","link":"https:\/\/heimstaden.com\/pl\/dostepnosc-na-cyfrowych-platformach-heimstaden\/","title":{"rendered":"Dost\u0119pno\u015b\u0107 na cyfrowych platformach Heimstaden"},"content":{"rendered":"","protected":false},"excerpt":{"rendered":"","protected":false},"author":105,"featured_media":0,"parent":0,"menu_order":0,"comment_status":"closed","ping_status":"closed","template":"","meta":{"_acf_changed":false,"_relevanssi_hide_post":"","_relevanssi_hide_content":"","_relevanssi_pin_for_all":"","_relevanssi_pin_keywords":"","_relevanssi_unpin_keywords":"","_relevanssi_related_keywords":"","_relevanssi_related_include_ids":"","_relevanssi_related_exclude_ids":"","_relevanssi_related_no_append":"","_relevanssi_related_not_related":"","_relevanssi_related_posts":"","_relevanssi_noindex_reason":"","footnotes":""},"class_list":["post-20016","page","type-page","status-publish","hentry"],"acf":[],"yoast_head":"<!-- This site is optimized with the Yoast SEO plugin v26.3 - https:\/\/yoast.com\/wordpress\/plugins\/seo\/ -->\n<title>Dost\u0119pno\u015b\u0107 na cyfrowych platformach Heimstaden - Heimstaden<\/title>\n<meta name=\"description\" content=\"W Heimstaden wierzymy, \u017ce ka\u017cdy powinien mie\u0107 mo\u017cliwo\u015b\u0107 dost\u0119pu do naszych cyfrowych platform i korzystania z nich, niezale\u017cnie od swoich mo\u017cliwo\u015bci.\" \/>\n<meta name=\"robots\" content=\"index, follow, max-snippet:-1, max-image-preview:large, max-video-preview:-1\" \/>\n<link rel=\"canonical\" href=\"https:\/\/heimstaden.com\/pl\/dostepnosc-na-cyfrowych-platformach-heimstaden\/\" \/>\n<meta property=\"og:locale\" content=\"pl_PL\" \/>\n<meta property=\"og:type\" content=\"article\" \/>\n<meta property=\"og:title\" content=\"Dost\u0119pno\u015b\u0107 na cyfrowych platformach Heimstaden - Heimstaden\" \/>\n<meta property=\"og:description\" content=\"W Heimstaden wierzymy, \u017ce ka\u017cdy powinien mie\u0107 mo\u017cliwo\u015b\u0107 dost\u0119pu do naszych cyfrowych platform i korzystania z nich, niezale\u017cnie od swoich mo\u017cliwo\u015bci.\" \/>\n<meta property=\"og:url\" content=\"https:\/\/heimstaden.com\/pl\/dostepnosc-na-cyfrowych-platformach-heimstaden\/\" \/>\n<meta property=\"og:site_name\" content=\"Heimstaden\" \/>\n<meta property=\"article:publisher\" content=\"https:\/\/www.facebook.com\/HeimstadenPolska\" \/>\n<meta name=\"twitter:card\" content=\"summary_large_image\" \/>\n<meta name=\"twitter:label1\" content=\"Est. reading time\" \/>\n\t<meta name=\"twitter:data1\" content=\"3 minuty\" \/>\n<script type=\"application\/ld+json\" class=\"yoast-schema-graph\">{\"@context\":\"https:\/\/schema.org\",\"@graph\":[{\"@type\":\"WebPage\",\"@id\":\"https:\/\/heimstaden.com\/pl\/dostepnosc-na-cyfrowych-platformach-heimstaden\/\",\"url\":\"https:\/\/heimstaden.com\/pl\/dostepnosc-na-cyfrowych-platformach-heimstaden\/\",\"name\":\"Dost\u0119pno\u015b\u0107 na cyfrowych platformach Heimstaden - Heimstaden\",\"isPartOf\":{\"@id\":\"https:\/\/heimstaden.com\/pl\/#website\"},\"datePublished\":\"2025-06-30T06:52:34+00:00\",\"description\":\"W Heimstaden wierzymy, \u017ce ka\u017cdy powinien mie\u0107 mo\u017cliwo\u015b\u0107 dost\u0119pu do naszych cyfrowych platform i korzystania z nich, niezale\u017cnie od swoich mo\u017cliwo\u015bci.\",\"inLanguage\":\"pl-PL\",\"potentialAction\":[{\"@type\":\"ReadAction\",\"target\":[\"https:\/\/heimstaden.com\/pl\/dostepnosc-na-cyfrowych-platformach-heimstaden\/\"]}]},{\"@type\":\"WebSite\",\"@id\":\"https:\/\/heimstaden.com\/pl\/#website\",\"url\":\"https:\/\/heimstaden.com\/pl\/\",\"name\":\"Heimstaden\",\"description\":\"Friendly Homes\",\"publisher\":{\"@id\":\"https:\/\/heimstaden.com\/pl\/#organization\"},\"potentialAction\":[{\"@type\":\"SearchAction\",\"target\":{\"@type\":\"EntryPoint\",\"urlTemplate\":\"https:\/\/heimstaden.com\/pl\/?s={search_term_string}\"},\"query-input\":{\"@type\":\"PropertyValueSpecification\",\"valueRequired\":true,\"valueName\":\"search_term_string\"}}],\"inLanguage\":\"pl-PL\"},{\"@type\":\"Organization\",\"@id\":\"https:\/\/heimstaden.com\/pl\/#organization\",\"name\":\"Heimstaden Poland\",\"url\":\"https:\/\/heimstaden.com\/pl\/\",\"logo\":{\"@type\":\"ImageObject\",\"inLanguage\":\"pl-PL\",\"@id\":\"https:\/\/heimstaden.com\/pl\/#\/schema\/logo\/image\/\",\"url\":\"https:\/\/heimstaden.com\/app\/uploads\/sites\/8\/2022\/09\/Heimstaden_logo.png\",\"contentUrl\":\"https:\/\/heimstaden.com\/app\/uploads\/sites\/8\/2022\/09\/Heimstaden_logo.png\",\"width\":1476,\"height\":214,\"caption\":\"Heimstaden Poland\"},\"image\":{\"@id\":\"https:\/\/heimstaden.com\/pl\/#\/schema\/logo\/image\/\"},\"sameAs\":[\"https:\/\/www.facebook.com\/HeimstadenPolska\",\"https:\/\/www.linkedin.com\/company\/heimstaden-poland\/\"]}]}<\/script>\n<!-- \/ Yoast SEO plugin. -->","yoast_head_json":{"title":"Dost\u0119pno\u015b\u0107 na cyfrowych platformach Heimstaden - Heimstaden","description":"W Heimstaden wierzymy, \u017ce ka\u017cdy powinien mie\u0107 mo\u017cliwo\u015b\u0107 dost\u0119pu do naszych cyfrowych platform i korzystania z nich, niezale\u017cnie od swoich mo\u017cliwo\u015bci.","robots":{"index":"index","follow":"follow","max-snippet":"max-snippet:-1","max-image-preview":"max-image-preview:large","max-video-preview":"max-video-preview:-1"},"canonical":"https:\/\/heimstaden.com\/pl\/dostepnosc-na-cyfrowych-platformach-heimstaden\/","og_locale":"pl_PL","og_type":"article","og_title":"Dost\u0119pno\u015b\u0107 na cyfrowych platformach Heimstaden - Heimstaden","og_description":"W Heimstaden wierzymy, \u017ce ka\u017cdy powinien mie\u0107 mo\u017cliwo\u015b\u0107 dost\u0119pu do naszych cyfrowych platform i korzystania z nich, niezale\u017cnie od swoich mo\u017cliwo\u015bci.","og_url":"https:\/\/heimstaden.com\/pl\/dostepnosc-na-cyfrowych-platformach-heimstaden\/","og_site_name":"Heimstaden","article_publisher":"https:\/\/www.facebook.com\/HeimstadenPolska","twitter_card":"summary_large_image","twitter_misc":{"Est. reading time":"3 minuty"},"schema":{"@context":"https:\/\/schema.org","@graph":[{"@type":"WebPage","@id":"https:\/\/heimstaden.com\/pl\/dostepnosc-na-cyfrowych-platformach-heimstaden\/","url":"https:\/\/heimstaden.com\/pl\/dostepnosc-na-cyfrowych-platformach-heimstaden\/","name":"Dost\u0119pno\u015b\u0107 na cyfrowych platformach Heimstaden - Heimstaden","isPartOf":{"@id":"https:\/\/heimstaden.com\/pl\/#website"},"datePublished":"2025-06-30T06:52:34+00:00","description":"W Heimstaden wierzymy, \u017ce ka\u017cdy powinien mie\u0107 mo\u017cliwo\u015b\u0107 dost\u0119pu do naszych cyfrowych platform i korzystania z nich, niezale\u017cnie od swoich mo\u017cliwo\u015bci.","inLanguage":"pl-PL","potentialAction":[{"@type":"ReadAction","target":["https:\/\/heimstaden.com\/pl\/dostepnosc-na-cyfrowych-platformach-heimstaden\/"]}]},{"@type":"WebSite","@id":"https:\/\/heimstaden.com\/pl\/#website","url":"https:\/\/heimstaden.com\/pl\/","name":"Heimstaden","description":"Friendly Homes","publisher":{"@id":"https:\/\/heimstaden.com\/pl\/#organization"},"potentialAction":[{"@type":"SearchAction","target":{"@type":"EntryPoint","urlTemplate":"https:\/\/heimstaden.com\/pl\/?s={search_term_string}"},"query-input":{"@type":"PropertyValueSpecification","valueRequired":true,"valueName":"search_term_string"}}],"inLanguage":"pl-PL"},{"@type":"Organization","@id":"https:\/\/heimstaden.com\/pl\/#organization","name":"Heimstaden Poland","url":"https:\/\/heimstaden.com\/pl\/","logo":{"@type":"ImageObject","inLanguage":"pl-PL","@id":"https:\/\/heimstaden.com\/pl\/#\/schema\/logo\/image\/","url":"https:\/\/heimstaden.com\/app\/uploads\/sites\/8\/2022\/09\/Heimstaden_logo.png","contentUrl":"https:\/\/heimstaden.com\/app\/uploads\/sites\/8\/2022\/09\/Heimstaden_logo.png","width":1476,"height":214,"caption":"Heimstaden Poland"},"image":{"@id":"https:\/\/heimstaden.com\/pl\/#\/schema\/logo\/image\/"},"sameAs":["https:\/\/www.facebook.com\/HeimstadenPolska","https:\/\/www.linkedin.com\/company\/heimstaden-poland\/"]}]}},"_links":{"self":[{"href":"https:\/\/heimstaden.com\/pl\/wp-json\/wp\/v2\/pages\/20016","targetHints":{"allow":["GET"]}}],"collection":[{"href":"https:\/\/heimstaden.com\/pl\/wp-json\/wp\/v2\/pages"}],"about":[{"href":"https:\/\/heimstaden.com\/pl\/wp-json\/wp\/v2\/types\/page"}],"author":[{"embeddable":true,"href":"https:\/\/heimstaden.com\/pl\/wp-json\/wp\/v2\/users\/105"}],"replies":[{"embeddable":true,"href":"https:\/\/heimstaden.com\/pl\/wp-json\/wp\/v2\/comments?post=20016"}],"version-history":[{"count":1,"href":"https:\/\/heimstaden.com\/pl\/wp-json\/wp\/v2\/pages\/20016\/revisions"}],"predecessor-version":[{"id":20017,"href":"https:\/\/heimstaden.com\/pl\/wp-json\/wp\/v2\/pages\/20016\/revisions\/20017"}],"wp:attachment":[{"href":"https:\/\/heimstaden.com\/pl\/wp-json\/wp\/v2\/media?parent=20016"}],"curies":[{"name":"wp","href":"https:\/\/api.w.org\/{rel}","templated":true}]}}