{"id":19923,"date":"2025-06-04T11:42:04","date_gmt":"2025-06-04T09:42:04","guid":{"rendered":"https:\/\/heimstaden.com\/pl\/?page_id=19923"},"modified":"2026-02-12T15:48:20","modified_gmt":"2026-02-12T14:48:20","slug":"zakup-mieszkania","status":"publish","type":"page","link":"https:\/\/heimstaden.com\/pl\/zakup-mieszkania\/","title":{"rendered":"Zakup mieszkania"},"content":{"rendered":"","protected":false},"excerpt":{"rendered":"","protected":false},"author":104,"featured_media":19810,"parent":0,"menu_order":0,"comment_status":"closed","ping_status":"closed","template":"","meta":{"_acf_changed":false,"_relevanssi_hide_post":"","_relevanssi_hide_content":"","_relevanssi_pin_for_all":"","_relevanssi_pin_keywords":"","_relevanssi_unpin_keywords":"","_relevanssi_related_keywords":"","_relevanssi_related_include_ids":"","_relevanssi_related_exclude_ids":"","_relevanssi_related_no_append":"","_relevanssi_related_not_related":"","_relevanssi_related_posts":"","_relevanssi_noindex_reason":"","footnotes":""},"class_list":["post-19923","page","type-page","status-publish","has-post-thumbnail","hentry"],"acf":[],"yoast_head":"<!-- This site is optimized with the Yoast SEO plugin v26.3 - https:\/\/yoast.com\/wordpress\/plugins\/seo\/ -->\n<title>Zakup mieszkania - Heimstaden<\/title>\n<meta name=\"robots\" content=\"index, follow, max-snippet:-1, max-image-preview:large, max-video-preview:-1\" \/>\n<link rel=\"canonical\" href=\"https:\/\/heimstaden.com\/pl\/zakup-mieszkania\/\" \/>\n<meta property=\"og:locale\" content=\"pl_PL\" \/>\n<meta property=\"og:type\" content=\"article\" \/>\n<meta property=\"og:title\" content=\"Zakup mieszkania - Heimstaden\" \/>\n<meta property=\"og:url\" content=\"https:\/\/heimstaden.com\/pl\/zakup-mieszkania\/\" \/>\n<meta property=\"og:site_name\" content=\"Heimstaden\" \/>\n<meta property=\"article:publisher\" content=\"https:\/\/www.facebook.com\/HeimstadenPolska\" \/>\n<meta property=\"article:modified_time\" content=\"2026-02-12T14:48:20+00:00\" \/>\n<meta property=\"og:image\" content=\"https:\/\/heimstaden.com\/app\/uploads\/sites\/8\/2025\/02\/Employees-at-work-4-c.jpg\" \/>\n\t<meta property=\"og:image:width\" content=\"1080\" \/>\n\t<meta property=\"og:image:height\" content=\"540\" \/>\n\t<meta property=\"og:image:type\" content=\"image\/jpeg\" \/>\n<meta name=\"twitter:card\" content=\"summary_large_image\" \/>\n<meta name=\"twitter:label1\" content=\"Est. reading time\" \/>\n\t<meta name=\"twitter:data1\" content=\"2 minuty\" \/>\n<script type=\"application\/ld+json\" class=\"yoast-schema-graph\">{\"@context\":\"https:\/\/schema.org\",\"@graph\":[{\"@type\":\"WebPage\",\"@id\":\"https:\/\/heimstaden.com\/pl\/zakup-mieszkania\/\",\"url\":\"https:\/\/heimstaden.com\/pl\/zakup-mieszkania\/\",\"name\":\"Zakup mieszkania - Heimstaden\",\"isPartOf\":{\"@id\":\"https:\/\/heimstaden.com\/pl\/#website\"},\"primaryImageOfPage\":{\"@id\":\"https:\/\/heimstaden.com\/pl\/zakup-mieszkania\/#primaryimage\"},\"image\":{\"@id\":\"https:\/\/heimstaden.com\/pl\/zakup-mieszkania\/#primaryimage\"},\"thumbnailUrl\":\"https:\/\/heimstaden.com\/app\/uploads\/sites\/8\/2025\/02\/Employees-at-work-4-c.jpg\",\"datePublished\":\"2025-06-04T09:42:04+00:00\",\"dateModified\":\"2026-02-12T14:48:20+00:00\",\"inLanguage\":\"pl-PL\",\"potentialAction\":[{\"@type\":\"ReadAction\",\"target\":[\"https:\/\/heimstaden.com\/pl\/zakup-mieszkania\/\"]}]},{\"@type\":\"ImageObject\",\"inLanguage\":\"pl-PL\",\"@id\":\"https:\/\/heimstaden.com\/pl\/zakup-mieszkania\/#primaryimage\",\"url\":\"https:\/\/heimstaden.com\/app\/uploads\/sites\/8\/2025\/02\/Employees-at-work-4-c.jpg\",\"contentUrl\":\"https:\/\/heimstaden.com\/app\/uploads\/sites\/8\/2025\/02\/Employees-at-work-4-c.jpg\",\"width\":1080,\"height\":540,\"caption\":\"M\u0119\u017cczyzna wr\u0119cza klucze do mieszkania\"},{\"@type\":\"WebSite\",\"@id\":\"https:\/\/heimstaden.com\/pl\/#website\",\"url\":\"https:\/\/heimstaden.com\/pl\/\",\"name\":\"Heimstaden\",\"description\":\"Friendly Homes\",\"publisher\":{\"@id\":\"https:\/\/heimstaden.com\/pl\/#organization\"},\"potentialAction\":[{\"@type\":\"SearchAction\",\"target\":{\"@type\":\"EntryPoint\",\"urlTemplate\":\"https:\/\/heimstaden.com\/pl\/?s={search_term_string}\"},\"query-input\":{\"@type\":\"PropertyValueSpecification\",\"valueRequired\":true,\"valueName\":\"search_term_string\"}}],\"inLanguage\":\"pl-PL\"},{\"@type\":\"Organization\",\"@id\":\"https:\/\/heimstaden.com\/pl\/#organization\",\"name\":\"Heimstaden Poland\",\"url\":\"https:\/\/heimstaden.com\/pl\/\",\"logo\":{\"@type\":\"ImageObject\",\"inLanguage\":\"pl-PL\",\"@id\":\"https:\/\/heimstaden.com\/pl\/#\/schema\/logo\/image\/\",\"url\":\"https:\/\/heimstaden.com\/app\/uploads\/sites\/8\/2022\/09\/Heimstaden_logo.png\",\"contentUrl\":\"https:\/\/heimstaden.com\/app\/uploads\/sites\/8\/2022\/09\/Heimstaden_logo.png\",\"width\":1476,\"height\":214,\"caption\":\"Heimstaden Poland\"},\"image\":{\"@id\":\"https:\/\/heimstaden.com\/pl\/#\/schema\/logo\/image\/\"},\"sameAs\":[\"https:\/\/www.facebook.com\/HeimstadenPolska\",\"https:\/\/www.linkedin.com\/company\/heimstaden-poland\/\"]}]}<\/script>\n<!-- \/ Yoast SEO plugin. -->","yoast_head_json":{"title":"Zakup mieszkania - Heimstaden","robots":{"index":"index","follow":"follow","max-snippet":"max-snippet:-1","max-image-preview":"max-image-preview:large","max-video-preview":"max-video-preview:-1"},"canonical":"https:\/\/heimstaden.com\/pl\/zakup-mieszkania\/","og_locale":"pl_PL","og_type":"article","og_title":"Zakup mieszkania - Heimstaden","og_url":"https:\/\/heimstaden.com\/pl\/zakup-mieszkania\/","og_site_name":"Heimstaden","article_publisher":"https:\/\/www.facebook.com\/HeimstadenPolska","article_modified_time":"2026-02-12T14:48:20+00:00","og_image":[{"width":1080,"height":540,"url":"https:\/\/heimstaden.com\/app\/uploads\/sites\/8\/2025\/02\/Employees-at-work-4-c.jpg","type":"image\/jpeg"}],"twitter_card":"summary_large_image","twitter_misc":{"Est. reading time":"2 minuty"},"schema":{"@context":"https:\/\/schema.org","@graph":[{"@type":"WebPage","@id":"https:\/\/heimstaden.com\/pl\/zakup-mieszkania\/","url":"https:\/\/heimstaden.com\/pl\/zakup-mieszkania\/","name":"Zakup mieszkania - Heimstaden","isPartOf":{"@id":"https:\/\/heimstaden.com\/pl\/#website"},"primaryImageOfPage":{"@id":"https:\/\/heimstaden.com\/pl\/zakup-mieszkania\/#primaryimage"},"image":{"@id":"https:\/\/heimstaden.com\/pl\/zakup-mieszkania\/#primaryimage"},"thumbnailUrl":"https:\/\/heimstaden.com\/app\/uploads\/sites\/8\/2025\/02\/Employees-at-work-4-c.jpg","datePublished":"2025-06-04T09:42:04+00:00","dateModified":"2026-02-12T14:48:20+00:00","inLanguage":"pl-PL","potentialAction":[{"@type":"ReadAction","target":["https:\/\/heimstaden.com\/pl\/zakup-mieszkania\/"]}]},{"@type":"ImageObject","inLanguage":"pl-PL","@id":"https:\/\/heimstaden.com\/pl\/zakup-mieszkania\/#primaryimage","url":"https:\/\/heimstaden.com\/app\/uploads\/sites\/8\/2025\/02\/Employees-at-work-4-c.jpg","contentUrl":"https:\/\/heimstaden.com\/app\/uploads\/sites\/8\/2025\/02\/Employees-at-work-4-c.jpg","width":1080,"height":540,"caption":"M\u0119\u017cczyzna wr\u0119cza klucze do mieszkania"},{"@type":"WebSite","@id":"https:\/\/heimstaden.com\/pl\/#website","url":"https:\/\/heimstaden.com\/pl\/","name":"Heimstaden","description":"Friendly Homes","publisher":{"@id":"https:\/\/heimstaden.com\/pl\/#organization"},"potentialAction":[{"@type":"SearchAction","target":{"@type":"EntryPoint","urlTemplate":"https:\/\/heimstaden.com\/pl\/?s={search_term_string}"},"query-input":{"@type":"PropertyValueSpecification","valueRequired":true,"valueName":"search_term_string"}}],"inLanguage":"pl-PL"},{"@type":"Organization","@id":"https:\/\/heimstaden.com\/pl\/#organization","name":"Heimstaden Poland","url":"https:\/\/heimstaden.com\/pl\/","logo":{"@type":"ImageObject","inLanguage":"pl-PL","@id":"https:\/\/heimstaden.com\/pl\/#\/schema\/logo\/image\/","url":"https:\/\/heimstaden.com\/app\/uploads\/sites\/8\/2022\/09\/Heimstaden_logo.png","contentUrl":"https:\/\/heimstaden.com\/app\/uploads\/sites\/8\/2022\/09\/Heimstaden_logo.png","width":1476,"height":214,"caption":"Heimstaden Poland"},"image":{"@id":"https:\/\/heimstaden.com\/pl\/#\/schema\/logo\/image\/"},"sameAs":["https:\/\/www.facebook.com\/HeimstadenPolska","https:\/\/www.linkedin.com\/company\/heimstaden-poland\/"]}]}},"_links":{"self":[{"href":"https:\/\/heimstaden.com\/pl\/wp-json\/wp\/v2\/pages\/19923","targetHints":{"allow":["GET"]}}],"collection":[{"href":"https:\/\/heimstaden.com\/pl\/wp-json\/wp\/v2\/pages"}],"about":[{"href":"https:\/\/heimstaden.com\/pl\/wp-json\/wp\/v2\/types\/page"}],"author":[{"embeddable":true,"href":"https:\/\/heimstaden.com\/pl\/wp-json\/wp\/v2\/users\/104"}],"replies":[{"embeddable":true,"href":"https:\/\/heimstaden.com\/pl\/wp-json\/wp\/v2\/comments?post=19923"}],"version-history":[{"count":10,"href":"https:\/\/heimstaden.com\/pl\/wp-json\/wp\/v2\/pages\/19923\/revisions"}],"predecessor-version":[{"id":21306,"href":"https:\/\/heimstaden.com\/pl\/wp-json\/wp\/v2\/pages\/19923\/revisions\/21306"}],"wp:featuredmedia":[{"embeddable":true,"href":"https:\/\/heimstaden.com\/pl\/wp-json\/wp\/v2\/media\/19810"}],"wp:attachment":[{"href":"https:\/\/heimstaden.com\/pl\/wp-json\/wp\/v2\/media?parent=19923"}],"curies":[{"name":"wp","href":"https:\/\/api.w.org\/{rel}","templated":true}]}}