{"id":26473,"date":"2025-08-11T14:40:35","date_gmt":"2025-08-11T12:40:35","guid":{"rendered":"https:\/\/heimstaden.com\/no\/?page_id=26473"},"modified":"2025-08-11T14:40:35","modified_gmt":"2025-08-11T12:40:35","slug":"nydalen","status":"publish","type":"page","link":"https:\/\/heimstaden.com\/no\/leie-leilighet-oslo\/nydalen\/","title":{"rendered":"Leilighet til leie Nydalen"},"content":{"rendered":"","protected":false},"excerpt":{"rendered":"","protected":false},"author":115,"featured_media":26485,"parent":25493,"menu_order":0,"comment_status":"closed","ping_status":"closed","template":"","meta":{"_acf_changed":false,"_relevanssi_hide_post":"","_relevanssi_hide_content":"","_relevanssi_pin_for_all":"","_relevanssi_pin_keywords":"","_relevanssi_unpin_keywords":"","_relevanssi_related_keywords":"","_relevanssi_related_include_ids":"","_relevanssi_related_exclude_ids":"","_relevanssi_related_no_append":"","_relevanssi_related_not_related":"","_relevanssi_related_posts":"","_relevanssi_noindex_reason":"","footnotes":""},"class_list":["post-26473","page","type-page","status-publish","has-post-thumbnail","hentry"],"acf":[],"yoast_head":"<!-- This site is optimized with the Yoast SEO plugin v26.3 - https:\/\/yoast.com\/wordpress\/plugins\/seo\/ -->\n<title>Leilighet til leie Nydalen \u2013 Moderne boliger i Oslo nord<\/title>\n<meta name=\"description\" content=\"Se leilighet til leie Nydalen og finn ditt nye hjem i et trygt, moderne og gr\u00f8nt omr\u00e5de n\u00e6r BI, Akerselva og Oslo sentrum.\" \/>\n<meta name=\"robots\" content=\"index, follow, max-snippet:-1, max-image-preview:large, max-video-preview:-1\" \/>\n<link rel=\"canonical\" href=\"https:\/\/heimstaden.com\/no\/leie-leilighet-oslo\/nydalen\/\" \/>\n<meta property=\"og:locale\" content=\"nb_NO\" \/>\n<meta property=\"og:type\" content=\"article\" \/>\n<meta property=\"og:title\" content=\"Leilighet til leie Nydalen \u2013 Moderne boliger i Oslo nord\" \/>\n<meta property=\"og:description\" content=\"Se leilighet til leie Nydalen og finn ditt nye hjem i et trygt, moderne og gr\u00f8nt omr\u00e5de n\u00e6r BI, Akerselva og Oslo sentrum.\" \/>\n<meta property=\"og:url\" content=\"https:\/\/heimstaden.com\/no\/leie-leilighet-oslo\/nydalen\/\" \/>\n<meta property=\"og:site_name\" content=\"Heimstaden\" \/>\n<meta property=\"article:publisher\" content=\"https:\/\/www.facebook.com\/heimstadennorge\" \/>\n<meta property=\"og:image\" content=\"https:\/\/heimstaden.com\/app\/uploads\/sites\/3\/2025\/07\/leie-leilighet-nydalen-scaled.jpg\" \/>\n\t<meta property=\"og:image:width\" content=\"2560\" \/>\n\t<meta property=\"og:image:height\" content=\"1707\" \/>\n\t<meta property=\"og:image:type\" content=\"image\/jpeg\" \/>\n<meta name=\"twitter:card\" content=\"summary_large_image\" \/>\n<meta name=\"twitter:label1\" content=\"Est. reading time\" \/>\n\t<meta name=\"twitter:data1\" content=\"4 minutter\" \/>\n<script type=\"application\/ld+json\" class=\"yoast-schema-graph\">{\"@context\":\"https:\/\/schema.org\",\"@graph\":[{\"@type\":\"WebPage\",\"@id\":\"https:\/\/heimstaden.com\/no\/leie-leilighet-oslo\/nydalen\/\",\"url\":\"https:\/\/heimstaden.com\/no\/leie-leilighet-oslo\/nydalen\/\",\"name\":\"Leilighet til leie Nydalen \u2013 Moderne boliger i Oslo nord\",\"isPartOf\":{\"@id\":\"https:\/\/heimstaden.com\/no\/#website\"},\"primaryImageOfPage\":{\"@id\":\"https:\/\/heimstaden.com\/no\/leie-leilighet-oslo\/nydalen\/#primaryimage\"},\"image\":{\"@id\":\"https:\/\/heimstaden.com\/no\/leie-leilighet-oslo\/nydalen\/#primaryimage\"},\"thumbnailUrl\":\"https:\/\/heimstaden.com\/app\/uploads\/sites\/3\/2025\/07\/leie-leilighet-nydalen-scaled.jpg\",\"datePublished\":\"2025-08-11T12:40:35+00:00\",\"description\":\"Se leilighet til leie Nydalen og finn ditt nye hjem i et trygt, moderne og gr\u00f8nt omr\u00e5de n\u00e6r BI, Akerselva og Oslo sentrum.\",\"breadcrumb\":{\"@id\":\"https:\/\/heimstaden.com\/no\/leie-leilighet-oslo\/nydalen\/#breadcrumb\"},\"inLanguage\":\"nb-NO\",\"potentialAction\":[{\"@type\":\"ReadAction\",\"target\":[\"https:\/\/heimstaden.com\/no\/leie-leilighet-oslo\/nydalen\/\"]}]},{\"@type\":\"ImageObject\",\"inLanguage\":\"nb-NO\",\"@id\":\"https:\/\/heimstaden.com\/no\/leie-leilighet-oslo\/nydalen\/#primaryimage\",\"url\":\"https:\/\/heimstaden.com\/app\/uploads\/sites\/3\/2025\/07\/leie-leilighet-nydalen-scaled.jpg\",\"contentUrl\":\"https:\/\/heimstaden.com\/app\/uploads\/sites\/3\/2025\/07\/leie-leilighet-nydalen-scaled.jpg\",\"width\":2560,\"height\":1707,\"caption\":\"leilighet til leie Nydalen\"},{\"@type\":\"BreadcrumbList\",\"@id\":\"https:\/\/heimstaden.com\/no\/leie-leilighet-oslo\/nydalen\/#breadcrumb\",\"itemListElement\":[{\"@type\":\"ListItem\",\"position\":1,\"name\":\"Leie leilighet Oslo\",\"item\":\"https:\/\/heimstaden.com\/no\/leie-leilighet-oslo\/\"},{\"@type\":\"ListItem\",\"position\":2,\"name\":\"Leilighet til leie Nydalen\"}]},{\"@type\":\"WebSite\",\"@id\":\"https:\/\/heimstaden.com\/no\/#website\",\"url\":\"https:\/\/heimstaden.com\/no\/\",\"name\":\"Heimstaden\",\"description\":\"Hjem med omtanke. S\u00f8k ledige leiligheter.\",\"publisher\":{\"@id\":\"https:\/\/heimstaden.com\/no\/#organization\"},\"potentialAction\":[{\"@type\":\"SearchAction\",\"target\":{\"@type\":\"EntryPoint\",\"urlTemplate\":\"https:\/\/heimstaden.com\/no\/?s={search_term_string}\"},\"query-input\":{\"@type\":\"PropertyValueSpecification\",\"valueRequired\":true,\"valueName\":\"search_term_string\"}}],\"inLanguage\":\"nb-NO\"},{\"@type\":\"Organization\",\"@id\":\"https:\/\/heimstaden.com\/no\/#organization\",\"name\":\"Heimstaden AS\",\"url\":\"https:\/\/heimstaden.com\/no\/\",\"logo\":{\"@type\":\"ImageObject\",\"inLanguage\":\"nb-NO\",\"@id\":\"https:\/\/heimstaden.com\/no\/#\/schema\/logo\/image\/\",\"url\":\"https:\/\/heimstaden.com\/app\/uploads\/sites\/3\/2021\/12\/Heimstaden_logo.png\",\"contentUrl\":\"https:\/\/heimstaden.com\/app\/uploads\/sites\/3\/2021\/12\/Heimstaden_logo.png\",\"width\":1476,\"height\":214,\"caption\":\"Heimstaden AS\"},\"image\":{\"@id\":\"https:\/\/heimstaden.com\/no\/#\/schema\/logo\/image\/\"},\"sameAs\":[\"https:\/\/www.facebook.com\/heimstadennorge\",\"https:\/\/www.instagram.com\/heimstaden_norge\/\",\"https:\/\/www.linkedin.com\/company\/10401437\/\",\"https:\/\/www.youtube.com\/channel\/UC8ZRGha4Yg9tZKhEpaoFuKg\",\"https:\/\/sv.wikipedia.org\/wiki\/Heimstaden\"]}]}<\/script>\n<!-- \/ Yoast SEO plugin. -->","yoast_head_json":{"title":"Leilighet til leie Nydalen \u2013 Moderne boliger i Oslo nord","description":"Se leilighet til leie Nydalen og finn ditt nye hjem i et trygt, moderne og gr\u00f8nt omr\u00e5de n\u00e6r BI, Akerselva og Oslo sentrum.","robots":{"index":"index","follow":"follow","max-snippet":"max-snippet:-1","max-image-preview":"max-image-preview:large","max-video-preview":"max-video-preview:-1"},"canonical":"https:\/\/heimstaden.com\/no\/leie-leilighet-oslo\/nydalen\/","og_locale":"nb_NO","og_type":"article","og_title":"Leilighet til leie Nydalen \u2013 Moderne boliger i Oslo nord","og_description":"Se leilighet til leie Nydalen og finn ditt nye hjem i et trygt, moderne og gr\u00f8nt omr\u00e5de n\u00e6r BI, Akerselva og Oslo sentrum.","og_url":"https:\/\/heimstaden.com\/no\/leie-leilighet-oslo\/nydalen\/","og_site_name":"Heimstaden","article_publisher":"https:\/\/www.facebook.com\/heimstadennorge","og_image":[{"width":2560,"height":1707,"url":"https:\/\/heimstaden.com\/app\/uploads\/sites\/3\/2025\/07\/leie-leilighet-nydalen-scaled.jpg","type":"image\/jpeg"}],"twitter_card":"summary_large_image","twitter_misc":{"Est. reading time":"4 minutter"},"schema":{"@context":"https:\/\/schema.org","@graph":[{"@type":"WebPage","@id":"https:\/\/heimstaden.com\/no\/leie-leilighet-oslo\/nydalen\/","url":"https:\/\/heimstaden.com\/no\/leie-leilighet-oslo\/nydalen\/","name":"Leilighet til leie Nydalen \u2013 Moderne boliger i Oslo nord","isPartOf":{"@id":"https:\/\/heimstaden.com\/no\/#website"},"primaryImageOfPage":{"@id":"https:\/\/heimstaden.com\/no\/leie-leilighet-oslo\/nydalen\/#primaryimage"},"image":{"@id":"https:\/\/heimstaden.com\/no\/leie-leilighet-oslo\/nydalen\/#primaryimage"},"thumbnailUrl":"https:\/\/heimstaden.com\/app\/uploads\/sites\/3\/2025\/07\/leie-leilighet-nydalen-scaled.jpg","datePublished":"2025-08-11T12:40:35+00:00","description":"Se leilighet til leie Nydalen og finn ditt nye hjem i et trygt, moderne og gr\u00f8nt omr\u00e5de n\u00e6r BI, Akerselva og Oslo sentrum.","breadcrumb":{"@id":"https:\/\/heimstaden.com\/no\/leie-leilighet-oslo\/nydalen\/#breadcrumb"},"inLanguage":"nb-NO","potentialAction":[{"@type":"ReadAction","target":["https:\/\/heimstaden.com\/no\/leie-leilighet-oslo\/nydalen\/"]}]},{"@type":"ImageObject","inLanguage":"nb-NO","@id":"https:\/\/heimstaden.com\/no\/leie-leilighet-oslo\/nydalen\/#primaryimage","url":"https:\/\/heimstaden.com\/app\/uploads\/sites\/3\/2025\/07\/leie-leilighet-nydalen-scaled.jpg","contentUrl":"https:\/\/heimstaden.com\/app\/uploads\/sites\/3\/2025\/07\/leie-leilighet-nydalen-scaled.jpg","width":2560,"height":1707,"caption":"leilighet til leie Nydalen"},{"@type":"BreadcrumbList","@id":"https:\/\/heimstaden.com\/no\/leie-leilighet-oslo\/nydalen\/#breadcrumb","itemListElement":[{"@type":"ListItem","position":1,"name":"Leie leilighet Oslo","item":"https:\/\/heimstaden.com\/no\/leie-leilighet-oslo\/"},{"@type":"ListItem","position":2,"name":"Leilighet til leie Nydalen"}]},{"@type":"WebSite","@id":"https:\/\/heimstaden.com\/no\/#website","url":"https:\/\/heimstaden.com\/no\/","name":"Heimstaden","description":"Hjem med omtanke. S\u00f8k ledige leiligheter.","publisher":{"@id":"https:\/\/heimstaden.com\/no\/#organization"},"potentialAction":[{"@type":"SearchAction","target":{"@type":"EntryPoint","urlTemplate":"https:\/\/heimstaden.com\/no\/?s={search_term_string}"},"query-input":{"@type":"PropertyValueSpecification","valueRequired":true,"valueName":"search_term_string"}}],"inLanguage":"nb-NO"},{"@type":"Organization","@id":"https:\/\/heimstaden.com\/no\/#organization","name":"Heimstaden AS","url":"https:\/\/heimstaden.com\/no\/","logo":{"@type":"ImageObject","inLanguage":"nb-NO","@id":"https:\/\/heimstaden.com\/no\/#\/schema\/logo\/image\/","url":"https:\/\/heimstaden.com\/app\/uploads\/sites\/3\/2021\/12\/Heimstaden_logo.png","contentUrl":"https:\/\/heimstaden.com\/app\/uploads\/sites\/3\/2021\/12\/Heimstaden_logo.png","width":1476,"height":214,"caption":"Heimstaden AS"},"image":{"@id":"https:\/\/heimstaden.com\/no\/#\/schema\/logo\/image\/"},"sameAs":["https:\/\/www.facebook.com\/heimstadennorge","https:\/\/www.instagram.com\/heimstaden_norge\/","https:\/\/www.linkedin.com\/company\/10401437\/","https:\/\/www.youtube.com\/channel\/UC8ZRGha4Yg9tZKhEpaoFuKg","https:\/\/sv.wikipedia.org\/wiki\/Heimstaden"]}]}},"_links":{"self":[{"href":"https:\/\/heimstaden.com\/no\/wp-json\/wp\/v2\/pages\/26473","targetHints":{"allow":["GET"]}}],"collection":[{"href":"https:\/\/heimstaden.com\/no\/wp-json\/wp\/v2\/pages"}],"about":[{"href":"https:\/\/heimstaden.com\/no\/wp-json\/wp\/v2\/types\/page"}],"author":[{"embeddable":true,"href":"https:\/\/heimstaden.com\/no\/wp-json\/wp\/v2\/users\/115"}],"replies":[{"embeddable":true,"href":"https:\/\/heimstaden.com\/no\/wp-json\/wp\/v2\/comments?post=26473"}],"version-history":[{"count":11,"href":"https:\/\/heimstaden.com\/no\/wp-json\/wp\/v2\/pages\/26473\/revisions"}],"predecessor-version":[{"id":26705,"href":"https:\/\/heimstaden.com\/no\/wp-json\/wp\/v2\/pages\/26473\/revisions\/26705"}],"up":[{"embeddable":true,"href":"https:\/\/heimstaden.com\/no\/wp-json\/wp\/v2\/pages\/25493"}],"wp:featuredmedia":[{"embeddable":true,"href":"https:\/\/heimstaden.com\/no\/wp-json\/wp\/v2\/media\/26485"}],"wp:attachment":[{"href":"https:\/\/heimstaden.com\/no\/wp-json\/wp\/v2\/media?parent=26473"}],"curies":[{"name":"wp","href":"https:\/\/api.w.org\/{rel}","templated":true}]}}