{"id":26390,"date":"2025-08-11T14:50:14","date_gmt":"2025-08-11T12:50:14","guid":{"rendered":"https:\/\/heimstaden.com\/no\/?page_id=26390"},"modified":"2025-08-11T15:01:04","modified_gmt":"2025-08-11T13:01:04","slug":"grunerlokka","status":"publish","type":"page","link":"https:\/\/heimstaden.com\/no\/leie-leilighet-oslo\/grunerlokka\/","title":{"rendered":"Leilighet til leie Grunerl\u00f8kka"},"content":{"rendered":"","protected":false},"excerpt":{"rendered":"","protected":false},"author":115,"featured_media":26393,"parent":25493,"menu_order":0,"comment_status":"closed","ping_status":"closed","template":"","meta":{"_acf_changed":false,"_relevanssi_hide_post":"","_relevanssi_hide_content":"","_relevanssi_pin_for_all":"","_relevanssi_pin_keywords":"","_relevanssi_unpin_keywords":"","_relevanssi_related_keywords":"","_relevanssi_related_include_ids":"","_relevanssi_related_exclude_ids":"","_relevanssi_related_no_append":"","_relevanssi_related_not_related":"","_relevanssi_related_posts":"","_relevanssi_noindex_reason":"","footnotes":""},"class_list":["post-26390","page","type-page","status-publish","has-post-thumbnail","hentry"],"acf":[],"yoast_head":"<!-- This site is optimized with the Yoast SEO plugin v26.3 - https:\/\/yoast.com\/wordpress\/plugins\/seo\/ -->\n<title>Leilighet til leie Grunerl\u00f8kka \u2013 Eksklusiv bolig ved fjorden<\/title>\n<meta name=\"description\" content=\"Utforsk ledige leiligheter til leie i Grunerl\u00f8kka \u2013 moderne, m\u00f8blert og med sj\u00f8utsikt. Bo i et av Norges mest attraktive boligomr\u00e5der.\" \/>\n<meta name=\"robots\" content=\"index, follow, max-snippet:-1, max-image-preview:large, max-video-preview:-1\" \/>\n<link rel=\"canonical\" href=\"https:\/\/heimstaden.com\/no\/leie-leilighet-oslo\/grunerlokka\/\" \/>\n<meta property=\"og:locale\" content=\"nb_NO\" \/>\n<meta property=\"og:type\" content=\"article\" \/>\n<meta property=\"og:title\" content=\"Leilighet til leie Grunerl\u00f8kka \u2013 Eksklusiv bolig ved fjorden\" \/>\n<meta property=\"og:description\" content=\"Utforsk ledige leiligheter til leie i Grunerl\u00f8kka \u2013 moderne, m\u00f8blert og med sj\u00f8utsikt. Bo i et av Norges mest attraktive boligomr\u00e5der.\" \/>\n<meta property=\"og:url\" content=\"https:\/\/heimstaden.com\/no\/leie-leilighet-oslo\/grunerlokka\/\" \/>\n<meta property=\"og:site_name\" content=\"Heimstaden\" \/>\n<meta property=\"article:publisher\" content=\"https:\/\/www.facebook.com\/heimstadennorge\" \/>\n<meta property=\"article:modified_time\" content=\"2025-08-11T13:01:04+00:00\" \/>\n<meta property=\"og:image\" content=\"https:\/\/heimstaden.com\/app\/uploads\/sites\/3\/2025\/07\/grunerlokka.png\" \/>\n\t<meta property=\"og:image:width\" content=\"800\" \/>\n\t<meta property=\"og:image:height\" content=\"533\" \/>\n\t<meta property=\"og:image:type\" content=\"image\/png\" \/>\n<meta name=\"twitter:card\" content=\"summary_large_image\" \/>\n<meta name=\"twitter:label1\" content=\"Est. reading time\" \/>\n\t<meta name=\"twitter:data1\" content=\"6 minutter\" \/>\n<script type=\"application\/ld+json\" class=\"yoast-schema-graph\">{\"@context\":\"https:\/\/schema.org\",\"@graph\":[{\"@type\":\"WebPage\",\"@id\":\"https:\/\/heimstaden.com\/no\/leie-leilighet-oslo\/grunerlokka\/\",\"url\":\"https:\/\/heimstaden.com\/no\/leie-leilighet-oslo\/grunerlokka\/\",\"name\":\"Leilighet til leie Grunerl\u00f8kka \u2013 Eksklusiv bolig ved fjorden\",\"isPartOf\":{\"@id\":\"https:\/\/heimstaden.com\/no\/#website\"},\"primaryImageOfPage\":{\"@id\":\"https:\/\/heimstaden.com\/no\/leie-leilighet-oslo\/grunerlokka\/#primaryimage\"},\"image\":{\"@id\":\"https:\/\/heimstaden.com\/no\/leie-leilighet-oslo\/grunerlokka\/#primaryimage\"},\"thumbnailUrl\":\"https:\/\/heimstaden.com\/app\/uploads\/sites\/3\/2025\/07\/grunerlokka.png\",\"datePublished\":\"2025-08-11T12:50:14+00:00\",\"dateModified\":\"2025-08-11T13:01:04+00:00\",\"description\":\"Utforsk ledige leiligheter til leie i Grunerl\u00f8kka \u2013 moderne, m\u00f8blert og med sj\u00f8utsikt. Bo i et av Norges mest attraktive boligomr\u00e5der.\",\"breadcrumb\":{\"@id\":\"https:\/\/heimstaden.com\/no\/leie-leilighet-oslo\/grunerlokka\/#breadcrumb\"},\"inLanguage\":\"nb-NO\",\"potentialAction\":[{\"@type\":\"ReadAction\",\"target\":[\"https:\/\/heimstaden.com\/no\/leie-leilighet-oslo\/grunerlokka\/\"]}]},{\"@type\":\"ImageObject\",\"inLanguage\":\"nb-NO\",\"@id\":\"https:\/\/heimstaden.com\/no\/leie-leilighet-oslo\/grunerlokka\/#primaryimage\",\"url\":\"https:\/\/heimstaden.com\/app\/uploads\/sites\/3\/2025\/07\/grunerlokka.png\",\"contentUrl\":\"https:\/\/heimstaden.com\/app\/uploads\/sites\/3\/2025\/07\/grunerlokka.png\",\"width\":800,\"height\":533,\"caption\":\"Grunerl\u00f8kka\"},{\"@type\":\"BreadcrumbList\",\"@id\":\"https:\/\/heimstaden.com\/no\/leie-leilighet-oslo\/grunerlokka\/#breadcrumb\",\"itemListElement\":[{\"@type\":\"ListItem\",\"position\":1,\"name\":\"Leie leilighet Oslo\",\"item\":\"https:\/\/heimstaden.com\/no\/leie-leilighet-oslo\/\"},{\"@type\":\"ListItem\",\"position\":2,\"name\":\"Leilighet til leie Grunerl\u00f8kka\"}]},{\"@type\":\"WebSite\",\"@id\":\"https:\/\/heimstaden.com\/no\/#website\",\"url\":\"https:\/\/heimstaden.com\/no\/\",\"name\":\"Heimstaden\",\"description\":\"Hjem med omtanke. S\u00f8k ledige leiligheter.\",\"publisher\":{\"@id\":\"https:\/\/heimstaden.com\/no\/#organization\"},\"potentialAction\":[{\"@type\":\"SearchAction\",\"target\":{\"@type\":\"EntryPoint\",\"urlTemplate\":\"https:\/\/heimstaden.com\/no\/?s={search_term_string}\"},\"query-input\":{\"@type\":\"PropertyValueSpecification\",\"valueRequired\":true,\"valueName\":\"search_term_string\"}}],\"inLanguage\":\"nb-NO\"},{\"@type\":\"Organization\",\"@id\":\"https:\/\/heimstaden.com\/no\/#organization\",\"name\":\"Heimstaden AS\",\"url\":\"https:\/\/heimstaden.com\/no\/\",\"logo\":{\"@type\":\"ImageObject\",\"inLanguage\":\"nb-NO\",\"@id\":\"https:\/\/heimstaden.com\/no\/#\/schema\/logo\/image\/\",\"url\":\"https:\/\/heimstaden.com\/app\/uploads\/sites\/3\/2021\/12\/Heimstaden_logo.png\",\"contentUrl\":\"https:\/\/heimstaden.com\/app\/uploads\/sites\/3\/2021\/12\/Heimstaden_logo.png\",\"width\":1476,\"height\":214,\"caption\":\"Heimstaden AS\"},\"image\":{\"@id\":\"https:\/\/heimstaden.com\/no\/#\/schema\/logo\/image\/\"},\"sameAs\":[\"https:\/\/www.facebook.com\/heimstadennorge\",\"https:\/\/www.instagram.com\/heimstaden_norge\/\",\"https:\/\/www.linkedin.com\/company\/10401437\/\",\"https:\/\/www.youtube.com\/channel\/UC8ZRGha4Yg9tZKhEpaoFuKg\",\"https:\/\/sv.wikipedia.org\/wiki\/Heimstaden\"]}]}<\/script>\n<!-- \/ Yoast SEO plugin. -->","yoast_head_json":{"title":"Leilighet til leie Grunerl\u00f8kka \u2013 Eksklusiv bolig ved fjorden","description":"Utforsk ledige leiligheter til leie i Grunerl\u00f8kka \u2013 moderne, m\u00f8blert og med sj\u00f8utsikt. Bo i et av Norges mest attraktive boligomr\u00e5der.","robots":{"index":"index","follow":"follow","max-snippet":"max-snippet:-1","max-image-preview":"max-image-preview:large","max-video-preview":"max-video-preview:-1"},"canonical":"https:\/\/heimstaden.com\/no\/leie-leilighet-oslo\/grunerlokka\/","og_locale":"nb_NO","og_type":"article","og_title":"Leilighet til leie Grunerl\u00f8kka \u2013 Eksklusiv bolig ved fjorden","og_description":"Utforsk ledige leiligheter til leie i Grunerl\u00f8kka \u2013 moderne, m\u00f8blert og med sj\u00f8utsikt. Bo i et av Norges mest attraktive boligomr\u00e5der.","og_url":"https:\/\/heimstaden.com\/no\/leie-leilighet-oslo\/grunerlokka\/","og_site_name":"Heimstaden","article_publisher":"https:\/\/www.facebook.com\/heimstadennorge","article_modified_time":"2025-08-11T13:01:04+00:00","og_image":[{"width":800,"height":533,"url":"https:\/\/heimstaden.com\/app\/uploads\/sites\/3\/2025\/07\/grunerlokka.png","type":"image\/png"}],"twitter_card":"summary_large_image","twitter_misc":{"Est. reading time":"6 minutter"},"schema":{"@context":"https:\/\/schema.org","@graph":[{"@type":"WebPage","@id":"https:\/\/heimstaden.com\/no\/leie-leilighet-oslo\/grunerlokka\/","url":"https:\/\/heimstaden.com\/no\/leie-leilighet-oslo\/grunerlokka\/","name":"Leilighet til leie Grunerl\u00f8kka \u2013 Eksklusiv bolig ved fjorden","isPartOf":{"@id":"https:\/\/heimstaden.com\/no\/#website"},"primaryImageOfPage":{"@id":"https:\/\/heimstaden.com\/no\/leie-leilighet-oslo\/grunerlokka\/#primaryimage"},"image":{"@id":"https:\/\/heimstaden.com\/no\/leie-leilighet-oslo\/grunerlokka\/#primaryimage"},"thumbnailUrl":"https:\/\/heimstaden.com\/app\/uploads\/sites\/3\/2025\/07\/grunerlokka.png","datePublished":"2025-08-11T12:50:14+00:00","dateModified":"2025-08-11T13:01:04+00:00","description":"Utforsk ledige leiligheter til leie i Grunerl\u00f8kka \u2013 moderne, m\u00f8blert og med sj\u00f8utsikt. Bo i et av Norges mest attraktive boligomr\u00e5der.","breadcrumb":{"@id":"https:\/\/heimstaden.com\/no\/leie-leilighet-oslo\/grunerlokka\/#breadcrumb"},"inLanguage":"nb-NO","potentialAction":[{"@type":"ReadAction","target":["https:\/\/heimstaden.com\/no\/leie-leilighet-oslo\/grunerlokka\/"]}]},{"@type":"ImageObject","inLanguage":"nb-NO","@id":"https:\/\/heimstaden.com\/no\/leie-leilighet-oslo\/grunerlokka\/#primaryimage","url":"https:\/\/heimstaden.com\/app\/uploads\/sites\/3\/2025\/07\/grunerlokka.png","contentUrl":"https:\/\/heimstaden.com\/app\/uploads\/sites\/3\/2025\/07\/grunerlokka.png","width":800,"height":533,"caption":"Grunerl\u00f8kka"},{"@type":"BreadcrumbList","@id":"https:\/\/heimstaden.com\/no\/leie-leilighet-oslo\/grunerlokka\/#breadcrumb","itemListElement":[{"@type":"ListItem","position":1,"name":"Leie leilighet Oslo","item":"https:\/\/heimstaden.com\/no\/leie-leilighet-oslo\/"},{"@type":"ListItem","position":2,"name":"Leilighet til leie Grunerl\u00f8kka"}]},{"@type":"WebSite","@id":"https:\/\/heimstaden.com\/no\/#website","url":"https:\/\/heimstaden.com\/no\/","name":"Heimstaden","description":"Hjem med omtanke. S\u00f8k ledige leiligheter.","publisher":{"@id":"https:\/\/heimstaden.com\/no\/#organization"},"potentialAction":[{"@type":"SearchAction","target":{"@type":"EntryPoint","urlTemplate":"https:\/\/heimstaden.com\/no\/?s={search_term_string}"},"query-input":{"@type":"PropertyValueSpecification","valueRequired":true,"valueName":"search_term_string"}}],"inLanguage":"nb-NO"},{"@type":"Organization","@id":"https:\/\/heimstaden.com\/no\/#organization","name":"Heimstaden AS","url":"https:\/\/heimstaden.com\/no\/","logo":{"@type":"ImageObject","inLanguage":"nb-NO","@id":"https:\/\/heimstaden.com\/no\/#\/schema\/logo\/image\/","url":"https:\/\/heimstaden.com\/app\/uploads\/sites\/3\/2021\/12\/Heimstaden_logo.png","contentUrl":"https:\/\/heimstaden.com\/app\/uploads\/sites\/3\/2021\/12\/Heimstaden_logo.png","width":1476,"height":214,"caption":"Heimstaden AS"},"image":{"@id":"https:\/\/heimstaden.com\/no\/#\/schema\/logo\/image\/"},"sameAs":["https:\/\/www.facebook.com\/heimstadennorge","https:\/\/www.instagram.com\/heimstaden_norge\/","https:\/\/www.linkedin.com\/company\/10401437\/","https:\/\/www.youtube.com\/channel\/UC8ZRGha4Yg9tZKhEpaoFuKg","https:\/\/sv.wikipedia.org\/wiki\/Heimstaden"]}]}},"_links":{"self":[{"href":"https:\/\/heimstaden.com\/no\/wp-json\/wp\/v2\/pages\/26390","targetHints":{"allow":["GET"]}}],"collection":[{"href":"https:\/\/heimstaden.com\/no\/wp-json\/wp\/v2\/pages"}],"about":[{"href":"https:\/\/heimstaden.com\/no\/wp-json\/wp\/v2\/types\/page"}],"author":[{"embeddable":true,"href":"https:\/\/heimstaden.com\/no\/wp-json\/wp\/v2\/users\/115"}],"replies":[{"embeddable":true,"href":"https:\/\/heimstaden.com\/no\/wp-json\/wp\/v2\/comments?post=26390"}],"version-history":[{"count":10,"href":"https:\/\/heimstaden.com\/no\/wp-json\/wp\/v2\/pages\/26390\/revisions"}],"predecessor-version":[{"id":26708,"href":"https:\/\/heimstaden.com\/no\/wp-json\/wp\/v2\/pages\/26390\/revisions\/26708"}],"up":[{"embeddable":true,"href":"https:\/\/heimstaden.com\/no\/wp-json\/wp\/v2\/pages\/25493"}],"wp:featuredmedia":[{"embeddable":true,"href":"https:\/\/heimstaden.com\/no\/wp-json\/wp\/v2\/media\/26393"}],"wp:attachment":[{"href":"https:\/\/heimstaden.com\/no\/wp-json\/wp\/v2\/media?parent=26390"}],"curies":[{"name":"wp","href":"https:\/\/api.w.org\/{rel}","templated":true}]}}