{"id":26328,"date":"2025-06-26T15:19:30","date_gmt":"2025-06-26T13:19:30","guid":{"rendered":"https:\/\/heimstaden.com\/no\/?page_id=26328"},"modified":"2026-04-14T11:43:37","modified_gmt":"2026-04-14T09:43:37","slug":"tilgjengelighet-hos-heimstaden","status":"publish","type":"page","link":"https:\/\/heimstaden.com\/no\/tilgjengelighet-hos-heimstaden\/","title":{"rendered":"Tilgjengelighet p\u00e5 Heimstadens digitale plattformer"},"content":{"rendered":"","protected":false},"excerpt":{"rendered":"","protected":false},"author":105,"featured_media":0,"parent":0,"menu_order":0,"comment_status":"closed","ping_status":"closed","template":"","meta":{"_acf_changed":false,"_relevanssi_hide_post":"","_relevanssi_hide_content":"","_relevanssi_pin_for_all":"","_relevanssi_pin_keywords":"","_relevanssi_unpin_keywords":"","_relevanssi_related_keywords":"","_relevanssi_related_include_ids":"","_relevanssi_related_exclude_ids":"","_relevanssi_related_no_append":"","_relevanssi_related_not_related":"","_relevanssi_related_posts":"","_relevanssi_noindex_reason":"","footnotes":""},"class_list":["post-26328","page","type-page","status-publish","hentry"],"acf":[],"yoast_head":"<!-- This site is optimized with the Yoast SEO plugin v26.3 - https:\/\/yoast.com\/wordpress\/plugins\/seo\/ -->\n<title>Tilgjengelighet p\u00e5 Heimstadens digitale plattformer - Heimstaden<\/title>\n<meta name=\"description\" content=\"Hos Heimstaden mener vi at alle skal kunne f\u00e5 tilgang til og engasjere seg med v\u00e5re digitale plattformer, uavhengig av funksjonsevne. Derfor er vi forpliktet til \u00e5 skape inkluderende nettopplevelser som gjenspeiler b\u00e5de v\u00e5r vennlige tiln\u00e6rming og v\u00e5re designstandarder.\" \/>\n<meta name=\"robots\" content=\"index, follow, max-snippet:-1, max-image-preview:large, max-video-preview:-1\" \/>\n<link rel=\"canonical\" href=\"https:\/\/heimstaden.com\/no\/tilgjengelighet-hos-heimstaden\/\" \/>\n<meta property=\"og:locale\" content=\"nb_NO\" \/>\n<meta property=\"og:type\" content=\"article\" \/>\n<meta property=\"og:title\" content=\"Tilgjengelighet p\u00e5 Heimstadens digitale plattformer\" \/>\n<meta property=\"og:description\" content=\"Hos Heimstaden mener vi at alle skal kunne f\u00e5 tilgang til og engasjere seg med v\u00e5re digitale plattformer, uavhengig av funksjonsevne. Derfor er vi forpliktet til \u00e5 skape inkluderende nettopplevelser som gjenspeiler b\u00e5de v\u00e5r vennlige tiln\u00e6rming og v\u00e5re designstandarder.\" \/>\n<meta property=\"og:url\" content=\"https:\/\/heimstaden.com\/no\/tilgjengelighet-hos-heimstaden\/\" \/>\n<meta property=\"og:site_name\" content=\"Heimstaden\" \/>\n<meta property=\"article:publisher\" content=\"https:\/\/www.facebook.com\/heimstadennorge\" \/>\n<meta property=\"article:modified_time\" content=\"2026-04-14T09:43:37+00:00\" \/>\n<meta property=\"og:image\" content=\"https:\/\/heimstaden.com\/app\/uploads\/sites\/3\/2024\/10\/Newsletter-images@1x.png\" \/>\n\t<meta property=\"og:image:width\" content=\"1600\" \/>\n\t<meta property=\"og:image:height\" content=\"800\" \/>\n\t<meta property=\"og:image:type\" content=\"image\/png\" \/>\n<meta name=\"twitter:card\" content=\"summary_large_image\" \/>\n<meta name=\"twitter:label1\" content=\"Est. reading time\" \/>\n\t<meta name=\"twitter:data1\" content=\"2 minutter\" \/>\n<script type=\"application\/ld+json\" class=\"yoast-schema-graph\">{\"@context\":\"https:\/\/schema.org\",\"@graph\":[{\"@type\":\"WebPage\",\"@id\":\"https:\/\/heimstaden.com\/no\/tilgjengelighet-hos-heimstaden\/\",\"url\":\"https:\/\/heimstaden.com\/no\/tilgjengelighet-hos-heimstaden\/\",\"name\":\"Tilgjengelighet p\u00e5 Heimstadens digitale plattformer - Heimstaden\",\"isPartOf\":{\"@id\":\"https:\/\/heimstaden.com\/no\/#website\"},\"datePublished\":\"2025-06-26T13:19:30+00:00\",\"dateModified\":\"2026-04-14T09:43:37+00:00\",\"description\":\"Hos Heimstaden mener vi at alle skal kunne f\u00e5 tilgang til og engasjere seg med v\u00e5re digitale plattformer, uavhengig av funksjonsevne. Derfor er vi forpliktet til \u00e5 skape inkluderende nettopplevelser som gjenspeiler b\u00e5de v\u00e5r vennlige tiln\u00e6rming og v\u00e5re designstandarder.\",\"inLanguage\":\"nb-NO\",\"potentialAction\":[{\"@type\":\"ReadAction\",\"target\":[\"https:\/\/heimstaden.com\/no\/tilgjengelighet-hos-heimstaden\/\"]}]},{\"@type\":\"WebSite\",\"@id\":\"https:\/\/heimstaden.com\/no\/#website\",\"url\":\"https:\/\/heimstaden.com\/no\/\",\"name\":\"Heimstaden\",\"description\":\"Hjem med omtanke. S\u00f8k ledige leiligheter.\",\"publisher\":{\"@id\":\"https:\/\/heimstaden.com\/no\/#organization\"},\"potentialAction\":[{\"@type\":\"SearchAction\",\"target\":{\"@type\":\"EntryPoint\",\"urlTemplate\":\"https:\/\/heimstaden.com\/no\/?s={search_term_string}\"},\"query-input\":{\"@type\":\"PropertyValueSpecification\",\"valueRequired\":true,\"valueName\":\"search_term_string\"}}],\"inLanguage\":\"nb-NO\"},{\"@type\":\"Organization\",\"@id\":\"https:\/\/heimstaden.com\/no\/#organization\",\"name\":\"Heimstaden AS\",\"url\":\"https:\/\/heimstaden.com\/no\/\",\"logo\":{\"@type\":\"ImageObject\",\"inLanguage\":\"nb-NO\",\"@id\":\"https:\/\/heimstaden.com\/no\/#\/schema\/logo\/image\/\",\"url\":\"https:\/\/heimstaden.com\/app\/uploads\/sites\/3\/2021\/12\/Heimstaden_logo.png\",\"contentUrl\":\"https:\/\/heimstaden.com\/app\/uploads\/sites\/3\/2021\/12\/Heimstaden_logo.png\",\"width\":1476,\"height\":214,\"caption\":\"Heimstaden AS\"},\"image\":{\"@id\":\"https:\/\/heimstaden.com\/no\/#\/schema\/logo\/image\/\"},\"sameAs\":[\"https:\/\/www.facebook.com\/heimstadennorge\",\"https:\/\/www.instagram.com\/heimstaden_norge\/\",\"https:\/\/www.linkedin.com\/company\/10401437\/\",\"https:\/\/www.youtube.com\/channel\/UC8ZRGha4Yg9tZKhEpaoFuKg\",\"https:\/\/sv.wikipedia.org\/wiki\/Heimstaden\"]}]}<\/script>\n<!-- \/ Yoast SEO plugin. -->","yoast_head_json":{"title":"Tilgjengelighet p\u00e5 Heimstadens digitale plattformer - Heimstaden","description":"Hos Heimstaden mener vi at alle skal kunne f\u00e5 tilgang til og engasjere seg med v\u00e5re digitale plattformer, uavhengig av funksjonsevne. Derfor er vi forpliktet til \u00e5 skape inkluderende nettopplevelser som gjenspeiler b\u00e5de v\u00e5r vennlige tiln\u00e6rming og v\u00e5re designstandarder.","robots":{"index":"index","follow":"follow","max-snippet":"max-snippet:-1","max-image-preview":"max-image-preview:large","max-video-preview":"max-video-preview:-1"},"canonical":"https:\/\/heimstaden.com\/no\/tilgjengelighet-hos-heimstaden\/","og_locale":"nb_NO","og_type":"article","og_title":"Tilgjengelighet p\u00e5 Heimstadens digitale plattformer","og_description":"Hos Heimstaden mener vi at alle skal kunne f\u00e5 tilgang til og engasjere seg med v\u00e5re digitale plattformer, uavhengig av funksjonsevne. Derfor er vi forpliktet til \u00e5 skape inkluderende nettopplevelser som gjenspeiler b\u00e5de v\u00e5r vennlige tiln\u00e6rming og v\u00e5re designstandarder.","og_url":"https:\/\/heimstaden.com\/no\/tilgjengelighet-hos-heimstaden\/","og_site_name":"Heimstaden","article_publisher":"https:\/\/www.facebook.com\/heimstadennorge","article_modified_time":"2026-04-14T09:43:37+00:00","og_image":[{"width":1600,"height":800,"url":"https:\/\/heimstaden.com\/app\/uploads\/sites\/3\/2024\/10\/Newsletter-images@1x.png","type":"image\/png"}],"twitter_card":"summary_large_image","twitter_misc":{"Est. reading time":"2 minutter"},"schema":{"@context":"https:\/\/schema.org","@graph":[{"@type":"WebPage","@id":"https:\/\/heimstaden.com\/no\/tilgjengelighet-hos-heimstaden\/","url":"https:\/\/heimstaden.com\/no\/tilgjengelighet-hos-heimstaden\/","name":"Tilgjengelighet p\u00e5 Heimstadens digitale plattformer - Heimstaden","isPartOf":{"@id":"https:\/\/heimstaden.com\/no\/#website"},"datePublished":"2025-06-26T13:19:30+00:00","dateModified":"2026-04-14T09:43:37+00:00","description":"Hos Heimstaden mener vi at alle skal kunne f\u00e5 tilgang til og engasjere seg med v\u00e5re digitale plattformer, uavhengig av funksjonsevne. Derfor er vi forpliktet til \u00e5 skape inkluderende nettopplevelser som gjenspeiler b\u00e5de v\u00e5r vennlige tiln\u00e6rming og v\u00e5re designstandarder.","inLanguage":"nb-NO","potentialAction":[{"@type":"ReadAction","target":["https:\/\/heimstaden.com\/no\/tilgjengelighet-hos-heimstaden\/"]}]},{"@type":"WebSite","@id":"https:\/\/heimstaden.com\/no\/#website","url":"https:\/\/heimstaden.com\/no\/","name":"Heimstaden","description":"Hjem med omtanke. S\u00f8k ledige leiligheter.","publisher":{"@id":"https:\/\/heimstaden.com\/no\/#organization"},"potentialAction":[{"@type":"SearchAction","target":{"@type":"EntryPoint","urlTemplate":"https:\/\/heimstaden.com\/no\/?s={search_term_string}"},"query-input":{"@type":"PropertyValueSpecification","valueRequired":true,"valueName":"search_term_string"}}],"inLanguage":"nb-NO"},{"@type":"Organization","@id":"https:\/\/heimstaden.com\/no\/#organization","name":"Heimstaden AS","url":"https:\/\/heimstaden.com\/no\/","logo":{"@type":"ImageObject","inLanguage":"nb-NO","@id":"https:\/\/heimstaden.com\/no\/#\/schema\/logo\/image\/","url":"https:\/\/heimstaden.com\/app\/uploads\/sites\/3\/2021\/12\/Heimstaden_logo.png","contentUrl":"https:\/\/heimstaden.com\/app\/uploads\/sites\/3\/2021\/12\/Heimstaden_logo.png","width":1476,"height":214,"caption":"Heimstaden AS"},"image":{"@id":"https:\/\/heimstaden.com\/no\/#\/schema\/logo\/image\/"},"sameAs":["https:\/\/www.facebook.com\/heimstadennorge","https:\/\/www.instagram.com\/heimstaden_norge\/","https:\/\/www.linkedin.com\/company\/10401437\/","https:\/\/www.youtube.com\/channel\/UC8ZRGha4Yg9tZKhEpaoFuKg","https:\/\/sv.wikipedia.org\/wiki\/Heimstaden"]}]}},"_links":{"self":[{"href":"https:\/\/heimstaden.com\/no\/wp-json\/wp\/v2\/pages\/26328","targetHints":{"allow":["GET"]}}],"collection":[{"href":"https:\/\/heimstaden.com\/no\/wp-json\/wp\/v2\/pages"}],"about":[{"href":"https:\/\/heimstaden.com\/no\/wp-json\/wp\/v2\/types\/page"}],"author":[{"embeddable":true,"href":"https:\/\/heimstaden.com\/no\/wp-json\/wp\/v2\/users\/105"}],"replies":[{"embeddable":true,"href":"https:\/\/heimstaden.com\/no\/wp-json\/wp\/v2\/comments?post=26328"}],"version-history":[{"count":7,"href":"https:\/\/heimstaden.com\/no\/wp-json\/wp\/v2\/pages\/26328\/revisions"}],"predecessor-version":[{"id":28484,"href":"https:\/\/heimstaden.com\/no\/wp-json\/wp\/v2\/pages\/26328\/revisions\/28484"}],"wp:attachment":[{"href":"https:\/\/heimstaden.com\/no\/wp-json\/wp\/v2\/media?parent=26328"}],"curies":[{"name":"wp","href":"https:\/\/api.w.org\/{rel}","templated":true}]}}