{"id":18643,"date":"2022-01-19T16:16:09","date_gmt":"2022-01-19T15:16:09","guid":{"rendered":"https:\/\/heimstaden.com\/no\/?page_id=18643"},"modified":"2024-04-05T12:52:50","modified_gmt":"2024-04-05T10:52:50","slug":"hjelpesenter","status":"publish","type":"page","link":"https:\/\/heimstaden.com\/no\/kundeservice\/hjelpesenter\/","title":{"rendered":"Kundeforum"},"content":{"rendered":"","protected":false},"excerpt":{"rendered":"","protected":false},"author":47,"featured_media":22232,"parent":1565,"menu_order":0,"comment_status":"closed","ping_status":"closed","template":"views\/template-kundo.blade.php","meta":{"_acf_changed":false,"_relevanssi_hide_post":"","_relevanssi_hide_content":"","_relevanssi_pin_for_all":"","_relevanssi_pin_keywords":"","_relevanssi_unpin_keywords":"","_relevanssi_related_keywords":"","_relevanssi_related_include_ids":"","_relevanssi_related_exclude_ids":"","_relevanssi_related_no_append":"","_relevanssi_related_not_related":"","_relevanssi_related_posts":"","_relevanssi_noindex_reason":"","footnotes":""},"class_list":["post-18643","page","type-page","status-publish","has-post-thumbnail","hentry"],"acf":[],"yoast_head":"<!-- This site is optimized with the Yoast SEO plugin v26.3 - https:\/\/yoast.com\/wordpress\/plugins\/seo\/ -->\n<title>Kundeforum - Heimstaden<\/title>\n<meta name=\"description\" content=\"Lurer du p\u00e5 noe rundt ditt leieforhold eller er du interessert i \u00e5 leie bolig og har sp\u00f8rsm\u00e5l? Velkommen til Heimstadens hjelpesenter.\" \/>\n<meta name=\"robots\" content=\"index, follow, max-snippet:-1, max-image-preview:large, max-video-preview:-1\" \/>\n<link rel=\"canonical\" href=\"https:\/\/heimstaden.com\/no\/kundeservice\/hjelpesenter\/\" \/>\n<meta property=\"og:locale\" content=\"nb_NO\" \/>\n<meta property=\"og:type\" content=\"article\" \/>\n<meta property=\"og:title\" content=\"Kundeforum - Heimstaden\" \/>\n<meta property=\"og:description\" content=\"Lurer du p\u00e5 noe rundt ditt leieforhold eller er du interessert i \u00e5 leie bolig og har sp\u00f8rsm\u00e5l? Velkommen til Heimstadens hjelpesenter.\" \/>\n<meta property=\"og:url\" content=\"https:\/\/heimstaden.com\/no\/kundeservice\/hjelpesenter\/\" \/>\n<meta property=\"og:site_name\" content=\"Heimstaden\" \/>\n<meta property=\"article:publisher\" content=\"https:\/\/www.facebook.com\/heimstadennorge\" \/>\n<meta property=\"article:modified_time\" content=\"2024-04-05T10:52:50+00:00\" \/>\n<meta property=\"og:image\" content=\"https:\/\/heimstaden.com\/app\/uploads\/sites\/3\/2023\/05\/Youths-web.jpg\" \/>\n\t<meta property=\"og:image:width\" content=\"1440\" \/>\n\t<meta property=\"og:image:height\" content=\"960\" \/>\n\t<meta property=\"og:image:type\" content=\"image\/jpeg\" \/>\n<meta name=\"twitter:card\" content=\"summary_large_image\" \/>\n<meta name=\"twitter:label1\" content=\"Est. reading time\" \/>\n\t<meta name=\"twitter:data1\" content=\"1 minutt\" \/>\n<script type=\"application\/ld+json\" class=\"yoast-schema-graph\">{\"@context\":\"https:\/\/schema.org\",\"@graph\":[{\"@type\":\"WebPage\",\"@id\":\"https:\/\/heimstaden.com\/no\/kundeservice\/hjelpesenter\/\",\"url\":\"https:\/\/heimstaden.com\/no\/kundeservice\/hjelpesenter\/\",\"name\":\"Kundeforum - Heimstaden\",\"isPartOf\":{\"@id\":\"https:\/\/heimstaden.com\/no\/#website\"},\"primaryImageOfPage\":{\"@id\":\"https:\/\/heimstaden.com\/no\/kundeservice\/hjelpesenter\/#primaryimage\"},\"image\":{\"@id\":\"https:\/\/heimstaden.com\/no\/kundeservice\/hjelpesenter\/#primaryimage\"},\"thumbnailUrl\":\"https:\/\/heimstaden.com\/app\/uploads\/sites\/3\/2023\/05\/Youths-web.jpg\",\"datePublished\":\"2022-01-19T15:16:09+00:00\",\"dateModified\":\"2024-04-05T10:52:50+00:00\",\"description\":\"Lurer du p\u00e5 noe rundt ditt leieforhold eller er du interessert i \u00e5 leie bolig og har sp\u00f8rsm\u00e5l? Velkommen til Heimstadens hjelpesenter.\",\"breadcrumb\":{\"@id\":\"https:\/\/heimstaden.com\/no\/kundeservice\/hjelpesenter\/#breadcrumb\"},\"inLanguage\":\"nb-NO\",\"potentialAction\":[{\"@type\":\"ReadAction\",\"target\":[\"https:\/\/heimstaden.com\/no\/kundeservice\/hjelpesenter\/\"]}]},{\"@type\":\"ImageObject\",\"inLanguage\":\"nb-NO\",\"@id\":\"https:\/\/heimstaden.com\/no\/kundeservice\/hjelpesenter\/#primaryimage\",\"url\":\"https:\/\/heimstaden.com\/app\/uploads\/sites\/3\/2023\/05\/Youths-web.jpg\",\"contentUrl\":\"https:\/\/heimstaden.com\/app\/uploads\/sites\/3\/2023\/05\/Youths-web.jpg\",\"width\":1440,\"height\":960,\"caption\":\"Ung kvinne sitter med laptop\"},{\"@type\":\"BreadcrumbList\",\"@id\":\"https:\/\/heimstaden.com\/no\/kundeservice\/hjelpesenter\/#breadcrumb\",\"itemListElement\":[{\"@type\":\"ListItem\",\"position\":1,\"name\":\"Ressursportal\",\"item\":\"https:\/\/heimstaden.com\/no\/kundeservice\/\"},{\"@type\":\"ListItem\",\"position\":2,\"name\":\"Kundeforum\"}]},{\"@type\":\"WebSite\",\"@id\":\"https:\/\/heimstaden.com\/no\/#website\",\"url\":\"https:\/\/heimstaden.com\/no\/\",\"name\":\"Heimstaden\",\"description\":\"Hjem med omtanke. S\u00f8k ledige leiligheter.\",\"publisher\":{\"@id\":\"https:\/\/heimstaden.com\/no\/#organization\"},\"potentialAction\":[{\"@type\":\"SearchAction\",\"target\":{\"@type\":\"EntryPoint\",\"urlTemplate\":\"https:\/\/heimstaden.com\/no\/?s={search_term_string}\"},\"query-input\":{\"@type\":\"PropertyValueSpecification\",\"valueRequired\":true,\"valueName\":\"search_term_string\"}}],\"inLanguage\":\"nb-NO\"},{\"@type\":\"Organization\",\"@id\":\"https:\/\/heimstaden.com\/no\/#organization\",\"name\":\"Heimstaden AS\",\"url\":\"https:\/\/heimstaden.com\/no\/\",\"logo\":{\"@type\":\"ImageObject\",\"inLanguage\":\"nb-NO\",\"@id\":\"https:\/\/heimstaden.com\/no\/#\/schema\/logo\/image\/\",\"url\":\"https:\/\/heimstaden.com\/app\/uploads\/sites\/3\/2021\/12\/Heimstaden_logo.png\",\"contentUrl\":\"https:\/\/heimstaden.com\/app\/uploads\/sites\/3\/2021\/12\/Heimstaden_logo.png\",\"width\":1476,\"height\":214,\"caption\":\"Heimstaden AS\"},\"image\":{\"@id\":\"https:\/\/heimstaden.com\/no\/#\/schema\/logo\/image\/\"},\"sameAs\":[\"https:\/\/www.facebook.com\/heimstadennorge\",\"https:\/\/www.instagram.com\/heimstaden_norge\/\",\"https:\/\/www.linkedin.com\/company\/10401437\/\",\"https:\/\/www.youtube.com\/channel\/UC8ZRGha4Yg9tZKhEpaoFuKg\",\"https:\/\/sv.wikipedia.org\/wiki\/Heimstaden\"]}]}<\/script>\n<!-- \/ Yoast SEO plugin. -->","yoast_head_json":{"title":"Kundeforum - Heimstaden","description":"Lurer du p\u00e5 noe rundt ditt leieforhold eller er du interessert i \u00e5 leie bolig og har sp\u00f8rsm\u00e5l? Velkommen til Heimstadens hjelpesenter.","robots":{"index":"index","follow":"follow","max-snippet":"max-snippet:-1","max-image-preview":"max-image-preview:large","max-video-preview":"max-video-preview:-1"},"canonical":"https:\/\/heimstaden.com\/no\/kundeservice\/hjelpesenter\/","og_locale":"nb_NO","og_type":"article","og_title":"Kundeforum - Heimstaden","og_description":"Lurer du p\u00e5 noe rundt ditt leieforhold eller er du interessert i \u00e5 leie bolig og har sp\u00f8rsm\u00e5l? Velkommen til Heimstadens hjelpesenter.","og_url":"https:\/\/heimstaden.com\/no\/kundeservice\/hjelpesenter\/","og_site_name":"Heimstaden","article_publisher":"https:\/\/www.facebook.com\/heimstadennorge","article_modified_time":"2024-04-05T10:52:50+00:00","og_image":[{"width":1440,"height":960,"url":"https:\/\/heimstaden.com\/app\/uploads\/sites\/3\/2023\/05\/Youths-web.jpg","type":"image\/jpeg"}],"twitter_card":"summary_large_image","twitter_misc":{"Est. reading time":"1 minutt"},"schema":{"@context":"https:\/\/schema.org","@graph":[{"@type":"WebPage","@id":"https:\/\/heimstaden.com\/no\/kundeservice\/hjelpesenter\/","url":"https:\/\/heimstaden.com\/no\/kundeservice\/hjelpesenter\/","name":"Kundeforum - Heimstaden","isPartOf":{"@id":"https:\/\/heimstaden.com\/no\/#website"},"primaryImageOfPage":{"@id":"https:\/\/heimstaden.com\/no\/kundeservice\/hjelpesenter\/#primaryimage"},"image":{"@id":"https:\/\/heimstaden.com\/no\/kundeservice\/hjelpesenter\/#primaryimage"},"thumbnailUrl":"https:\/\/heimstaden.com\/app\/uploads\/sites\/3\/2023\/05\/Youths-web.jpg","datePublished":"2022-01-19T15:16:09+00:00","dateModified":"2024-04-05T10:52:50+00:00","description":"Lurer du p\u00e5 noe rundt ditt leieforhold eller er du interessert i \u00e5 leie bolig og har sp\u00f8rsm\u00e5l? Velkommen til Heimstadens hjelpesenter.","breadcrumb":{"@id":"https:\/\/heimstaden.com\/no\/kundeservice\/hjelpesenter\/#breadcrumb"},"inLanguage":"nb-NO","potentialAction":[{"@type":"ReadAction","target":["https:\/\/heimstaden.com\/no\/kundeservice\/hjelpesenter\/"]}]},{"@type":"ImageObject","inLanguage":"nb-NO","@id":"https:\/\/heimstaden.com\/no\/kundeservice\/hjelpesenter\/#primaryimage","url":"https:\/\/heimstaden.com\/app\/uploads\/sites\/3\/2023\/05\/Youths-web.jpg","contentUrl":"https:\/\/heimstaden.com\/app\/uploads\/sites\/3\/2023\/05\/Youths-web.jpg","width":1440,"height":960,"caption":"Ung kvinne sitter med laptop"},{"@type":"BreadcrumbList","@id":"https:\/\/heimstaden.com\/no\/kundeservice\/hjelpesenter\/#breadcrumb","itemListElement":[{"@type":"ListItem","position":1,"name":"Ressursportal","item":"https:\/\/heimstaden.com\/no\/kundeservice\/"},{"@type":"ListItem","position":2,"name":"Kundeforum"}]},{"@type":"WebSite","@id":"https:\/\/heimstaden.com\/no\/#website","url":"https:\/\/heimstaden.com\/no\/","name":"Heimstaden","description":"Hjem med omtanke. S\u00f8k ledige leiligheter.","publisher":{"@id":"https:\/\/heimstaden.com\/no\/#organization"},"potentialAction":[{"@type":"SearchAction","target":{"@type":"EntryPoint","urlTemplate":"https:\/\/heimstaden.com\/no\/?s={search_term_string}"},"query-input":{"@type":"PropertyValueSpecification","valueRequired":true,"valueName":"search_term_string"}}],"inLanguage":"nb-NO"},{"@type":"Organization","@id":"https:\/\/heimstaden.com\/no\/#organization","name":"Heimstaden AS","url":"https:\/\/heimstaden.com\/no\/","logo":{"@type":"ImageObject","inLanguage":"nb-NO","@id":"https:\/\/heimstaden.com\/no\/#\/schema\/logo\/image\/","url":"https:\/\/heimstaden.com\/app\/uploads\/sites\/3\/2021\/12\/Heimstaden_logo.png","contentUrl":"https:\/\/heimstaden.com\/app\/uploads\/sites\/3\/2021\/12\/Heimstaden_logo.png","width":1476,"height":214,"caption":"Heimstaden AS"},"image":{"@id":"https:\/\/heimstaden.com\/no\/#\/schema\/logo\/image\/"},"sameAs":["https:\/\/www.facebook.com\/heimstadennorge","https:\/\/www.instagram.com\/heimstaden_norge\/","https:\/\/www.linkedin.com\/company\/10401437\/","https:\/\/www.youtube.com\/channel\/UC8ZRGha4Yg9tZKhEpaoFuKg","https:\/\/sv.wikipedia.org\/wiki\/Heimstaden"]}]}},"_links":{"self":[{"href":"https:\/\/heimstaden.com\/no\/wp-json\/wp\/v2\/pages\/18643","targetHints":{"allow":["GET"]}}],"collection":[{"href":"https:\/\/heimstaden.com\/no\/wp-json\/wp\/v2\/pages"}],"about":[{"href":"https:\/\/heimstaden.com\/no\/wp-json\/wp\/v2\/types\/page"}],"author":[{"embeddable":true,"href":"https:\/\/heimstaden.com\/no\/wp-json\/wp\/v2\/users\/47"}],"replies":[{"embeddable":true,"href":"https:\/\/heimstaden.com\/no\/wp-json\/wp\/v2\/comments?post=18643"}],"version-history":[{"count":10,"href":"https:\/\/heimstaden.com\/no\/wp-json\/wp\/v2\/pages\/18643\/revisions"}],"predecessor-version":[{"id":22544,"href":"https:\/\/heimstaden.com\/no\/wp-json\/wp\/v2\/pages\/18643\/revisions\/22544"}],"up":[{"embeddable":true,"href":"https:\/\/heimstaden.com\/no\/wp-json\/wp\/v2\/pages\/1565"}],"wp:featuredmedia":[{"embeddable":true,"href":"https:\/\/heimstaden.com\/no\/wp-json\/wp\/v2\/media\/22232"}],"wp:attachment":[{"href":"https:\/\/heimstaden.com\/no\/wp-json\/wp\/v2\/media?parent=18643"}],"curies":[{"name":"wp","href":"https:\/\/api.w.org\/{rel}","templated":true}]}}