{"id":18462,"date":"2026-03-09T07:52:04","date_gmt":"2026-03-09T06:52:04","guid":{"rendered":"https:\/\/heimstaden.com\/no\/?page_id=18462"},"modified":"2026-03-09T08:47:21","modified_gmt":"2026-03-09T07:47:21","slug":"leie-naeringslokale-dette-bor-du-vite","status":"publish","type":"page","link":"https:\/\/heimstaden.com\/no\/leie-naeringslokale-dette-bor-du-vite\/","title":{"rendered":"Leie n\u00e6ringslokale? Dette b\u00f8r du vite"},"content":{"rendered":"","protected":false},"excerpt":{"rendered":"","protected":false},"author":50,"featured_media":28114,"parent":0,"menu_order":0,"comment_status":"closed","ping_status":"closed","template":"","meta":{"_acf_changed":false,"_relevanssi_hide_post":"","_relevanssi_hide_content":"","_relevanssi_pin_for_all":"","_relevanssi_pin_keywords":"","_relevanssi_unpin_keywords":"","_relevanssi_related_keywords":"","_relevanssi_related_include_ids":"","_relevanssi_related_exclude_ids":"","_relevanssi_related_no_append":"","_relevanssi_related_not_related":"","_relevanssi_related_posts":"","_relevanssi_noindex_reason":"","footnotes":""},"class_list":["post-18462","page","type-page","status-publish","has-post-thumbnail","hentry"],"acf":[],"yoast_head":"<!-- This site is optimized with the Yoast SEO plugin v26.3 - https:\/\/yoast.com\/wordpress\/plugins\/seo\/ -->\n<title>N\u00e6ringslokaler til leie Oslo | Ledige Kontorlokaler for virksomheter<\/title>\n<meta name=\"description\" content=\"Se ledige n\u00e6ringslokaler til leie i Oslo for kontor, butikk og lager. Fleksible l\u00f8sninger i attraktive omr\u00e5der: finn ditt neste lokale raskt.\" \/>\n<meta name=\"robots\" content=\"index, follow, max-snippet:-1, max-image-preview:large, max-video-preview:-1\" \/>\n<link rel=\"canonical\" href=\"https:\/\/heimstaden.com\/no\/leie-naeringslokale-dette-bor-du-vite\/\" \/>\n<meta property=\"og:locale\" content=\"nb_NO\" \/>\n<meta property=\"og:type\" content=\"article\" \/>\n<meta property=\"og:title\" content=\"N\u00e6ringslokaler til leie Oslo | Ledige Kontorlokaler for virksomheter\" \/>\n<meta property=\"og:description\" content=\"Se ledige n\u00e6ringslokaler til leie i Oslo for kontor, butikk og lager. Fleksible l\u00f8sninger i attraktive omr\u00e5der: finn ditt neste lokale raskt.\" \/>\n<meta property=\"og:url\" content=\"https:\/\/heimstaden.com\/no\/leie-naeringslokale-dette-bor-du-vite\/\" \/>\n<meta property=\"og:site_name\" content=\"Heimstaden\" \/>\n<meta property=\"article:publisher\" content=\"https:\/\/www.facebook.com\/heimstadennorge\" \/>\n<meta property=\"article:modified_time\" content=\"2026-03-09T07:47:21+00:00\" \/>\n<meta property=\"og:image\" content=\"https:\/\/heimstaden.com\/app\/uploads\/sites\/3\/2026\/03\/naeringslokaler-til-leie-oslo.jpg\" \/>\n\t<meta property=\"og:image:width\" content=\"1200\" \/>\n\t<meta property=\"og:image:height\" content=\"800\" \/>\n\t<meta property=\"og:image:type\" content=\"image\/jpeg\" \/>\n<meta name=\"twitter:card\" content=\"summary_large_image\" \/>\n<meta name=\"twitter:label1\" content=\"Est. reading time\" \/>\n\t<meta name=\"twitter:data1\" content=\"5 minutter\" \/>\n<script type=\"application\/ld+json\" class=\"yoast-schema-graph\">{\"@context\":\"https:\/\/schema.org\",\"@graph\":[{\"@type\":\"WebPage\",\"@id\":\"https:\/\/heimstaden.com\/no\/leie-naeringslokale-dette-bor-du-vite\/\",\"url\":\"https:\/\/heimstaden.com\/no\/leie-naeringslokale-dette-bor-du-vite\/\",\"name\":\"N\u00e6ringslokaler til leie Oslo | Ledige Kontorlokaler for virksomheter\",\"isPartOf\":{\"@id\":\"https:\/\/heimstaden.com\/no\/#website\"},\"primaryImageOfPage\":{\"@id\":\"https:\/\/heimstaden.com\/no\/leie-naeringslokale-dette-bor-du-vite\/#primaryimage\"},\"image\":{\"@id\":\"https:\/\/heimstaden.com\/no\/leie-naeringslokale-dette-bor-du-vite\/#primaryimage\"},\"thumbnailUrl\":\"https:\/\/heimstaden.com\/app\/uploads\/sites\/3\/2026\/03\/naeringslokaler-til-leie-oslo.jpg\",\"datePublished\":\"2026-03-09T06:52:04+00:00\",\"dateModified\":\"2026-03-09T07:47:21+00:00\",\"description\":\"Se ledige n\u00e6ringslokaler til leie i Oslo for kontor, butikk og lager. Fleksible l\u00f8sninger i attraktive omr\u00e5der: finn ditt neste lokale raskt.\",\"inLanguage\":\"nb-NO\",\"potentialAction\":[{\"@type\":\"ReadAction\",\"target\":[\"https:\/\/heimstaden.com\/no\/leie-naeringslokale-dette-bor-du-vite\/\"]}]},{\"@type\":\"ImageObject\",\"inLanguage\":\"nb-NO\",\"@id\":\"https:\/\/heimstaden.com\/no\/leie-naeringslokale-dette-bor-du-vite\/#primaryimage\",\"url\":\"https:\/\/heimstaden.com\/app\/uploads\/sites\/3\/2026\/03\/naeringslokaler-til-leie-oslo.jpg\",\"contentUrl\":\"https:\/\/heimstaden.com\/app\/uploads\/sites\/3\/2026\/03\/naeringslokaler-til-leie-oslo.jpg\",\"width\":1200,\"height\":800,\"caption\":\"kontorrom med trebord\"},{\"@type\":\"WebSite\",\"@id\":\"https:\/\/heimstaden.com\/no\/#website\",\"url\":\"https:\/\/heimstaden.com\/no\/\",\"name\":\"Heimstaden\",\"description\":\"Hjem med omtanke. S\u00f8k ledige leiligheter.\",\"publisher\":{\"@id\":\"https:\/\/heimstaden.com\/no\/#organization\"},\"potentialAction\":[{\"@type\":\"SearchAction\",\"target\":{\"@type\":\"EntryPoint\",\"urlTemplate\":\"https:\/\/heimstaden.com\/no\/?s={search_term_string}\"},\"query-input\":{\"@type\":\"PropertyValueSpecification\",\"valueRequired\":true,\"valueName\":\"search_term_string\"}}],\"inLanguage\":\"nb-NO\"},{\"@type\":\"Organization\",\"@id\":\"https:\/\/heimstaden.com\/no\/#organization\",\"name\":\"Heimstaden AS\",\"url\":\"https:\/\/heimstaden.com\/no\/\",\"logo\":{\"@type\":\"ImageObject\",\"inLanguage\":\"nb-NO\",\"@id\":\"https:\/\/heimstaden.com\/no\/#\/schema\/logo\/image\/\",\"url\":\"https:\/\/heimstaden.com\/app\/uploads\/sites\/3\/2021\/12\/Heimstaden_logo.png\",\"contentUrl\":\"https:\/\/heimstaden.com\/app\/uploads\/sites\/3\/2021\/12\/Heimstaden_logo.png\",\"width\":1476,\"height\":214,\"caption\":\"Heimstaden AS\"},\"image\":{\"@id\":\"https:\/\/heimstaden.com\/no\/#\/schema\/logo\/image\/\"},\"sameAs\":[\"https:\/\/www.facebook.com\/heimstadennorge\",\"https:\/\/www.instagram.com\/heimstaden_norge\/\",\"https:\/\/www.linkedin.com\/company\/10401437\/\",\"https:\/\/www.youtube.com\/channel\/UC8ZRGha4Yg9tZKhEpaoFuKg\",\"https:\/\/sv.wikipedia.org\/wiki\/Heimstaden\"]}]}<\/script>\n<!-- \/ Yoast SEO plugin. -->","yoast_head_json":{"title":"N\u00e6ringslokaler til leie Oslo | Ledige Kontorlokaler for virksomheter","description":"Se ledige n\u00e6ringslokaler til leie i Oslo for kontor, butikk og lager. Fleksible l\u00f8sninger i attraktive omr\u00e5der: finn ditt neste lokale raskt.","robots":{"index":"index","follow":"follow","max-snippet":"max-snippet:-1","max-image-preview":"max-image-preview:large","max-video-preview":"max-video-preview:-1"},"canonical":"https:\/\/heimstaden.com\/no\/leie-naeringslokale-dette-bor-du-vite\/","og_locale":"nb_NO","og_type":"article","og_title":"N\u00e6ringslokaler til leie Oslo | Ledige Kontorlokaler for virksomheter","og_description":"Se ledige n\u00e6ringslokaler til leie i Oslo for kontor, butikk og lager. Fleksible l\u00f8sninger i attraktive omr\u00e5der: finn ditt neste lokale raskt.","og_url":"https:\/\/heimstaden.com\/no\/leie-naeringslokale-dette-bor-du-vite\/","og_site_name":"Heimstaden","article_publisher":"https:\/\/www.facebook.com\/heimstadennorge","article_modified_time":"2026-03-09T07:47:21+00:00","og_image":[{"width":1200,"height":800,"url":"https:\/\/heimstaden.com\/app\/uploads\/sites\/3\/2026\/03\/naeringslokaler-til-leie-oslo.jpg","type":"image\/jpeg"}],"twitter_card":"summary_large_image","twitter_misc":{"Est. reading time":"5 minutter"},"schema":{"@context":"https:\/\/schema.org","@graph":[{"@type":"WebPage","@id":"https:\/\/heimstaden.com\/no\/leie-naeringslokale-dette-bor-du-vite\/","url":"https:\/\/heimstaden.com\/no\/leie-naeringslokale-dette-bor-du-vite\/","name":"N\u00e6ringslokaler til leie Oslo | Ledige Kontorlokaler for virksomheter","isPartOf":{"@id":"https:\/\/heimstaden.com\/no\/#website"},"primaryImageOfPage":{"@id":"https:\/\/heimstaden.com\/no\/leie-naeringslokale-dette-bor-du-vite\/#primaryimage"},"image":{"@id":"https:\/\/heimstaden.com\/no\/leie-naeringslokale-dette-bor-du-vite\/#primaryimage"},"thumbnailUrl":"https:\/\/heimstaden.com\/app\/uploads\/sites\/3\/2026\/03\/naeringslokaler-til-leie-oslo.jpg","datePublished":"2026-03-09T06:52:04+00:00","dateModified":"2026-03-09T07:47:21+00:00","description":"Se ledige n\u00e6ringslokaler til leie i Oslo for kontor, butikk og lager. Fleksible l\u00f8sninger i attraktive omr\u00e5der: finn ditt neste lokale raskt.","inLanguage":"nb-NO","potentialAction":[{"@type":"ReadAction","target":["https:\/\/heimstaden.com\/no\/leie-naeringslokale-dette-bor-du-vite\/"]}]},{"@type":"ImageObject","inLanguage":"nb-NO","@id":"https:\/\/heimstaden.com\/no\/leie-naeringslokale-dette-bor-du-vite\/#primaryimage","url":"https:\/\/heimstaden.com\/app\/uploads\/sites\/3\/2026\/03\/naeringslokaler-til-leie-oslo.jpg","contentUrl":"https:\/\/heimstaden.com\/app\/uploads\/sites\/3\/2026\/03\/naeringslokaler-til-leie-oslo.jpg","width":1200,"height":800,"caption":"kontorrom med trebord"},{"@type":"WebSite","@id":"https:\/\/heimstaden.com\/no\/#website","url":"https:\/\/heimstaden.com\/no\/","name":"Heimstaden","description":"Hjem med omtanke. S\u00f8k ledige leiligheter.","publisher":{"@id":"https:\/\/heimstaden.com\/no\/#organization"},"potentialAction":[{"@type":"SearchAction","target":{"@type":"EntryPoint","urlTemplate":"https:\/\/heimstaden.com\/no\/?s={search_term_string}"},"query-input":{"@type":"PropertyValueSpecification","valueRequired":true,"valueName":"search_term_string"}}],"inLanguage":"nb-NO"},{"@type":"Organization","@id":"https:\/\/heimstaden.com\/no\/#organization","name":"Heimstaden AS","url":"https:\/\/heimstaden.com\/no\/","logo":{"@type":"ImageObject","inLanguage":"nb-NO","@id":"https:\/\/heimstaden.com\/no\/#\/schema\/logo\/image\/","url":"https:\/\/heimstaden.com\/app\/uploads\/sites\/3\/2021\/12\/Heimstaden_logo.png","contentUrl":"https:\/\/heimstaden.com\/app\/uploads\/sites\/3\/2021\/12\/Heimstaden_logo.png","width":1476,"height":214,"caption":"Heimstaden AS"},"image":{"@id":"https:\/\/heimstaden.com\/no\/#\/schema\/logo\/image\/"},"sameAs":["https:\/\/www.facebook.com\/heimstadennorge","https:\/\/www.instagram.com\/heimstaden_norge\/","https:\/\/www.linkedin.com\/company\/10401437\/","https:\/\/www.youtube.com\/channel\/UC8ZRGha4Yg9tZKhEpaoFuKg","https:\/\/sv.wikipedia.org\/wiki\/Heimstaden"]}]}},"_links":{"self":[{"href":"https:\/\/heimstaden.com\/no\/wp-json\/wp\/v2\/pages\/18462","targetHints":{"allow":["GET"]}}],"collection":[{"href":"https:\/\/heimstaden.com\/no\/wp-json\/wp\/v2\/pages"}],"about":[{"href":"https:\/\/heimstaden.com\/no\/wp-json\/wp\/v2\/types\/page"}],"author":[{"embeddable":true,"href":"https:\/\/heimstaden.com\/no\/wp-json\/wp\/v2\/users\/50"}],"replies":[{"embeddable":true,"href":"https:\/\/heimstaden.com\/no\/wp-json\/wp\/v2\/comments?post=18462"}],"version-history":[{"count":10,"href":"https:\/\/heimstaden.com\/no\/wp-json\/wp\/v2\/pages\/18462\/revisions"}],"predecessor-version":[{"id":28115,"href":"https:\/\/heimstaden.com\/no\/wp-json\/wp\/v2\/pages\/18462\/revisions\/28115"}],"wp:featuredmedia":[{"embeddable":true,"href":"https:\/\/heimstaden.com\/no\/wp-json\/wp\/v2\/media\/28114"}],"wp:attachment":[{"href":"https:\/\/heimstaden.com\/no\/wp-json\/wp\/v2\/media?parent=18462"}],"curies":[{"name":"wp","href":"https:\/\/api.w.org\/{rel}","templated":true}]}}