{"id":17384,"date":"2021-05-03T08:37:44","date_gmt":"2021-05-03T06:37:44","guid":{"rendered":"https:\/\/heimstaden.com\/no\/?page_id=17384"},"modified":"2021-07-12T08:50:31","modified_gmt":"2021-07-12T06:50:31","slug":"oppsigelse","status":"publish","type":"page","link":"https:\/\/heimstaden.com\/no\/oppsigelse\/","title":{"rendered":"Oppsigelse"},"content":{"rendered":"","protected":false},"excerpt":{"rendered":"","protected":false},"author":50,"featured_media":17385,"parent":0,"menu_order":0,"comment_status":"closed","ping_status":"closed","template":"","meta":{"_acf_changed":false,"_relevanssi_hide_post":"","_relevanssi_hide_content":"","_relevanssi_pin_for_all":"","_relevanssi_pin_keywords":"","_relevanssi_unpin_keywords":"","_relevanssi_related_keywords":"","_relevanssi_related_include_ids":"","_relevanssi_related_exclude_ids":"","_relevanssi_related_no_append":"","_relevanssi_related_not_related":"","_relevanssi_related_posts":"","_relevanssi_noindex_reason":"","footnotes":""},"class_list":["post-17384","page","type-page","status-publish","has-post-thumbnail","hentry"],"acf":[],"yoast_head":"<!-- This site is optimized with the Yoast SEO plugin v26.3 - https:\/\/yoast.com\/wordpress\/plugins\/seo\/ -->\n<title>\u00d8nsker du \u00e5 si opp ditt leieforhold? Skjema for oppsigelse - Heimstaden<\/title>\n<meta name=\"description\" content=\"\u00d8nsker du \u00e5 si opp ditt leieforhold hos oss i Heimstaden? Da fyller du enkelt inn skjemaet for oppsigelse her og sender inn til oss.\" \/>\n<meta name=\"robots\" content=\"index, follow, max-snippet:-1, max-image-preview:large, max-video-preview:-1\" \/>\n<link rel=\"canonical\" href=\"https:\/\/heimstaden.com\/no\/oppsigelse\/\" \/>\n<meta property=\"og:locale\" content=\"nb_NO\" \/>\n<meta property=\"og:type\" content=\"article\" \/>\n<meta property=\"og:title\" content=\"\u00d8nsker du \u00e5 si opp ditt leieforhold? Skjema for oppsigelse - Heimstaden\" \/>\n<meta property=\"og:description\" content=\"\u00d8nsker du \u00e5 si opp ditt leieforhold hos oss i Heimstaden? Da fyller du enkelt inn skjemaet for oppsigelse her og sender inn til oss.\" \/>\n<meta property=\"og:url\" content=\"https:\/\/heimstaden.com\/no\/oppsigelse\/\" \/>\n<meta property=\"og:site_name\" content=\"Heimstaden\" \/>\n<meta property=\"article:publisher\" content=\"https:\/\/www.facebook.com\/heimstadennorge\" \/>\n<meta property=\"article:modified_time\" content=\"2021-07-12T06:50:31+00:00\" \/>\n<meta property=\"og:image\" content=\"https:\/\/heimstaden.com\/app\/uploads\/sites\/3\/2021\/05\/b_stue3_Ma9_305-1061.jpgkopi.jpg\" \/>\n\t<meta property=\"og:image:width\" content=\"1800\" \/>\n\t<meta property=\"og:image:height\" content=\"1200\" \/>\n\t<meta property=\"og:image:type\" content=\"image\/jpeg\" \/>\n<meta name=\"twitter:card\" content=\"summary_large_image\" \/>\n<script type=\"application\/ld+json\" class=\"yoast-schema-graph\">{\"@context\":\"https:\/\/schema.org\",\"@graph\":[{\"@type\":\"WebPage\",\"@id\":\"https:\/\/heimstaden.com\/no\/oppsigelse\/\",\"url\":\"https:\/\/heimstaden.com\/no\/oppsigelse\/\",\"name\":\"\u00d8nsker du \u00e5 si opp ditt leieforhold? Skjema for oppsigelse - Heimstaden\",\"isPartOf\":{\"@id\":\"https:\/\/heimstaden.com\/no\/#website\"},\"primaryImageOfPage\":{\"@id\":\"https:\/\/heimstaden.com\/no\/oppsigelse\/#primaryimage\"},\"image\":{\"@id\":\"https:\/\/heimstaden.com\/no\/oppsigelse\/#primaryimage\"},\"thumbnailUrl\":\"https:\/\/heimstaden.com\/app\/uploads\/sites\/3\/2021\/05\/b_stue3_Ma9_305-1061.jpgkopi.jpg\",\"datePublished\":\"2021-05-03T06:37:44+00:00\",\"dateModified\":\"2021-07-12T06:50:31+00:00\",\"description\":\"\u00d8nsker du \u00e5 si opp ditt leieforhold hos oss i Heimstaden? Da fyller du enkelt inn skjemaet for oppsigelse her og sender inn til oss.\",\"inLanguage\":\"nb-NO\",\"potentialAction\":[{\"@type\":\"ReadAction\",\"target\":[\"https:\/\/heimstaden.com\/no\/oppsigelse\/\"]}]},{\"@type\":\"ImageObject\",\"inLanguage\":\"nb-NO\",\"@id\":\"https:\/\/heimstaden.com\/no\/oppsigelse\/#primaryimage\",\"url\":\"https:\/\/heimstaden.com\/app\/uploads\/sites\/3\/2021\/05\/b_stue3_Ma9_305-1061.jpgkopi.jpg\",\"contentUrl\":\"https:\/\/heimstaden.com\/app\/uploads\/sites\/3\/2021\/05\/b_stue3_Ma9_305-1061.jpgkopi.jpg\",\"width\":1800,\"height\":1200,\"caption\":\"Oppsigelse: Send inn skjema\"},{\"@type\":\"WebSite\",\"@id\":\"https:\/\/heimstaden.com\/no\/#website\",\"url\":\"https:\/\/heimstaden.com\/no\/\",\"name\":\"Heimstaden\",\"description\":\"Hjem med omtanke. S\u00f8k ledige leiligheter.\",\"publisher\":{\"@id\":\"https:\/\/heimstaden.com\/no\/#organization\"},\"potentialAction\":[{\"@type\":\"SearchAction\",\"target\":{\"@type\":\"EntryPoint\",\"urlTemplate\":\"https:\/\/heimstaden.com\/no\/?s={search_term_string}\"},\"query-input\":{\"@type\":\"PropertyValueSpecification\",\"valueRequired\":true,\"valueName\":\"search_term_string\"}}],\"inLanguage\":\"nb-NO\"},{\"@type\":\"Organization\",\"@id\":\"https:\/\/heimstaden.com\/no\/#organization\",\"name\":\"Heimstaden AS\",\"url\":\"https:\/\/heimstaden.com\/no\/\",\"logo\":{\"@type\":\"ImageObject\",\"inLanguage\":\"nb-NO\",\"@id\":\"https:\/\/heimstaden.com\/no\/#\/schema\/logo\/image\/\",\"url\":\"https:\/\/heimstaden.com\/app\/uploads\/sites\/3\/2021\/12\/Heimstaden_logo.png\",\"contentUrl\":\"https:\/\/heimstaden.com\/app\/uploads\/sites\/3\/2021\/12\/Heimstaden_logo.png\",\"width\":1476,\"height\":214,\"caption\":\"Heimstaden AS\"},\"image\":{\"@id\":\"https:\/\/heimstaden.com\/no\/#\/schema\/logo\/image\/\"},\"sameAs\":[\"https:\/\/www.facebook.com\/heimstadennorge\",\"https:\/\/www.instagram.com\/heimstaden_norge\/\",\"https:\/\/www.linkedin.com\/company\/10401437\/\",\"https:\/\/www.youtube.com\/channel\/UC8ZRGha4Yg9tZKhEpaoFuKg\",\"https:\/\/sv.wikipedia.org\/wiki\/Heimstaden\"]}]}<\/script>\n<!-- \/ Yoast SEO plugin. -->","yoast_head_json":{"title":"\u00d8nsker du \u00e5 si opp ditt leieforhold? Skjema for oppsigelse - Heimstaden","description":"\u00d8nsker du \u00e5 si opp ditt leieforhold hos oss i Heimstaden? Da fyller du enkelt inn skjemaet for oppsigelse her og sender inn til oss.","robots":{"index":"index","follow":"follow","max-snippet":"max-snippet:-1","max-image-preview":"max-image-preview:large","max-video-preview":"max-video-preview:-1"},"canonical":"https:\/\/heimstaden.com\/no\/oppsigelse\/","og_locale":"nb_NO","og_type":"article","og_title":"\u00d8nsker du \u00e5 si opp ditt leieforhold? Skjema for oppsigelse - Heimstaden","og_description":"\u00d8nsker du \u00e5 si opp ditt leieforhold hos oss i Heimstaden? Da fyller du enkelt inn skjemaet for oppsigelse her og sender inn til oss.","og_url":"https:\/\/heimstaden.com\/no\/oppsigelse\/","og_site_name":"Heimstaden","article_publisher":"https:\/\/www.facebook.com\/heimstadennorge","article_modified_time":"2021-07-12T06:50:31+00:00","og_image":[{"width":1800,"height":1200,"url":"https:\/\/heimstaden.com\/app\/uploads\/sites\/3\/2021\/05\/b_stue3_Ma9_305-1061.jpgkopi.jpg","type":"image\/jpeg"}],"twitter_card":"summary_large_image","schema":{"@context":"https:\/\/schema.org","@graph":[{"@type":"WebPage","@id":"https:\/\/heimstaden.com\/no\/oppsigelse\/","url":"https:\/\/heimstaden.com\/no\/oppsigelse\/","name":"\u00d8nsker du \u00e5 si opp ditt leieforhold? Skjema for oppsigelse - Heimstaden","isPartOf":{"@id":"https:\/\/heimstaden.com\/no\/#website"},"primaryImageOfPage":{"@id":"https:\/\/heimstaden.com\/no\/oppsigelse\/#primaryimage"},"image":{"@id":"https:\/\/heimstaden.com\/no\/oppsigelse\/#primaryimage"},"thumbnailUrl":"https:\/\/heimstaden.com\/app\/uploads\/sites\/3\/2021\/05\/b_stue3_Ma9_305-1061.jpgkopi.jpg","datePublished":"2021-05-03T06:37:44+00:00","dateModified":"2021-07-12T06:50:31+00:00","description":"\u00d8nsker du \u00e5 si opp ditt leieforhold hos oss i Heimstaden? Da fyller du enkelt inn skjemaet for oppsigelse her og sender inn til oss.","inLanguage":"nb-NO","potentialAction":[{"@type":"ReadAction","target":["https:\/\/heimstaden.com\/no\/oppsigelse\/"]}]},{"@type":"ImageObject","inLanguage":"nb-NO","@id":"https:\/\/heimstaden.com\/no\/oppsigelse\/#primaryimage","url":"https:\/\/heimstaden.com\/app\/uploads\/sites\/3\/2021\/05\/b_stue3_Ma9_305-1061.jpgkopi.jpg","contentUrl":"https:\/\/heimstaden.com\/app\/uploads\/sites\/3\/2021\/05\/b_stue3_Ma9_305-1061.jpgkopi.jpg","width":1800,"height":1200,"caption":"Oppsigelse: Send inn skjema"},{"@type":"WebSite","@id":"https:\/\/heimstaden.com\/no\/#website","url":"https:\/\/heimstaden.com\/no\/","name":"Heimstaden","description":"Hjem med omtanke. S\u00f8k ledige leiligheter.","publisher":{"@id":"https:\/\/heimstaden.com\/no\/#organization"},"potentialAction":[{"@type":"SearchAction","target":{"@type":"EntryPoint","urlTemplate":"https:\/\/heimstaden.com\/no\/?s={search_term_string}"},"query-input":{"@type":"PropertyValueSpecification","valueRequired":true,"valueName":"search_term_string"}}],"inLanguage":"nb-NO"},{"@type":"Organization","@id":"https:\/\/heimstaden.com\/no\/#organization","name":"Heimstaden AS","url":"https:\/\/heimstaden.com\/no\/","logo":{"@type":"ImageObject","inLanguage":"nb-NO","@id":"https:\/\/heimstaden.com\/no\/#\/schema\/logo\/image\/","url":"https:\/\/heimstaden.com\/app\/uploads\/sites\/3\/2021\/12\/Heimstaden_logo.png","contentUrl":"https:\/\/heimstaden.com\/app\/uploads\/sites\/3\/2021\/12\/Heimstaden_logo.png","width":1476,"height":214,"caption":"Heimstaden AS"},"image":{"@id":"https:\/\/heimstaden.com\/no\/#\/schema\/logo\/image\/"},"sameAs":["https:\/\/www.facebook.com\/heimstadennorge","https:\/\/www.instagram.com\/heimstaden_norge\/","https:\/\/www.linkedin.com\/company\/10401437\/","https:\/\/www.youtube.com\/channel\/UC8ZRGha4Yg9tZKhEpaoFuKg","https:\/\/sv.wikipedia.org\/wiki\/Heimstaden"]}]}},"_links":{"self":[{"href":"https:\/\/heimstaden.com\/no\/wp-json\/wp\/v2\/pages\/17384","targetHints":{"allow":["GET"]}}],"collection":[{"href":"https:\/\/heimstaden.com\/no\/wp-json\/wp\/v2\/pages"}],"about":[{"href":"https:\/\/heimstaden.com\/no\/wp-json\/wp\/v2\/types\/page"}],"author":[{"embeddable":true,"href":"https:\/\/heimstaden.com\/no\/wp-json\/wp\/v2\/users\/50"}],"replies":[{"embeddable":true,"href":"https:\/\/heimstaden.com\/no\/wp-json\/wp\/v2\/comments?post=17384"}],"version-history":[{"count":9,"href":"https:\/\/heimstaden.com\/no\/wp-json\/wp\/v2\/pages\/17384\/revisions"}],"predecessor-version":[{"id":17817,"href":"https:\/\/heimstaden.com\/no\/wp-json\/wp\/v2\/pages\/17384\/revisions\/17817"}],"wp:featuredmedia":[{"embeddable":true,"href":"https:\/\/heimstaden.com\/no\/wp-json\/wp\/v2\/media\/17385"}],"wp:attachment":[{"href":"https:\/\/heimstaden.com\/no\/wp-json\/wp\/v2\/media?parent=17384"}],"curies":[{"name":"wp","href":"https:\/\/api.w.org\/{rel}","templated":true}]}}