{"id":17272,"date":"2021-04-26T17:14:01","date_gmt":"2021-04-26T15:14:01","guid":{"rendered":"https:\/\/heimstaden.com\/no\/?page_id=17272"},"modified":"2025-04-15T22:00:15","modified_gmt":"2025-04-15T20:00:15","slug":"hva-skal-til-for-a-leie-av-oss","status":"publish","type":"page","link":"https:\/\/heimstaden.com\/no\/hva-skal-til-for-a-leie-av-oss\/","title":{"rendered":"Hva skal til for \u00e5 leie av oss?"},"content":{"rendered":"","protected":false},"excerpt":{"rendered":"","protected":false},"author":49,"featured_media":17273,"parent":0,"menu_order":0,"comment_status":"closed","ping_status":"closed","template":"","meta":{"_acf_changed":false,"_relevanssi_hide_post":"","_relevanssi_hide_content":"","_relevanssi_pin_for_all":"","_relevanssi_pin_keywords":"","_relevanssi_unpin_keywords":"","_relevanssi_related_keywords":"","_relevanssi_related_include_ids":"","_relevanssi_related_exclude_ids":"","_relevanssi_related_no_append":"","_relevanssi_related_not_related":"","_relevanssi_related_posts":"","_relevanssi_noindex_reason":"","footnotes":""},"class_list":["post-17272","page","type-page","status-publish","has-post-thumbnail","hentry"],"acf":[],"yoast_head":"<!-- This site is optimized with the Yoast SEO plugin v26.3 - https:\/\/yoast.com\/wordpress\/plugins\/seo\/ -->\n<title>Leie av oss? Hva skal til og hva m\u00e5 du ha p\u00e5 plass. - Heimstaden<\/title>\n<meta name=\"description\" content=\"Vi \u00f8nsker alle leietakere velkomne til \u00e5 lese hos oss. Likevel har vi noen krav til hva som skal til for \u00e5 leie av oss. Les mer her.\" \/>\n<meta name=\"robots\" content=\"index, follow, max-snippet:-1, max-image-preview:large, max-video-preview:-1\" \/>\n<link rel=\"canonical\" href=\"https:\/\/heimstaden.com\/no\/hva-skal-til-for-a-leie-av-oss\/\" \/>\n<meta property=\"og:locale\" content=\"nb_NO\" \/>\n<meta property=\"og:type\" content=\"article\" \/>\n<meta property=\"og:title\" content=\"Leie av oss? Hva skal til og hva m\u00e5 du ha p\u00e5 plass. - Heimstaden\" \/>\n<meta property=\"og:description\" content=\"Vi \u00f8nsker alle leietakere velkomne til \u00e5 lese hos oss. Likevel har vi noen krav til hva som skal til for \u00e5 leie av oss. Les mer her.\" \/>\n<meta property=\"og:url\" content=\"https:\/\/heimstaden.com\/no\/hva-skal-til-for-a-leie-av-oss\/\" \/>\n<meta property=\"og:site_name\" content=\"Heimstaden\" \/>\n<meta property=\"article:publisher\" content=\"https:\/\/www.facebook.com\/heimstadennorge\" \/>\n<meta property=\"article:modified_time\" content=\"2025-04-15T20:00:15+00:00\" \/>\n<meta property=\"og:image\" content=\"https:\/\/heimstaden.com\/app\/uploads\/sites\/3\/2021\/04\/utsyn_fra_stue1_Fr22_502-9965-1-scaled.jpg\" \/>\n\t<meta property=\"og:image:width\" content=\"2560\" \/>\n\t<meta property=\"og:image:height\" content=\"1707\" \/>\n\t<meta property=\"og:image:type\" content=\"image\/jpeg\" \/>\n<meta name=\"twitter:card\" content=\"summary_large_image\" \/>\n<meta name=\"twitter:label1\" content=\"Est. reading time\" \/>\n\t<meta name=\"twitter:data1\" content=\"3 minutter\" \/>\n<script type=\"application\/ld+json\" class=\"yoast-schema-graph\">{\"@context\":\"https:\/\/schema.org\",\"@graph\":[{\"@type\":\"WebPage\",\"@id\":\"https:\/\/heimstaden.com\/no\/hva-skal-til-for-a-leie-av-oss\/\",\"url\":\"https:\/\/heimstaden.com\/no\/hva-skal-til-for-a-leie-av-oss\/\",\"name\":\"Leie av oss? Hva skal til og hva m\u00e5 du ha p\u00e5 plass. - Heimstaden\",\"isPartOf\":{\"@id\":\"https:\/\/heimstaden.com\/no\/#website\"},\"primaryImageOfPage\":{\"@id\":\"https:\/\/heimstaden.com\/no\/hva-skal-til-for-a-leie-av-oss\/#primaryimage\"},\"image\":{\"@id\":\"https:\/\/heimstaden.com\/no\/hva-skal-til-for-a-leie-av-oss\/#primaryimage\"},\"thumbnailUrl\":\"https:\/\/heimstaden.com\/app\/uploads\/sites\/3\/2021\/04\/utsyn_fra_stue1_Fr22_502-9965-1-scaled.jpg\",\"datePublished\":\"2021-04-26T15:14:01+00:00\",\"dateModified\":\"2025-04-15T20:00:15+00:00\",\"description\":\"Vi \u00f8nsker alle leietakere velkomne til \u00e5 lese hos oss. Likevel har vi noen krav til hva som skal til for \u00e5 leie av oss. Les mer her.\",\"inLanguage\":\"nb-NO\",\"potentialAction\":[{\"@type\":\"ReadAction\",\"target\":[\"https:\/\/heimstaden.com\/no\/hva-skal-til-for-a-leie-av-oss\/\"]}]},{\"@type\":\"ImageObject\",\"inLanguage\":\"nb-NO\",\"@id\":\"https:\/\/heimstaden.com\/no\/hva-skal-til-for-a-leie-av-oss\/#primaryimage\",\"url\":\"https:\/\/heimstaden.com\/app\/uploads\/sites\/3\/2021\/04\/utsyn_fra_stue1_Fr22_502-9965-1-scaled.jpg\",\"contentUrl\":\"https:\/\/heimstaden.com\/app\/uploads\/sites\/3\/2021\/04\/utsyn_fra_stue1_Fr22_502-9965-1-scaled.jpg\",\"width\":2560,\"height\":1707,\"caption\":\"Leie av oss? Hva skal til\"},{\"@type\":\"WebSite\",\"@id\":\"https:\/\/heimstaden.com\/no\/#website\",\"url\":\"https:\/\/heimstaden.com\/no\/\",\"name\":\"Heimstaden\",\"description\":\"Hjem med omtanke. S\u00f8k ledige leiligheter.\",\"publisher\":{\"@id\":\"https:\/\/heimstaden.com\/no\/#organization\"},\"potentialAction\":[{\"@type\":\"SearchAction\",\"target\":{\"@type\":\"EntryPoint\",\"urlTemplate\":\"https:\/\/heimstaden.com\/no\/?s={search_term_string}\"},\"query-input\":{\"@type\":\"PropertyValueSpecification\",\"valueRequired\":true,\"valueName\":\"search_term_string\"}}],\"inLanguage\":\"nb-NO\"},{\"@type\":\"Organization\",\"@id\":\"https:\/\/heimstaden.com\/no\/#organization\",\"name\":\"Heimstaden AS\",\"url\":\"https:\/\/heimstaden.com\/no\/\",\"logo\":{\"@type\":\"ImageObject\",\"inLanguage\":\"nb-NO\",\"@id\":\"https:\/\/heimstaden.com\/no\/#\/schema\/logo\/image\/\",\"url\":\"https:\/\/heimstaden.com\/app\/uploads\/sites\/3\/2021\/12\/Heimstaden_logo.png\",\"contentUrl\":\"https:\/\/heimstaden.com\/app\/uploads\/sites\/3\/2021\/12\/Heimstaden_logo.png\",\"width\":1476,\"height\":214,\"caption\":\"Heimstaden AS\"},\"image\":{\"@id\":\"https:\/\/heimstaden.com\/no\/#\/schema\/logo\/image\/\"},\"sameAs\":[\"https:\/\/www.facebook.com\/heimstadennorge\",\"https:\/\/www.instagram.com\/heimstaden_norge\/\",\"https:\/\/www.linkedin.com\/company\/10401437\/\",\"https:\/\/www.youtube.com\/channel\/UC8ZRGha4Yg9tZKhEpaoFuKg\",\"https:\/\/sv.wikipedia.org\/wiki\/Heimstaden\"]}]}<\/script>\n<!-- \/ Yoast SEO plugin. -->","yoast_head_json":{"title":"Leie av oss? Hva skal til og hva m\u00e5 du ha p\u00e5 plass. - Heimstaden","description":"Vi \u00f8nsker alle leietakere velkomne til \u00e5 lese hos oss. Likevel har vi noen krav til hva som skal til for \u00e5 leie av oss. Les mer her.","robots":{"index":"index","follow":"follow","max-snippet":"max-snippet:-1","max-image-preview":"max-image-preview:large","max-video-preview":"max-video-preview:-1"},"canonical":"https:\/\/heimstaden.com\/no\/hva-skal-til-for-a-leie-av-oss\/","og_locale":"nb_NO","og_type":"article","og_title":"Leie av oss? Hva skal til og hva m\u00e5 du ha p\u00e5 plass. - Heimstaden","og_description":"Vi \u00f8nsker alle leietakere velkomne til \u00e5 lese hos oss. Likevel har vi noen krav til hva som skal til for \u00e5 leie av oss. Les mer her.","og_url":"https:\/\/heimstaden.com\/no\/hva-skal-til-for-a-leie-av-oss\/","og_site_name":"Heimstaden","article_publisher":"https:\/\/www.facebook.com\/heimstadennorge","article_modified_time":"2025-04-15T20:00:15+00:00","og_image":[{"width":2560,"height":1707,"url":"https:\/\/heimstaden.com\/app\/uploads\/sites\/3\/2021\/04\/utsyn_fra_stue1_Fr22_502-9965-1-scaled.jpg","type":"image\/jpeg"}],"twitter_card":"summary_large_image","twitter_misc":{"Est. reading time":"3 minutter"},"schema":{"@context":"https:\/\/schema.org","@graph":[{"@type":"WebPage","@id":"https:\/\/heimstaden.com\/no\/hva-skal-til-for-a-leie-av-oss\/","url":"https:\/\/heimstaden.com\/no\/hva-skal-til-for-a-leie-av-oss\/","name":"Leie av oss? Hva skal til og hva m\u00e5 du ha p\u00e5 plass. - Heimstaden","isPartOf":{"@id":"https:\/\/heimstaden.com\/no\/#website"},"primaryImageOfPage":{"@id":"https:\/\/heimstaden.com\/no\/hva-skal-til-for-a-leie-av-oss\/#primaryimage"},"image":{"@id":"https:\/\/heimstaden.com\/no\/hva-skal-til-for-a-leie-av-oss\/#primaryimage"},"thumbnailUrl":"https:\/\/heimstaden.com\/app\/uploads\/sites\/3\/2021\/04\/utsyn_fra_stue1_Fr22_502-9965-1-scaled.jpg","datePublished":"2021-04-26T15:14:01+00:00","dateModified":"2025-04-15T20:00:15+00:00","description":"Vi \u00f8nsker alle leietakere velkomne til \u00e5 lese hos oss. Likevel har vi noen krav til hva som skal til for \u00e5 leie av oss. Les mer her.","inLanguage":"nb-NO","potentialAction":[{"@type":"ReadAction","target":["https:\/\/heimstaden.com\/no\/hva-skal-til-for-a-leie-av-oss\/"]}]},{"@type":"ImageObject","inLanguage":"nb-NO","@id":"https:\/\/heimstaden.com\/no\/hva-skal-til-for-a-leie-av-oss\/#primaryimage","url":"https:\/\/heimstaden.com\/app\/uploads\/sites\/3\/2021\/04\/utsyn_fra_stue1_Fr22_502-9965-1-scaled.jpg","contentUrl":"https:\/\/heimstaden.com\/app\/uploads\/sites\/3\/2021\/04\/utsyn_fra_stue1_Fr22_502-9965-1-scaled.jpg","width":2560,"height":1707,"caption":"Leie av oss? Hva skal til"},{"@type":"WebSite","@id":"https:\/\/heimstaden.com\/no\/#website","url":"https:\/\/heimstaden.com\/no\/","name":"Heimstaden","description":"Hjem med omtanke. S\u00f8k ledige leiligheter.","publisher":{"@id":"https:\/\/heimstaden.com\/no\/#organization"},"potentialAction":[{"@type":"SearchAction","target":{"@type":"EntryPoint","urlTemplate":"https:\/\/heimstaden.com\/no\/?s={search_term_string}"},"query-input":{"@type":"PropertyValueSpecification","valueRequired":true,"valueName":"search_term_string"}}],"inLanguage":"nb-NO"},{"@type":"Organization","@id":"https:\/\/heimstaden.com\/no\/#organization","name":"Heimstaden AS","url":"https:\/\/heimstaden.com\/no\/","logo":{"@type":"ImageObject","inLanguage":"nb-NO","@id":"https:\/\/heimstaden.com\/no\/#\/schema\/logo\/image\/","url":"https:\/\/heimstaden.com\/app\/uploads\/sites\/3\/2021\/12\/Heimstaden_logo.png","contentUrl":"https:\/\/heimstaden.com\/app\/uploads\/sites\/3\/2021\/12\/Heimstaden_logo.png","width":1476,"height":214,"caption":"Heimstaden AS"},"image":{"@id":"https:\/\/heimstaden.com\/no\/#\/schema\/logo\/image\/"},"sameAs":["https:\/\/www.facebook.com\/heimstadennorge","https:\/\/www.instagram.com\/heimstaden_norge\/","https:\/\/www.linkedin.com\/company\/10401437\/","https:\/\/www.youtube.com\/channel\/UC8ZRGha4Yg9tZKhEpaoFuKg","https:\/\/sv.wikipedia.org\/wiki\/Heimstaden"]}]}},"_links":{"self":[{"href":"https:\/\/heimstaden.com\/no\/wp-json\/wp\/v2\/pages\/17272","targetHints":{"allow":["GET"]}}],"collection":[{"href":"https:\/\/heimstaden.com\/no\/wp-json\/wp\/v2\/pages"}],"about":[{"href":"https:\/\/heimstaden.com\/no\/wp-json\/wp\/v2\/types\/page"}],"author":[{"embeddable":true,"href":"https:\/\/heimstaden.com\/no\/wp-json\/wp\/v2\/users\/49"}],"replies":[{"embeddable":true,"href":"https:\/\/heimstaden.com\/no\/wp-json\/wp\/v2\/comments?post=17272"}],"version-history":[{"count":10,"href":"https:\/\/heimstaden.com\/no\/wp-json\/wp\/v2\/pages\/17272\/revisions"}],"predecessor-version":[{"id":25860,"href":"https:\/\/heimstaden.com\/no\/wp-json\/wp\/v2\/pages\/17272\/revisions\/25860"}],"wp:featuredmedia":[{"embeddable":true,"href":"https:\/\/heimstaden.com\/no\/wp-json\/wp\/v2\/media\/17273"}],"wp:attachment":[{"href":"https:\/\/heimstaden.com\/no\/wp-json\/wp\/v2\/media?parent=17272"}],"curies":[{"name":"wp","href":"https:\/\/api.w.org\/{rel}","templated":true}]}}