{"id":16195,"date":"2021-04-15T14:51:42","date_gmt":"2021-04-15T12:51:42","guid":{"rendered":"https:\/\/heimstaden.com\/no\/?page_id=16195"},"modified":"2021-09-30T08:13:03","modified_gmt":"2021-09-30T06:13:03","slug":"videoveiledning-for-kontrakten","status":"publish","type":"page","link":"https:\/\/heimstaden.com\/no\/videoveiledning-for-kontrakten\/","title":{"rendered":"Leiekontrakten og leietakers ansvar"},"content":{"rendered":"","protected":false},"excerpt":{"rendered":"","protected":false},"author":49,"featured_media":0,"parent":0,"menu_order":0,"comment_status":"closed","ping_status":"closed","template":"","meta":{"_acf_changed":false,"_relevanssi_hide_post":"","_relevanssi_hide_content":"","_relevanssi_pin_for_all":"","_relevanssi_pin_keywords":"","_relevanssi_unpin_keywords":"","_relevanssi_related_keywords":"","_relevanssi_related_include_ids":"","_relevanssi_related_exclude_ids":"","_relevanssi_related_no_append":"","_relevanssi_related_not_related":"","_relevanssi_related_posts":"","_relevanssi_noindex_reason":"","footnotes":""},"class_list":["post-16195","page","type-page","status-publish","hentry"],"acf":[],"yoast_head":"<!-- This site is optimized with the Yoast SEO plugin v26.3 - https:\/\/yoast.com\/wordpress\/plugins\/seo\/ -->\n<title>Videoveiledning: Leiekontrakten og leietakers ansvar - Heimstaden<\/title>\n<meta name=\"description\" content=\"For \u00e5 gj\u00f8re innholdet i leiekontrakten og leietakers ansvar enklere \u00e5 forst\u00e5, har vi laget disse videoene som enkelt forklarer det viktigste du m\u00e5 huske p\u00e5.\" \/>\n<meta name=\"robots\" content=\"index, follow, max-snippet:-1, max-image-preview:large, max-video-preview:-1\" \/>\n<link rel=\"canonical\" href=\"https:\/\/heimstaden.com\/no\/videoveiledning-for-kontrakten\/\" \/>\n<meta property=\"og:locale\" content=\"nb_NO\" \/>\n<meta property=\"og:type\" content=\"article\" \/>\n<meta property=\"og:title\" content=\"Videoveiledning: Leiekontrakten og leietakers ansvar - Heimstaden\" \/>\n<meta property=\"og:description\" content=\"For \u00e5 gj\u00f8re innholdet i leiekontrakten og leietakers ansvar enklere \u00e5 forst\u00e5, har vi laget disse videoene som enkelt forklarer det viktigste du m\u00e5 huske p\u00e5.\" \/>\n<meta property=\"og:url\" content=\"https:\/\/heimstaden.com\/no\/videoveiledning-for-kontrakten\/\" \/>\n<meta property=\"og:site_name\" content=\"Heimstaden\" \/>\n<meta property=\"article:publisher\" content=\"https:\/\/www.facebook.com\/heimstadennorge\" \/>\n<meta property=\"article:modified_time\" content=\"2021-09-30T06:13:03+00:00\" \/>\n<meta name=\"twitter:card\" content=\"summary_large_image\" \/>\n<script type=\"application\/ld+json\" class=\"yoast-schema-graph\">{\"@context\":\"https:\/\/schema.org\",\"@graph\":[{\"@type\":\"WebPage\",\"@id\":\"https:\/\/heimstaden.com\/no\/videoveiledning-for-kontrakten\/\",\"url\":\"https:\/\/heimstaden.com\/no\/videoveiledning-for-kontrakten\/\",\"name\":\"Videoveiledning: Leiekontrakten og leietakers ansvar - Heimstaden\",\"isPartOf\":{\"@id\":\"https:\/\/heimstaden.com\/no\/#website\"},\"datePublished\":\"2021-04-15T12:51:42+00:00\",\"dateModified\":\"2021-09-30T06:13:03+00:00\",\"description\":\"For \u00e5 gj\u00f8re innholdet i leiekontrakten og leietakers ansvar enklere \u00e5 forst\u00e5, har vi laget disse videoene som enkelt forklarer det viktigste du m\u00e5 huske p\u00e5.\",\"inLanguage\":\"nb-NO\",\"potentialAction\":[{\"@type\":\"ReadAction\",\"target\":[\"https:\/\/heimstaden.com\/no\/videoveiledning-for-kontrakten\/\"]}]},{\"@type\":\"WebSite\",\"@id\":\"https:\/\/heimstaden.com\/no\/#website\",\"url\":\"https:\/\/heimstaden.com\/no\/\",\"name\":\"Heimstaden\",\"description\":\"Hjem med omtanke. S\u00f8k ledige leiligheter.\",\"publisher\":{\"@id\":\"https:\/\/heimstaden.com\/no\/#organization\"},\"potentialAction\":[{\"@type\":\"SearchAction\",\"target\":{\"@type\":\"EntryPoint\",\"urlTemplate\":\"https:\/\/heimstaden.com\/no\/?s={search_term_string}\"},\"query-input\":{\"@type\":\"PropertyValueSpecification\",\"valueRequired\":true,\"valueName\":\"search_term_string\"}}],\"inLanguage\":\"nb-NO\"},{\"@type\":\"Organization\",\"@id\":\"https:\/\/heimstaden.com\/no\/#organization\",\"name\":\"Heimstaden AS\",\"url\":\"https:\/\/heimstaden.com\/no\/\",\"logo\":{\"@type\":\"ImageObject\",\"inLanguage\":\"nb-NO\",\"@id\":\"https:\/\/heimstaden.com\/no\/#\/schema\/logo\/image\/\",\"url\":\"https:\/\/heimstaden.com\/app\/uploads\/sites\/3\/2021\/12\/Heimstaden_logo.png\",\"contentUrl\":\"https:\/\/heimstaden.com\/app\/uploads\/sites\/3\/2021\/12\/Heimstaden_logo.png\",\"width\":1476,\"height\":214,\"caption\":\"Heimstaden AS\"},\"image\":{\"@id\":\"https:\/\/heimstaden.com\/no\/#\/schema\/logo\/image\/\"},\"sameAs\":[\"https:\/\/www.facebook.com\/heimstadennorge\",\"https:\/\/www.instagram.com\/heimstaden_norge\/\",\"https:\/\/www.linkedin.com\/company\/10401437\/\",\"https:\/\/www.youtube.com\/channel\/UC8ZRGha4Yg9tZKhEpaoFuKg\",\"https:\/\/sv.wikipedia.org\/wiki\/Heimstaden\"]}]}<\/script>\n<!-- \/ Yoast SEO plugin. -->","yoast_head_json":{"title":"Videoveiledning: Leiekontrakten og leietakers ansvar - Heimstaden","description":"For \u00e5 gj\u00f8re innholdet i leiekontrakten og leietakers ansvar enklere \u00e5 forst\u00e5, har vi laget disse videoene som enkelt forklarer det viktigste du m\u00e5 huske p\u00e5.","robots":{"index":"index","follow":"follow","max-snippet":"max-snippet:-1","max-image-preview":"max-image-preview:large","max-video-preview":"max-video-preview:-1"},"canonical":"https:\/\/heimstaden.com\/no\/videoveiledning-for-kontrakten\/","og_locale":"nb_NO","og_type":"article","og_title":"Videoveiledning: Leiekontrakten og leietakers ansvar - Heimstaden","og_description":"For \u00e5 gj\u00f8re innholdet i leiekontrakten og leietakers ansvar enklere \u00e5 forst\u00e5, har vi laget disse videoene som enkelt forklarer det viktigste du m\u00e5 huske p\u00e5.","og_url":"https:\/\/heimstaden.com\/no\/videoveiledning-for-kontrakten\/","og_site_name":"Heimstaden","article_publisher":"https:\/\/www.facebook.com\/heimstadennorge","article_modified_time":"2021-09-30T06:13:03+00:00","twitter_card":"summary_large_image","schema":{"@context":"https:\/\/schema.org","@graph":[{"@type":"WebPage","@id":"https:\/\/heimstaden.com\/no\/videoveiledning-for-kontrakten\/","url":"https:\/\/heimstaden.com\/no\/videoveiledning-for-kontrakten\/","name":"Videoveiledning: Leiekontrakten og leietakers ansvar - Heimstaden","isPartOf":{"@id":"https:\/\/heimstaden.com\/no\/#website"},"datePublished":"2021-04-15T12:51:42+00:00","dateModified":"2021-09-30T06:13:03+00:00","description":"For \u00e5 gj\u00f8re innholdet i leiekontrakten og leietakers ansvar enklere \u00e5 forst\u00e5, har vi laget disse videoene som enkelt forklarer det viktigste du m\u00e5 huske p\u00e5.","inLanguage":"nb-NO","potentialAction":[{"@type":"ReadAction","target":["https:\/\/heimstaden.com\/no\/videoveiledning-for-kontrakten\/"]}]},{"@type":"WebSite","@id":"https:\/\/heimstaden.com\/no\/#website","url":"https:\/\/heimstaden.com\/no\/","name":"Heimstaden","description":"Hjem med omtanke. S\u00f8k ledige leiligheter.","publisher":{"@id":"https:\/\/heimstaden.com\/no\/#organization"},"potentialAction":[{"@type":"SearchAction","target":{"@type":"EntryPoint","urlTemplate":"https:\/\/heimstaden.com\/no\/?s={search_term_string}"},"query-input":{"@type":"PropertyValueSpecification","valueRequired":true,"valueName":"search_term_string"}}],"inLanguage":"nb-NO"},{"@type":"Organization","@id":"https:\/\/heimstaden.com\/no\/#organization","name":"Heimstaden AS","url":"https:\/\/heimstaden.com\/no\/","logo":{"@type":"ImageObject","inLanguage":"nb-NO","@id":"https:\/\/heimstaden.com\/no\/#\/schema\/logo\/image\/","url":"https:\/\/heimstaden.com\/app\/uploads\/sites\/3\/2021\/12\/Heimstaden_logo.png","contentUrl":"https:\/\/heimstaden.com\/app\/uploads\/sites\/3\/2021\/12\/Heimstaden_logo.png","width":1476,"height":214,"caption":"Heimstaden AS"},"image":{"@id":"https:\/\/heimstaden.com\/no\/#\/schema\/logo\/image\/"},"sameAs":["https:\/\/www.facebook.com\/heimstadennorge","https:\/\/www.instagram.com\/heimstaden_norge\/","https:\/\/www.linkedin.com\/company\/10401437\/","https:\/\/www.youtube.com\/channel\/UC8ZRGha4Yg9tZKhEpaoFuKg","https:\/\/sv.wikipedia.org\/wiki\/Heimstaden"]}]}},"_links":{"self":[{"href":"https:\/\/heimstaden.com\/no\/wp-json\/wp\/v2\/pages\/16195","targetHints":{"allow":["GET"]}}],"collection":[{"href":"https:\/\/heimstaden.com\/no\/wp-json\/wp\/v2\/pages"}],"about":[{"href":"https:\/\/heimstaden.com\/no\/wp-json\/wp\/v2\/types\/page"}],"author":[{"embeddable":true,"href":"https:\/\/heimstaden.com\/no\/wp-json\/wp\/v2\/users\/49"}],"replies":[{"embeddable":true,"href":"https:\/\/heimstaden.com\/no\/wp-json\/wp\/v2\/comments?post=16195"}],"version-history":[{"count":10,"href":"https:\/\/heimstaden.com\/no\/wp-json\/wp\/v2\/pages\/16195\/revisions"}],"predecessor-version":[{"id":18209,"href":"https:\/\/heimstaden.com\/no\/wp-json\/wp\/v2\/pages\/16195\/revisions\/18209"}],"wp:attachment":[{"href":"https:\/\/heimstaden.com\/no\/wp-json\/wp\/v2\/media?parent=16195"}],"curies":[{"name":"wp","href":"https:\/\/api.w.org\/{rel}","templated":true}]}}