{"id":11993,"date":"2020-06-26T10:19:39","date_gmt":"2020-06-26T08:19:39","guid":{"rendered":"https:\/\/heimstaden.com\/no\/?page_id=11993"},"modified":"2022-01-28T13:46:17","modified_gmt":"2022-01-28T12:46:17","slug":"hjemme-hos","status":"publish","type":"page","link":"https:\/\/heimstaden.com\/no\/hjemme-hos\/","title":{"rendered":"Hjemme hos dine naboer"},"content":{"rendered":"","protected":false},"excerpt":{"rendered":"","protected":false},"author":30,"featured_media":16380,"parent":0,"menu_order":0,"comment_status":"closed","ping_status":"closed","template":"","meta":{"_acf_changed":false,"_relevanssi_hide_post":"","_relevanssi_hide_content":"","_relevanssi_pin_for_all":"","_relevanssi_pin_keywords":"","_relevanssi_unpin_keywords":"","_relevanssi_related_keywords":"","_relevanssi_related_include_ids":"","_relevanssi_related_exclude_ids":"","_relevanssi_related_no_append":"","_relevanssi_related_not_related":"","_relevanssi_related_posts":"","_relevanssi_noindex_reason":"","footnotes":""},"class_list":["post-11993","page","type-page","status-publish","has-post-thumbnail","hentry"],"acf":[],"yoast_head":"<!-- This site is optimized with the Yoast SEO plugin v26.3 - https:\/\/yoast.com\/wordpress\/plugins\/seo\/ -->\n<title>Hjemme hos: Bli med hjem til Heimstadens beboere - Heimstaden<\/title>\n<meta name=\"description\" content=\"F\u00f8lg med hjem til beboere hos Heimstaden. Her kan du lese hjemme hos-reportasjer og intervjuer med v\u00e5re beboere p\u00e5 forskjellige eiendommer.\" \/>\n<meta name=\"robots\" content=\"index, follow, max-snippet:-1, max-image-preview:large, max-video-preview:-1\" \/>\n<link rel=\"canonical\" href=\"https:\/\/heimstaden.com\/no\/hjemme-hos\/\" \/>\n<meta property=\"og:locale\" content=\"nb_NO\" \/>\n<meta property=\"og:type\" content=\"article\" \/>\n<meta property=\"og:title\" content=\"Hjemme hos: Bli med hjem til Heimstadens beboere - Heimstaden\" \/>\n<meta property=\"og:description\" content=\"F\u00f8lg med hjem til beboere hos Heimstaden. Her kan du lese hjemme hos-reportasjer og intervjuer med v\u00e5re beboere p\u00e5 forskjellige eiendommer.\" \/>\n<meta property=\"og:url\" content=\"https:\/\/heimstaden.com\/no\/hjemme-hos\/\" \/>\n<meta property=\"og:site_name\" content=\"Heimstaden\" \/>\n<meta property=\"article:publisher\" content=\"https:\/\/www.facebook.com\/heimstadennorge\" \/>\n<meta property=\"article:modified_time\" content=\"2022-01-28T12:46:17+00:00\" \/>\n<meta property=\"og:image\" content=\"https:\/\/heimstaden.com\/app\/uploads\/sites\/3\/2021\/04\/HI_SMEDJEG1MALMO-002_final-1-e1618990841152.jpg\" \/>\n\t<meta property=\"og:image:width\" content=\"2400\" \/>\n\t<meta property=\"og:image:height\" content=\"984\" \/>\n\t<meta property=\"og:image:type\" content=\"image\/jpeg\" \/>\n<meta name=\"twitter:card\" content=\"summary_large_image\" \/>\n<script type=\"application\/ld+json\" class=\"yoast-schema-graph\">{\"@context\":\"https:\/\/schema.org\",\"@graph\":[{\"@type\":\"WebPage\",\"@id\":\"https:\/\/heimstaden.com\/no\/hjemme-hos\/\",\"url\":\"https:\/\/heimstaden.com\/no\/hjemme-hos\/\",\"name\":\"Hjemme hos: Bli med hjem til Heimstadens beboere - Heimstaden\",\"isPartOf\":{\"@id\":\"https:\/\/heimstaden.com\/no\/#website\"},\"primaryImageOfPage\":{\"@id\":\"https:\/\/heimstaden.com\/no\/hjemme-hos\/#primaryimage\"},\"image\":{\"@id\":\"https:\/\/heimstaden.com\/no\/hjemme-hos\/#primaryimage\"},\"thumbnailUrl\":\"https:\/\/heimstaden.com\/app\/uploads\/sites\/3\/2021\/04\/HI_SMEDJEG1MALMO-002_final-1-e1618990841152.jpg\",\"datePublished\":\"2020-06-26T08:19:39+00:00\",\"dateModified\":\"2022-01-28T12:46:17+00:00\",\"description\":\"F\u00f8lg med hjem til beboere hos Heimstaden. Her kan du lese hjemme hos-reportasjer og intervjuer med v\u00e5re beboere p\u00e5 forskjellige eiendommer.\",\"inLanguage\":\"nb-NO\",\"potentialAction\":[{\"@type\":\"ReadAction\",\"target\":[\"https:\/\/heimstaden.com\/no\/hjemme-hos\/\"]}]},{\"@type\":\"ImageObject\",\"inLanguage\":\"nb-NO\",\"@id\":\"https:\/\/heimstaden.com\/no\/hjemme-hos\/#primaryimage\",\"url\":\"https:\/\/heimstaden.com\/app\/uploads\/sites\/3\/2021\/04\/HI_SMEDJEG1MALMO-002_final-1-e1618990841152.jpg\",\"contentUrl\":\"https:\/\/heimstaden.com\/app\/uploads\/sites\/3\/2021\/04\/HI_SMEDJEG1MALMO-002_final-1-e1618990841152.jpg\",\"width\":2400,\"height\":984},{\"@type\":\"WebSite\",\"@id\":\"https:\/\/heimstaden.com\/no\/#website\",\"url\":\"https:\/\/heimstaden.com\/no\/\",\"name\":\"Heimstaden\",\"description\":\"Hjem med omtanke. S\u00f8k ledige leiligheter.\",\"publisher\":{\"@id\":\"https:\/\/heimstaden.com\/no\/#organization\"},\"potentialAction\":[{\"@type\":\"SearchAction\",\"target\":{\"@type\":\"EntryPoint\",\"urlTemplate\":\"https:\/\/heimstaden.com\/no\/?s={search_term_string}\"},\"query-input\":{\"@type\":\"PropertyValueSpecification\",\"valueRequired\":true,\"valueName\":\"search_term_string\"}}],\"inLanguage\":\"nb-NO\"},{\"@type\":\"Organization\",\"@id\":\"https:\/\/heimstaden.com\/no\/#organization\",\"name\":\"Heimstaden AS\",\"url\":\"https:\/\/heimstaden.com\/no\/\",\"logo\":{\"@type\":\"ImageObject\",\"inLanguage\":\"nb-NO\",\"@id\":\"https:\/\/heimstaden.com\/no\/#\/schema\/logo\/image\/\",\"url\":\"https:\/\/heimstaden.com\/app\/uploads\/sites\/3\/2021\/12\/Heimstaden_logo.png\",\"contentUrl\":\"https:\/\/heimstaden.com\/app\/uploads\/sites\/3\/2021\/12\/Heimstaden_logo.png\",\"width\":1476,\"height\":214,\"caption\":\"Heimstaden AS\"},\"image\":{\"@id\":\"https:\/\/heimstaden.com\/no\/#\/schema\/logo\/image\/\"},\"sameAs\":[\"https:\/\/www.facebook.com\/heimstadennorge\",\"https:\/\/www.instagram.com\/heimstaden_norge\/\",\"https:\/\/www.linkedin.com\/company\/10401437\/\",\"https:\/\/www.youtube.com\/channel\/UC8ZRGha4Yg9tZKhEpaoFuKg\",\"https:\/\/sv.wikipedia.org\/wiki\/Heimstaden\"]}]}<\/script>\n<!-- \/ Yoast SEO plugin. -->","yoast_head_json":{"title":"Hjemme hos: Bli med hjem til Heimstadens beboere - Heimstaden","description":"F\u00f8lg med hjem til beboere hos Heimstaden. Her kan du lese hjemme hos-reportasjer og intervjuer med v\u00e5re beboere p\u00e5 forskjellige eiendommer.","robots":{"index":"index","follow":"follow","max-snippet":"max-snippet:-1","max-image-preview":"max-image-preview:large","max-video-preview":"max-video-preview:-1"},"canonical":"https:\/\/heimstaden.com\/no\/hjemme-hos\/","og_locale":"nb_NO","og_type":"article","og_title":"Hjemme hos: Bli med hjem til Heimstadens beboere - Heimstaden","og_description":"F\u00f8lg med hjem til beboere hos Heimstaden. Her kan du lese hjemme hos-reportasjer og intervjuer med v\u00e5re beboere p\u00e5 forskjellige eiendommer.","og_url":"https:\/\/heimstaden.com\/no\/hjemme-hos\/","og_site_name":"Heimstaden","article_publisher":"https:\/\/www.facebook.com\/heimstadennorge","article_modified_time":"2022-01-28T12:46:17+00:00","og_image":[{"width":2400,"height":984,"url":"https:\/\/heimstaden.com\/app\/uploads\/sites\/3\/2021\/04\/HI_SMEDJEG1MALMO-002_final-1-e1618990841152.jpg","type":"image\/jpeg"}],"twitter_card":"summary_large_image","schema":{"@context":"https:\/\/schema.org","@graph":[{"@type":"WebPage","@id":"https:\/\/heimstaden.com\/no\/hjemme-hos\/","url":"https:\/\/heimstaden.com\/no\/hjemme-hos\/","name":"Hjemme hos: Bli med hjem til Heimstadens beboere - Heimstaden","isPartOf":{"@id":"https:\/\/heimstaden.com\/no\/#website"},"primaryImageOfPage":{"@id":"https:\/\/heimstaden.com\/no\/hjemme-hos\/#primaryimage"},"image":{"@id":"https:\/\/heimstaden.com\/no\/hjemme-hos\/#primaryimage"},"thumbnailUrl":"https:\/\/heimstaden.com\/app\/uploads\/sites\/3\/2021\/04\/HI_SMEDJEG1MALMO-002_final-1-e1618990841152.jpg","datePublished":"2020-06-26T08:19:39+00:00","dateModified":"2022-01-28T12:46:17+00:00","description":"F\u00f8lg med hjem til beboere hos Heimstaden. Her kan du lese hjemme hos-reportasjer og intervjuer med v\u00e5re beboere p\u00e5 forskjellige eiendommer.","inLanguage":"nb-NO","potentialAction":[{"@type":"ReadAction","target":["https:\/\/heimstaden.com\/no\/hjemme-hos\/"]}]},{"@type":"ImageObject","inLanguage":"nb-NO","@id":"https:\/\/heimstaden.com\/no\/hjemme-hos\/#primaryimage","url":"https:\/\/heimstaden.com\/app\/uploads\/sites\/3\/2021\/04\/HI_SMEDJEG1MALMO-002_final-1-e1618990841152.jpg","contentUrl":"https:\/\/heimstaden.com\/app\/uploads\/sites\/3\/2021\/04\/HI_SMEDJEG1MALMO-002_final-1-e1618990841152.jpg","width":2400,"height":984},{"@type":"WebSite","@id":"https:\/\/heimstaden.com\/no\/#website","url":"https:\/\/heimstaden.com\/no\/","name":"Heimstaden","description":"Hjem med omtanke. S\u00f8k ledige leiligheter.","publisher":{"@id":"https:\/\/heimstaden.com\/no\/#organization"},"potentialAction":[{"@type":"SearchAction","target":{"@type":"EntryPoint","urlTemplate":"https:\/\/heimstaden.com\/no\/?s={search_term_string}"},"query-input":{"@type":"PropertyValueSpecification","valueRequired":true,"valueName":"search_term_string"}}],"inLanguage":"nb-NO"},{"@type":"Organization","@id":"https:\/\/heimstaden.com\/no\/#organization","name":"Heimstaden AS","url":"https:\/\/heimstaden.com\/no\/","logo":{"@type":"ImageObject","inLanguage":"nb-NO","@id":"https:\/\/heimstaden.com\/no\/#\/schema\/logo\/image\/","url":"https:\/\/heimstaden.com\/app\/uploads\/sites\/3\/2021\/12\/Heimstaden_logo.png","contentUrl":"https:\/\/heimstaden.com\/app\/uploads\/sites\/3\/2021\/12\/Heimstaden_logo.png","width":1476,"height":214,"caption":"Heimstaden AS"},"image":{"@id":"https:\/\/heimstaden.com\/no\/#\/schema\/logo\/image\/"},"sameAs":["https:\/\/www.facebook.com\/heimstadennorge","https:\/\/www.instagram.com\/heimstaden_norge\/","https:\/\/www.linkedin.com\/company\/10401437\/","https:\/\/www.youtube.com\/channel\/UC8ZRGha4Yg9tZKhEpaoFuKg","https:\/\/sv.wikipedia.org\/wiki\/Heimstaden"]}]}},"_links":{"self":[{"href":"https:\/\/heimstaden.com\/no\/wp-json\/wp\/v2\/pages\/11993","targetHints":{"allow":["GET"]}}],"collection":[{"href":"https:\/\/heimstaden.com\/no\/wp-json\/wp\/v2\/pages"}],"about":[{"href":"https:\/\/heimstaden.com\/no\/wp-json\/wp\/v2\/types\/page"}],"author":[{"embeddable":true,"href":"https:\/\/heimstaden.com\/no\/wp-json\/wp\/v2\/users\/30"}],"replies":[{"embeddable":true,"href":"https:\/\/heimstaden.com\/no\/wp-json\/wp\/v2\/comments?post=11993"}],"version-history":[{"count":10,"href":"https:\/\/heimstaden.com\/no\/wp-json\/wp\/v2\/pages\/11993\/revisions"}],"predecessor-version":[{"id":18998,"href":"https:\/\/heimstaden.com\/no\/wp-json\/wp\/v2\/pages\/11993\/revisions\/18998"}],"wp:featuredmedia":[{"embeddable":true,"href":"https:\/\/heimstaden.com\/no\/wp-json\/wp\/v2\/media\/16380"}],"wp:attachment":[{"href":"https:\/\/heimstaden.com\/no\/wp-json\/wp\/v2\/media?parent=11993"}],"curies":[{"name":"wp","href":"https:\/\/api.w.org\/{rel}","templated":true}]}}