{"id":1064,"date":"2018-02-23T09:30:24","date_gmt":"2018-02-23T08:30:24","guid":{"rendered":"http:\/\/heimstaden.stage.kan.se\/?page_id=1064"},"modified":"2025-06-20T13:54:53","modified_gmt":"2025-06-20T11:54:53","slug":"miljoansvar","status":"publish","type":"page","link":"https:\/\/heimstaden.com\/no\/om-oss\/miljoansvar\/","title":{"rendered":"Milj\u00f8ansvar"},"content":{"rendered":"","protected":false},"excerpt":{"rendered":"","protected":false},"author":20,"featured_media":22218,"parent":161,"menu_order":3,"comment_status":"closed","ping_status":"closed","template":"","meta":{"_acf_changed":false,"_relevanssi_hide_post":"","_relevanssi_hide_content":"","_relevanssi_pin_for_all":"","_relevanssi_pin_keywords":"","_relevanssi_unpin_keywords":"","_relevanssi_related_keywords":"","_relevanssi_related_include_ids":"","_relevanssi_related_exclude_ids":"","_relevanssi_related_no_append":"","_relevanssi_related_not_related":"","_relevanssi_related_posts":"","_relevanssi_noindex_reason":"","footnotes":""},"class_list":["post-1064","page","type-page","status-publish","has-post-thumbnail","hentry"],"acf":[],"yoast_head":"<!-- This site is optimized with the Yoast SEO plugin v26.3 - https:\/\/yoast.com\/wordpress\/plugins\/seo\/ -->\n<title>Milj\u00f8ansvar - omtanke for mennesker og milj\u00f8<\/title>\n<meta name=\"description\" content=\"For oss handler milj\u00f8ansvar om \u00e5 drive v\u00e5r bedrift uten un\u00f8dvendig og negativ p\u00e5 virkning p\u00e5 milj\u00f8et og samtidig bidra til positiv utvikling.\" \/>\n<meta name=\"robots\" content=\"index, follow, max-snippet:-1, max-image-preview:large, max-video-preview:-1\" \/>\n<link rel=\"canonical\" href=\"https:\/\/heimstaden.com\/no\/om-oss\/miljoansvar\/\" \/>\n<meta property=\"og:locale\" content=\"nb_NO\" \/>\n<meta property=\"og:type\" content=\"article\" \/>\n<meta property=\"og:title\" content=\"Milj\u00f8ansvar - omtanke for mennesker og milj\u00f8\" \/>\n<meta property=\"og:description\" content=\"For oss handler milj\u00f8ansvar om \u00e5 drive v\u00e5r bedrift uten un\u00f8dvendig og negativ p\u00e5 virkning p\u00e5 milj\u00f8et og samtidig bidra til positiv utvikling.\" \/>\n<meta property=\"og:url\" content=\"https:\/\/heimstaden.com\/no\/om-oss\/miljoansvar\/\" \/>\n<meta property=\"og:site_name\" content=\"Heimstaden\" \/>\n<meta property=\"article:publisher\" content=\"https:\/\/www.facebook.com\/heimstadennorge\" \/>\n<meta property=\"article:modified_time\" content=\"2025-06-20T11:54:53+00:00\" \/>\n<meta property=\"og:image\" content=\"https:\/\/heimstaden.com\/app\/uploads\/sites\/3\/2023\/05\/G12_web-scaled.jpg\" \/>\n\t<meta property=\"og:image:width\" content=\"2560\" \/>\n\t<meta property=\"og:image:height\" content=\"1466\" \/>\n\t<meta property=\"og:image:type\" content=\"image\/jpeg\" \/>\n<meta name=\"twitter:card\" content=\"summary_large_image\" \/>\n<meta name=\"twitter:label1\" content=\"Est. reading time\" \/>\n\t<meta name=\"twitter:data1\" content=\"5 minutter\" \/>\n<script type=\"application\/ld+json\" class=\"yoast-schema-graph\">{\"@context\":\"https:\/\/schema.org\",\"@graph\":[{\"@type\":\"WebPage\",\"@id\":\"https:\/\/heimstaden.com\/no\/om-oss\/miljoansvar\/\",\"url\":\"https:\/\/heimstaden.com\/no\/om-oss\/miljoansvar\/\",\"name\":\"Milj\u00f8ansvar - omtanke for mennesker og milj\u00f8\",\"isPartOf\":{\"@id\":\"https:\/\/heimstaden.com\/no\/#website\"},\"primaryImageOfPage\":{\"@id\":\"https:\/\/heimstaden.com\/no\/om-oss\/miljoansvar\/#primaryimage\"},\"image\":{\"@id\":\"https:\/\/heimstaden.com\/no\/om-oss\/miljoansvar\/#primaryimage\"},\"thumbnailUrl\":\"https:\/\/heimstaden.com\/app\/uploads\/sites\/3\/2023\/05\/G12_web-scaled.jpg\",\"datePublished\":\"2018-02-23T08:30:24+00:00\",\"dateModified\":\"2025-06-20T11:54:53+00:00\",\"description\":\"For oss handler milj\u00f8ansvar om \u00e5 drive v\u00e5r bedrift uten un\u00f8dvendig og negativ p\u00e5 virkning p\u00e5 milj\u00f8et og samtidig bidra til positiv utvikling.\",\"breadcrumb\":{\"@id\":\"https:\/\/heimstaden.com\/no\/om-oss\/miljoansvar\/#breadcrumb\"},\"inLanguage\":\"nb-NO\",\"potentialAction\":[{\"@type\":\"ReadAction\",\"target\":[\"https:\/\/heimstaden.com\/no\/om-oss\/miljoansvar\/\"]}]},{\"@type\":\"ImageObject\",\"inLanguage\":\"nb-NO\",\"@id\":\"https:\/\/heimstaden.com\/no\/om-oss\/miljoansvar\/#primaryimage\",\"url\":\"https:\/\/heimstaden.com\/app\/uploads\/sites\/3\/2023\/05\/G12_web-scaled.jpg\",\"contentUrl\":\"https:\/\/heimstaden.com\/app\/uploads\/sites\/3\/2023\/05\/G12_web-scaled.jpg\",\"width\":2560,\"height\":1466},{\"@type\":\"BreadcrumbList\",\"@id\":\"https:\/\/heimstaden.com\/no\/om-oss\/miljoansvar\/#breadcrumb\",\"itemListElement\":[{\"@type\":\"ListItem\",\"position\":1,\"name\":\"Om oss\",\"item\":\"https:\/\/heimstaden.com\/no\/om-oss\/\"},{\"@type\":\"ListItem\",\"position\":2,\"name\":\"Milj\u00f8ansvar\"}]},{\"@type\":\"WebSite\",\"@id\":\"https:\/\/heimstaden.com\/no\/#website\",\"url\":\"https:\/\/heimstaden.com\/no\/\",\"name\":\"Heimstaden\",\"description\":\"Hjem med omtanke. S\u00f8k ledige leiligheter.\",\"publisher\":{\"@id\":\"https:\/\/heimstaden.com\/no\/#organization\"},\"potentialAction\":[{\"@type\":\"SearchAction\",\"target\":{\"@type\":\"EntryPoint\",\"urlTemplate\":\"https:\/\/heimstaden.com\/no\/?s={search_term_string}\"},\"query-input\":{\"@type\":\"PropertyValueSpecification\",\"valueRequired\":true,\"valueName\":\"search_term_string\"}}],\"inLanguage\":\"nb-NO\"},{\"@type\":\"Organization\",\"@id\":\"https:\/\/heimstaden.com\/no\/#organization\",\"name\":\"Heimstaden AS\",\"url\":\"https:\/\/heimstaden.com\/no\/\",\"logo\":{\"@type\":\"ImageObject\",\"inLanguage\":\"nb-NO\",\"@id\":\"https:\/\/heimstaden.com\/no\/#\/schema\/logo\/image\/\",\"url\":\"https:\/\/heimstaden.com\/app\/uploads\/sites\/3\/2021\/12\/Heimstaden_logo.png\",\"contentUrl\":\"https:\/\/heimstaden.com\/app\/uploads\/sites\/3\/2021\/12\/Heimstaden_logo.png\",\"width\":1476,\"height\":214,\"caption\":\"Heimstaden AS\"},\"image\":{\"@id\":\"https:\/\/heimstaden.com\/no\/#\/schema\/logo\/image\/\"},\"sameAs\":[\"https:\/\/www.facebook.com\/heimstadennorge\",\"https:\/\/www.instagram.com\/heimstaden_norge\/\",\"https:\/\/www.linkedin.com\/company\/10401437\/\",\"https:\/\/www.youtube.com\/channel\/UC8ZRGha4Yg9tZKhEpaoFuKg\",\"https:\/\/sv.wikipedia.org\/wiki\/Heimstaden\"]}]}<\/script>\n<!-- \/ Yoast SEO plugin. -->","yoast_head_json":{"title":"Milj\u00f8ansvar - omtanke for mennesker og milj\u00f8","description":"For oss handler milj\u00f8ansvar om \u00e5 drive v\u00e5r bedrift uten un\u00f8dvendig og negativ p\u00e5 virkning p\u00e5 milj\u00f8et og samtidig bidra til positiv utvikling.","robots":{"index":"index","follow":"follow","max-snippet":"max-snippet:-1","max-image-preview":"max-image-preview:large","max-video-preview":"max-video-preview:-1"},"canonical":"https:\/\/heimstaden.com\/no\/om-oss\/miljoansvar\/","og_locale":"nb_NO","og_type":"article","og_title":"Milj\u00f8ansvar - omtanke for mennesker og milj\u00f8","og_description":"For oss handler milj\u00f8ansvar om \u00e5 drive v\u00e5r bedrift uten un\u00f8dvendig og negativ p\u00e5 virkning p\u00e5 milj\u00f8et og samtidig bidra til positiv utvikling.","og_url":"https:\/\/heimstaden.com\/no\/om-oss\/miljoansvar\/","og_site_name":"Heimstaden","article_publisher":"https:\/\/www.facebook.com\/heimstadennorge","article_modified_time":"2025-06-20T11:54:53+00:00","og_image":[{"width":2560,"height":1466,"url":"https:\/\/heimstaden.com\/app\/uploads\/sites\/3\/2023\/05\/G12_web-scaled.jpg","type":"image\/jpeg"}],"twitter_card":"summary_large_image","twitter_misc":{"Est. reading time":"5 minutter"},"schema":{"@context":"https:\/\/schema.org","@graph":[{"@type":"WebPage","@id":"https:\/\/heimstaden.com\/no\/om-oss\/miljoansvar\/","url":"https:\/\/heimstaden.com\/no\/om-oss\/miljoansvar\/","name":"Milj\u00f8ansvar - omtanke for mennesker og milj\u00f8","isPartOf":{"@id":"https:\/\/heimstaden.com\/no\/#website"},"primaryImageOfPage":{"@id":"https:\/\/heimstaden.com\/no\/om-oss\/miljoansvar\/#primaryimage"},"image":{"@id":"https:\/\/heimstaden.com\/no\/om-oss\/miljoansvar\/#primaryimage"},"thumbnailUrl":"https:\/\/heimstaden.com\/app\/uploads\/sites\/3\/2023\/05\/G12_web-scaled.jpg","datePublished":"2018-02-23T08:30:24+00:00","dateModified":"2025-06-20T11:54:53+00:00","description":"For oss handler milj\u00f8ansvar om \u00e5 drive v\u00e5r bedrift uten un\u00f8dvendig og negativ p\u00e5 virkning p\u00e5 milj\u00f8et og samtidig bidra til positiv utvikling.","breadcrumb":{"@id":"https:\/\/heimstaden.com\/no\/om-oss\/miljoansvar\/#breadcrumb"},"inLanguage":"nb-NO","potentialAction":[{"@type":"ReadAction","target":["https:\/\/heimstaden.com\/no\/om-oss\/miljoansvar\/"]}]},{"@type":"ImageObject","inLanguage":"nb-NO","@id":"https:\/\/heimstaden.com\/no\/om-oss\/miljoansvar\/#primaryimage","url":"https:\/\/heimstaden.com\/app\/uploads\/sites\/3\/2023\/05\/G12_web-scaled.jpg","contentUrl":"https:\/\/heimstaden.com\/app\/uploads\/sites\/3\/2023\/05\/G12_web-scaled.jpg","width":2560,"height":1466},{"@type":"BreadcrumbList","@id":"https:\/\/heimstaden.com\/no\/om-oss\/miljoansvar\/#breadcrumb","itemListElement":[{"@type":"ListItem","position":1,"name":"Om oss","item":"https:\/\/heimstaden.com\/no\/om-oss\/"},{"@type":"ListItem","position":2,"name":"Milj\u00f8ansvar"}]},{"@type":"WebSite","@id":"https:\/\/heimstaden.com\/no\/#website","url":"https:\/\/heimstaden.com\/no\/","name":"Heimstaden","description":"Hjem med omtanke. S\u00f8k ledige leiligheter.","publisher":{"@id":"https:\/\/heimstaden.com\/no\/#organization"},"potentialAction":[{"@type":"SearchAction","target":{"@type":"EntryPoint","urlTemplate":"https:\/\/heimstaden.com\/no\/?s={search_term_string}"},"query-input":{"@type":"PropertyValueSpecification","valueRequired":true,"valueName":"search_term_string"}}],"inLanguage":"nb-NO"},{"@type":"Organization","@id":"https:\/\/heimstaden.com\/no\/#organization","name":"Heimstaden AS","url":"https:\/\/heimstaden.com\/no\/","logo":{"@type":"ImageObject","inLanguage":"nb-NO","@id":"https:\/\/heimstaden.com\/no\/#\/schema\/logo\/image\/","url":"https:\/\/heimstaden.com\/app\/uploads\/sites\/3\/2021\/12\/Heimstaden_logo.png","contentUrl":"https:\/\/heimstaden.com\/app\/uploads\/sites\/3\/2021\/12\/Heimstaden_logo.png","width":1476,"height":214,"caption":"Heimstaden AS"},"image":{"@id":"https:\/\/heimstaden.com\/no\/#\/schema\/logo\/image\/"},"sameAs":["https:\/\/www.facebook.com\/heimstadennorge","https:\/\/www.instagram.com\/heimstaden_norge\/","https:\/\/www.linkedin.com\/company\/10401437\/","https:\/\/www.youtube.com\/channel\/UC8ZRGha4Yg9tZKhEpaoFuKg","https:\/\/sv.wikipedia.org\/wiki\/Heimstaden"]}]}},"_links":{"self":[{"href":"https:\/\/heimstaden.com\/no\/wp-json\/wp\/v2\/pages\/1064","targetHints":{"allow":["GET"]}}],"collection":[{"href":"https:\/\/heimstaden.com\/no\/wp-json\/wp\/v2\/pages"}],"about":[{"href":"https:\/\/heimstaden.com\/no\/wp-json\/wp\/v2\/types\/page"}],"author":[{"embeddable":true,"href":"https:\/\/heimstaden.com\/no\/wp-json\/wp\/v2\/users\/20"}],"replies":[{"embeddable":true,"href":"https:\/\/heimstaden.com\/no\/wp-json\/wp\/v2\/comments?post=1064"}],"version-history":[{"count":12,"href":"https:\/\/heimstaden.com\/no\/wp-json\/wp\/v2\/pages\/1064\/revisions"}],"predecessor-version":[{"id":26248,"href":"https:\/\/heimstaden.com\/no\/wp-json\/wp\/v2\/pages\/1064\/revisions\/26248"}],"up":[{"embeddable":true,"href":"https:\/\/heimstaden.com\/no\/wp-json\/wp\/v2\/pages\/161"}],"wp:featuredmedia":[{"embeddable":true,"href":"https:\/\/heimstaden.com\/no\/wp-json\/wp\/v2\/media\/22218"}],"wp:attachment":[{"href":"https:\/\/heimstaden.com\/no\/wp-json\/wp\/v2\/media?parent=1064"}],"curies":[{"name":"wp","href":"https:\/\/api.w.org\/{rel}","templated":true}]}}