{"id":30084,"date":"2026-03-03T15:28:30","date_gmt":"2026-03-03T13:28:30","guid":{"rendered":"https:\/\/heimstaden.com\/fi\/?page_id=30084"},"modified":"2026-03-03T16:29:48","modified_gmt":"2026-03-03T14:29:48","slug":"vuokraa-asunto-kuopio","status":"publish","type":"page","link":"https:\/\/heimstaden.com\/fi\/vuokraa-asunto-kuopio\/","title":{"rendered":"Vuokraa asunto Kuopio"},"content":{"rendered":"","protected":false},"excerpt":{"rendered":"","protected":false},"author":115,"featured_media":30091,"parent":0,"menu_order":0,"comment_status":"closed","ping_status":"closed","template":"","meta":{"_acf_changed":false,"_relevanssi_hide_post":"","_relevanssi_hide_content":"","_relevanssi_pin_for_all":"","_relevanssi_pin_keywords":"","_relevanssi_unpin_keywords":"","_relevanssi_related_keywords":"","_relevanssi_related_include_ids":"","_relevanssi_related_exclude_ids":"","_relevanssi_related_no_append":"","_relevanssi_related_not_related":"","_relevanssi_related_posts":"","_relevanssi_noindex_reason":"","footnotes":""},"class_list":["post-30084","page","type-page","status-publish","has-post-thumbnail","hentry"],"acf":[],"yoast_head":"<!-- This site is optimized with the Yoast SEO plugin v26.3 - https:\/\/yoast.com\/wordpress\/plugins\/seo\/ -->\n<title>Vuokraa Asunto kuopio nyt | huhtikuu 2026 Heimstaden<\/title>\n<meta name=\"description\" content=\"Vuokraa Asunto Kuopio: L\u00f6yd\u00e4 yksi\u00f6, kaksio tai rivitaloasunto helposti eri kaupunginosista Heimstadenin kautta.\" \/>\n<meta name=\"robots\" content=\"index, follow, max-snippet:-1, max-image-preview:large, max-video-preview:-1\" \/>\n<link rel=\"canonical\" href=\"https:\/\/heimstaden.com\/fi\/vuokraa-asunto-kuopio\/\" \/>\n<meta property=\"og:locale\" content=\"fi_FI\" \/>\n<meta property=\"og:type\" content=\"article\" \/>\n<meta property=\"og:title\" content=\"Vuokraa Asunto kuopio nyt | huhtikuu 2026 Heimstaden\" \/>\n<meta property=\"og:description\" content=\"Vuokraa Asunto Kuopio: L\u00f6yd\u00e4 yksi\u00f6, kaksio tai rivitaloasunto helposti eri kaupunginosista Heimstadenin kautta.\" \/>\n<meta property=\"og:url\" content=\"https:\/\/heimstaden.com\/fi\/vuokraa-asunto-kuopio\/\" \/>\n<meta property=\"og:site_name\" content=\"Heimstaden\" \/>\n<meta property=\"article:modified_time\" content=\"2026-03-03T14:29:48+00:00\" \/>\n<meta property=\"og:image\" content=\"https:\/\/heimstaden.com\/app\/uploads\/sites\/9\/2025\/07\/vuokraa-asunto-kuopio.png\" \/>\n\t<meta property=\"og:image:width\" content=\"1479\" \/>\n\t<meta property=\"og:image:height\" content=\"860\" \/>\n\t<meta property=\"og:image:type\" content=\"image\/png\" \/>\n<meta name=\"twitter:card\" content=\"summary_large_image\" \/>\n<meta name=\"twitter:label1\" content=\"Est. reading time\" \/>\n\t<meta name=\"twitter:data1\" content=\"8 minuuttia\" \/>\n<script type=\"application\/ld+json\" class=\"yoast-schema-graph\">{\"@context\":\"https:\/\/schema.org\",\"@graph\":[{\"@type\":\"WebPage\",\"@id\":\"https:\/\/heimstaden.com\/fi\/vuokraa-asunto-kuopio\/\",\"url\":\"https:\/\/heimstaden.com\/fi\/vuokraa-asunto-kuopio\/\",\"name\":\"Vuokraa Asunto kuopio nyt | huhtikuu 2026 Heimstaden\",\"isPartOf\":{\"@id\":\"https:\/\/heimstaden.com\/fi\/#website\"},\"primaryImageOfPage\":{\"@id\":\"https:\/\/heimstaden.com\/fi\/vuokraa-asunto-kuopio\/#primaryimage\"},\"image\":{\"@id\":\"https:\/\/heimstaden.com\/fi\/vuokraa-asunto-kuopio\/#primaryimage\"},\"thumbnailUrl\":\"https:\/\/heimstaden.com\/app\/uploads\/sites\/9\/2025\/07\/vuokraa-asunto-kuopio.png\",\"datePublished\":\"2026-03-03T13:28:30+00:00\",\"dateModified\":\"2026-03-03T14:29:48+00:00\",\"description\":\"Vuokraa Asunto Kuopio: L\u00f6yd\u00e4 yksi\u00f6, kaksio tai rivitaloasunto helposti eri kaupunginosista Heimstadenin kautta.\",\"inLanguage\":\"fi\",\"potentialAction\":[{\"@type\":\"ReadAction\",\"target\":[\"https:\/\/heimstaden.com\/fi\/vuokraa-asunto-kuopio\/\"]}]},{\"@type\":\"ImageObject\",\"inLanguage\":\"fi\",\"@id\":\"https:\/\/heimstaden.com\/fi\/vuokraa-asunto-kuopio\/#primaryimage\",\"url\":\"https:\/\/heimstaden.com\/app\/uploads\/sites\/9\/2025\/07\/vuokraa-asunto-kuopio.png\",\"contentUrl\":\"https:\/\/heimstaden.com\/app\/uploads\/sites\/9\/2025\/07\/vuokraa-asunto-kuopio.png\",\"width\":1479,\"height\":860},{\"@type\":\"WebSite\",\"@id\":\"https:\/\/heimstaden.com\/fi\/#website\",\"url\":\"https:\/\/heimstaden.com\/fi\/\",\"name\":\"Heimstaden\",\"description\":\"Tervetuloa Heimstadenille\",\"publisher\":{\"@id\":\"https:\/\/heimstaden.com\/fi\/#organization\"},\"potentialAction\":[{\"@type\":\"SearchAction\",\"target\":{\"@type\":\"EntryPoint\",\"urlTemplate\":\"https:\/\/heimstaden.com\/fi\/?s={search_term_string}\"},\"query-input\":{\"@type\":\"PropertyValueSpecification\",\"valueRequired\":true,\"valueName\":\"search_term_string\"}}],\"inLanguage\":\"fi\"},{\"@type\":\"Organization\",\"@id\":\"https:\/\/heimstaden.com\/fi\/#organization\",\"name\":\"Heimstaden Finland\",\"url\":\"https:\/\/heimstaden.com\/fi\/\",\"logo\":{\"@type\":\"ImageObject\",\"inLanguage\":\"fi\",\"@id\":\"https:\/\/heimstaden.com\/fi\/#\/schema\/logo\/image\/\",\"url\":\"https:\/\/heimstaden.com\/app\/uploads\/sites\/9\/2018\/01\/Heimstaden_logo.png\",\"contentUrl\":\"https:\/\/heimstaden.com\/app\/uploads\/sites\/9\/2018\/01\/Heimstaden_logo.png\",\"width\":1476,\"height\":214,\"caption\":\"Heimstaden Finland\"},\"image\":{\"@id\":\"https:\/\/heimstaden.com\/fi\/#\/schema\/logo\/image\/\"}}]}<\/script>\n<!-- \/ Yoast SEO plugin. -->","yoast_head_json":{"title":"Vuokraa Asunto kuopio nyt | huhtikuu 2026 Heimstaden","description":"Vuokraa Asunto Kuopio: L\u00f6yd\u00e4 yksi\u00f6, kaksio tai rivitaloasunto helposti eri kaupunginosista Heimstadenin kautta.","robots":{"index":"index","follow":"follow","max-snippet":"max-snippet:-1","max-image-preview":"max-image-preview:large","max-video-preview":"max-video-preview:-1"},"canonical":"https:\/\/heimstaden.com\/fi\/vuokraa-asunto-kuopio\/","og_locale":"fi_FI","og_type":"article","og_title":"Vuokraa Asunto kuopio nyt | huhtikuu 2026 Heimstaden","og_description":"Vuokraa Asunto Kuopio: L\u00f6yd\u00e4 yksi\u00f6, kaksio tai rivitaloasunto helposti eri kaupunginosista Heimstadenin kautta.","og_url":"https:\/\/heimstaden.com\/fi\/vuokraa-asunto-kuopio\/","og_site_name":"Heimstaden","article_modified_time":"2026-03-03T14:29:48+00:00","og_image":[{"width":1479,"height":860,"url":"https:\/\/heimstaden.com\/app\/uploads\/sites\/9\/2025\/07\/vuokraa-asunto-kuopio.png","type":"image\/png"}],"twitter_card":"summary_large_image","twitter_misc":{"Est. reading time":"8 minuuttia"},"schema":{"@context":"https:\/\/schema.org","@graph":[{"@type":"WebPage","@id":"https:\/\/heimstaden.com\/fi\/vuokraa-asunto-kuopio\/","url":"https:\/\/heimstaden.com\/fi\/vuokraa-asunto-kuopio\/","name":"Vuokraa Asunto kuopio nyt | huhtikuu 2026 Heimstaden","isPartOf":{"@id":"https:\/\/heimstaden.com\/fi\/#website"},"primaryImageOfPage":{"@id":"https:\/\/heimstaden.com\/fi\/vuokraa-asunto-kuopio\/#primaryimage"},"image":{"@id":"https:\/\/heimstaden.com\/fi\/vuokraa-asunto-kuopio\/#primaryimage"},"thumbnailUrl":"https:\/\/heimstaden.com\/app\/uploads\/sites\/9\/2025\/07\/vuokraa-asunto-kuopio.png","datePublished":"2026-03-03T13:28:30+00:00","dateModified":"2026-03-03T14:29:48+00:00","description":"Vuokraa Asunto Kuopio: L\u00f6yd\u00e4 yksi\u00f6, kaksio tai rivitaloasunto helposti eri kaupunginosista Heimstadenin kautta.","inLanguage":"fi","potentialAction":[{"@type":"ReadAction","target":["https:\/\/heimstaden.com\/fi\/vuokraa-asunto-kuopio\/"]}]},{"@type":"ImageObject","inLanguage":"fi","@id":"https:\/\/heimstaden.com\/fi\/vuokraa-asunto-kuopio\/#primaryimage","url":"https:\/\/heimstaden.com\/app\/uploads\/sites\/9\/2025\/07\/vuokraa-asunto-kuopio.png","contentUrl":"https:\/\/heimstaden.com\/app\/uploads\/sites\/9\/2025\/07\/vuokraa-asunto-kuopio.png","width":1479,"height":860},{"@type":"WebSite","@id":"https:\/\/heimstaden.com\/fi\/#website","url":"https:\/\/heimstaden.com\/fi\/","name":"Heimstaden","description":"Tervetuloa Heimstadenille","publisher":{"@id":"https:\/\/heimstaden.com\/fi\/#organization"},"potentialAction":[{"@type":"SearchAction","target":{"@type":"EntryPoint","urlTemplate":"https:\/\/heimstaden.com\/fi\/?s={search_term_string}"},"query-input":{"@type":"PropertyValueSpecification","valueRequired":true,"valueName":"search_term_string"}}],"inLanguage":"fi"},{"@type":"Organization","@id":"https:\/\/heimstaden.com\/fi\/#organization","name":"Heimstaden Finland","url":"https:\/\/heimstaden.com\/fi\/","logo":{"@type":"ImageObject","inLanguage":"fi","@id":"https:\/\/heimstaden.com\/fi\/#\/schema\/logo\/image\/","url":"https:\/\/heimstaden.com\/app\/uploads\/sites\/9\/2018\/01\/Heimstaden_logo.png","contentUrl":"https:\/\/heimstaden.com\/app\/uploads\/sites\/9\/2018\/01\/Heimstaden_logo.png","width":1476,"height":214,"caption":"Heimstaden Finland"},"image":{"@id":"https:\/\/heimstaden.com\/fi\/#\/schema\/logo\/image\/"}}]}},"_links":{"self":[{"href":"https:\/\/heimstaden.com\/fi\/wp-json\/wp\/v2\/pages\/30084","targetHints":{"allow":["GET"]}}],"collection":[{"href":"https:\/\/heimstaden.com\/fi\/wp-json\/wp\/v2\/pages"}],"about":[{"href":"https:\/\/heimstaden.com\/fi\/wp-json\/wp\/v2\/types\/page"}],"author":[{"embeddable":true,"href":"https:\/\/heimstaden.com\/fi\/wp-json\/wp\/v2\/users\/115"}],"replies":[{"embeddable":true,"href":"https:\/\/heimstaden.com\/fi\/wp-json\/wp\/v2\/comments?post=30084"}],"version-history":[{"count":9,"href":"https:\/\/heimstaden.com\/fi\/wp-json\/wp\/v2\/pages\/30084\/revisions"}],"predecessor-version":[{"id":30138,"href":"https:\/\/heimstaden.com\/fi\/wp-json\/wp\/v2\/pages\/30084\/revisions\/30138"}],"wp:featuredmedia":[{"embeddable":true,"href":"https:\/\/heimstaden.com\/fi\/wp-json\/wp\/v2\/media\/30091"}],"wp:attachment":[{"href":"https:\/\/heimstaden.com\/fi\/wp-json\/wp\/v2\/media?parent=30084"}],"curies":[{"name":"wp","href":"https:\/\/api.w.org\/{rel}","templated":true}]}}