{"id":29985,"date":"2025-06-17T09:39:52","date_gmt":"2025-06-17T06:39:52","guid":{"rendered":"https:\/\/heimstaden.com\/fi\/?page_id=29985"},"modified":"2025-06-17T12:20:10","modified_gmt":"2025-06-17T09:20:10","slug":"vuokraa-asunto-jyvaskylassa-loyda-unelmakotisi-heimstadenilta","status":"publish","type":"page","link":"https:\/\/heimstaden.com\/fi\/vuokraa-asunto-jyvaskylassa-loyda-unelmakotisi-heimstadenilta\/","title":{"rendered":"Vuokraa asunto Jyv\u00e4skyl\u00e4ss\u00e4 \u2013 L\u00f6yd\u00e4 unelmakotisi Heimstadenilta"},"content":{"rendered":"","protected":false},"excerpt":{"rendered":"","protected":false},"author":105,"featured_media":27115,"parent":0,"menu_order":0,"comment_status":"closed","ping_status":"closed","template":"","meta":{"_acf_changed":false,"_relevanssi_hide_post":"","_relevanssi_hide_content":"","_relevanssi_pin_for_all":"","_relevanssi_pin_keywords":"","_relevanssi_unpin_keywords":"","_relevanssi_related_keywords":"","_relevanssi_related_include_ids":"","_relevanssi_related_exclude_ids":"","_relevanssi_related_no_append":"","_relevanssi_related_not_related":"","_relevanssi_related_posts":"","_relevanssi_noindex_reason":"","footnotes":""},"class_list":["post-29985","page","type-page","status-publish","has-post-thumbnail","hentry"],"acf":[],"yoast_head":"<!-- This site is optimized with the Yoast SEO plugin v26.3 - https:\/\/yoast.com\/wordpress\/plugins\/seo\/ -->\n<title>Vuokraa asunto Jyv\u00e4skyl\u00e4 | L\u00f6yd\u00e4 koti Heimstadenilta<\/title>\n<meta name=\"description\" content=\"Vuokraa asunto Jyv\u00e4skyl\u00e4st\u00e4 nopeasti ja vaivattomasti Heimstadenilta. Katso vapaat asunnot ja tee hakemus jo t\u00e4n\u00e4\u00e4n!\" \/>\n<meta name=\"robots\" content=\"index, follow, max-snippet:-1, max-image-preview:large, max-video-preview:-1\" \/>\n<link rel=\"canonical\" href=\"https:\/\/heimstaden.com\/fi\/vuokraa-asunto-jyvaskylassa-loyda-unelmakotisi-heimstadenilta\/\" \/>\n<meta property=\"og:locale\" content=\"fi_FI\" \/>\n<meta property=\"og:type\" content=\"article\" \/>\n<meta property=\"og:title\" content=\"Vuokraa asunto Jyv\u00e4skyl\u00e4 | L\u00f6yd\u00e4 koti Heimstadenilta\" \/>\n<meta property=\"og:description\" content=\"Vuokraa asunto Jyv\u00e4skyl\u00e4st\u00e4 nopeasti ja vaivattomasti Heimstadenilta. Katso vapaat asunnot ja tee hakemus jo t\u00e4n\u00e4\u00e4n!\" \/>\n<meta property=\"og:url\" content=\"https:\/\/heimstaden.com\/fi\/vuokraa-asunto-jyvaskylassa-loyda-unelmakotisi-heimstadenilta\/\" \/>\n<meta property=\"og:site_name\" content=\"Heimstaden\" \/>\n<meta property=\"article:modified_time\" content=\"2025-06-17T09:20:10+00:00\" \/>\n<meta property=\"og:image\" content=\"https:\/\/heimstaden.com\/app\/uploads\/sites\/9\/2022\/03\/Grona-vaxter.jpg\" \/>\n\t<meta property=\"og:image:width\" content=\"1920\" \/>\n\t<meta property=\"og:image:height\" content=\"1280\" \/>\n\t<meta property=\"og:image:type\" content=\"image\/jpeg\" \/>\n<meta name=\"twitter:card\" content=\"summary_large_image\" \/>\n<meta name=\"twitter:label1\" content=\"Est. reading time\" \/>\n\t<meta name=\"twitter:data1\" content=\"4 minuuttia\" \/>\n<script type=\"application\/ld+json\" class=\"yoast-schema-graph\">{\"@context\":\"https:\/\/schema.org\",\"@graph\":[{\"@type\":\"WebPage\",\"@id\":\"https:\/\/heimstaden.com\/fi\/vuokraa-asunto-jyvaskylassa-loyda-unelmakotisi-heimstadenilta\/\",\"url\":\"https:\/\/heimstaden.com\/fi\/vuokraa-asunto-jyvaskylassa-loyda-unelmakotisi-heimstadenilta\/\",\"name\":\"Vuokraa asunto Jyv\u00e4skyl\u00e4 | L\u00f6yd\u00e4 koti Heimstadenilta\",\"isPartOf\":{\"@id\":\"https:\/\/heimstaden.com\/fi\/#website\"},\"primaryImageOfPage\":{\"@id\":\"https:\/\/heimstaden.com\/fi\/vuokraa-asunto-jyvaskylassa-loyda-unelmakotisi-heimstadenilta\/#primaryimage\"},\"image\":{\"@id\":\"https:\/\/heimstaden.com\/fi\/vuokraa-asunto-jyvaskylassa-loyda-unelmakotisi-heimstadenilta\/#primaryimage\"},\"thumbnailUrl\":\"https:\/\/heimstaden.com\/app\/uploads\/sites\/9\/2022\/03\/Grona-vaxter.jpg\",\"datePublished\":\"2025-06-17T06:39:52+00:00\",\"dateModified\":\"2025-06-17T09:20:10+00:00\",\"description\":\"Vuokraa asunto Jyv\u00e4skyl\u00e4st\u00e4 nopeasti ja vaivattomasti Heimstadenilta. Katso vapaat asunnot ja tee hakemus jo t\u00e4n\u00e4\u00e4n!\",\"inLanguage\":\"fi\",\"potentialAction\":[{\"@type\":\"ReadAction\",\"target\":[\"https:\/\/heimstaden.com\/fi\/vuokraa-asunto-jyvaskylassa-loyda-unelmakotisi-heimstadenilta\/\"]}]},{\"@type\":\"ImageObject\",\"inLanguage\":\"fi\",\"@id\":\"https:\/\/heimstaden.com\/fi\/vuokraa-asunto-jyvaskylassa-loyda-unelmakotisi-heimstadenilta\/#primaryimage\",\"url\":\"https:\/\/heimstaden.com\/app\/uploads\/sites\/9\/2022\/03\/Grona-vaxter.jpg\",\"contentUrl\":\"https:\/\/heimstaden.com\/app\/uploads\/sites\/9\/2022\/03\/Grona-vaxter.jpg\",\"width\":1920,\"height\":1280,\"caption\":\"En kvinna med gr\u00e5svart h\u00e5r sitter i en svart skinnf\u00e5t\u00f6lj och l\u00e4ser en tidning. Bakom henne ser man en massa gr\u00f6na v\u00e4xter och lilla palettblad\"},{\"@type\":\"WebSite\",\"@id\":\"https:\/\/heimstaden.com\/fi\/#website\",\"url\":\"https:\/\/heimstaden.com\/fi\/\",\"name\":\"Heimstaden\",\"description\":\"Tervetuloa Heimstadenille\",\"publisher\":{\"@id\":\"https:\/\/heimstaden.com\/fi\/#organization\"},\"potentialAction\":[{\"@type\":\"SearchAction\",\"target\":{\"@type\":\"EntryPoint\",\"urlTemplate\":\"https:\/\/heimstaden.com\/fi\/?s={search_term_string}\"},\"query-input\":{\"@type\":\"PropertyValueSpecification\",\"valueRequired\":true,\"valueName\":\"search_term_string\"}}],\"inLanguage\":\"fi\"},{\"@type\":\"Organization\",\"@id\":\"https:\/\/heimstaden.com\/fi\/#organization\",\"name\":\"Heimstaden Finland\",\"url\":\"https:\/\/heimstaden.com\/fi\/\",\"logo\":{\"@type\":\"ImageObject\",\"inLanguage\":\"fi\",\"@id\":\"https:\/\/heimstaden.com\/fi\/#\/schema\/logo\/image\/\",\"url\":\"https:\/\/heimstaden.com\/app\/uploads\/sites\/9\/2018\/01\/Heimstaden_logo.png\",\"contentUrl\":\"https:\/\/heimstaden.com\/app\/uploads\/sites\/9\/2018\/01\/Heimstaden_logo.png\",\"width\":1476,\"height\":214,\"caption\":\"Heimstaden Finland\"},\"image\":{\"@id\":\"https:\/\/heimstaden.com\/fi\/#\/schema\/logo\/image\/\"}}]}<\/script>\n<!-- \/ Yoast SEO plugin. -->","yoast_head_json":{"title":"Vuokraa asunto Jyv\u00e4skyl\u00e4 | L\u00f6yd\u00e4 koti Heimstadenilta","description":"Vuokraa asunto Jyv\u00e4skyl\u00e4st\u00e4 nopeasti ja vaivattomasti Heimstadenilta. Katso vapaat asunnot ja tee hakemus jo t\u00e4n\u00e4\u00e4n!","robots":{"index":"index","follow":"follow","max-snippet":"max-snippet:-1","max-image-preview":"max-image-preview:large","max-video-preview":"max-video-preview:-1"},"canonical":"https:\/\/heimstaden.com\/fi\/vuokraa-asunto-jyvaskylassa-loyda-unelmakotisi-heimstadenilta\/","og_locale":"fi_FI","og_type":"article","og_title":"Vuokraa asunto Jyv\u00e4skyl\u00e4 | L\u00f6yd\u00e4 koti Heimstadenilta","og_description":"Vuokraa asunto Jyv\u00e4skyl\u00e4st\u00e4 nopeasti ja vaivattomasti Heimstadenilta. Katso vapaat asunnot ja tee hakemus jo t\u00e4n\u00e4\u00e4n!","og_url":"https:\/\/heimstaden.com\/fi\/vuokraa-asunto-jyvaskylassa-loyda-unelmakotisi-heimstadenilta\/","og_site_name":"Heimstaden","article_modified_time":"2025-06-17T09:20:10+00:00","og_image":[{"width":1920,"height":1280,"url":"https:\/\/heimstaden.com\/app\/uploads\/sites\/9\/2022\/03\/Grona-vaxter.jpg","type":"image\/jpeg"}],"twitter_card":"summary_large_image","twitter_misc":{"Est. reading time":"4 minuuttia"},"schema":{"@context":"https:\/\/schema.org","@graph":[{"@type":"WebPage","@id":"https:\/\/heimstaden.com\/fi\/vuokraa-asunto-jyvaskylassa-loyda-unelmakotisi-heimstadenilta\/","url":"https:\/\/heimstaden.com\/fi\/vuokraa-asunto-jyvaskylassa-loyda-unelmakotisi-heimstadenilta\/","name":"Vuokraa asunto Jyv\u00e4skyl\u00e4 | L\u00f6yd\u00e4 koti Heimstadenilta","isPartOf":{"@id":"https:\/\/heimstaden.com\/fi\/#website"},"primaryImageOfPage":{"@id":"https:\/\/heimstaden.com\/fi\/vuokraa-asunto-jyvaskylassa-loyda-unelmakotisi-heimstadenilta\/#primaryimage"},"image":{"@id":"https:\/\/heimstaden.com\/fi\/vuokraa-asunto-jyvaskylassa-loyda-unelmakotisi-heimstadenilta\/#primaryimage"},"thumbnailUrl":"https:\/\/heimstaden.com\/app\/uploads\/sites\/9\/2022\/03\/Grona-vaxter.jpg","datePublished":"2025-06-17T06:39:52+00:00","dateModified":"2025-06-17T09:20:10+00:00","description":"Vuokraa asunto Jyv\u00e4skyl\u00e4st\u00e4 nopeasti ja vaivattomasti Heimstadenilta. Katso vapaat asunnot ja tee hakemus jo t\u00e4n\u00e4\u00e4n!","inLanguage":"fi","potentialAction":[{"@type":"ReadAction","target":["https:\/\/heimstaden.com\/fi\/vuokraa-asunto-jyvaskylassa-loyda-unelmakotisi-heimstadenilta\/"]}]},{"@type":"ImageObject","inLanguage":"fi","@id":"https:\/\/heimstaden.com\/fi\/vuokraa-asunto-jyvaskylassa-loyda-unelmakotisi-heimstadenilta\/#primaryimage","url":"https:\/\/heimstaden.com\/app\/uploads\/sites\/9\/2022\/03\/Grona-vaxter.jpg","contentUrl":"https:\/\/heimstaden.com\/app\/uploads\/sites\/9\/2022\/03\/Grona-vaxter.jpg","width":1920,"height":1280,"caption":"En kvinna med gr\u00e5svart h\u00e5r sitter i en svart skinnf\u00e5t\u00f6lj och l\u00e4ser en tidning. Bakom henne ser man en massa gr\u00f6na v\u00e4xter och lilla palettblad"},{"@type":"WebSite","@id":"https:\/\/heimstaden.com\/fi\/#website","url":"https:\/\/heimstaden.com\/fi\/","name":"Heimstaden","description":"Tervetuloa Heimstadenille","publisher":{"@id":"https:\/\/heimstaden.com\/fi\/#organization"},"potentialAction":[{"@type":"SearchAction","target":{"@type":"EntryPoint","urlTemplate":"https:\/\/heimstaden.com\/fi\/?s={search_term_string}"},"query-input":{"@type":"PropertyValueSpecification","valueRequired":true,"valueName":"search_term_string"}}],"inLanguage":"fi"},{"@type":"Organization","@id":"https:\/\/heimstaden.com\/fi\/#organization","name":"Heimstaden Finland","url":"https:\/\/heimstaden.com\/fi\/","logo":{"@type":"ImageObject","inLanguage":"fi","@id":"https:\/\/heimstaden.com\/fi\/#\/schema\/logo\/image\/","url":"https:\/\/heimstaden.com\/app\/uploads\/sites\/9\/2018\/01\/Heimstaden_logo.png","contentUrl":"https:\/\/heimstaden.com\/app\/uploads\/sites\/9\/2018\/01\/Heimstaden_logo.png","width":1476,"height":214,"caption":"Heimstaden Finland"},"image":{"@id":"https:\/\/heimstaden.com\/fi\/#\/schema\/logo\/image\/"}}]}},"_links":{"self":[{"href":"https:\/\/heimstaden.com\/fi\/wp-json\/wp\/v2\/pages\/29985","targetHints":{"allow":["GET"]}}],"collection":[{"href":"https:\/\/heimstaden.com\/fi\/wp-json\/wp\/v2\/pages"}],"about":[{"href":"https:\/\/heimstaden.com\/fi\/wp-json\/wp\/v2\/types\/page"}],"author":[{"embeddable":true,"href":"https:\/\/heimstaden.com\/fi\/wp-json\/wp\/v2\/users\/105"}],"replies":[{"embeddable":true,"href":"https:\/\/heimstaden.com\/fi\/wp-json\/wp\/v2\/comments?post=29985"}],"version-history":[{"count":11,"href":"https:\/\/heimstaden.com\/fi\/wp-json\/wp\/v2\/pages\/29985\/revisions"}],"predecessor-version":[{"id":30015,"href":"https:\/\/heimstaden.com\/fi\/wp-json\/wp\/v2\/pages\/29985\/revisions\/30015"}],"wp:featuredmedia":[{"embeddable":true,"href":"https:\/\/heimstaden.com\/fi\/wp-json\/wp\/v2\/media\/27115"}],"wp:attachment":[{"href":"https:\/\/heimstaden.com\/fi\/wp-json\/wp\/v2\/media?parent=29985"}],"curies":[{"name":"wp","href":"https:\/\/api.w.org\/{rel}","templated":true}]}}