{"id":29943,"date":"2025-03-17T10:43:16","date_gmt":"2025-03-17T08:43:16","guid":{"rendered":"https:\/\/heimstaden.com\/fi\/?page_id=29943"},"modified":"2025-03-17T10:43:16","modified_gmt":"2025-03-17T08:43:16","slug":"taloudellinen-kestavyys","status":"publish","type":"page","link":"https:\/\/heimstaden.com\/fi\/taloudellinen-kestavyys\/","title":{"rendered":"Taloudellinen kest\u00e4vyys"},"content":{"rendered":"","protected":false},"excerpt":{"rendered":"","protected":false},"author":105,"featured_media":27400,"parent":0,"menu_order":0,"comment_status":"closed","ping_status":"closed","template":"","meta":{"_acf_changed":false,"_relevanssi_hide_post":"","_relevanssi_hide_content":"","_relevanssi_pin_for_all":"","_relevanssi_pin_keywords":"","_relevanssi_unpin_keywords":"","_relevanssi_related_keywords":"","_relevanssi_related_include_ids":"","_relevanssi_related_exclude_ids":"","_relevanssi_related_no_append":"","_relevanssi_related_not_related":"","_relevanssi_related_posts":"","_relevanssi_noindex_reason":"","footnotes":""},"class_list":["post-29943","page","type-page","status-publish","has-post-thumbnail","hentry"],"acf":[],"yoast_head":"<!-- This site is optimized with the Yoast SEO plugin v26.3 - https:\/\/yoast.com\/wordpress\/plugins\/seo\/ -->\n<title>Taloudellinen kest\u00e4vyys - Heimstaden<\/title>\n<meta name=\"robots\" content=\"index, follow, max-snippet:-1, max-image-preview:large, max-video-preview:-1\" \/>\n<link rel=\"canonical\" href=\"https:\/\/heimstaden.com\/fi\/taloudellinen-kestavyys\/\" \/>\n<meta property=\"og:locale\" content=\"fi_FI\" \/>\n<meta property=\"og:type\" content=\"article\" \/>\n<meta property=\"og:title\" content=\"Taloudellinen kest\u00e4vyys - Heimstaden\" \/>\n<meta property=\"og:url\" content=\"https:\/\/heimstaden.com\/fi\/taloudellinen-kestavyys\/\" \/>\n<meta property=\"og:site_name\" content=\"Heimstaden\" \/>\n<meta property=\"og:image\" content=\"https:\/\/heimstaden.com\/app\/uploads\/sites\/9\/2022\/03\/Miljobyggnad-Silver.jpg\" \/>\n\t<meta property=\"og:image:width\" content=\"1920\" \/>\n\t<meta property=\"og:image:height\" content=\"1280\" \/>\n\t<meta property=\"og:image:type\" content=\"image\/jpeg\" \/>\n<meta name=\"twitter:card\" content=\"summary_large_image\" \/>\n<meta name=\"twitter:label1\" content=\"Est. reading time\" \/>\n\t<meta name=\"twitter:data1\" content=\"2 minuuttia\" \/>\n<script type=\"application\/ld+json\" class=\"yoast-schema-graph\">{\"@context\":\"https:\/\/schema.org\",\"@graph\":[{\"@type\":\"WebPage\",\"@id\":\"https:\/\/heimstaden.com\/fi\/taloudellinen-kestavyys\/\",\"url\":\"https:\/\/heimstaden.com\/fi\/taloudellinen-kestavyys\/\",\"name\":\"Taloudellinen kest\u00e4vyys - Heimstaden\",\"isPartOf\":{\"@id\":\"https:\/\/heimstaden.com\/fi\/#website\"},\"primaryImageOfPage\":{\"@id\":\"https:\/\/heimstaden.com\/fi\/taloudellinen-kestavyys\/#primaryimage\"},\"image\":{\"@id\":\"https:\/\/heimstaden.com\/fi\/taloudellinen-kestavyys\/#primaryimage\"},\"thumbnailUrl\":\"https:\/\/heimstaden.com\/app\/uploads\/sites\/9\/2022\/03\/Miljobyggnad-Silver.jpg\",\"datePublished\":\"2025-03-17T08:43:16+00:00\",\"inLanguage\":\"fi\",\"potentialAction\":[{\"@type\":\"ReadAction\",\"target\":[\"https:\/\/heimstaden.com\/fi\/taloudellinen-kestavyys\/\"]}]},{\"@type\":\"ImageObject\",\"inLanguage\":\"fi\",\"@id\":\"https:\/\/heimstaden.com\/fi\/taloudellinen-kestavyys\/#primaryimage\",\"url\":\"https:\/\/heimstaden.com\/app\/uploads\/sites\/9\/2022\/03\/Miljobyggnad-Silver.jpg\",\"contentUrl\":\"https:\/\/heimstaden.com\/app\/uploads\/sites\/9\/2022\/03\/Miljobyggnad-Silver.jpg\",\"width\":1920,\"height\":1280,\"caption\":\"En man och en kvinna st\u00e5r p\u00e5 ett hustak i orange skyddsv\u00e4star och hj\u00e4lmar och pekar p\u00e5 n\u00e5got.\"},{\"@type\":\"WebSite\",\"@id\":\"https:\/\/heimstaden.com\/fi\/#website\",\"url\":\"https:\/\/heimstaden.com\/fi\/\",\"name\":\"Heimstaden\",\"description\":\"Tervetuloa Heimstadenille\",\"publisher\":{\"@id\":\"https:\/\/heimstaden.com\/fi\/#organization\"},\"potentialAction\":[{\"@type\":\"SearchAction\",\"target\":{\"@type\":\"EntryPoint\",\"urlTemplate\":\"https:\/\/heimstaden.com\/fi\/?s={search_term_string}\"},\"query-input\":{\"@type\":\"PropertyValueSpecification\",\"valueRequired\":true,\"valueName\":\"search_term_string\"}}],\"inLanguage\":\"fi\"},{\"@type\":\"Organization\",\"@id\":\"https:\/\/heimstaden.com\/fi\/#organization\",\"name\":\"Heimstaden Finland\",\"url\":\"https:\/\/heimstaden.com\/fi\/\",\"logo\":{\"@type\":\"ImageObject\",\"inLanguage\":\"fi\",\"@id\":\"https:\/\/heimstaden.com\/fi\/#\/schema\/logo\/image\/\",\"url\":\"https:\/\/heimstaden.com\/app\/uploads\/sites\/9\/2018\/01\/Heimstaden_logo.png\",\"contentUrl\":\"https:\/\/heimstaden.com\/app\/uploads\/sites\/9\/2018\/01\/Heimstaden_logo.png\",\"width\":1476,\"height\":214,\"caption\":\"Heimstaden Finland\"},\"image\":{\"@id\":\"https:\/\/heimstaden.com\/fi\/#\/schema\/logo\/image\/\"}}]}<\/script>\n<!-- \/ Yoast SEO plugin. -->","yoast_head_json":{"title":"Taloudellinen kest\u00e4vyys - Heimstaden","robots":{"index":"index","follow":"follow","max-snippet":"max-snippet:-1","max-image-preview":"max-image-preview:large","max-video-preview":"max-video-preview:-1"},"canonical":"https:\/\/heimstaden.com\/fi\/taloudellinen-kestavyys\/","og_locale":"fi_FI","og_type":"article","og_title":"Taloudellinen kest\u00e4vyys - Heimstaden","og_url":"https:\/\/heimstaden.com\/fi\/taloudellinen-kestavyys\/","og_site_name":"Heimstaden","og_image":[{"width":1920,"height":1280,"url":"https:\/\/heimstaden.com\/app\/uploads\/sites\/9\/2022\/03\/Miljobyggnad-Silver.jpg","type":"image\/jpeg"}],"twitter_card":"summary_large_image","twitter_misc":{"Est. reading time":"2 minuuttia"},"schema":{"@context":"https:\/\/schema.org","@graph":[{"@type":"WebPage","@id":"https:\/\/heimstaden.com\/fi\/taloudellinen-kestavyys\/","url":"https:\/\/heimstaden.com\/fi\/taloudellinen-kestavyys\/","name":"Taloudellinen kest\u00e4vyys - Heimstaden","isPartOf":{"@id":"https:\/\/heimstaden.com\/fi\/#website"},"primaryImageOfPage":{"@id":"https:\/\/heimstaden.com\/fi\/taloudellinen-kestavyys\/#primaryimage"},"image":{"@id":"https:\/\/heimstaden.com\/fi\/taloudellinen-kestavyys\/#primaryimage"},"thumbnailUrl":"https:\/\/heimstaden.com\/app\/uploads\/sites\/9\/2022\/03\/Miljobyggnad-Silver.jpg","datePublished":"2025-03-17T08:43:16+00:00","inLanguage":"fi","potentialAction":[{"@type":"ReadAction","target":["https:\/\/heimstaden.com\/fi\/taloudellinen-kestavyys\/"]}]},{"@type":"ImageObject","inLanguage":"fi","@id":"https:\/\/heimstaden.com\/fi\/taloudellinen-kestavyys\/#primaryimage","url":"https:\/\/heimstaden.com\/app\/uploads\/sites\/9\/2022\/03\/Miljobyggnad-Silver.jpg","contentUrl":"https:\/\/heimstaden.com\/app\/uploads\/sites\/9\/2022\/03\/Miljobyggnad-Silver.jpg","width":1920,"height":1280,"caption":"En man och en kvinna st\u00e5r p\u00e5 ett hustak i orange skyddsv\u00e4star och hj\u00e4lmar och pekar p\u00e5 n\u00e5got."},{"@type":"WebSite","@id":"https:\/\/heimstaden.com\/fi\/#website","url":"https:\/\/heimstaden.com\/fi\/","name":"Heimstaden","description":"Tervetuloa Heimstadenille","publisher":{"@id":"https:\/\/heimstaden.com\/fi\/#organization"},"potentialAction":[{"@type":"SearchAction","target":{"@type":"EntryPoint","urlTemplate":"https:\/\/heimstaden.com\/fi\/?s={search_term_string}"},"query-input":{"@type":"PropertyValueSpecification","valueRequired":true,"valueName":"search_term_string"}}],"inLanguage":"fi"},{"@type":"Organization","@id":"https:\/\/heimstaden.com\/fi\/#organization","name":"Heimstaden Finland","url":"https:\/\/heimstaden.com\/fi\/","logo":{"@type":"ImageObject","inLanguage":"fi","@id":"https:\/\/heimstaden.com\/fi\/#\/schema\/logo\/image\/","url":"https:\/\/heimstaden.com\/app\/uploads\/sites\/9\/2018\/01\/Heimstaden_logo.png","contentUrl":"https:\/\/heimstaden.com\/app\/uploads\/sites\/9\/2018\/01\/Heimstaden_logo.png","width":1476,"height":214,"caption":"Heimstaden Finland"},"image":{"@id":"https:\/\/heimstaden.com\/fi\/#\/schema\/logo\/image\/"}}]}},"_links":{"self":[{"href":"https:\/\/heimstaden.com\/fi\/wp-json\/wp\/v2\/pages\/29943","targetHints":{"allow":["GET"]}}],"collection":[{"href":"https:\/\/heimstaden.com\/fi\/wp-json\/wp\/v2\/pages"}],"about":[{"href":"https:\/\/heimstaden.com\/fi\/wp-json\/wp\/v2\/types\/page"}],"author":[{"embeddable":true,"href":"https:\/\/heimstaden.com\/fi\/wp-json\/wp\/v2\/users\/105"}],"replies":[{"embeddable":true,"href":"https:\/\/heimstaden.com\/fi\/wp-json\/wp\/v2\/comments?post=29943"}],"version-history":[{"count":1,"href":"https:\/\/heimstaden.com\/fi\/wp-json\/wp\/v2\/pages\/29943\/revisions"}],"predecessor-version":[{"id":29944,"href":"https:\/\/heimstaden.com\/fi\/wp-json\/wp\/v2\/pages\/29943\/revisions\/29944"}],"wp:featuredmedia":[{"embeddable":true,"href":"https:\/\/heimstaden.com\/fi\/wp-json\/wp\/v2\/media\/27400"}],"wp:attachment":[{"href":"https:\/\/heimstaden.com\/fi\/wp-json\/wp\/v2\/media?parent=29943"}],"curies":[{"name":"wp","href":"https:\/\/api.w.org\/{rel}","templated":true}]}}