{"id":19828,"date":"2021-05-25T11:16:27","date_gmt":"2021-05-25T08:16:27","guid":{"rendered":"https:\/\/heimstaden.com\/se\/?page_id=19828"},"modified":"2023-02-10T13:33:51","modified_gmt":"2023-02-10T11:33:51","slug":"uutiskirje","status":"publish","type":"page","link":"https:\/\/heimstaden.com\/fi\/uutiskirje\/","title":{"rendered":"Uutiskirje"},"content":{"rendered":"","protected":false},"excerpt":{"rendered":"","protected":false},"author":38,"featured_media":19829,"parent":0,"menu_order":0,"comment_status":"closed","ping_status":"closed","template":"","meta":{"_acf_changed":false,"_relevanssi_hide_post":"","_relevanssi_hide_content":"","_relevanssi_pin_for_all":"","_relevanssi_pin_keywords":"","_relevanssi_unpin_keywords":"","_relevanssi_related_keywords":"","_relevanssi_related_include_ids":"","_relevanssi_related_exclude_ids":"","_relevanssi_related_no_append":"","_relevanssi_related_not_related":"","_relevanssi_related_posts":"","_relevanssi_noindex_reason":"","footnotes":""},"class_list":["post-19828","page","type-page","status-publish","has-post-thumbnail","hentry"],"acf":[],"yoast_head":"<!-- This site is optimized with the Yoast SEO plugin v26.3 - https:\/\/yoast.com\/wordpress\/plugins\/seo\/ -->\n<title>Heimstadenin uutiskirje - Vinkkej\u00e4 ja inspiraatiota s\u00e4hk\u00f6postiisi<\/title>\n<meta name=\"description\" content=\"Tilaa uutiskirjeemme, jossa kerromme sisustusvinkkej\u00e4, reseptej\u00e4, tietoa uusista kodeistamme sek\u00e4 muita vinkkej\u00e4 asumiseen.\" \/>\n<meta name=\"robots\" content=\"index, follow, max-snippet:-1, max-image-preview:large, max-video-preview:-1\" \/>\n<link rel=\"canonical\" href=\"https:\/\/heimstaden.com\/fi\/uutiskirje\/\" \/>\n<meta property=\"og:locale\" content=\"fi_FI\" \/>\n<meta property=\"og:type\" content=\"article\" \/>\n<meta property=\"og:title\" content=\"Heimstadenin uutiskirje - Vinkkej\u00e4 ja inspiraatiota s\u00e4hk\u00f6postiisi\" \/>\n<meta property=\"og:description\" content=\"Tilaa uutiskirjeemme, jossa kerromme sisustusvinkkej\u00e4, reseptej\u00e4, tietoa uusista kodeistamme sek\u00e4 muita vinkkej\u00e4 asumiseen.\" \/>\n<meta property=\"og:url\" content=\"https:\/\/heimstaden.com\/fi\/uutiskirje\/\" \/>\n<meta property=\"og:site_name\" content=\"Heimstaden\" \/>\n<meta property=\"article:modified_time\" content=\"2023-02-10T11:33:51+00:00\" \/>\n<meta property=\"og:image\" content=\"https:\/\/heimstaden.com\/app\/uploads\/sites\/9\/2021\/05\/Nyhetsbrev_Heimstaden.jpg\" \/>\n\t<meta property=\"og:image:width\" content=\"2362\" \/>\n\t<meta property=\"og:image:height\" content=\"1181\" \/>\n\t<meta property=\"og:image:type\" content=\"image\/jpeg\" \/>\n<meta name=\"twitter:card\" content=\"summary_large_image\" \/>\n<script type=\"application\/ld+json\" class=\"yoast-schema-graph\">{\"@context\":\"https:\/\/schema.org\",\"@graph\":[{\"@type\":\"WebPage\",\"@id\":\"https:\/\/heimstaden.com\/fi\/uutiskirje\/\",\"url\":\"https:\/\/heimstaden.com\/fi\/uutiskirje\/\",\"name\":\"Heimstadenin uutiskirje - Vinkkej\u00e4 ja inspiraatiota s\u00e4hk\u00f6postiisi\",\"isPartOf\":{\"@id\":\"https:\/\/heimstaden.com\/fi\/#website\"},\"primaryImageOfPage\":{\"@id\":\"https:\/\/heimstaden.com\/fi\/uutiskirje\/#primaryimage\"},\"image\":{\"@id\":\"https:\/\/heimstaden.com\/fi\/uutiskirje\/#primaryimage\"},\"thumbnailUrl\":\"https:\/\/heimstaden.com\/app\/uploads\/sites\/9\/2021\/05\/Nyhetsbrev_Heimstaden.jpg\",\"datePublished\":\"2021-05-25T08:16:27+00:00\",\"dateModified\":\"2023-02-10T11:33:51+00:00\",\"description\":\"Tilaa uutiskirjeemme, jossa kerromme sisustusvinkkej\u00e4, reseptej\u00e4, tietoa uusista kodeistamme sek\u00e4 muita vinkkej\u00e4 asumiseen.\",\"inLanguage\":\"fi\",\"potentialAction\":[{\"@type\":\"ReadAction\",\"target\":[\"https:\/\/heimstaden.com\/fi\/uutiskirje\/\"]}]},{\"@type\":\"ImageObject\",\"inLanguage\":\"fi\",\"@id\":\"https:\/\/heimstaden.com\/fi\/uutiskirje\/#primaryimage\",\"url\":\"https:\/\/heimstaden.com\/app\/uploads\/sites\/9\/2021\/05\/Nyhetsbrev_Heimstaden.jpg\",\"contentUrl\":\"https:\/\/heimstaden.com\/app\/uploads\/sites\/9\/2021\/05\/Nyhetsbrev_Heimstaden.jpg\",\"width\":2362,\"height\":1181,\"caption\":\"Prenumerera p\u00e5 v\u00e5rt nyhetsbrev\"},{\"@type\":\"WebSite\",\"@id\":\"https:\/\/heimstaden.com\/fi\/#website\",\"url\":\"https:\/\/heimstaden.com\/fi\/\",\"name\":\"Heimstaden\",\"description\":\"Tervetuloa Heimstadenille\",\"publisher\":{\"@id\":\"https:\/\/heimstaden.com\/fi\/#organization\"},\"potentialAction\":[{\"@type\":\"SearchAction\",\"target\":{\"@type\":\"EntryPoint\",\"urlTemplate\":\"https:\/\/heimstaden.com\/fi\/?s={search_term_string}\"},\"query-input\":{\"@type\":\"PropertyValueSpecification\",\"valueRequired\":true,\"valueName\":\"search_term_string\"}}],\"inLanguage\":\"fi\"},{\"@type\":\"Organization\",\"@id\":\"https:\/\/heimstaden.com\/fi\/#organization\",\"name\":\"Heimstaden Finland\",\"url\":\"https:\/\/heimstaden.com\/fi\/\",\"logo\":{\"@type\":\"ImageObject\",\"inLanguage\":\"fi\",\"@id\":\"https:\/\/heimstaden.com\/fi\/#\/schema\/logo\/image\/\",\"url\":\"https:\/\/heimstaden.com\/app\/uploads\/sites\/9\/2018\/01\/Heimstaden_logo.png\",\"contentUrl\":\"https:\/\/heimstaden.com\/app\/uploads\/sites\/9\/2018\/01\/Heimstaden_logo.png\",\"width\":1476,\"height\":214,\"caption\":\"Heimstaden Finland\"},\"image\":{\"@id\":\"https:\/\/heimstaden.com\/fi\/#\/schema\/logo\/image\/\"}}]}<\/script>\n<!-- \/ Yoast SEO plugin. -->","yoast_head_json":{"title":"Heimstadenin uutiskirje - Vinkkej\u00e4 ja inspiraatiota s\u00e4hk\u00f6postiisi","description":"Tilaa uutiskirjeemme, jossa kerromme sisustusvinkkej\u00e4, reseptej\u00e4, tietoa uusista kodeistamme sek\u00e4 muita vinkkej\u00e4 asumiseen.","robots":{"index":"index","follow":"follow","max-snippet":"max-snippet:-1","max-image-preview":"max-image-preview:large","max-video-preview":"max-video-preview:-1"},"canonical":"https:\/\/heimstaden.com\/fi\/uutiskirje\/","og_locale":"fi_FI","og_type":"article","og_title":"Heimstadenin uutiskirje - Vinkkej\u00e4 ja inspiraatiota s\u00e4hk\u00f6postiisi","og_description":"Tilaa uutiskirjeemme, jossa kerromme sisustusvinkkej\u00e4, reseptej\u00e4, tietoa uusista kodeistamme sek\u00e4 muita vinkkej\u00e4 asumiseen.","og_url":"https:\/\/heimstaden.com\/fi\/uutiskirje\/","og_site_name":"Heimstaden","article_modified_time":"2023-02-10T11:33:51+00:00","og_image":[{"width":2362,"height":1181,"url":"https:\/\/heimstaden.com\/app\/uploads\/sites\/9\/2021\/05\/Nyhetsbrev_Heimstaden.jpg","type":"image\/jpeg"}],"twitter_card":"summary_large_image","schema":{"@context":"https:\/\/schema.org","@graph":[{"@type":"WebPage","@id":"https:\/\/heimstaden.com\/fi\/uutiskirje\/","url":"https:\/\/heimstaden.com\/fi\/uutiskirje\/","name":"Heimstadenin uutiskirje - Vinkkej\u00e4 ja inspiraatiota s\u00e4hk\u00f6postiisi","isPartOf":{"@id":"https:\/\/heimstaden.com\/fi\/#website"},"primaryImageOfPage":{"@id":"https:\/\/heimstaden.com\/fi\/uutiskirje\/#primaryimage"},"image":{"@id":"https:\/\/heimstaden.com\/fi\/uutiskirje\/#primaryimage"},"thumbnailUrl":"https:\/\/heimstaden.com\/app\/uploads\/sites\/9\/2021\/05\/Nyhetsbrev_Heimstaden.jpg","datePublished":"2021-05-25T08:16:27+00:00","dateModified":"2023-02-10T11:33:51+00:00","description":"Tilaa uutiskirjeemme, jossa kerromme sisustusvinkkej\u00e4, reseptej\u00e4, tietoa uusista kodeistamme sek\u00e4 muita vinkkej\u00e4 asumiseen.","inLanguage":"fi","potentialAction":[{"@type":"ReadAction","target":["https:\/\/heimstaden.com\/fi\/uutiskirje\/"]}]},{"@type":"ImageObject","inLanguage":"fi","@id":"https:\/\/heimstaden.com\/fi\/uutiskirje\/#primaryimage","url":"https:\/\/heimstaden.com\/app\/uploads\/sites\/9\/2021\/05\/Nyhetsbrev_Heimstaden.jpg","contentUrl":"https:\/\/heimstaden.com\/app\/uploads\/sites\/9\/2021\/05\/Nyhetsbrev_Heimstaden.jpg","width":2362,"height":1181,"caption":"Prenumerera p\u00e5 v\u00e5rt nyhetsbrev"},{"@type":"WebSite","@id":"https:\/\/heimstaden.com\/fi\/#website","url":"https:\/\/heimstaden.com\/fi\/","name":"Heimstaden","description":"Tervetuloa Heimstadenille","publisher":{"@id":"https:\/\/heimstaden.com\/fi\/#organization"},"potentialAction":[{"@type":"SearchAction","target":{"@type":"EntryPoint","urlTemplate":"https:\/\/heimstaden.com\/fi\/?s={search_term_string}"},"query-input":{"@type":"PropertyValueSpecification","valueRequired":true,"valueName":"search_term_string"}}],"inLanguage":"fi"},{"@type":"Organization","@id":"https:\/\/heimstaden.com\/fi\/#organization","name":"Heimstaden Finland","url":"https:\/\/heimstaden.com\/fi\/","logo":{"@type":"ImageObject","inLanguage":"fi","@id":"https:\/\/heimstaden.com\/fi\/#\/schema\/logo\/image\/","url":"https:\/\/heimstaden.com\/app\/uploads\/sites\/9\/2018\/01\/Heimstaden_logo.png","contentUrl":"https:\/\/heimstaden.com\/app\/uploads\/sites\/9\/2018\/01\/Heimstaden_logo.png","width":1476,"height":214,"caption":"Heimstaden Finland"},"image":{"@id":"https:\/\/heimstaden.com\/fi\/#\/schema\/logo\/image\/"}}]}},"_links":{"self":[{"href":"https:\/\/heimstaden.com\/fi\/wp-json\/wp\/v2\/pages\/19828","targetHints":{"allow":["GET"]}}],"collection":[{"href":"https:\/\/heimstaden.com\/fi\/wp-json\/wp\/v2\/pages"}],"about":[{"href":"https:\/\/heimstaden.com\/fi\/wp-json\/wp\/v2\/types\/page"}],"author":[{"embeddable":true,"href":"https:\/\/heimstaden.com\/fi\/wp-json\/wp\/v2\/users\/38"}],"replies":[{"embeddable":true,"href":"https:\/\/heimstaden.com\/fi\/wp-json\/wp\/v2\/comments?post=19828"}],"version-history":[{"count":10,"href":"https:\/\/heimstaden.com\/fi\/wp-json\/wp\/v2\/pages\/19828\/revisions"}],"predecessor-version":[{"id":29719,"href":"https:\/\/heimstaden.com\/fi\/wp-json\/wp\/v2\/pages\/19828\/revisions\/29719"}],"wp:featuredmedia":[{"embeddable":true,"href":"https:\/\/heimstaden.com\/fi\/wp-json\/wp\/v2\/media\/19829"}],"wp:attachment":[{"href":"https:\/\/heimstaden.com\/fi\/wp-json\/wp\/v2\/media?parent=19828"}],"curies":[{"name":"wp","href":"https:\/\/api.w.org\/{rel}","templated":true}]}}