{"id":17189,"date":"2022-08-22T13:28:17","date_gmt":"2022-08-22T10:28:17","guid":{"rendered":"https:\/\/heimstaden.com\/se\/?page_id=17189"},"modified":"2025-02-04T13:43:13","modified_gmt":"2025-02-04T11:43:13","slug":"evastekaytanto","status":"publish","type":"page","link":"https:\/\/heimstaden.com\/fi\/evastekaytanto\/","title":{"rendered":"Ev\u00e4stek\u00e4yt\u00e4nt\u00f6"},"content":{"rendered":"","protected":false},"excerpt":{"rendered":"","protected":false},"author":89,"featured_media":0,"parent":0,"menu_order":0,"comment_status":"closed","ping_status":"closed","template":"","meta":{"_acf_changed":false,"_relevanssi_hide_post":"","_relevanssi_hide_content":"","_relevanssi_pin_for_all":"","_relevanssi_pin_keywords":"","_relevanssi_unpin_keywords":"","_relevanssi_related_keywords":"","_relevanssi_related_include_ids":"","_relevanssi_related_exclude_ids":"","_relevanssi_related_no_append":"","_relevanssi_related_not_related":"","_relevanssi_related_posts":"","_relevanssi_noindex_reason":"","footnotes":""},"class_list":["post-17189","page","type-page","status-publish","hentry"],"acf":[],"yoast_head":"<!-- This site is optimized with the Yoast SEO plugin v26.3 - https:\/\/yoast.com\/wordpress\/plugins\/seo\/ -->\n<title>Ev\u00e4stek\u00e4yt\u00e4nt\u00f6 - Heimstaden<\/title>\n<meta name=\"description\" content=\"Heimstaden anv\u00e4nder cookies f\u00f6r att unders\u00f6ka hur du som bes\u00f6kare anv\u00e4nder v\u00e5r webbplats och f\u00f6r att f\u00f6rb\u00e4ttra din upplevelse. L\u00e4s mer i v\u00e5r cookiepolicy.\" \/>\n<meta name=\"robots\" content=\"index, follow, max-snippet:-1, max-image-preview:large, max-video-preview:-1\" \/>\n<link rel=\"canonical\" href=\"https:\/\/heimstaden.com\/fi\/evastekaytanto\/\" \/>\n<meta property=\"og:locale\" content=\"fi_FI\" \/>\n<meta property=\"og:type\" content=\"article\" \/>\n<meta property=\"og:title\" content=\"Ev\u00e4stek\u00e4yt\u00e4nt\u00f6 - Heimstaden\" \/>\n<meta property=\"og:description\" content=\"Heimstaden anv\u00e4nder cookies f\u00f6r att unders\u00f6ka hur du som bes\u00f6kare anv\u00e4nder v\u00e5r webbplats och f\u00f6r att f\u00f6rb\u00e4ttra din upplevelse. L\u00e4s mer i v\u00e5r cookiepolicy.\" \/>\n<meta property=\"og:url\" content=\"https:\/\/heimstaden.com\/fi\/evastekaytanto\/\" \/>\n<meta property=\"og:site_name\" content=\"Heimstaden\" \/>\n<meta property=\"article:modified_time\" content=\"2025-02-04T11:43:13+00:00\" \/>\n<meta name=\"twitter:card\" content=\"summary_large_image\" \/>\n<meta name=\"twitter:label1\" content=\"Est. reading time\" \/>\n\t<meta name=\"twitter:data1\" content=\"5 minuuttia\" \/>\n<script type=\"application\/ld+json\" class=\"yoast-schema-graph\">{\"@context\":\"https:\/\/schema.org\",\"@graph\":[{\"@type\":\"WebPage\",\"@id\":\"https:\/\/heimstaden.com\/fi\/evastekaytanto\/\",\"url\":\"https:\/\/heimstaden.com\/fi\/evastekaytanto\/\",\"name\":\"Ev\u00e4stek\u00e4yt\u00e4nt\u00f6 - Heimstaden\",\"isPartOf\":{\"@id\":\"https:\/\/heimstaden.com\/fi\/#website\"},\"datePublished\":\"2022-08-22T10:28:17+00:00\",\"dateModified\":\"2025-02-04T11:43:13+00:00\",\"description\":\"Heimstaden anv\u00e4nder cookies f\u00f6r att unders\u00f6ka hur du som bes\u00f6kare anv\u00e4nder v\u00e5r webbplats och f\u00f6r att f\u00f6rb\u00e4ttra din upplevelse. L\u00e4s mer i v\u00e5r cookiepolicy.\",\"inLanguage\":\"fi\",\"potentialAction\":[{\"@type\":\"ReadAction\",\"target\":[\"https:\/\/heimstaden.com\/fi\/evastekaytanto\/\"]}]},{\"@type\":\"WebSite\",\"@id\":\"https:\/\/heimstaden.com\/fi\/#website\",\"url\":\"https:\/\/heimstaden.com\/fi\/\",\"name\":\"Heimstaden\",\"description\":\"Tervetuloa Heimstadenille\",\"publisher\":{\"@id\":\"https:\/\/heimstaden.com\/fi\/#organization\"},\"potentialAction\":[{\"@type\":\"SearchAction\",\"target\":{\"@type\":\"EntryPoint\",\"urlTemplate\":\"https:\/\/heimstaden.com\/fi\/?s={search_term_string}\"},\"query-input\":{\"@type\":\"PropertyValueSpecification\",\"valueRequired\":true,\"valueName\":\"search_term_string\"}}],\"inLanguage\":\"fi\"},{\"@type\":\"Organization\",\"@id\":\"https:\/\/heimstaden.com\/fi\/#organization\",\"name\":\"Heimstaden Finland\",\"url\":\"https:\/\/heimstaden.com\/fi\/\",\"logo\":{\"@type\":\"ImageObject\",\"inLanguage\":\"fi\",\"@id\":\"https:\/\/heimstaden.com\/fi\/#\/schema\/logo\/image\/\",\"url\":\"https:\/\/heimstaden.com\/app\/uploads\/sites\/9\/2018\/01\/Heimstaden_logo.png\",\"contentUrl\":\"https:\/\/heimstaden.com\/app\/uploads\/sites\/9\/2018\/01\/Heimstaden_logo.png\",\"width\":1476,\"height\":214,\"caption\":\"Heimstaden Finland\"},\"image\":{\"@id\":\"https:\/\/heimstaden.com\/fi\/#\/schema\/logo\/image\/\"}}]}<\/script>\n<!-- \/ Yoast SEO plugin. -->","yoast_head_json":{"title":"Ev\u00e4stek\u00e4yt\u00e4nt\u00f6 - Heimstaden","description":"Heimstaden anv\u00e4nder cookies f\u00f6r att unders\u00f6ka hur du som bes\u00f6kare anv\u00e4nder v\u00e5r webbplats och f\u00f6r att f\u00f6rb\u00e4ttra din upplevelse. L\u00e4s mer i v\u00e5r cookiepolicy.","robots":{"index":"index","follow":"follow","max-snippet":"max-snippet:-1","max-image-preview":"max-image-preview:large","max-video-preview":"max-video-preview:-1"},"canonical":"https:\/\/heimstaden.com\/fi\/evastekaytanto\/","og_locale":"fi_FI","og_type":"article","og_title":"Ev\u00e4stek\u00e4yt\u00e4nt\u00f6 - Heimstaden","og_description":"Heimstaden anv\u00e4nder cookies f\u00f6r att unders\u00f6ka hur du som bes\u00f6kare anv\u00e4nder v\u00e5r webbplats och f\u00f6r att f\u00f6rb\u00e4ttra din upplevelse. L\u00e4s mer i v\u00e5r cookiepolicy.","og_url":"https:\/\/heimstaden.com\/fi\/evastekaytanto\/","og_site_name":"Heimstaden","article_modified_time":"2025-02-04T11:43:13+00:00","twitter_card":"summary_large_image","twitter_misc":{"Est. reading time":"5 minuuttia"},"schema":{"@context":"https:\/\/schema.org","@graph":[{"@type":"WebPage","@id":"https:\/\/heimstaden.com\/fi\/evastekaytanto\/","url":"https:\/\/heimstaden.com\/fi\/evastekaytanto\/","name":"Ev\u00e4stek\u00e4yt\u00e4nt\u00f6 - Heimstaden","isPartOf":{"@id":"https:\/\/heimstaden.com\/fi\/#website"},"datePublished":"2022-08-22T10:28:17+00:00","dateModified":"2025-02-04T11:43:13+00:00","description":"Heimstaden anv\u00e4nder cookies f\u00f6r att unders\u00f6ka hur du som bes\u00f6kare anv\u00e4nder v\u00e5r webbplats och f\u00f6r att f\u00f6rb\u00e4ttra din upplevelse. L\u00e4s mer i v\u00e5r cookiepolicy.","inLanguage":"fi","potentialAction":[{"@type":"ReadAction","target":["https:\/\/heimstaden.com\/fi\/evastekaytanto\/"]}]},{"@type":"WebSite","@id":"https:\/\/heimstaden.com\/fi\/#website","url":"https:\/\/heimstaden.com\/fi\/","name":"Heimstaden","description":"Tervetuloa Heimstadenille","publisher":{"@id":"https:\/\/heimstaden.com\/fi\/#organization"},"potentialAction":[{"@type":"SearchAction","target":{"@type":"EntryPoint","urlTemplate":"https:\/\/heimstaden.com\/fi\/?s={search_term_string}"},"query-input":{"@type":"PropertyValueSpecification","valueRequired":true,"valueName":"search_term_string"}}],"inLanguage":"fi"},{"@type":"Organization","@id":"https:\/\/heimstaden.com\/fi\/#organization","name":"Heimstaden Finland","url":"https:\/\/heimstaden.com\/fi\/","logo":{"@type":"ImageObject","inLanguage":"fi","@id":"https:\/\/heimstaden.com\/fi\/#\/schema\/logo\/image\/","url":"https:\/\/heimstaden.com\/app\/uploads\/sites\/9\/2018\/01\/Heimstaden_logo.png","contentUrl":"https:\/\/heimstaden.com\/app\/uploads\/sites\/9\/2018\/01\/Heimstaden_logo.png","width":1476,"height":214,"caption":"Heimstaden Finland"},"image":{"@id":"https:\/\/heimstaden.com\/fi\/#\/schema\/logo\/image\/"}}]}},"_links":{"self":[{"href":"https:\/\/heimstaden.com\/fi\/wp-json\/wp\/v2\/pages\/17189","targetHints":{"allow":["GET"]}}],"collection":[{"href":"https:\/\/heimstaden.com\/fi\/wp-json\/wp\/v2\/pages"}],"about":[{"href":"https:\/\/heimstaden.com\/fi\/wp-json\/wp\/v2\/types\/page"}],"author":[{"embeddable":true,"href":"https:\/\/heimstaden.com\/fi\/wp-json\/wp\/v2\/users\/89"}],"replies":[{"embeddable":true,"href":"https:\/\/heimstaden.com\/fi\/wp-json\/wp\/v2\/comments?post=17189"}],"version-history":[{"count":11,"href":"https:\/\/heimstaden.com\/fi\/wp-json\/wp\/v2\/pages\/17189\/revisions"}],"predecessor-version":[{"id":29916,"href":"https:\/\/heimstaden.com\/fi\/wp-json\/wp\/v2\/pages\/17189\/revisions\/29916"}],"wp:attachment":[{"href":"https:\/\/heimstaden.com\/fi\/wp-json\/wp\/v2\/media?parent=17189"}],"curies":[{"name":"wp","href":"https:\/\/api.w.org\/{rel}","templated":true}]}}