{"id":17138,"date":"2021-02-22T12:31:29","date_gmt":"2021-02-22T10:31:29","guid":{"rendered":"https:\/\/heimstaden.com\/se\/?page_id=17138"},"modified":"2025-02-05T14:39:24","modified_gmt":"2025-02-05T12:39:24","slug":"tietosuojakaytanto","status":"publish","type":"page","link":"https:\/\/heimstaden.com\/fi\/tietosuojakaytanto\/","title":{"rendered":"Heimstadenin tietosuojak\u00e4yt\u00e4nt\u00f6"},"content":{"rendered":"","protected":false},"excerpt":{"rendered":"","protected":false},"author":47,"featured_media":0,"parent":0,"menu_order":0,"comment_status":"closed","ping_status":"closed","template":"","meta":{"_acf_changed":false,"_relevanssi_hide_post":"","_relevanssi_hide_content":"","_relevanssi_pin_for_all":"","_relevanssi_pin_keywords":"","_relevanssi_unpin_keywords":"","_relevanssi_related_keywords":"","_relevanssi_related_include_ids":"","_relevanssi_related_exclude_ids":"","_relevanssi_related_no_append":"","_relevanssi_related_not_related":"","_relevanssi_related_posts":"","_relevanssi_noindex_reason":"","footnotes":""},"class_list":["post-17138","page","type-page","status-publish","hentry"],"acf":[],"yoast_head":"<!-- This site is optimized with the Yoast SEO plugin v26.3 - https:\/\/yoast.com\/wordpress\/plugins\/seo\/ -->\n<title>Heimstadenin tietosuojak\u00e4yt\u00e4nt\u00f6 - Heimstaden<\/title>\n<meta name=\"description\" content=\"T\u00e4m\u00e4 tietosuojak\u00e4yt\u00e4nt\u00f6 sis\u00e4lt\u00e4\u00e4 kaikki tarvittavat tiedot siit\u00e4, miten Heimstaden ker\u00e4\u00e4, k\u00e4sittelee, jakaa ja s\u00e4ilytt\u00e4\u00e4 sellaisia henkil\u00f6tietojasi, jotka liittyv\u00e4t suhteeseesi Heimstadeniin roolissasi.\" \/>\n<meta name=\"robots\" content=\"index, follow, max-snippet:-1, max-image-preview:large, max-video-preview:-1\" \/>\n<link rel=\"canonical\" href=\"https:\/\/heimstaden.com\/fi\/tietosuojakaytanto\/\" \/>\n<meta property=\"og:locale\" content=\"fi_FI\" \/>\n<meta property=\"og:type\" content=\"article\" \/>\n<meta property=\"og:title\" content=\"Heimstadenin tietosuojak\u00e4yt\u00e4nt\u00f6 - Heimstaden\" \/>\n<meta property=\"og:description\" content=\"T\u00e4m\u00e4 tietosuojak\u00e4yt\u00e4nt\u00f6 sis\u00e4lt\u00e4\u00e4 kaikki tarvittavat tiedot siit\u00e4, miten Heimstaden ker\u00e4\u00e4, k\u00e4sittelee, jakaa ja s\u00e4ilytt\u00e4\u00e4 sellaisia henkil\u00f6tietojasi, jotka liittyv\u00e4t suhteeseesi Heimstadeniin roolissasi.\" \/>\n<meta property=\"og:url\" content=\"https:\/\/heimstaden.com\/fi\/tietosuojakaytanto\/\" \/>\n<meta property=\"og:site_name\" content=\"Heimstaden\" \/>\n<meta property=\"article:modified_time\" content=\"2025-02-05T12:39:24+00:00\" \/>\n<meta name=\"twitter:card\" content=\"summary_large_image\" \/>\n<meta name=\"twitter:label1\" content=\"Est. reading time\" \/>\n\t<meta name=\"twitter:data1\" content=\"13 minuuttia\" \/>\n<script type=\"application\/ld+json\" class=\"yoast-schema-graph\">{\"@context\":\"https:\/\/schema.org\",\"@graph\":[{\"@type\":\"WebPage\",\"@id\":\"https:\/\/heimstaden.com\/fi\/tietosuojakaytanto\/\",\"url\":\"https:\/\/heimstaden.com\/fi\/tietosuojakaytanto\/\",\"name\":\"Heimstadenin tietosuojak\u00e4yt\u00e4nt\u00f6 - Heimstaden\",\"isPartOf\":{\"@id\":\"https:\/\/heimstaden.com\/fi\/#website\"},\"datePublished\":\"2021-02-22T10:31:29+00:00\",\"dateModified\":\"2025-02-05T12:39:24+00:00\",\"description\":\"T\u00e4m\u00e4 tietosuojak\u00e4yt\u00e4nt\u00f6 sis\u00e4lt\u00e4\u00e4 kaikki tarvittavat tiedot siit\u00e4, miten Heimstaden ker\u00e4\u00e4, k\u00e4sittelee, jakaa ja s\u00e4ilytt\u00e4\u00e4 sellaisia henkil\u00f6tietojasi, jotka liittyv\u00e4t suhteeseesi Heimstadeniin roolissasi.\",\"inLanguage\":\"fi\",\"potentialAction\":[{\"@type\":\"ReadAction\",\"target\":[\"https:\/\/heimstaden.com\/fi\/tietosuojakaytanto\/\"]}]},{\"@type\":\"WebSite\",\"@id\":\"https:\/\/heimstaden.com\/fi\/#website\",\"url\":\"https:\/\/heimstaden.com\/fi\/\",\"name\":\"Heimstaden\",\"description\":\"Tervetuloa Heimstadenille\",\"publisher\":{\"@id\":\"https:\/\/heimstaden.com\/fi\/#organization\"},\"potentialAction\":[{\"@type\":\"SearchAction\",\"target\":{\"@type\":\"EntryPoint\",\"urlTemplate\":\"https:\/\/heimstaden.com\/fi\/?s={search_term_string}\"},\"query-input\":{\"@type\":\"PropertyValueSpecification\",\"valueRequired\":true,\"valueName\":\"search_term_string\"}}],\"inLanguage\":\"fi\"},{\"@type\":\"Organization\",\"@id\":\"https:\/\/heimstaden.com\/fi\/#organization\",\"name\":\"Heimstaden Finland\",\"url\":\"https:\/\/heimstaden.com\/fi\/\",\"logo\":{\"@type\":\"ImageObject\",\"inLanguage\":\"fi\",\"@id\":\"https:\/\/heimstaden.com\/fi\/#\/schema\/logo\/image\/\",\"url\":\"https:\/\/heimstaden.com\/app\/uploads\/sites\/9\/2018\/01\/Heimstaden_logo.png\",\"contentUrl\":\"https:\/\/heimstaden.com\/app\/uploads\/sites\/9\/2018\/01\/Heimstaden_logo.png\",\"width\":1476,\"height\":214,\"caption\":\"Heimstaden Finland\"},\"image\":{\"@id\":\"https:\/\/heimstaden.com\/fi\/#\/schema\/logo\/image\/\"}}]}<\/script>\n<!-- \/ Yoast SEO plugin. -->","yoast_head_json":{"title":"Heimstadenin tietosuojak\u00e4yt\u00e4nt\u00f6 - Heimstaden","description":"T\u00e4m\u00e4 tietosuojak\u00e4yt\u00e4nt\u00f6 sis\u00e4lt\u00e4\u00e4 kaikki tarvittavat tiedot siit\u00e4, miten Heimstaden ker\u00e4\u00e4, k\u00e4sittelee, jakaa ja s\u00e4ilytt\u00e4\u00e4 sellaisia henkil\u00f6tietojasi, jotka liittyv\u00e4t suhteeseesi Heimstadeniin roolissasi.","robots":{"index":"index","follow":"follow","max-snippet":"max-snippet:-1","max-image-preview":"max-image-preview:large","max-video-preview":"max-video-preview:-1"},"canonical":"https:\/\/heimstaden.com\/fi\/tietosuojakaytanto\/","og_locale":"fi_FI","og_type":"article","og_title":"Heimstadenin tietosuojak\u00e4yt\u00e4nt\u00f6 - Heimstaden","og_description":"T\u00e4m\u00e4 tietosuojak\u00e4yt\u00e4nt\u00f6 sis\u00e4lt\u00e4\u00e4 kaikki tarvittavat tiedot siit\u00e4, miten Heimstaden ker\u00e4\u00e4, k\u00e4sittelee, jakaa ja s\u00e4ilytt\u00e4\u00e4 sellaisia henkil\u00f6tietojasi, jotka liittyv\u00e4t suhteeseesi Heimstadeniin roolissasi.","og_url":"https:\/\/heimstaden.com\/fi\/tietosuojakaytanto\/","og_site_name":"Heimstaden","article_modified_time":"2025-02-05T12:39:24+00:00","twitter_card":"summary_large_image","twitter_misc":{"Est. reading time":"13 minuuttia"},"schema":{"@context":"https:\/\/schema.org","@graph":[{"@type":"WebPage","@id":"https:\/\/heimstaden.com\/fi\/tietosuojakaytanto\/","url":"https:\/\/heimstaden.com\/fi\/tietosuojakaytanto\/","name":"Heimstadenin tietosuojak\u00e4yt\u00e4nt\u00f6 - Heimstaden","isPartOf":{"@id":"https:\/\/heimstaden.com\/fi\/#website"},"datePublished":"2021-02-22T10:31:29+00:00","dateModified":"2025-02-05T12:39:24+00:00","description":"T\u00e4m\u00e4 tietosuojak\u00e4yt\u00e4nt\u00f6 sis\u00e4lt\u00e4\u00e4 kaikki tarvittavat tiedot siit\u00e4, miten Heimstaden ker\u00e4\u00e4, k\u00e4sittelee, jakaa ja s\u00e4ilytt\u00e4\u00e4 sellaisia henkil\u00f6tietojasi, jotka liittyv\u00e4t suhteeseesi Heimstadeniin roolissasi.","inLanguage":"fi","potentialAction":[{"@type":"ReadAction","target":["https:\/\/heimstaden.com\/fi\/tietosuojakaytanto\/"]}]},{"@type":"WebSite","@id":"https:\/\/heimstaden.com\/fi\/#website","url":"https:\/\/heimstaden.com\/fi\/","name":"Heimstaden","description":"Tervetuloa Heimstadenille","publisher":{"@id":"https:\/\/heimstaden.com\/fi\/#organization"},"potentialAction":[{"@type":"SearchAction","target":{"@type":"EntryPoint","urlTemplate":"https:\/\/heimstaden.com\/fi\/?s={search_term_string}"},"query-input":{"@type":"PropertyValueSpecification","valueRequired":true,"valueName":"search_term_string"}}],"inLanguage":"fi"},{"@type":"Organization","@id":"https:\/\/heimstaden.com\/fi\/#organization","name":"Heimstaden Finland","url":"https:\/\/heimstaden.com\/fi\/","logo":{"@type":"ImageObject","inLanguage":"fi","@id":"https:\/\/heimstaden.com\/fi\/#\/schema\/logo\/image\/","url":"https:\/\/heimstaden.com\/app\/uploads\/sites\/9\/2018\/01\/Heimstaden_logo.png","contentUrl":"https:\/\/heimstaden.com\/app\/uploads\/sites\/9\/2018\/01\/Heimstaden_logo.png","width":1476,"height":214,"caption":"Heimstaden Finland"},"image":{"@id":"https:\/\/heimstaden.com\/fi\/#\/schema\/logo\/image\/"}}]}},"_links":{"self":[{"href":"https:\/\/heimstaden.com\/fi\/wp-json\/wp\/v2\/pages\/17138","targetHints":{"allow":["GET"]}}],"collection":[{"href":"https:\/\/heimstaden.com\/fi\/wp-json\/wp\/v2\/pages"}],"about":[{"href":"https:\/\/heimstaden.com\/fi\/wp-json\/wp\/v2\/types\/page"}],"author":[{"embeddable":true,"href":"https:\/\/heimstaden.com\/fi\/wp-json\/wp\/v2\/users\/47"}],"replies":[{"embeddable":true,"href":"https:\/\/heimstaden.com\/fi\/wp-json\/wp\/v2\/comments?post=17138"}],"version-history":[{"count":12,"href":"https:\/\/heimstaden.com\/fi\/wp-json\/wp\/v2\/pages\/17138\/revisions"}],"predecessor-version":[{"id":29919,"href":"https:\/\/heimstaden.com\/fi\/wp-json\/wp\/v2\/pages\/17138\/revisions\/29919"}],"wp:attachment":[{"href":"https:\/\/heimstaden.com\/fi\/wp-json\/wp\/v2\/media?parent=17138"}],"curies":[{"name":"wp","href":"https:\/\/api.w.org\/{rel}","templated":true}]}}