{"id":8457,"date":"2021-04-26T16:35:04","date_gmt":"2021-04-26T14:35:04","guid":{"rendered":"https:\/\/heimstaden.com\/de\/?page_id=8457"},"modified":"2024-02-26T11:28:47","modified_gmt":"2024-02-26T10:28:47","slug":"vielfalt","status":"publish","type":"page","link":"https:\/\/heimstaden.com\/de\/uber-uns\/vielfalt\/","title":{"rendered":"Vielfalt"},"content":{"rendered":"","protected":false},"excerpt":{"rendered":"","protected":false},"author":67,"featured_media":19180,"parent":161,"menu_order":0,"comment_status":"closed","ping_status":"closed","template":"","meta":{"_acf_changed":false,"_relevanssi_hide_post":"","_relevanssi_hide_content":"","_relevanssi_pin_for_all":"","_relevanssi_pin_keywords":"","_relevanssi_unpin_keywords":"","_relevanssi_related_keywords":"","_relevanssi_related_include_ids":"","_relevanssi_related_exclude_ids":"","_relevanssi_related_no_append":"","_relevanssi_related_not_related":"","_relevanssi_related_posts":"","_relevanssi_noindex_reason":"","footnotes":""},"class_list":["post-8457","page","type-page","status-publish","has-post-thumbnail","hentry"],"acf":[],"yoast_head":"<!-- This site is optimized with the Yoast SEO plugin v26.3 - https:\/\/yoast.com\/wordpress\/plugins\/seo\/ -->\n<title>Vielfalt und Diversit\u00e4t im Unternehmen - Heimstaden<\/title>\n<meta name=\"description\" content=\"Raum f\u00fcr mehr Miteinander und ein echtes Gef\u00fchl von Zugeh\u00f6rigkeit. Wir glauben an Vielfalt und Diversit\u00e4t im Unternehmen und setzen uns daf\u00fcr ein.\" \/>\n<meta name=\"robots\" content=\"index, follow, max-snippet:-1, max-image-preview:large, max-video-preview:-1\" \/>\n<link rel=\"canonical\" href=\"https:\/\/heimstaden.com\/de\/uber-uns\/vielfalt\/\" \/>\n<meta property=\"og:locale\" content=\"de_DE\" \/>\n<meta property=\"og:type\" content=\"article\" \/>\n<meta property=\"og:title\" content=\"Vielfalt und Diversit\u00e4t im Unternehmen - Heimstaden\" \/>\n<meta property=\"og:description\" content=\"Raum f\u00fcr mehr Miteinander und ein echtes Gef\u00fchl von Zugeh\u00f6rigkeit. Wir glauben an Vielfalt und Diversit\u00e4t im Unternehmen und setzen uns daf\u00fcr ein.\" \/>\n<meta property=\"og:url\" content=\"https:\/\/heimstaden.com\/de\/uber-uns\/vielfalt\/\" \/>\n<meta property=\"og:site_name\" content=\"Heimstaden\" \/>\n<meta property=\"article:modified_time\" content=\"2024-02-26T10:28:47+00:00\" \/>\n<meta property=\"og:image\" content=\"https:\/\/heimstaden.com\/de\/app\/uploads\/sites\/5\/2021\/05\/SocialMedia_Link_Vielfalt.png\" \/>\n\t<meta property=\"og:image:width\" content=\"1200\" \/>\n\t<meta property=\"og:image:height\" content=\"630\" \/>\n\t<meta property=\"og:image:type\" content=\"image\/png\" \/>\n<meta name=\"twitter:card\" content=\"summary_large_image\" \/>\n<script type=\"application\/ld+json\" class=\"yoast-schema-graph\">{\"@context\":\"https:\/\/schema.org\",\"@graph\":[{\"@type\":\"WebPage\",\"@id\":\"https:\/\/heimstaden.com\/de\/uber-uns\/vielfalt\/\",\"url\":\"https:\/\/heimstaden.com\/de\/uber-uns\/vielfalt\/\",\"name\":\"Vielfalt und Diversit\u00e4t im Unternehmen - Heimstaden\",\"isPartOf\":{\"@id\":\"https:\/\/heimstaden.com\/de\/#website\"},\"primaryImageOfPage\":{\"@id\":\"https:\/\/heimstaden.com\/de\/uber-uns\/vielfalt\/#primaryimage\"},\"image\":{\"@id\":\"https:\/\/heimstaden.com\/de\/uber-uns\/vielfalt\/#primaryimage\"},\"thumbnailUrl\":\"https:\/\/heimstaden.com\/de\/app\/uploads\/sites\/5\/2024\/02\/Employees-at-work-5106.jpg\",\"datePublished\":\"2021-04-26T14:35:04+00:00\",\"dateModified\":\"2024-02-26T10:28:47+00:00\",\"description\":\"Raum f\u00fcr mehr Miteinander und ein echtes Gef\u00fchl von Zugeh\u00f6rigkeit. Wir glauben an Vielfalt und Diversit\u00e4t im Unternehmen und setzen uns daf\u00fcr ein.\",\"breadcrumb\":{\"@id\":\"https:\/\/heimstaden.com\/de\/uber-uns\/vielfalt\/#breadcrumb\"},\"inLanguage\":\"de\",\"potentialAction\":[{\"@type\":\"ReadAction\",\"target\":[\"https:\/\/heimstaden.com\/de\/uber-uns\/vielfalt\/\"]}]},{\"@type\":\"ImageObject\",\"inLanguage\":\"de\",\"@id\":\"https:\/\/heimstaden.com\/de\/uber-uns\/vielfalt\/#primaryimage\",\"url\":\"https:\/\/heimstaden.com\/de\/app\/uploads\/sites\/5\/2024\/02\/Employees-at-work-5106.jpg\",\"contentUrl\":\"https:\/\/heimstaden.com\/de\/app\/uploads\/sites\/5\/2024\/02\/Employees-at-work-5106.jpg\",\"width\":7828,\"height\":5219,\"caption\":\"Employees at work\"},{\"@type\":\"BreadcrumbList\",\"@id\":\"https:\/\/heimstaden.com\/de\/uber-uns\/vielfalt\/#breadcrumb\",\"itemListElement\":[{\"@type\":\"ListItem\",\"position\":1,\"name\":\"Home\",\"item\":\"https:\/\/heimstaden.com\/de\/\"},{\"@type\":\"ListItem\",\"position\":2,\"name\":\"\u00dcber Uns\",\"item\":\"https:\/\/heimstaden.com\/de\/uber-uns\/\"},{\"@type\":\"ListItem\",\"position\":3,\"name\":\"Vielfalt\"}]},{\"@type\":\"WebSite\",\"@id\":\"https:\/\/heimstaden.com\/de\/#website\",\"url\":\"https:\/\/heimstaden.com\/de\/\",\"name\":\"Heimstaden\",\"description\":\"\",\"potentialAction\":[{\"@type\":\"SearchAction\",\"target\":{\"@type\":\"EntryPoint\",\"urlTemplate\":\"https:\/\/heimstaden.com\/de\/?s={search_term_string}\"},\"query-input\":{\"@type\":\"PropertyValueSpecification\",\"valueRequired\":true,\"valueName\":\"search_term_string\"}}],\"inLanguage\":\"de\"}]}<\/script>\n<!-- \/ Yoast SEO plugin. -->","yoast_head_json":{"title":"Vielfalt und Diversit\u00e4t im Unternehmen - Heimstaden","description":"Raum f\u00fcr mehr Miteinander und ein echtes Gef\u00fchl von Zugeh\u00f6rigkeit. Wir glauben an Vielfalt und Diversit\u00e4t im Unternehmen und setzen uns daf\u00fcr ein.","robots":{"index":"index","follow":"follow","max-snippet":"max-snippet:-1","max-image-preview":"max-image-preview:large","max-video-preview":"max-video-preview:-1"},"canonical":"https:\/\/heimstaden.com\/de\/uber-uns\/vielfalt\/","og_locale":"de_DE","og_type":"article","og_title":"Vielfalt und Diversit\u00e4t im Unternehmen - Heimstaden","og_description":"Raum f\u00fcr mehr Miteinander und ein echtes Gef\u00fchl von Zugeh\u00f6rigkeit. Wir glauben an Vielfalt und Diversit\u00e4t im Unternehmen und setzen uns daf\u00fcr ein.","og_url":"https:\/\/heimstaden.com\/de\/uber-uns\/vielfalt\/","og_site_name":"Heimstaden","article_modified_time":"2024-02-26T10:28:47+00:00","og_image":[{"width":1200,"height":630,"url":"https:\/\/heimstaden.com\/de\/app\/uploads\/sites\/5\/2021\/05\/SocialMedia_Link_Vielfalt.png","type":"image\/png"}],"twitter_card":"summary_large_image","schema":{"@context":"https:\/\/schema.org","@graph":[{"@type":"WebPage","@id":"https:\/\/heimstaden.com\/de\/uber-uns\/vielfalt\/","url":"https:\/\/heimstaden.com\/de\/uber-uns\/vielfalt\/","name":"Vielfalt und Diversit\u00e4t im Unternehmen - Heimstaden","isPartOf":{"@id":"https:\/\/heimstaden.com\/de\/#website"},"primaryImageOfPage":{"@id":"https:\/\/heimstaden.com\/de\/uber-uns\/vielfalt\/#primaryimage"},"image":{"@id":"https:\/\/heimstaden.com\/de\/uber-uns\/vielfalt\/#primaryimage"},"thumbnailUrl":"https:\/\/heimstaden.com\/de\/app\/uploads\/sites\/5\/2024\/02\/Employees-at-work-5106.jpg","datePublished":"2021-04-26T14:35:04+00:00","dateModified":"2024-02-26T10:28:47+00:00","description":"Raum f\u00fcr mehr Miteinander und ein echtes Gef\u00fchl von Zugeh\u00f6rigkeit. Wir glauben an Vielfalt und Diversit\u00e4t im Unternehmen und setzen uns daf\u00fcr ein.","breadcrumb":{"@id":"https:\/\/heimstaden.com\/de\/uber-uns\/vielfalt\/#breadcrumb"},"inLanguage":"de","potentialAction":[{"@type":"ReadAction","target":["https:\/\/heimstaden.com\/de\/uber-uns\/vielfalt\/"]}]},{"@type":"ImageObject","inLanguage":"de","@id":"https:\/\/heimstaden.com\/de\/uber-uns\/vielfalt\/#primaryimage","url":"https:\/\/heimstaden.com\/de\/app\/uploads\/sites\/5\/2024\/02\/Employees-at-work-5106.jpg","contentUrl":"https:\/\/heimstaden.com\/de\/app\/uploads\/sites\/5\/2024\/02\/Employees-at-work-5106.jpg","width":7828,"height":5219,"caption":"Employees at work"},{"@type":"BreadcrumbList","@id":"https:\/\/heimstaden.com\/de\/uber-uns\/vielfalt\/#breadcrumb","itemListElement":[{"@type":"ListItem","position":1,"name":"Home","item":"https:\/\/heimstaden.com\/de\/"},{"@type":"ListItem","position":2,"name":"\u00dcber Uns","item":"https:\/\/heimstaden.com\/de\/uber-uns\/"},{"@type":"ListItem","position":3,"name":"Vielfalt"}]},{"@type":"WebSite","@id":"https:\/\/heimstaden.com\/de\/#website","url":"https:\/\/heimstaden.com\/de\/","name":"Heimstaden","description":"","potentialAction":[{"@type":"SearchAction","target":{"@type":"EntryPoint","urlTemplate":"https:\/\/heimstaden.com\/de\/?s={search_term_string}"},"query-input":{"@type":"PropertyValueSpecification","valueRequired":true,"valueName":"search_term_string"}}],"inLanguage":"de"}]}},"_links":{"self":[{"href":"https:\/\/heimstaden.com\/de\/wp-json\/wp\/v2\/pages\/8457","targetHints":{"allow":["GET"]}}],"collection":[{"href":"https:\/\/heimstaden.com\/de\/wp-json\/wp\/v2\/pages"}],"about":[{"href":"https:\/\/heimstaden.com\/de\/wp-json\/wp\/v2\/types\/page"}],"author":[{"embeddable":true,"href":"https:\/\/heimstaden.com\/de\/wp-json\/wp\/v2\/users\/67"}],"replies":[{"embeddable":true,"href":"https:\/\/heimstaden.com\/de\/wp-json\/wp\/v2\/comments?post=8457"}],"version-history":[{"count":12,"href":"https:\/\/heimstaden.com\/de\/wp-json\/wp\/v2\/pages\/8457\/revisions"}],"predecessor-version":[{"id":19468,"href":"https:\/\/heimstaden.com\/de\/wp-json\/wp\/v2\/pages\/8457\/revisions\/19468"}],"up":[{"embeddable":true,"href":"https:\/\/heimstaden.com\/de\/wp-json\/wp\/v2\/pages\/161"}],"wp:featuredmedia":[{"embeddable":true,"href":"https:\/\/heimstaden.com\/de\/wp-json\/wp\/v2\/media\/19180"}],"wp:attachment":[{"href":"https:\/\/heimstaden.com\/de\/wp-json\/wp\/v2\/media?parent=8457"}],"curies":[{"name":"wp","href":"https:\/\/api.w.org\/{rel}","templated":true}]}}