{"id":7973,"date":"2021-02-05T08:58:37","date_gmt":"2021-02-05T07:58:37","guid":{"rendered":"https:\/\/heimstaden.com\/de\/?page_id=7973"},"modified":"2022-07-21T14:51:29","modified_gmt":"2022-07-21T12:51:29","slug":"mobelspenden","status":"publish","type":"page","link":"https:\/\/heimstaden.com\/de\/mobelspenden\/","title":{"rendered":"M\u00f6belspende"},"content":{"rendered":"","protected":false},"excerpt":{"rendered":"","protected":false},"author":46,"featured_media":7968,"parent":0,"menu_order":0,"comment_status":"closed","ping_status":"closed","template":"","meta":{"_acf_changed":false,"_relevanssi_hide_post":"","_relevanssi_hide_content":"","_relevanssi_pin_for_all":"","_relevanssi_pin_keywords":"","_relevanssi_unpin_keywords":"","_relevanssi_related_keywords":"","_relevanssi_related_include_ids":"","_relevanssi_related_exclude_ids":"","_relevanssi_related_no_append":"","_relevanssi_related_not_related":"","_relevanssi_related_posts":"","_relevanssi_noindex_reason":"","footnotes":""},"class_list":["post-7973","page","type-page","status-publish","has-post-thumbnail","hentry"],"acf":[],"yoast_head":"<!-- This site is optimized with the Yoast SEO plugin v26.3 - https:\/\/yoast.com\/wordpress\/plugins\/seo\/ -->\n<title>M\u00f6belspende - Heimstaden<\/title>\n<meta name=\"description\" content=\"Aktuelles - M\u00f6belspende f\u00fcr einen guten Zweck: Heimstaden spendet M\u00f6bel aus vormals m\u00f6blierten Wohnungen. Wir engagieren uns.\" \/>\n<meta name=\"robots\" content=\"index, follow, max-snippet:-1, max-image-preview:large, max-video-preview:-1\" \/>\n<link rel=\"canonical\" href=\"https:\/\/heimstaden.com\/de\/mobelspenden\/\" \/>\n<meta property=\"og:locale\" content=\"de_DE\" \/>\n<meta property=\"og:type\" content=\"article\" \/>\n<meta property=\"og:title\" content=\"M\u00f6belspende f\u00fcr Kinder- und Jugendhilfe\" \/>\n<meta property=\"og:description\" content=\"M\u00f6belspende f\u00fcr einen guten Zweck: Heimstaden spendet M\u00f6bel aus vormals m\u00f6blierten Wohnungen. Eine erste M\u00f6belspende wurde bereits an die Kinder- und Jugendhilfe-Verbund Ost\/KJSH-Stiftung \u00fcbergeben. Es handelt sich um Mobiliar aus mehr als zehn Wohnungen, das der gemeinn\u00fctzige Tr\u00e4ger der freien Jugendhilfe in Berlin und Brandenburg im Januar von Heimstaden entgegennahm. Weitere M\u00f6belspenden, auch an andere soziale Einrichtungen, werden folgen.\" \/>\n<meta property=\"og:url\" content=\"https:\/\/heimstaden.com\/de\/mobelspenden\/\" \/>\n<meta property=\"og:site_name\" content=\"Heimstaden\" \/>\n<meta property=\"article:modified_time\" content=\"2022-07-21T12:51:29+00:00\" \/>\n<meta property=\"og:image\" content=\"https:\/\/heimstaden.com\/de\/app\/uploads\/sites\/5\/2021\/02\/Moebelspende_Heimstaden_-2143.jpg\" \/>\n\t<meta property=\"og:image:width\" content=\"1800\" \/>\n\t<meta property=\"og:image:height\" content=\"1200\" \/>\n\t<meta property=\"og:image:type\" content=\"image\/jpeg\" \/>\n<meta name=\"twitter:card\" content=\"summary_large_image\" \/>\n<script type=\"application\/ld+json\" class=\"yoast-schema-graph\">{\"@context\":\"https:\/\/schema.org\",\"@graph\":[{\"@type\":\"WebPage\",\"@id\":\"https:\/\/heimstaden.com\/de\/mobelspenden\/\",\"url\":\"https:\/\/heimstaden.com\/de\/mobelspenden\/\",\"name\":\"M\u00f6belspende - Heimstaden\",\"isPartOf\":{\"@id\":\"https:\/\/heimstaden.com\/de\/#website\"},\"primaryImageOfPage\":{\"@id\":\"https:\/\/heimstaden.com\/de\/mobelspenden\/#primaryimage\"},\"image\":{\"@id\":\"https:\/\/heimstaden.com\/de\/mobelspenden\/#primaryimage\"},\"thumbnailUrl\":\"https:\/\/heimstaden.com\/de\/app\/uploads\/sites\/5\/2021\/02\/2021_Pressefoto_Moebelspende_Fotorechte_Heimstaden-TinaMerkau-e1612521886808.jpg\",\"datePublished\":\"2021-02-05T07:58:37+00:00\",\"dateModified\":\"2022-07-21T12:51:29+00:00\",\"description\":\"Aktuelles - M\u00f6belspende f\u00fcr einen guten Zweck: Heimstaden spendet M\u00f6bel aus vormals m\u00f6blierten Wohnungen. Wir engagieren uns.\",\"breadcrumb\":{\"@id\":\"https:\/\/heimstaden.com\/de\/mobelspenden\/#breadcrumb\"},\"inLanguage\":\"de\",\"potentialAction\":[{\"@type\":\"ReadAction\",\"target\":[\"https:\/\/heimstaden.com\/de\/mobelspenden\/\"]}]},{\"@type\":\"ImageObject\",\"inLanguage\":\"de\",\"@id\":\"https:\/\/heimstaden.com\/de\/mobelspenden\/#primaryimage\",\"url\":\"https:\/\/heimstaden.com\/de\/app\/uploads\/sites\/5\/2021\/02\/2021_Pressefoto_Moebelspende_Fotorechte_Heimstaden-TinaMerkau-e1612521886808.jpg\",\"contentUrl\":\"https:\/\/heimstaden.com\/de\/app\/uploads\/sites\/5\/2021\/02\/2021_Pressefoto_Moebelspende_Fotorechte_Heimstaden-TinaMerkau-e1612521886808.jpg\",\"width\":1709,\"height\":657,\"caption\":\"Banner Caroline Oelman M\u00f6belspende\"},{\"@type\":\"BreadcrumbList\",\"@id\":\"https:\/\/heimstaden.com\/de\/mobelspenden\/#breadcrumb\",\"itemListElement\":[{\"@type\":\"ListItem\",\"position\":1,\"name\":\"Home\",\"item\":\"https:\/\/heimstaden.com\/de\/\"},{\"@type\":\"ListItem\",\"position\":2,\"name\":\"M\u00f6belspende\"}]},{\"@type\":\"WebSite\",\"@id\":\"https:\/\/heimstaden.com\/de\/#website\",\"url\":\"https:\/\/heimstaden.com\/de\/\",\"name\":\"Heimstaden\",\"description\":\"\",\"potentialAction\":[{\"@type\":\"SearchAction\",\"target\":{\"@type\":\"EntryPoint\",\"urlTemplate\":\"https:\/\/heimstaden.com\/de\/?s={search_term_string}\"},\"query-input\":{\"@type\":\"PropertyValueSpecification\",\"valueRequired\":true,\"valueName\":\"search_term_string\"}}],\"inLanguage\":\"de\"}]}<\/script>\n<!-- \/ Yoast SEO plugin. -->","yoast_head_json":{"title":"M\u00f6belspende - Heimstaden","description":"Aktuelles - M\u00f6belspende f\u00fcr einen guten Zweck: Heimstaden spendet M\u00f6bel aus vormals m\u00f6blierten Wohnungen. Wir engagieren uns.","robots":{"index":"index","follow":"follow","max-snippet":"max-snippet:-1","max-image-preview":"max-image-preview:large","max-video-preview":"max-video-preview:-1"},"canonical":"https:\/\/heimstaden.com\/de\/mobelspenden\/","og_locale":"de_DE","og_type":"article","og_title":"M\u00f6belspende f\u00fcr Kinder- und Jugendhilfe","og_description":"M\u00f6belspende f\u00fcr einen guten Zweck: Heimstaden spendet M\u00f6bel aus vormals m\u00f6blierten Wohnungen. Eine erste M\u00f6belspende wurde bereits an die Kinder- und Jugendhilfe-Verbund Ost\/KJSH-Stiftung \u00fcbergeben. Es handelt sich um Mobiliar aus mehr als zehn Wohnungen, das der gemeinn\u00fctzige Tr\u00e4ger der freien Jugendhilfe in Berlin und Brandenburg im Januar von Heimstaden entgegennahm. Weitere M\u00f6belspenden, auch an andere soziale Einrichtungen, werden folgen.","og_url":"https:\/\/heimstaden.com\/de\/mobelspenden\/","og_site_name":"Heimstaden","article_modified_time":"2022-07-21T12:51:29+00:00","og_image":[{"width":1800,"height":1200,"url":"https:\/\/heimstaden.com\/de\/app\/uploads\/sites\/5\/2021\/02\/Moebelspende_Heimstaden_-2143.jpg","type":"image\/jpeg"}],"twitter_card":"summary_large_image","schema":{"@context":"https:\/\/schema.org","@graph":[{"@type":"WebPage","@id":"https:\/\/heimstaden.com\/de\/mobelspenden\/","url":"https:\/\/heimstaden.com\/de\/mobelspenden\/","name":"M\u00f6belspende - Heimstaden","isPartOf":{"@id":"https:\/\/heimstaden.com\/de\/#website"},"primaryImageOfPage":{"@id":"https:\/\/heimstaden.com\/de\/mobelspenden\/#primaryimage"},"image":{"@id":"https:\/\/heimstaden.com\/de\/mobelspenden\/#primaryimage"},"thumbnailUrl":"https:\/\/heimstaden.com\/de\/app\/uploads\/sites\/5\/2021\/02\/2021_Pressefoto_Moebelspende_Fotorechte_Heimstaden-TinaMerkau-e1612521886808.jpg","datePublished":"2021-02-05T07:58:37+00:00","dateModified":"2022-07-21T12:51:29+00:00","description":"Aktuelles - M\u00f6belspende f\u00fcr einen guten Zweck: Heimstaden spendet M\u00f6bel aus vormals m\u00f6blierten Wohnungen. Wir engagieren uns.","breadcrumb":{"@id":"https:\/\/heimstaden.com\/de\/mobelspenden\/#breadcrumb"},"inLanguage":"de","potentialAction":[{"@type":"ReadAction","target":["https:\/\/heimstaden.com\/de\/mobelspenden\/"]}]},{"@type":"ImageObject","inLanguage":"de","@id":"https:\/\/heimstaden.com\/de\/mobelspenden\/#primaryimage","url":"https:\/\/heimstaden.com\/de\/app\/uploads\/sites\/5\/2021\/02\/2021_Pressefoto_Moebelspende_Fotorechte_Heimstaden-TinaMerkau-e1612521886808.jpg","contentUrl":"https:\/\/heimstaden.com\/de\/app\/uploads\/sites\/5\/2021\/02\/2021_Pressefoto_Moebelspende_Fotorechte_Heimstaden-TinaMerkau-e1612521886808.jpg","width":1709,"height":657,"caption":"Banner Caroline Oelman M\u00f6belspende"},{"@type":"BreadcrumbList","@id":"https:\/\/heimstaden.com\/de\/mobelspenden\/#breadcrumb","itemListElement":[{"@type":"ListItem","position":1,"name":"Home","item":"https:\/\/heimstaden.com\/de\/"},{"@type":"ListItem","position":2,"name":"M\u00f6belspende"}]},{"@type":"WebSite","@id":"https:\/\/heimstaden.com\/de\/#website","url":"https:\/\/heimstaden.com\/de\/","name":"Heimstaden","description":"","potentialAction":[{"@type":"SearchAction","target":{"@type":"EntryPoint","urlTemplate":"https:\/\/heimstaden.com\/de\/?s={search_term_string}"},"query-input":{"@type":"PropertyValueSpecification","valueRequired":true,"valueName":"search_term_string"}}],"inLanguage":"de"}]}},"_links":{"self":[{"href":"https:\/\/heimstaden.com\/de\/wp-json\/wp\/v2\/pages\/7973","targetHints":{"allow":["GET"]}}],"collection":[{"href":"https:\/\/heimstaden.com\/de\/wp-json\/wp\/v2\/pages"}],"about":[{"href":"https:\/\/heimstaden.com\/de\/wp-json\/wp\/v2\/types\/page"}],"author":[{"embeddable":true,"href":"https:\/\/heimstaden.com\/de\/wp-json\/wp\/v2\/users\/46"}],"replies":[{"embeddable":true,"href":"https:\/\/heimstaden.com\/de\/wp-json\/wp\/v2\/comments?post=7973"}],"version-history":[{"count":10,"href":"https:\/\/heimstaden.com\/de\/wp-json\/wp\/v2\/pages\/7973\/revisions"}],"predecessor-version":[{"id":9172,"href":"https:\/\/heimstaden.com\/de\/wp-json\/wp\/v2\/pages\/7973\/revisions\/9172"}],"wp:featuredmedia":[{"embeddable":true,"href":"https:\/\/heimstaden.com\/de\/wp-json\/wp\/v2\/media\/7968"}],"wp:attachment":[{"href":"https:\/\/heimstaden.com\/de\/wp-json\/wp\/v2\/media?parent=7973"}],"curies":[{"name":"wp","href":"https:\/\/api.w.org\/{rel}","templated":true}]}}