{"id":20432,"date":"2024-06-14T11:33:57","date_gmt":"2024-06-14T09:33:57","guid":{"rendered":"https:\/\/heimstaden.com\/de\/?page_id=20432"},"modified":"2024-08-08T16:17:13","modified_gmt":"2024-08-08T14:17:13","slug":"stadtbienen","status":"publish","type":"page","link":"https:\/\/heimstaden.com\/de\/stadtbienen\/","title":{"rendered":"Stadtbienen"},"content":{"rendered":"","protected":false},"excerpt":{"rendered":"","protected":false},"author":109,"featured_media":17381,"parent":0,"menu_order":0,"comment_status":"closed","ping_status":"closed","template":"","meta":{"_acf_changed":false,"_relevanssi_hide_post":"","_relevanssi_hide_content":"","_relevanssi_pin_for_all":"","_relevanssi_pin_keywords":"","_relevanssi_unpin_keywords":"","_relevanssi_related_keywords":"","_relevanssi_related_include_ids":"","_relevanssi_related_exclude_ids":"","_relevanssi_related_no_append":"","_relevanssi_related_not_related":"","_relevanssi_related_posts":"","_relevanssi_noindex_reason":"","footnotes":""},"class_list":["post-20432","page","type-page","status-publish","has-post-thumbnail","hentry"],"acf":[],"yoast_head":"<!-- This site is optimized with the Yoast SEO plugin v26.3 - https:\/\/yoast.com\/wordpress\/plugins\/seo\/ -->\n<title>Stadtbienen - Heimstaden<\/title>\n<meta name=\"description\" content=\"Heimstaden l\u00e4sst f\u00fcr jeden neu abgeschlossenen Mietvertrag einen Baum pflanzen. So unterst\u00fctzen wir mit PLANT-MY-TREE den Klimaschutz.\" \/>\n<meta name=\"robots\" content=\"index, follow, max-snippet:-1, max-image-preview:large, max-video-preview:-1\" \/>\n<link rel=\"canonical\" href=\"https:\/\/heimstaden.com\/de\/stadtbienen\/\" \/>\n<meta property=\"og:locale\" content=\"de_DE\" \/>\n<meta property=\"og:type\" content=\"article\" \/>\n<meta property=\"og:title\" content=\"Partnerschaft mit PLANT-MY-TREE\u00ae: ein Zeichen f\u00fcr mehr Klimaschutz\" \/>\n<meta property=\"og:description\" content=\"Seit Januar an l\u00e4sst Heimstaden f\u00fcr jeden neu abgeschlossenen Mietvertrag einen Baum pflanzen. So setzen wir gemeinsam mit unseren Mieter*innen und der Aufforstungsinitiative PLANT-MY-TREE\u00ae ein Zeichen f\u00fcr mehr Klimaschutz.\" \/>\n<meta property=\"og:url\" content=\"https:\/\/heimstaden.com\/de\/stadtbienen\/\" \/>\n<meta property=\"og:site_name\" content=\"Heimstaden\" \/>\n<meta property=\"article:modified_time\" content=\"2024-08-08T14:17:13+00:00\" \/>\n<meta property=\"og:image\" content=\"https:\/\/heimstaden.com\/de\/app\/uploads\/sites\/5\/2021\/01\/GettyImages-929499800_CMYK-1-e1698840107563.jpg\" \/>\n\t<meta property=\"og:image:width\" content=\"1440\" \/>\n\t<meta property=\"og:image:height\" content=\"1440\" \/>\n\t<meta property=\"og:image:type\" content=\"image\/jpeg\" \/>\n<meta name=\"twitter:card\" content=\"summary_large_image\" \/>\n<script type=\"application\/ld+json\" class=\"yoast-schema-graph\">{\"@context\":\"https:\/\/schema.org\",\"@graph\":[{\"@type\":\"WebPage\",\"@id\":\"https:\/\/heimstaden.com\/de\/stadtbienen\/\",\"url\":\"https:\/\/heimstaden.com\/de\/stadtbienen\/\",\"name\":\"Stadtbienen - Heimstaden\",\"isPartOf\":{\"@id\":\"https:\/\/heimstaden.com\/de\/#website\"},\"primaryImageOfPage\":{\"@id\":\"https:\/\/heimstaden.com\/de\/stadtbienen\/#primaryimage\"},\"image\":{\"@id\":\"https:\/\/heimstaden.com\/de\/stadtbienen\/#primaryimage\"},\"thumbnailUrl\":\"https:\/\/heimstaden.com\/de\/app\/uploads\/sites\/5\/2023\/08\/Blog_Mieterfest-Halle_02_2182x10001.png\",\"datePublished\":\"2024-06-14T09:33:57+00:00\",\"dateModified\":\"2024-08-08T14:17:13+00:00\",\"description\":\"Heimstaden l\u00e4sst f\u00fcr jeden neu abgeschlossenen Mietvertrag einen Baum pflanzen. So unterst\u00fctzen wir mit PLANT-MY-TREE den Klimaschutz.\",\"breadcrumb\":{\"@id\":\"https:\/\/heimstaden.com\/de\/stadtbienen\/#breadcrumb\"},\"inLanguage\":\"de\",\"potentialAction\":[{\"@type\":\"ReadAction\",\"target\":[\"https:\/\/heimstaden.com\/de\/stadtbienen\/\"]}]},{\"@type\":\"ImageObject\",\"inLanguage\":\"de\",\"@id\":\"https:\/\/heimstaden.com\/de\/stadtbienen\/#primaryimage\",\"url\":\"https:\/\/heimstaden.com\/de\/app\/uploads\/sites\/5\/2023\/08\/Blog_Mieterfest-Halle_02_2182x10001.png\",\"contentUrl\":\"https:\/\/heimstaden.com\/de\/app\/uploads\/sites\/5\/2023\/08\/Blog_Mieterfest-Halle_02_2182x10001.png\",\"width\":2182,\"height\":1000,\"caption\":\"Wilde Wiese in Halle\"},{\"@type\":\"BreadcrumbList\",\"@id\":\"https:\/\/heimstaden.com\/de\/stadtbienen\/#breadcrumb\",\"itemListElement\":[{\"@type\":\"ListItem\",\"position\":1,\"name\":\"Home\",\"item\":\"https:\/\/heimstaden.com\/de\/\"},{\"@type\":\"ListItem\",\"position\":2,\"name\":\"Stadtbienen\"}]},{\"@type\":\"WebSite\",\"@id\":\"https:\/\/heimstaden.com\/de\/#website\",\"url\":\"https:\/\/heimstaden.com\/de\/\",\"name\":\"Heimstaden\",\"description\":\"\",\"potentialAction\":[{\"@type\":\"SearchAction\",\"target\":{\"@type\":\"EntryPoint\",\"urlTemplate\":\"https:\/\/heimstaden.com\/de\/?s={search_term_string}\"},\"query-input\":{\"@type\":\"PropertyValueSpecification\",\"valueRequired\":true,\"valueName\":\"search_term_string\"}}],\"inLanguage\":\"de\"}]}<\/script>\n<!-- \/ Yoast SEO plugin. -->","yoast_head_json":{"title":"Stadtbienen - Heimstaden","description":"Heimstaden l\u00e4sst f\u00fcr jeden neu abgeschlossenen Mietvertrag einen Baum pflanzen. So unterst\u00fctzen wir mit PLANT-MY-TREE den Klimaschutz.","robots":{"index":"index","follow":"follow","max-snippet":"max-snippet:-1","max-image-preview":"max-image-preview:large","max-video-preview":"max-video-preview:-1"},"canonical":"https:\/\/heimstaden.com\/de\/stadtbienen\/","og_locale":"de_DE","og_type":"article","og_title":"Partnerschaft mit PLANT-MY-TREE\u00ae: ein Zeichen f\u00fcr mehr Klimaschutz","og_description":"Seit Januar an l\u00e4sst Heimstaden f\u00fcr jeden neu abgeschlossenen Mietvertrag einen Baum pflanzen. So setzen wir gemeinsam mit unseren Mieter*innen und der Aufforstungsinitiative PLANT-MY-TREE\u00ae ein Zeichen f\u00fcr mehr Klimaschutz.","og_url":"https:\/\/heimstaden.com\/de\/stadtbienen\/","og_site_name":"Heimstaden","article_modified_time":"2024-08-08T14:17:13+00:00","og_image":[{"width":1440,"height":1440,"url":"https:\/\/heimstaden.com\/de\/app\/uploads\/sites\/5\/2021\/01\/GettyImages-929499800_CMYK-1-e1698840107563.jpg","type":"image\/jpeg"}],"twitter_card":"summary_large_image","schema":{"@context":"https:\/\/schema.org","@graph":[{"@type":"WebPage","@id":"https:\/\/heimstaden.com\/de\/stadtbienen\/","url":"https:\/\/heimstaden.com\/de\/stadtbienen\/","name":"Stadtbienen - Heimstaden","isPartOf":{"@id":"https:\/\/heimstaden.com\/de\/#website"},"primaryImageOfPage":{"@id":"https:\/\/heimstaden.com\/de\/stadtbienen\/#primaryimage"},"image":{"@id":"https:\/\/heimstaden.com\/de\/stadtbienen\/#primaryimage"},"thumbnailUrl":"https:\/\/heimstaden.com\/de\/app\/uploads\/sites\/5\/2023\/08\/Blog_Mieterfest-Halle_02_2182x10001.png","datePublished":"2024-06-14T09:33:57+00:00","dateModified":"2024-08-08T14:17:13+00:00","description":"Heimstaden l\u00e4sst f\u00fcr jeden neu abgeschlossenen Mietvertrag einen Baum pflanzen. So unterst\u00fctzen wir mit PLANT-MY-TREE den Klimaschutz.","breadcrumb":{"@id":"https:\/\/heimstaden.com\/de\/stadtbienen\/#breadcrumb"},"inLanguage":"de","potentialAction":[{"@type":"ReadAction","target":["https:\/\/heimstaden.com\/de\/stadtbienen\/"]}]},{"@type":"ImageObject","inLanguage":"de","@id":"https:\/\/heimstaden.com\/de\/stadtbienen\/#primaryimage","url":"https:\/\/heimstaden.com\/de\/app\/uploads\/sites\/5\/2023\/08\/Blog_Mieterfest-Halle_02_2182x10001.png","contentUrl":"https:\/\/heimstaden.com\/de\/app\/uploads\/sites\/5\/2023\/08\/Blog_Mieterfest-Halle_02_2182x10001.png","width":2182,"height":1000,"caption":"Wilde Wiese in Halle"},{"@type":"BreadcrumbList","@id":"https:\/\/heimstaden.com\/de\/stadtbienen\/#breadcrumb","itemListElement":[{"@type":"ListItem","position":1,"name":"Home","item":"https:\/\/heimstaden.com\/de\/"},{"@type":"ListItem","position":2,"name":"Stadtbienen"}]},{"@type":"WebSite","@id":"https:\/\/heimstaden.com\/de\/#website","url":"https:\/\/heimstaden.com\/de\/","name":"Heimstaden","description":"","potentialAction":[{"@type":"SearchAction","target":{"@type":"EntryPoint","urlTemplate":"https:\/\/heimstaden.com\/de\/?s={search_term_string}"},"query-input":{"@type":"PropertyValueSpecification","valueRequired":true,"valueName":"search_term_string"}}],"inLanguage":"de"}]}},"_links":{"self":[{"href":"https:\/\/heimstaden.com\/de\/wp-json\/wp\/v2\/pages\/20432","targetHints":{"allow":["GET"]}}],"collection":[{"href":"https:\/\/heimstaden.com\/de\/wp-json\/wp\/v2\/pages"}],"about":[{"href":"https:\/\/heimstaden.com\/de\/wp-json\/wp\/v2\/types\/page"}],"author":[{"embeddable":true,"href":"https:\/\/heimstaden.com\/de\/wp-json\/wp\/v2\/users\/109"}],"replies":[{"embeddable":true,"href":"https:\/\/heimstaden.com\/de\/wp-json\/wp\/v2\/comments?post=20432"}],"version-history":[{"count":10,"href":"https:\/\/heimstaden.com\/de\/wp-json\/wp\/v2\/pages\/20432\/revisions"}],"predecessor-version":[{"id":20997,"href":"https:\/\/heimstaden.com\/de\/wp-json\/wp\/v2\/pages\/20432\/revisions\/20997"}],"wp:featuredmedia":[{"embeddable":true,"href":"https:\/\/heimstaden.com\/de\/wp-json\/wp\/v2\/media\/17381"}],"wp:attachment":[{"href":"https:\/\/heimstaden.com\/de\/wp-json\/wp\/v2\/media?parent=20432"}],"curies":[{"name":"wp","href":"https:\/\/api.w.org\/{rel}","templated":true}]}}