{"id":17555,"date":"2023-12-18T14:09:05","date_gmt":"2023-12-18T13:09:05","guid":{"rendered":"https:\/\/heimstaden.com\/de\/?page_id=17555"},"modified":"2026-03-24T10:36:17","modified_gmt":"2026-03-24T09:36:17","slug":"esg-lieferanten","status":"publish","type":"page","link":"https:\/\/heimstaden.com\/de\/esg-lieferanten\/","title":{"rendered":"ESG-Kennzeichnung auf Rechnungen"},"content":{"rendered":"","protected":false},"excerpt":{"rendered":"","protected":false},"author":67,"featured_media":17556,"parent":0,"menu_order":0,"comment_status":"closed","ping_status":"closed","template":"","meta":{"_acf_changed":false,"_relevanssi_hide_post":"","_relevanssi_hide_content":"","_relevanssi_pin_for_all":"","_relevanssi_pin_keywords":"","_relevanssi_unpin_keywords":"","_relevanssi_related_keywords":"","_relevanssi_related_include_ids":"","_relevanssi_related_exclude_ids":"","_relevanssi_related_no_append":"","_relevanssi_related_not_related":"","_relevanssi_related_posts":"","_relevanssi_noindex_reason":"","footnotes":""},"class_list":["post-17555","page","type-page","status-publish","has-post-thumbnail","hentry"],"acf":[],"yoast_head":"<!-- This site is optimized with the Yoast SEO plugin v26.3 - https:\/\/yoast.com\/wordpress\/plugins\/seo\/ -->\n<title>ESG-Kennzeichnung auf Rechnungen - Heimstaden<\/title>\n<meta name=\"description\" content=\"Zur Erf\u00fcllung unserer Nachhaltigkeits- und Berichtspflichten ben\u00f6tigt Heimstaden Informationen dar\u00fcber, ob erbrachte Leistungen einen Beitrag zur Verbesserung der Energie- oder Umweltleistung unserer Geb\u00e4ude leisten.\" \/>\n<meta name=\"robots\" content=\"index, follow, max-snippet:-1, max-image-preview:large, max-video-preview:-1\" \/>\n<link rel=\"canonical\" href=\"https:\/\/heimstaden.com\/de\/esg-lieferanten\/\" \/>\n<meta property=\"og:locale\" content=\"de_DE\" \/>\n<meta property=\"og:type\" content=\"article\" \/>\n<meta property=\"og:title\" content=\"ESG-Kennzeichnung auf Rechnungen - Heimstaden\" \/>\n<meta property=\"og:description\" content=\"Zur Erf\u00fcllung unserer Nachhaltigkeits- und Berichtspflichten ben\u00f6tigt Heimstaden Informationen dar\u00fcber, ob erbrachte Leistungen einen Beitrag zur Verbesserung der Energie- oder Umweltleistung unserer Geb\u00e4ude leisten.\" \/>\n<meta property=\"og:url\" content=\"https:\/\/heimstaden.com\/de\/esg-lieferanten\/\" \/>\n<meta property=\"og:site_name\" content=\"Heimstaden\" \/>\n<meta property=\"article:modified_time\" content=\"2026-03-24T09:36:17+00:00\" \/>\n<meta property=\"og:image\" content=\"https:\/\/heimstaden.com\/de\/app\/uploads\/sites\/5\/2023\/09\/ESG-Relevanzbanner.jpg\" \/>\n\t<meta property=\"og:image:width\" content=\"1300\" \/>\n\t<meta property=\"og:image:height\" content=\"600\" \/>\n\t<meta property=\"og:image:type\" content=\"image\/jpeg\" \/>\n<meta name=\"twitter:card\" content=\"summary_large_image\" \/>\n<script type=\"application\/ld+json\" class=\"yoast-schema-graph\">{\"@context\":\"https:\/\/schema.org\",\"@graph\":[{\"@type\":\"WebPage\",\"@id\":\"https:\/\/heimstaden.com\/de\/esg-lieferanten\/\",\"url\":\"https:\/\/heimstaden.com\/de\/esg-lieferanten\/\",\"name\":\"ESG-Kennzeichnung auf Rechnungen - Heimstaden\",\"isPartOf\":{\"@id\":\"https:\/\/heimstaden.com\/de\/#website\"},\"primaryImageOfPage\":{\"@id\":\"https:\/\/heimstaden.com\/de\/esg-lieferanten\/#primaryimage\"},\"image\":{\"@id\":\"https:\/\/heimstaden.com\/de\/esg-lieferanten\/#primaryimage\"},\"thumbnailUrl\":\"https:\/\/heimstaden.com\/de\/app\/uploads\/sites\/5\/2023\/09\/ESG-Relevanzbanner.jpg\",\"datePublished\":\"2023-12-18T13:09:05+00:00\",\"dateModified\":\"2026-03-24T09:36:17+00:00\",\"description\":\"Zur Erf\u00fcllung unserer Nachhaltigkeits- und Berichtspflichten ben\u00f6tigt Heimstaden Informationen dar\u00fcber, ob erbrachte Leistungen einen Beitrag zur Verbesserung der Energie- oder Umweltleistung unserer Geb\u00e4ude leisten.\",\"breadcrumb\":{\"@id\":\"https:\/\/heimstaden.com\/de\/esg-lieferanten\/#breadcrumb\"},\"inLanguage\":\"de\",\"potentialAction\":[{\"@type\":\"ReadAction\",\"target\":[\"https:\/\/heimstaden.com\/de\/esg-lieferanten\/\"]}]},{\"@type\":\"ImageObject\",\"inLanguage\":\"de\",\"@id\":\"https:\/\/heimstaden.com\/de\/esg-lieferanten\/#primaryimage\",\"url\":\"https:\/\/heimstaden.com\/de\/app\/uploads\/sites\/5\/2023\/09\/ESG-Relevanzbanner.jpg\",\"contentUrl\":\"https:\/\/heimstaden.com\/de\/app\/uploads\/sites\/5\/2023\/09\/ESG-Relevanzbanner.jpg\",\"width\":1300,\"height\":600,\"caption\":\"ESG Relevanzbanner\"},{\"@type\":\"BreadcrumbList\",\"@id\":\"https:\/\/heimstaden.com\/de\/esg-lieferanten\/#breadcrumb\",\"itemListElement\":[{\"@type\":\"ListItem\",\"position\":1,\"name\":\"Home\",\"item\":\"https:\/\/heimstaden.com\/de\/\"},{\"@type\":\"ListItem\",\"position\":2,\"name\":\"ESG-Kennzeichnung auf Rechnungen\"}]},{\"@type\":\"WebSite\",\"@id\":\"https:\/\/heimstaden.com\/de\/#website\",\"url\":\"https:\/\/heimstaden.com\/de\/\",\"name\":\"Heimstaden\",\"description\":\"\",\"potentialAction\":[{\"@type\":\"SearchAction\",\"target\":{\"@type\":\"EntryPoint\",\"urlTemplate\":\"https:\/\/heimstaden.com\/de\/?s={search_term_string}\"},\"query-input\":{\"@type\":\"PropertyValueSpecification\",\"valueRequired\":true,\"valueName\":\"search_term_string\"}}],\"inLanguage\":\"de\"}]}<\/script>\n<!-- \/ Yoast SEO plugin. -->","yoast_head_json":{"title":"ESG-Kennzeichnung auf Rechnungen - Heimstaden","description":"Zur Erf\u00fcllung unserer Nachhaltigkeits- und Berichtspflichten ben\u00f6tigt Heimstaden Informationen dar\u00fcber, ob erbrachte Leistungen einen Beitrag zur Verbesserung der Energie- oder Umweltleistung unserer Geb\u00e4ude leisten.","robots":{"index":"index","follow":"follow","max-snippet":"max-snippet:-1","max-image-preview":"max-image-preview:large","max-video-preview":"max-video-preview:-1"},"canonical":"https:\/\/heimstaden.com\/de\/esg-lieferanten\/","og_locale":"de_DE","og_type":"article","og_title":"ESG-Kennzeichnung auf Rechnungen - Heimstaden","og_description":"Zur Erf\u00fcllung unserer Nachhaltigkeits- und Berichtspflichten ben\u00f6tigt Heimstaden Informationen dar\u00fcber, ob erbrachte Leistungen einen Beitrag zur Verbesserung der Energie- oder Umweltleistung unserer Geb\u00e4ude leisten.","og_url":"https:\/\/heimstaden.com\/de\/esg-lieferanten\/","og_site_name":"Heimstaden","article_modified_time":"2026-03-24T09:36:17+00:00","og_image":[{"width":1300,"height":600,"url":"https:\/\/heimstaden.com\/de\/app\/uploads\/sites\/5\/2023\/09\/ESG-Relevanzbanner.jpg","type":"image\/jpeg"}],"twitter_card":"summary_large_image","schema":{"@context":"https:\/\/schema.org","@graph":[{"@type":"WebPage","@id":"https:\/\/heimstaden.com\/de\/esg-lieferanten\/","url":"https:\/\/heimstaden.com\/de\/esg-lieferanten\/","name":"ESG-Kennzeichnung auf Rechnungen - Heimstaden","isPartOf":{"@id":"https:\/\/heimstaden.com\/de\/#website"},"primaryImageOfPage":{"@id":"https:\/\/heimstaden.com\/de\/esg-lieferanten\/#primaryimage"},"image":{"@id":"https:\/\/heimstaden.com\/de\/esg-lieferanten\/#primaryimage"},"thumbnailUrl":"https:\/\/heimstaden.com\/de\/app\/uploads\/sites\/5\/2023\/09\/ESG-Relevanzbanner.jpg","datePublished":"2023-12-18T13:09:05+00:00","dateModified":"2026-03-24T09:36:17+00:00","description":"Zur Erf\u00fcllung unserer Nachhaltigkeits- und Berichtspflichten ben\u00f6tigt Heimstaden Informationen dar\u00fcber, ob erbrachte Leistungen einen Beitrag zur Verbesserung der Energie- oder Umweltleistung unserer Geb\u00e4ude leisten.","breadcrumb":{"@id":"https:\/\/heimstaden.com\/de\/esg-lieferanten\/#breadcrumb"},"inLanguage":"de","potentialAction":[{"@type":"ReadAction","target":["https:\/\/heimstaden.com\/de\/esg-lieferanten\/"]}]},{"@type":"ImageObject","inLanguage":"de","@id":"https:\/\/heimstaden.com\/de\/esg-lieferanten\/#primaryimage","url":"https:\/\/heimstaden.com\/de\/app\/uploads\/sites\/5\/2023\/09\/ESG-Relevanzbanner.jpg","contentUrl":"https:\/\/heimstaden.com\/de\/app\/uploads\/sites\/5\/2023\/09\/ESG-Relevanzbanner.jpg","width":1300,"height":600,"caption":"ESG Relevanzbanner"},{"@type":"BreadcrumbList","@id":"https:\/\/heimstaden.com\/de\/esg-lieferanten\/#breadcrumb","itemListElement":[{"@type":"ListItem","position":1,"name":"Home","item":"https:\/\/heimstaden.com\/de\/"},{"@type":"ListItem","position":2,"name":"ESG-Kennzeichnung auf Rechnungen"}]},{"@type":"WebSite","@id":"https:\/\/heimstaden.com\/de\/#website","url":"https:\/\/heimstaden.com\/de\/","name":"Heimstaden","description":"","potentialAction":[{"@type":"SearchAction","target":{"@type":"EntryPoint","urlTemplate":"https:\/\/heimstaden.com\/de\/?s={search_term_string}"},"query-input":{"@type":"PropertyValueSpecification","valueRequired":true,"valueName":"search_term_string"}}],"inLanguage":"de"}]}},"_links":{"self":[{"href":"https:\/\/heimstaden.com\/de\/wp-json\/wp\/v2\/pages\/17555","targetHints":{"allow":["GET"]}}],"collection":[{"href":"https:\/\/heimstaden.com\/de\/wp-json\/wp\/v2\/pages"}],"about":[{"href":"https:\/\/heimstaden.com\/de\/wp-json\/wp\/v2\/types\/page"}],"author":[{"embeddable":true,"href":"https:\/\/heimstaden.com\/de\/wp-json\/wp\/v2\/users\/67"}],"replies":[{"embeddable":true,"href":"https:\/\/heimstaden.com\/de\/wp-json\/wp\/v2\/comments?post=17555"}],"version-history":[{"count":11,"href":"https:\/\/heimstaden.com\/de\/wp-json\/wp\/v2\/pages\/17555\/revisions"}],"predecessor-version":[{"id":24678,"href":"https:\/\/heimstaden.com\/de\/wp-json\/wp\/v2\/pages\/17555\/revisions\/24678"}],"wp:featuredmedia":[{"embeddable":true,"href":"https:\/\/heimstaden.com\/de\/wp-json\/wp\/v2\/media\/17556"}],"wp:attachment":[{"href":"https:\/\/heimstaden.com\/de\/wp-json\/wp\/v2\/media?parent=17555"}],"curies":[{"name":"wp","href":"https:\/\/api.w.org\/{rel}","templated":true}]}}